{"id":43648,"date":"2025-12-15T22:18:21","date_gmt":"2025-12-15T19:18:21","guid":{"rendered":"https:\/\/amberglow.lt\/Bez%20kategorijas\/monitors-aoc-q27g4sru-27-fast-ips-qhd-320-hz-03-ms\/"},"modified":"2026-05-10T11:59:35","modified_gmt":"2026-05-10T08:59:35","slug":"monitors-aoc-q27g4sru-27-fast-ips-qhd-320-hz-03-ms","status":"publish","type":"product","link":"https:\/\/amberglow.lt\/lv\/monitori\/monitors-aoc-q27g4sru-27-fast-ips-qhd-320-hz-03-ms\/","title":{"rendered":"Monitors AOC Q27G4SRU 27 &#8220;, Fast IPS, QHD, 320 Hz, 0,3 ms"},"content":{"rendered":"<p data-start=\"0\" data-end=\"170\"><strong data-start=\"0\" data-end=\"16\">AOC Q27G4SRU<\/strong> ir <strong data-start=\"23\" data-end=\"54\">27 collu sp\u0113\u013cu monitors<\/strong>, kas apvieno augstu iz\u0161\u0137irtsp\u0113ju, \u013coti \u0101tru darb\u012bbu un spilgtu att\u0113lu, lai nodro\u0161in\u0101tu vienm\u0113r\u012bgu un aizraujo\u0161u sp\u0113\u013cu pieredzi.<\/p>\n<p data-start=\"172\" data-end=\"561\"><strong data-start=\"172\" data-end=\"200\">Ekr\u0101ns un att\u0113la kvalit\u0101te<\/strong><br data-start=\"200\" data-end=\"203\">Monitoram ir <strong data-start=\"219\" data-end=\"243\">Fast IPS tipa panelis<\/strong> ar <strong data-start=\"247\" data-end=\"268\">2560 \u00d7 1440 (QHD)<\/strong> iz\u0161\u0137irtsp\u0113ju un <strong data-start=\"280\" data-end=\"288\">16:9<\/strong> malu attiec\u012bbu. \u0160\u0101da iz\u0161\u0137irtsp\u0113ja nodro\u0161ina vair\u0101k deta\u013cu nek\u0101 standarta Full HD, t\u0101p\u0113c att\u0113ls ir spilgt\u0101ks un skaidr\u0101ks \u2014 \u012bpa\u0161i noder\u012bgi sp\u0113l\u0113s, film\u0101s un rado\u0161os uzdevumos. Fast IPS tehnolo\u0123ija nodro\u0161ina pla\u0161us skata le\u0146\u0137us un prec\u012bzu kr\u0101su atveidi.  <\/p>\n<p data-start=\"563\" data-end=\"892\"><strong data-start=\"563\" data-end=\"604\">Vienm\u0113r\u012bga darb\u012bba un reakcijas laiks<\/strong><br data-start=\"604\" data-end=\"607\"><strong data-start=\"607\" data-end=\"638\">320 Hz atsvaidzes intensit\u0101te<\/strong> ir \u013coti augsts r\u0101d\u012bt\u0101js, kas nodro\u0161ina \u012bpa\u0161i vienm\u0113r\u012bgu dinamiska satura att\u0113lu. <strong data-start=\"726\" data-end=\"753\">0,3 ms reakcijas laiks<\/strong> pal\u012bdz samazin\u0101t kust\u012bbas izpl\u016b\u0161anu un aizkavi \u2013 tas ir \u012bpa\u0161i svar\u012bgi \u0101tr\u0101s sp\u0113l\u0113s, kur katra milisekunde var b\u016bt iz\u0161\u0137iro\u0161a.<\/p>\n<p data-start=\"894\" data-end=\"1108\"><strong data-start=\"894\" data-end=\"920\">Spilgtums un kontrasts<\/strong><br data-start=\"920\" data-end=\"923\">Monitora <strong data-start=\"935\" data-end=\"957\">400 cd\/m\u00b2 spilgtums<\/strong> \u013cauj baud\u012bt skaidru un spilgtu att\u0113lu pat gai\u0161\u0101k\u0101s telp\u0101s. Augsta iz\u0161\u0137irtsp\u0113ja un labs spilgtuma l\u012bmenis nodro\u0161ina bag\u0101t\u012bgas kr\u0101sas un skaidras deta\u013cas. <\/p>\n<p data-start=\"1110\" data-end=\"1289\"><strong data-start=\"1110\" data-end=\"1121\">Savienojumi<\/strong><br data-start=\"1121\" data-end=\"1124\">Monitoram ir <strong data-start=\"1142\" data-end=\"1162\">2 HDMI piesl\u0113gvietas<\/strong>, t\u0101p\u0113c varat \u0113rti pievienot vair\u0101kas ier\u012bces, piem\u0113ram, datoru un sp\u0113\u013cu konsoli vai citu ar HDMI sader\u012bgu ier\u012bci.<\/p>\n<p data-start=\"1291\" data-end=\"1440\"><strong data-start=\"1291\" data-end=\"1303\">Dizains<\/strong><br data-start=\"1303\" data-end=\"1306\">Monitoram ir melna kr\u0101sa, ar modernu un minim\u0101listisku dizainu, kas viegli iederas gan sp\u0113\u013cu telp\u0101, gan darba viet\u0101.<\/p>\n","protected":false},"excerpt":{"rendered":"<p>AOC Q27G4SRU ir 27 collu sp\u0113\u013cu monitors, kas apvieno augstu iz\u0161\u0137irtsp\u0113ju, \u013coti \u0101tru darb\u012bbu un spilgtu att\u0113lu, lai nodro\u0161in\u0101tu vienm\u0113r\u012bgu<\/p>\n","protected":false},"featured_media":43664,"comment_status":"open","ping_status":"closed","template":"","meta":[],"product_brand":[],"product_cat":[493],"product_tag":[],"class_list":{"0":"post-43648","1":"product","2":"type-product","3":"status-publish","4":"has-post-thumbnail","6":"product_cat-monitori","7":"pa_garantija-1241","8":"pa_hdmi-prievadu-kiekis-1581","9":"pa_integruota-baterija-ne","10":"pa_prekes-zenklas-aoc","12":"first","13":"instock","14":"taxable","15":"shipping-taxable","16":"purchasable","17":"product-type-simple"},"_links":{"self":[{"href":"https:\/\/amberglow.lt\/lv\/wp-json\/wp\/v2\/product\/43648","targetHints":{"allow":["GET"]}}],"collection":[{"href":"https:\/\/amberglow.lt\/lv\/wp-json\/wp\/v2\/product"}],"about":[{"href":"https:\/\/amberglow.lt\/lv\/wp-json\/wp\/v2\/types\/product"}],"replies":[{"embeddable":true,"href":"https:\/\/amberglow.lt\/lv\/wp-json\/wp\/v2\/comments?post=43648"}],"version-history":[{"count":0,"href":"https:\/\/amberglow.lt\/lv\/wp-json\/wp\/v2\/product\/43648\/revisions"}],"wp:featuredmedia":[{"embeddable":true,"href":"https:\/\/amberglow.lt\/lv\/wp-json\/wp\/v2\/media\/43664"}],"wp:attachment":[{"href":"https:\/\/amberglow.lt\/lv\/wp-json\/wp\/v2\/media?parent=43648"}],"wp:term":[{"taxonomy":"product_brand","embeddable":true,"href":"https:\/\/amberglow.lt\/lv\/wp-json\/wp\/v2\/product_brand?post=43648"},{"taxonomy":"product_cat","embeddable":true,"href":"https:\/\/amberglow.lt\/lv\/wp-json\/wp\/v2\/product_cat?post=43648"},{"taxonomy":"product_tag","embeddable":true,"href":"https:\/\/amberglow.lt\/lv\/wp-json\/wp\/v2\/product_tag?post=43648"}],"curies":[{"name":"wp","href":"https:\/\/api.w.org\/{rel}","templated":true}]}}