{"id":43663,"date":"2025-12-15T22:18:54","date_gmt":"2025-12-15T19:18:54","guid":{"rendered":"https:\/\/amberglow.lt\/Bez%20kategorijas\/monitors-aoc-16t3ea-16-ips-fhd-60-hz-4-ms\/"},"modified":"2026-05-10T12:16:32","modified_gmt":"2026-05-10T09:16:32","slug":"monitors-aoc-16t3ea-16-ips-fhd-60-hz-4-ms","status":"publish","type":"product","link":"https:\/\/amberglow.lt\/lv\/monitori\/monitors-aoc-16t3ea-16-ips-fhd-60-hz-4-ms\/","title":{"rendered":"Monitors AOC 16T3EA 16 &#8220;, IPS, FHD, 60 Hz, 4 ms"},"content":{"rendered":"<p data-start=\"0\" data-end=\"148\"><strong data-start=\"0\" data-end=\"14\">AOC 16T3EA<\/strong> ir <strong data-start=\"21\" data-end=\"55\">16 collu p\u0101rn\u0113s\u0101jams monitors<\/strong>, kas paredz\u0113ts tiem, kuri v\u0113las papildu ekr\u0101nu saviem ikdienas uzdevumiem, darbam vai izklaidei.<\/p>\n<p data-start=\"150\" data-end=\"453\"><strong data-start=\"150\" data-end=\"178\">Ekr\u0101ns un att\u0113la kvalit\u0101te<\/strong><br data-start=\"178\" data-end=\"181\">Monitoram ir <strong data-start=\"197\" data-end=\"216\">IPS tipa panelis<\/strong> ar <strong data-start=\"220\" data-end=\"245\">1920 \u00d7 1080 (Full HD)<\/strong> iz\u0161\u0137irtsp\u0113ju un <strong data-start=\"256\" data-end=\"264\">16:9<\/strong> malu attiec\u012bbu. IPS tehnolo\u0123ija nodro\u0161ina prec\u012bzu kr\u0101su att\u0113lojumu un pla\u0161us skat\u012b\u0161an\u0101s le\u0146\u0137us, t\u0101p\u0113c att\u0113ls paliek spilgts un skaidrs neatkar\u012bgi no t\u0101, no kura le\u0146\u0137a skaties.<\/p>\n<p data-start=\"455\" data-end=\"733\"><strong data-start=\"455\" data-end=\"495\">Vienm\u0113r\u012bgs att\u0113ls un reakcijas laiks<\/strong><br data-start=\"495\" data-end=\"498\"><strong data-start=\"498\" data-end=\"528\">60 Hz atsvaidzes intensit\u0101te<\/strong> kop\u0101 ar <strong data-start=\"538\" data-end=\"562\">4 ms reakcijas laiku<\/strong> ir standarta r\u0101d\u012bt\u0101ji ikdienas lieto\u0161anai. Tas noz\u012bm\u0113, ka monitors ir lieliski piem\u0113rots interneta p\u0101rl\u016bko\u0161anai, darba lietotn\u0113m, video saturam vai viegl\u0101m sp\u0113l\u0113m. <\/p>\n<p data-start=\"735\" data-end=\"909\"><strong data-start=\"735\" data-end=\"760\">Spilgtums un detaliz\u0101cija<\/strong><br data-start=\"760\" data-end=\"763\"><strong data-start=\"763\" data-end=\"785\">250 cd\/m\u00b2 spilgtums<\/strong> nodro\u0161ina skaidru, pietiekami spilgtu att\u0113lu liel\u0101kajai da\u013cai ikdienas situ\u0101ciju, neatkar\u012bgi no t\u0101, vai str\u0101d\u0101jat biroj\u0101 vai skat\u0101ties video.<\/p>\n<p data-start=\"911\" data-end=\"1065\"><strong data-start=\"911\" data-end=\"923\">Dizains<\/strong><br data-start=\"923\" data-end=\"926\">Monitors ir <strong data-start=\"941\" data-end=\"959\">meln\u0101 kr\u0101s\u0101<\/strong>, kompakts un viegli p\u0101rn\u0113s\u0101jams, t\u0101p\u0113c tas ir lieliski piem\u0113rots lieto\u0161anai k\u0101 sekund\u0101rais ekr\u0101ns ce\u013cojumos vai darb\u0101.<\/p>\n","protected":false},"excerpt":{"rendered":"<p>AOC 16T3EA ir 16 collu p\u0101rn\u0113s\u0101jams monitors, kas paredz\u0113ts tiem, kuri v\u0113las papildu ekr\u0101nu saviem ikdienas uzdevumiem, darbam vai izklaidei.<\/p>\n","protected":false},"featured_media":43682,"comment_status":"open","ping_status":"closed","template":"","meta":[],"product_brand":[],"product_cat":[493],"product_tag":[],"class_list":{"0":"post-43663","1":"product","2":"type-product","3":"status-publish","4":"has-post-thumbnail","6":"product_cat-monitori","7":"pa_garantija-1241","8":"pa_integruota-baterija-ne","9":"pa_prekes-zenklas-aoc","11":"first","12":"outofstock","13":"taxable","14":"shipping-taxable","15":"purchasable","16":"product-type-simple"},"_links":{"self":[{"href":"https:\/\/amberglow.lt\/lv\/wp-json\/wp\/v2\/product\/43663","targetHints":{"allow":["GET"]}}],"collection":[{"href":"https:\/\/amberglow.lt\/lv\/wp-json\/wp\/v2\/product"}],"about":[{"href":"https:\/\/amberglow.lt\/lv\/wp-json\/wp\/v2\/types\/product"}],"replies":[{"embeddable":true,"href":"https:\/\/amberglow.lt\/lv\/wp-json\/wp\/v2\/comments?post=43663"}],"version-history":[{"count":0,"href":"https:\/\/amberglow.lt\/lv\/wp-json\/wp\/v2\/product\/43663\/revisions"}],"wp:featuredmedia":[{"embeddable":true,"href":"https:\/\/amberglow.lt\/lv\/wp-json\/wp\/v2\/media\/43682"}],"wp:attachment":[{"href":"https:\/\/amberglow.lt\/lv\/wp-json\/wp\/v2\/media?parent=43663"}],"wp:term":[{"taxonomy":"product_brand","embeddable":true,"href":"https:\/\/amberglow.lt\/lv\/wp-json\/wp\/v2\/product_brand?post=43663"},{"taxonomy":"product_cat","embeddable":true,"href":"https:\/\/amberglow.lt\/lv\/wp-json\/wp\/v2\/product_cat?post=43663"},{"taxonomy":"product_tag","embeddable":true,"href":"https:\/\/amberglow.lt\/lv\/wp-json\/wp\/v2\/product_tag?post=43663"}],"curies":[{"name":"wp","href":"https:\/\/api.w.org\/{rel}","templated":true}]}}