{"id":43727,"date":"2025-12-15T22:19:02","date_gmt":"2025-12-15T19:19:02","guid":{"rendered":"https:\/\/amberglow.lt\/Bez%20kategorijas\/aoc-24b36x-monitors-24-ips-fhd-144-hz-05-ms\/"},"modified":"2026-05-10T12:00:48","modified_gmt":"2026-05-10T09:00:48","slug":"aoc-24b36x-monitors-24-ips-fhd-144-hz-05-ms","status":"publish","type":"product","link":"https:\/\/amberglow.lt\/lv\/monitori\/aoc-24b36x-monitors-24-ips-fhd-144-hz-05-ms\/","title":{"rendered":"AOC 24B36X monitors 24 &#8220;, IPS, FHD, 144 Hz, 0,5 ms"},"content":{"rendered":"<p data-start=\"0\" data-end=\"178\"><strong data-start=\"0\" data-end=\"14\">AOC 24B36X<\/strong> ir <strong data-start=\"21\" data-end=\"67\">24 collu sp\u0113\u013cu un univers\u0101ls monitors<\/strong>, kas paredz\u0113ts tiem, kuri v\u0113las vienm\u0113r\u012bg\u0101ku att\u0113lu, \u0101tr\u0101ku reakciju un kvalitat\u012bvu ikdienas ekr\u0101na saturu.<\/p>\n<p data-start=\"180\" data-end=\"493\"><strong data-start=\"180\" data-end=\"208\">Ekr\u0101ns un att\u0113la kvalit\u0101te<\/strong><br data-start=\"208\" data-end=\"211\">Monitoram ir <strong data-start=\"227\" data-end=\"246\">IPS tipa panelis<\/strong> ar <strong data-start=\"250\" data-end=\"275\">1920 \u00d7 1080 (Full HD)<\/strong> iz\u0161\u0137irtsp\u0113ju un <strong data-start=\"286\" data-end=\"294\">16:9<\/strong> malu attiec\u012bbu. IPS tehnolo\u0123ija nodro\u0161ina prec\u012bzu kr\u0101su atveidi un pla\u0161us skat\u012b\u0161an\u0101s le\u0146\u0137us, t\u0101p\u0113c att\u0113ls paliek spilgts un stabils neatkar\u012bgi no skat\u012b\u0161an\u0101s le\u0146\u0137a vai s\u0113d\u0113\u0161anas poz\u012bcijas. <\/p>\n<p data-start=\"495\" data-end=\"850\"><strong data-start=\"495\" data-end=\"539\">Atjaunin\u0101\u0161anas frekvence un reakcijas laiks<\/strong><br data-start=\"539\" data-end=\"542\"><strong data-start=\"542\" data-end=\"573\">144 Hz atsvaidzes intensit\u0101te<\/strong> nodro\u0161ina vienm\u0113r\u012bg\u0101ku kust\u012bbu ekr\u0101n\u0101 nek\u0101 standarta 60 Hz monitori, un <strong data-start=\"644\" data-end=\"671\">0,5 ms reakcijas laiks<\/strong> pal\u012bdz samazin\u0101t kust\u012bbas &#8220;izpl\u016b\u0161anu&#8221; un nodro\u0161ina \u0101tru att\u0113la atjaunin\u0101\u0161anu. Tas ir \u012bpa\u0161i noder\u012bgi sp\u0113l\u0113s un dinamisk\u0101 satur\u0101, kur svar\u012bga ir vienm\u0113r\u012bgums un \u0101tra reakcija. <\/p>\n<p data-start=\"852\" data-end=\"1022\"><strong data-start=\"852\" data-end=\"875\">Spilgtums un deta\u013cas<\/strong><br data-start=\"875\" data-end=\"878\"><strong data-start=\"878\" data-end=\"900\">300 cd\/m\u00b2 spilgtums<\/strong> nodro\u0161ina skaidru un pietiekami spilgtu att\u0113lu liel\u0101kajai da\u013cai ikdienas situ\u0101ciju \u2013 gan sp\u0113l\u0113jot, gan str\u0101d\u0101jot, gan skatoties filmas.<\/p>\n<p data-start=\"1024\" data-end=\"1157\"><strong data-start=\"1024\" data-end=\"1035\">Savienojumi<\/strong><br data-start=\"1035\" data-end=\"1038\">Monitoram ir <strong data-start=\"1054\" data-end=\"1071\">1 HDMI ports<\/strong>, caur kuru var \u0113rti pievienot datoru, konsoli vai citu ar HDMI sader\u012bgu ier\u012bci.<\/p>\n<p data-start=\"1159\" data-end=\"1288\"><strong data-start=\"1159\" data-end=\"1171\">Dizains<\/strong><br data-start=\"1171\" data-end=\"1174\">Monitors ir meln\u0101 kr\u0101s\u0101 ar minim\u0101listisku dizainu, t\u0101p\u0113c tas viegli iederas da\u017e\u0101d\u0101s darba vai sp\u0113\u013cu vid\u0113s.<\/p>\n","protected":false},"excerpt":{"rendered":"<p>AOC 24B36X ir 24 collu sp\u0113\u013cu un univers\u0101ls monitors, kas paredz\u0113ts tiem, kuri v\u0113las vienm\u0113r\u012bg\u0101ku att\u0113lu, \u0101tr\u0101ku reakciju un kvalitat\u012bvu<\/p>\n","protected":false},"featured_media":43730,"comment_status":"open","ping_status":"closed","template":"","meta":[],"product_brand":[],"product_cat":[493],"product_tag":[],"class_list":{"0":"post-43727","1":"product","2":"type-product","3":"status-publish","4":"has-post-thumbnail","6":"product_cat-monitori","7":"pa_garantija-1241","8":"pa_hdmi-prievadu-kiekis-1584","9":"pa_integruota-baterija-ne","10":"pa_prekes-zenklas-aoc","12":"first","13":"instock","14":"taxable","15":"shipping-taxable","16":"purchasable","17":"product-type-simple"},"_links":{"self":[{"href":"https:\/\/amberglow.lt\/lv\/wp-json\/wp\/v2\/product\/43727","targetHints":{"allow":["GET"]}}],"collection":[{"href":"https:\/\/amberglow.lt\/lv\/wp-json\/wp\/v2\/product"}],"about":[{"href":"https:\/\/amberglow.lt\/lv\/wp-json\/wp\/v2\/types\/product"}],"replies":[{"embeddable":true,"href":"https:\/\/amberglow.lt\/lv\/wp-json\/wp\/v2\/comments?post=43727"}],"version-history":[{"count":0,"href":"https:\/\/amberglow.lt\/lv\/wp-json\/wp\/v2\/product\/43727\/revisions"}],"wp:featuredmedia":[{"embeddable":true,"href":"https:\/\/amberglow.lt\/lv\/wp-json\/wp\/v2\/media\/43730"}],"wp:attachment":[{"href":"https:\/\/amberglow.lt\/lv\/wp-json\/wp\/v2\/media?parent=43727"}],"wp:term":[{"taxonomy":"product_brand","embeddable":true,"href":"https:\/\/amberglow.lt\/lv\/wp-json\/wp\/v2\/product_brand?post=43727"},{"taxonomy":"product_cat","embeddable":true,"href":"https:\/\/amberglow.lt\/lv\/wp-json\/wp\/v2\/product_cat?post=43727"},{"taxonomy":"product_tag","embeddable":true,"href":"https:\/\/amberglow.lt\/lv\/wp-json\/wp\/v2\/product_tag?post=43727"}],"curies":[{"name":"wp","href":"https:\/\/api.w.org\/{rel}","templated":true}]}}