{"id":43729,"date":"2025-12-15T22:18:32","date_gmt":"2025-12-15T19:18:32","guid":{"rendered":"https:\/\/amberglow.lt\/Bez%20kategorijas\/monitors-aoc-27b31h-27-ips-fhd-120-hz-1-ms\/"},"modified":"2026-05-10T12:00:44","modified_gmt":"2026-05-10T09:00:44","slug":"monitors-aoc-27b31h-27-ips-fhd-120-hz-1-ms","status":"publish","type":"product","link":"https:\/\/amberglow.lt\/lv\/monitori\/monitors-aoc-27b31h-27-ips-fhd-120-hz-1-ms\/","title":{"rendered":"Monitors AOC 27B31H 27 &#8220;, IPS, FHD, 120 Hz, 1 ms"},"content":{"rendered":"<div class=\"text-base my-auto mx-auto pb-10 [--thread-content-margin:--spacing(4)] @w-sm\/main:[--thread-content-margin:--spacing(6)] @w-lg\/main:[--thread-content-margin:--spacing(16)] px-(--thread-content-margin)\">\n<div class=\"[--thread-content-max-width:40rem] @w-lg\/main:[--thread-content-max-width:48rem] mx-auto max-w-(--thread-content-max-width) flex-1 group\/turn-messages focus-visible:outline-hidden relative flex w-full min-w-0 flex-col agent-turn\" tabindex=\"-1\">\n<div class=\"flex max-w-full flex-col grow\">\n<div class=\"min-h-8 text-message relative flex w-full flex-col items-end gap-2 text-start break-words whitespace-normal [.text-message+&amp;]:mt-1\" dir=\"auto\" data-message-author-role=\"assistant\" data-message-id=\"221380a7-6121-4102-8794-070c626724b1\" data-message-model-slug=\"gpt-5-2\">\n<div class=\"flex w-full flex-col gap-1 empty:hidden first:pt-[1px]\">\n<div class=\"markdown prose dark:prose-invert w-full break-words light markdown-new-styling\">\n<p data-start=\"0\" data-end=\"138\"><strong data-start=\"0\" data-end=\"14\">AOC 27B31H<\/strong> ir <strong data-start=\"21\" data-end=\"56\">27 collu univers\u0101ls monitors<\/strong>, kas apvieno vienm\u0113r\u012bgu att\u0113lu, labu kontrastu un \u0113rtu ikdienas lieto\u0161anu.<\/p>\n<p data-start=\"140\" data-end=\"414\"><strong data-start=\"140\" data-end=\"161\">Ekr\u0101ns un iz\u0161\u0137irtsp\u0113ja<\/strong><br data-start=\"161\" data-end=\"164\">Monitoram ir <strong data-start=\"180\" data-end=\"199\">IPS tipa panelis<\/strong> ar <strong data-start=\"203\" data-end=\"228\">1920 \u00d7 1080 (Full HD)<\/strong> iz\u0161\u0137irtsp\u0113ju un <strong data-start=\"239\" data-end=\"247\">16:9<\/strong> malu attiec\u012bbu. IPS tehnolo\u0123ija nodro\u0161ina pla\u0161u skat\u012b\u0161an\u0101s le\u0146\u0137i un prec\u012bzu kr\u0101su atveidi, t\u0101p\u0113c att\u0113ls paliek skaidrs un stabils, skatoties no da\u017e\u0101diem le\u0146\u0137iem. <\/p>\n<p data-start=\"416\" data-end=\"696\"><strong data-start=\"416\" data-end=\"460\">Atjaunin\u0101\u0161anas frekvence un reakcijas laiks<\/strong><br data-start=\"460\" data-end=\"463\"><strong data-start=\"463\" data-end=\"494\">120 Hz atsvaidzes intensit\u0101te<\/strong> nodro\u0161ina vienm\u0113r\u012bg\u0101ku att\u0113lu nek\u0101 standarta 60 Hz monitori, un <strong data-start=\"560\" data-end=\"585\">1 ms reakcijas laiks<\/strong> pal\u012bdz samazin\u0101t kust\u012bbas &#8220;izpl\u016b\u0161anu&#8221;. \u0160\u0101das funkcijas uzlabo sp\u0113\u013cu un dinamiska satura skat\u012b\u0161an\u0101s pieredzi. <\/p>\n<p data-start=\"698\" data-end=\"916\"><strong data-start=\"698\" data-end=\"723\">Spilgtums un detaliz\u0101cija<\/strong><br data-start=\"723\" data-end=\"726\"><strong data-start=\"726\" data-end=\"748\">300 cd\/m\u00b2 spilgtums<\/strong> \u013cauj baud\u012bt skaidru att\u0113lu pat nedaudz gai\u0161\u0101k\u0101 vid\u0113. Full HD iz\u0161\u0137irtsp\u0113ja ir lieliski piem\u0113rota ikdienas uzdevumiem, film\u0101m, biroja lietojumprogramm\u0101m vai interneta p\u0101rl\u016bko\u0161anai. <\/p>\n<p data-start=\"918\" data-end=\"1047\"><strong data-start=\"918\" data-end=\"929\">Savienojumi<\/strong><br data-start=\"929\" data-end=\"932\">Monitoram ir <strong data-start=\"948\" data-end=\"965\">1 HDMI ports<\/strong>, caur kuru var \u0113rti pievienot datoru vai citu ar HDMI sader\u012bgu ier\u012bci.<\/p>\n<p data-start=\"1049\" data-end=\"1201\"><strong data-start=\"1049\" data-end=\"1061\">Dizains<\/strong><br data-start=\"1061\" data-end=\"1064\">Monitors ir <strong data-start=\"1079\" data-end=\"1097\">meln\u0101 kr\u0101s\u0101<\/strong>, ar minim\u0101listisku un modernu dizainu, t\u0101p\u0113c tas viegli iek\u013caujas da\u017e\u0101d\u0101s darba vai sp\u0113\u013cu vid\u0113s.<\/p>\n<\/div>\n<\/div>\n<\/div>\n<\/div>\n<\/div>\n<\/div>\n","protected":false},"excerpt":{"rendered":"<p>AOC 27B31H ir 27 collu univers\u0101ls monitors, kas apvieno vienm\u0113r\u012bgu att\u0113lu, labu kontrastu un \u0113rtu ikdienas lieto\u0161anu. Ekr\u0101ns un iz\u0161\u0137irtsp\u0113jaMonitoram<\/p>\n","protected":false},"featured_media":43739,"comment_status":"open","ping_status":"closed","template":"","meta":[],"product_brand":[],"product_cat":[493],"product_tag":[],"class_list":{"0":"post-43729","1":"product","2":"type-product","3":"status-publish","4":"has-post-thumbnail","6":"product_cat-monitori","7":"pa_garantija-1241","8":"pa_hdmi-prievadu-kiekis-1584","9":"pa_integruota-baterija-ne","10":"pa_prekes-zenklas-aoc","12":"first","13":"instock","14":"taxable","15":"shipping-taxable","16":"purchasable","17":"product-type-simple"},"_links":{"self":[{"href":"https:\/\/amberglow.lt\/lv\/wp-json\/wp\/v2\/product\/43729","targetHints":{"allow":["GET"]}}],"collection":[{"href":"https:\/\/amberglow.lt\/lv\/wp-json\/wp\/v2\/product"}],"about":[{"href":"https:\/\/amberglow.lt\/lv\/wp-json\/wp\/v2\/types\/product"}],"replies":[{"embeddable":true,"href":"https:\/\/amberglow.lt\/lv\/wp-json\/wp\/v2\/comments?post=43729"}],"version-history":[{"count":0,"href":"https:\/\/amberglow.lt\/lv\/wp-json\/wp\/v2\/product\/43729\/revisions"}],"wp:featuredmedia":[{"embeddable":true,"href":"https:\/\/amberglow.lt\/lv\/wp-json\/wp\/v2\/media\/43739"}],"wp:attachment":[{"href":"https:\/\/amberglow.lt\/lv\/wp-json\/wp\/v2\/media?parent=43729"}],"wp:term":[{"taxonomy":"product_brand","embeddable":true,"href":"https:\/\/amberglow.lt\/lv\/wp-json\/wp\/v2\/product_brand?post=43729"},{"taxonomy":"product_cat","embeddable":true,"href":"https:\/\/amberglow.lt\/lv\/wp-json\/wp\/v2\/product_cat?post=43729"},{"taxonomy":"product_tag","embeddable":true,"href":"https:\/\/amberglow.lt\/lv\/wp-json\/wp\/v2\/product_tag?post=43729"}],"curies":[{"name":"wp","href":"https:\/\/api.w.org\/{rel}","templated":true}]}}