{"id":43844,"date":"2025-12-22T14:17:38","date_gmt":"2025-12-22T11:17:38","guid":{"rendered":"https:\/\/amberglow.lt\/Bez%20kategorijas\/monitors-aoc-c27g4zxu-27-va-fhd-280-hz-1-ms\/"},"modified":"2026-05-10T12:00:55","modified_gmt":"2026-05-10T09:00:55","slug":"monitors-aoc-c27g4zxu-27-va-fhd-280-hz-1-ms","status":"publish","type":"product","link":"https:\/\/amberglow.lt\/lv\/monitori\/monitors-aoc-c27g4zxu-27-va-fhd-280-hz-1-ms\/","title":{"rendered":"Monitors AOC C27G4ZXU 27 &#8221; , VA, FHD, 280 Hz, 1 ms"},"content":{"rendered":"<p data-start=\"94\" data-end=\"385\"><strong data-start=\"94\" data-end=\"110\">AOC C27G4ZXU<\/strong> ir 27 collu sp\u0113\u013cu monitors, kas izstr\u0101d\u0101ts gan augstas kvalit\u0101tes sp\u0113\u013cu pieredzei, gan ikdienas lieto\u0161anai. Monitoram ir <strong data-start=\"239\" data-end=\"257\">VA tipa ekr\u0101ns<\/strong> ar <strong data-start=\"261\" data-end=\"286\">Full HD (1920 \u00d7 1080)<\/strong> iz\u0161\u0137irtsp\u0113ju un klasisku <strong data-start=\"307\" data-end=\"315\">16:9<\/strong> malu attiec\u012bbu, t\u0101p\u0113c att\u0113ls ir spilgts, skaidrs un kontrastains. <\/p>\n<p data-start=\"387\" data-end=\"652\">Liels <strong data-start=\"395\" data-end=\"426\">280 Hz atsvaidzes intensit\u0101te<\/strong> nodro\u0161ina \u012bpa\u0161i vienm\u0113r\u012bgu vizu\u0101lo kust\u012bbu, un <strong data-start=\"469\" data-end=\"494\">1 ms reakcijas laiks<\/strong> pal\u012bdz samazin\u0101t att\u0113la &#8220;raust\u012b\u0161anos&#8221; un rea\u0123\u0113\u0161anu uz darb\u012bb\u0101m sp\u0113l\u0113s. Tas ir \u012bpa\u0161i noder\u012bgi, sp\u0113l\u0113jot \u0101tra tempa sp\u0113les, kur svar\u012bgs ir katrs mirklis. <\/p>\n<p data-start=\"654\" data-end=\"865\"><strong data-start=\"654\" data-end=\"676\">300 cd\/m\u00b2 spilgtums<\/strong> nodro\u0161ina skaidru att\u0113lu pat spilgt\u0101k\u0101 vid\u0113. VA panelim ir labs kontrasta l\u012bmenis, kas nodro\u0161ina dzi\u013c\u0101kas meln\u0101s zonas un bag\u0101t\u012bg\u0101kas kr\u0101sas, t\u0101p\u0113c filmas un sp\u0113les izskat\u0101s dz\u012bv\u012bg\u0101kas. <\/p>\n<p data-start=\"867\" data-end=\"1151\">Monitoram ir <strong data-start=\"883\" data-end=\"903\">divas HDMI ligzdas<\/strong>, kas \u013cauj \u0113rti pievienot vair\u0101kas ier\u012bces, piem\u0113ram, datoru un sp\u0113\u013cu konsoli. \u0160is monitors ir lieliska izv\u0113le sp\u0113l\u0113t\u0101jiem, kuri v\u0113las lielu atsvaidzes intensit\u0101ti apvienojum\u0101 ar liel\u0101ku ekr\u0101na izm\u0113ru un labu att\u0113la kvalit\u0101tes balansu. <\/p>\n","protected":false},"excerpt":{"rendered":"<p>AOC C27G4ZXU ir 27 collu sp\u0113\u013cu monitors, kas izstr\u0101d\u0101ts gan augstas kvalit\u0101tes sp\u0113\u013cu pieredzei, gan ikdienas lieto\u0161anai. Monitoram ir VA<\/p>\n","protected":false},"featured_media":43845,"comment_status":"open","ping_status":"closed","template":"","meta":[],"product_brand":[],"product_cat":[493],"product_tag":[],"class_list":{"0":"post-43844","1":"product","2":"type-product","3":"status-publish","4":"has-post-thumbnail","6":"product_cat-monitori","7":"pa_garantija-1241","8":"pa_hdmi-prievadu-kiekis-1581","9":"pa_integruota-baterija-ne","10":"pa_prekes-zenklas-aoc","12":"first","13":"instock","14":"taxable","15":"shipping-taxable","16":"purchasable","17":"product-type-simple"},"_links":{"self":[{"href":"https:\/\/amberglow.lt\/lv\/wp-json\/wp\/v2\/product\/43844","targetHints":{"allow":["GET"]}}],"collection":[{"href":"https:\/\/amberglow.lt\/lv\/wp-json\/wp\/v2\/product"}],"about":[{"href":"https:\/\/amberglow.lt\/lv\/wp-json\/wp\/v2\/types\/product"}],"replies":[{"embeddable":true,"href":"https:\/\/amberglow.lt\/lv\/wp-json\/wp\/v2\/comments?post=43844"}],"version-history":[{"count":0,"href":"https:\/\/amberglow.lt\/lv\/wp-json\/wp\/v2\/product\/43844\/revisions"}],"wp:featuredmedia":[{"embeddable":true,"href":"https:\/\/amberglow.lt\/lv\/wp-json\/wp\/v2\/media\/43845"}],"wp:attachment":[{"href":"https:\/\/amberglow.lt\/lv\/wp-json\/wp\/v2\/media?parent=43844"}],"wp:term":[{"taxonomy":"product_brand","embeddable":true,"href":"https:\/\/amberglow.lt\/lv\/wp-json\/wp\/v2\/product_brand?post=43844"},{"taxonomy":"product_cat","embeddable":true,"href":"https:\/\/amberglow.lt\/lv\/wp-json\/wp\/v2\/product_cat?post=43844"},{"taxonomy":"product_tag","embeddable":true,"href":"https:\/\/amberglow.lt\/lv\/wp-json\/wp\/v2\/product_tag?post=43844"}],"curies":[{"name":"wp","href":"https:\/\/api.w.org\/{rel}","templated":true}]}}