{"id":43916,"date":"2025-12-15T22:18:39","date_gmt":"2025-12-15T19:18:39","guid":{"rendered":"https:\/\/amberglow.lt\/Bez%20kategorijas\/monitors-aoc-u27g4r-27-fast-ips-120-hz-1-ms\/"},"modified":"2026-05-10T12:00:46","modified_gmt":"2026-05-10T09:00:46","slug":"monitors-aoc-u27g4r-27-fast-ips-120-hz-1-ms","status":"publish","type":"product","link":"https:\/\/amberglow.lt\/lv\/monitori\/monitors-aoc-u27g4r-27-fast-ips-120-hz-1-ms\/","title":{"rendered":"Monitors AOC U27G4R 27 &#8220;, Fast IPS, 120 Hz, 1 ms"},"content":{"rendered":"<p data-start=\"0\" data-end=\"163\"><strong data-start=\"0\" data-end=\"14\">AOC U27G4R<\/strong> ir <strong data-start=\"21\" data-end=\"93\">27 collu augstas klases sp\u0113\u013cu un univers\u0101las lieto\u0161anas monitors<\/strong>, kas pied\u0101v\u0101 izcilu att\u0113la detaliz\u0101ciju, vienm\u0113r\u012bgu darb\u012bbu un \u0101tru reakciju.<\/p>\n<p data-start=\"165\" data-end=\"535\"><strong data-start=\"165\" data-end=\"193\">Ekr\u0101ns un att\u0113la kvalit\u0101te<\/strong><br data-start=\"193\" data-end=\"196\">Monitoram ir <strong data-start=\"212\" data-end=\"236\">Fast IPS tipa panelis<\/strong> ar <strong data-start=\"240\" data-end=\"261\">3840 \u00d7 2160 (UHD)<\/strong> iz\u0161\u0137irtsp\u0113ju un <strong data-start=\"272\" data-end=\"280\">16:9<\/strong> malu attiec\u012bbu. UHD iz\u0161\u0137irtsp\u0113ja noz\u012bm\u0113 \u013coti daudz deta\u013cu un skaidru att\u0113lu, t\u0101p\u0113c tas ir lieliski piem\u0113rots gan sp\u0113l\u0113m, gan film\u0101m, gan darbam ar rado\u0161o grafiku vai dokumentiem. Fast IPS tehnolo\u0123ija nodro\u0161ina pla\u0161\u0101kus skat\u012b\u0161an\u0101s le\u0146\u0137us un prec\u012bzu kr\u0101su atveidi.  <\/p>\n<p data-start=\"537\" data-end=\"865\"><strong data-start=\"537\" data-end=\"578\">Vienm\u0113r\u012bga darb\u012bba un rea\u0123\u0113\u0161anas laiks<\/strong><br data-start=\"578\" data-end=\"581\"><strong data-start=\"581\" data-end=\"612\">120 Hz atsvaidzes intensit\u0101te<\/strong> nodro\u0161ina vienm\u0113r\u012bg\u0101ku kust\u012bbas att\u0113lojumu nek\u0101 standarta 60 Hz ekr\u0101ni, un <strong data-start=\"690\" data-end=\"715\">1 ms reakcijas laiks<\/strong> pal\u012bdz samazin\u0101t kust\u012bbas &#8220;izpl\u016b\u0161anu&#8221; un \u013caus \u0101tri rea\u0123\u0113t sp\u0113l\u0113jot. \u0160\u0101das \u012bpa\u0161\u012bbas ir \u012bpa\u0161i v\u0113rt\u012bgas sp\u0113l\u0113s ar \u0101tru darb\u012bbu. <\/p>\n<p data-start=\"867\" data-end=\"1057\"><strong data-start=\"867\" data-end=\"896\">Spilgtums un att\u0113la kvalit\u0101te<\/strong><br data-start=\"896\" data-end=\"899\"><strong data-start=\"899\" data-end=\"921\">400 cd\/m\u00b2 spilgtums<\/strong> nodro\u0161ina spilgtu un skaidru att\u0113lu pat gai\u0161\u0101k\u0101 vid\u0113. Augsta iz\u0161\u0137irtsp\u0113ja apvienojum\u0101 ar labu spilgtumu noz\u012bm\u0113 izcilu detaliz\u0101ciju un kontrastu. <\/p>\n<p data-start=\"1059\" data-end=\"1234\"><strong data-start=\"1059\" data-end=\"1070\">Savienojumi<\/strong><br data-start=\"1070\" data-end=\"1073\">Monitoram ir <strong data-start=\"1089\" data-end=\"1107\">2 HDMI piesl\u0113gvietas<\/strong>, t\u0101p\u0113c varat \u0113rti pievienot vair\u0101kas ier\u012bces, piem\u0113ram, datoru un sp\u0113\u013cu konsoli vai citu HDMI sader\u012bgu ier\u012bci.<\/p>\n<p data-start=\"1236\" data-end=\"1370\"><strong data-start=\"1236\" data-end=\"1248\">Dizains<\/strong><br data-start=\"1248\" data-end=\"1251\">Monitors ir meln\u0101 kr\u0101s\u0101, ar minim\u0101listisku un modernu dizainu, kas piem\u0113rots gan sp\u0113\u013cu zonai, gan darba vietai.<\/p>\n","protected":false},"excerpt":{"rendered":"<p>AOC U27G4R ir 27 collu augstas klases sp\u0113\u013cu un univers\u0101las lieto\u0161anas monitors, kas pied\u0101v\u0101 izcilu att\u0113la detaliz\u0101ciju, vienm\u0113r\u012bgu darb\u012bbu un<\/p>\n","protected":false},"featured_media":43918,"comment_status":"open","ping_status":"closed","template":"","meta":[],"product_brand":[],"product_cat":[493],"product_tag":[],"class_list":{"0":"post-43916","1":"product","2":"type-product","3":"status-publish","4":"has-post-thumbnail","6":"product_cat-monitori","7":"pa_garantija-1241","8":"pa_hdmi-prievadu-kiekis-1581","9":"pa_integruota-baterija-ne","10":"pa_prekes-zenklas-aoc","12":"first","13":"instock","14":"taxable","15":"shipping-taxable","16":"purchasable","17":"product-type-simple"},"_links":{"self":[{"href":"https:\/\/amberglow.lt\/lv\/wp-json\/wp\/v2\/product\/43916","targetHints":{"allow":["GET"]}}],"collection":[{"href":"https:\/\/amberglow.lt\/lv\/wp-json\/wp\/v2\/product"}],"about":[{"href":"https:\/\/amberglow.lt\/lv\/wp-json\/wp\/v2\/types\/product"}],"replies":[{"embeddable":true,"href":"https:\/\/amberglow.lt\/lv\/wp-json\/wp\/v2\/comments?post=43916"}],"version-history":[{"count":0,"href":"https:\/\/amberglow.lt\/lv\/wp-json\/wp\/v2\/product\/43916\/revisions"}],"wp:featuredmedia":[{"embeddable":true,"href":"https:\/\/amberglow.lt\/lv\/wp-json\/wp\/v2\/media\/43918"}],"wp:attachment":[{"href":"https:\/\/amberglow.lt\/lv\/wp-json\/wp\/v2\/media?parent=43916"}],"wp:term":[{"taxonomy":"product_brand","embeddable":true,"href":"https:\/\/amberglow.lt\/lv\/wp-json\/wp\/v2\/product_brand?post=43916"},{"taxonomy":"product_cat","embeddable":true,"href":"https:\/\/amberglow.lt\/lv\/wp-json\/wp\/v2\/product_cat?post=43916"},{"taxonomy":"product_tag","embeddable":true,"href":"https:\/\/amberglow.lt\/lv\/wp-json\/wp\/v2\/product_tag?post=43916"}],"curies":[{"name":"wp","href":"https:\/\/api.w.org\/{rel}","templated":true}]}}