{"id":44015,"date":"2025-12-18T13:47:39","date_gmt":"2025-12-18T10:47:39","guid":{"rendered":"https:\/\/amberglow.lt\/Bez%20kategorijas\/monitors-aoc-ag326ud-32-oled-165-hz-003-ms\/"},"modified":"2026-05-10T12:00:54","modified_gmt":"2026-05-10T09:00:54","slug":"monitors-aoc-ag326ud-32-oled-165-hz-003-ms","status":"publish","type":"product","link":"https:\/\/amberglow.lt\/lv\/monitori\/monitors-aoc-ag326ud-32-oled-165-hz-003-ms\/","title":{"rendered":"Monitors AOC AG326UD 32 &#8221; , OLED, 165 Hz, 0,03 ms"},"content":{"rendered":"<p data-start=\"82\" data-end=\"428\"><strong data-start=\"82\" data-end=\"97\">AOC AG326UD<\/strong> ir 32 collu augst\u0101k\u0101s klases <strong data-start=\"133\" data-end=\"141\">OLED<\/strong> monitors, kas rad\u012bts tiem, kuri nov\u0113rt\u0113 nevainojamu att\u0113la kvalit\u0101ti, \u012bpa\u0161i \u0101tru darb\u012bbu un daudzpus\u012bbu. OLED tehnolo\u0123ija noz\u012bm\u0113, ka katrs pikselis izstaro savu gaismu, t\u0101p\u0113c meln\u0101s kr\u0101sas ir patiesi dzi\u013cas, kontrasts ir \u013coti augsts, un kr\u0101sas ir pies\u0101tin\u0101tas un dabiskas. <\/p>\n<p data-start=\"430\" data-end=\"785\">Monitoram ir <strong data-start=\"446\" data-end=\"466\">3840 x 2160 (4K)<\/strong> iz\u0161\u0137irtsp\u0113ja, t\u0101p\u0113c att\u0113ls ir \u013coti detaliz\u0113ts un ide\u0101li piem\u0113rots ne tikai sp\u0113l\u0113m, bet ar\u012b filmu skat\u012b\u0161anai, dizaina darbiem vai cit\u0101m rado\u0161\u0101m aktivit\u0101t\u0113m. Liels <strong data-start=\"613\" data-end=\"644\">165 Hz atsvaidzes intensit\u0101te<\/strong> kop\u0101 ar <strong data-start=\"654\" data-end=\"681\">0,03 ms reakcijas laiku<\/strong> nodro\u0161ina \u012bpa\u0161i vienm\u0113r\u012bgu kust\u012bbu un \u013coti mazu latentumu, kas ir \u012bpa\u0161i svar\u012bgi \u0101tra tempa sp\u0113l\u0113s. <\/p>\n<p data-start=\"787\" data-end=\"1023\"><strong data-start=\"787\" data-end=\"809\">250 cd\/m\u00b2 spilgtums<\/strong> nodro\u0161ina pietiekami skaidru att\u0113lu daudz\u0101s vid\u0113s. OLED tehnolo\u0123ija ar\u012b pal\u012bdz izvair\u012bties no tradicion\u0101l\u0101 fona apgaismojuma un nodro\u0161ina \u013coti pla\u0161us skata le\u0146\u0137us, t\u0101p\u0113c att\u0113ls paliek prec\u012bzs ar\u012b no s\u0101niem. <\/p>\n<p data-start=\"1025\" data-end=\"1352\">Monitoram ir <strong data-start=\"1041\" data-end=\"1061\">divas HDMI piesl\u0113gvietas<\/strong>, kas \u013cauj \u0113rti pievienot vair\u0101kas ier\u012bces, piem\u0113ram, datoru un sp\u0113\u013cu konsoli. Pateicoties lielajam ekr\u0101na form\u0101tam, izcilajai kr\u0101su kvalit\u0101tei un \u0101trajai reakcijai, \u0161is modelis ir lieliska izv\u0113le sp\u0113l\u0113t\u0101jiem, izstr\u0101d\u0101t\u0101jiem un visiem, kam svar\u012bgs augst\u0101k\u0101s klases vizu\u0101lais noform\u0113jums. <\/p>\n","protected":false},"excerpt":{"rendered":"<p>AOC AG326UD ir 32 collu augst\u0101k\u0101s klases OLED monitors, kas rad\u012bts tiem, kuri nov\u0113rt\u0113 nevainojamu att\u0113la kvalit\u0101ti, \u012bpa\u0161i \u0101tru darb\u012bbu<\/p>\n","protected":false},"featured_media":44017,"comment_status":"open","ping_status":"closed","template":"","meta":[],"product_brand":[],"product_cat":[493],"product_tag":[],"class_list":{"0":"post-44015","1":"product","2":"type-product","3":"status-publish","4":"has-post-thumbnail","6":"product_cat-monitori","7":"pa_garantija-1241","8":"pa_hdmi-prievadu-kiekis-1581","9":"pa_integruota-baterija-ne","10":"pa_prekes-zenklas-aoc","12":"first","13":"instock","14":"taxable","15":"shipping-taxable","16":"purchasable","17":"product-type-simple"},"_links":{"self":[{"href":"https:\/\/amberglow.lt\/lv\/wp-json\/wp\/v2\/product\/44015","targetHints":{"allow":["GET"]}}],"collection":[{"href":"https:\/\/amberglow.lt\/lv\/wp-json\/wp\/v2\/product"}],"about":[{"href":"https:\/\/amberglow.lt\/lv\/wp-json\/wp\/v2\/types\/product"}],"replies":[{"embeddable":true,"href":"https:\/\/amberglow.lt\/lv\/wp-json\/wp\/v2\/comments?post=44015"}],"version-history":[{"count":0,"href":"https:\/\/amberglow.lt\/lv\/wp-json\/wp\/v2\/product\/44015\/revisions"}],"wp:featuredmedia":[{"embeddable":true,"href":"https:\/\/amberglow.lt\/lv\/wp-json\/wp\/v2\/media\/44017"}],"wp:attachment":[{"href":"https:\/\/amberglow.lt\/lv\/wp-json\/wp\/v2\/media?parent=44015"}],"wp:term":[{"taxonomy":"product_brand","embeddable":true,"href":"https:\/\/amberglow.lt\/lv\/wp-json\/wp\/v2\/product_brand?post=44015"},{"taxonomy":"product_cat","embeddable":true,"href":"https:\/\/amberglow.lt\/lv\/wp-json\/wp\/v2\/product_cat?post=44015"},{"taxonomy":"product_tag","embeddable":true,"href":"https:\/\/amberglow.lt\/lv\/wp-json\/wp\/v2\/product_tag?post=44015"}],"curies":[{"name":"wp","href":"https:\/\/api.w.org\/{rel}","templated":true}]}}