{"id":44330,"date":"2025-12-15T22:18:02","date_gmt":"2025-12-15T19:18:02","guid":{"rendered":"https:\/\/amberglow.lt\/Bez%20kategorijas\/monitors-aoc-24g4ha-24-fast-ips-fhd-200-hz-05-ms\/"},"modified":"2026-05-10T11:59:36","modified_gmt":"2026-05-10T08:59:36","slug":"monitors-aoc-24g4ha-24-fast-ips-fhd-200-hz-05-ms","status":"publish","type":"product","link":"https:\/\/amberglow.lt\/lv\/monitori\/monitors-aoc-24g4ha-24-fast-ips-fhd-200-hz-05-ms\/","title":{"rendered":"Monitors AOC 24G4HA 24 &#8220;, Fast IPS, FHD, 200 Hz, 0,5 ms"},"content":{"rendered":"<p data-start=\"0\" data-end=\"174\"><strong data-start=\"0\" data-end=\"14\">AOC 24G4HA<\/strong> ir <strong data-start=\"21\" data-end=\"52\">24 collu sp\u0113\u013cu monitors<\/strong>, kas paredz\u0113ts tiem, kuri nov\u0113rt\u0113 <strong data-start=\"84\" data-end=\"138\">\u0101tru darb\u012bbu, vienm\u0113r\u012bgu att\u0113lu un \u0101tru reakciju<\/strong> sp\u0113l\u0113s vai dinamisk\u0101 satur\u0101.<\/p>\n<p data-start=\"176\" data-end=\"473\"><strong data-start=\"176\" data-end=\"204\">Ekr\u0101ns un att\u0113la kvalit\u0101te<\/strong><br data-start=\"204\" data-end=\"207\">Monitoram ir <strong data-start=\"223\" data-end=\"247\">Fast IPS tipa panelis<\/strong> ar <strong data-start=\"251\" data-end=\"276\">1920 \u00d7 1080 (Full HD)<\/strong> iz\u0161\u0137irtsp\u0113ju un <strong data-start=\"287\" data-end=\"295\">16:9<\/strong> malu attiec\u012bbu. Fast IPS tehnolo\u0123ija nodro\u0161ina <strong data-start=\"348\" data-end=\"374\">prec\u012bzu kr\u0101su atveidi<\/strong> un <strong data-start=\"378\" data-end=\"406\">pla\u0161us skat\u012b\u0161an\u0101s le\u0146\u0137us<\/strong>, t\u0101p\u0113c att\u0113ls paliek spilgts un dabisks, skatoties no da\u017e\u0101diem le\u0146\u0137iem. <\/p>\n<p data-start=\"475\" data-end=\"803\"><strong data-start=\"475\" data-end=\"515\">Vienm\u0113r\u012bgs att\u0113ls un reakcijas laiks<\/strong><br data-start=\"515\" data-end=\"518\"><strong data-start=\"518\" data-end=\"549\">200 Hz atsvaidzes intensit\u0101te<\/strong> nodro\u0161ina \u013coti vienm\u0113r\u012bgu kust\u012bbu ekr\u0101n\u0101, \u012bpa\u0161i sp\u0113l\u0113jot \u0101tra tempa sp\u0113les vai skatoties dinamisku saturu. <strong data-start=\"654\" data-end=\"681\">0,5 ms reakcijas laiks<\/strong> pal\u012bdz samazin\u0101t kust\u012bbas &#8220;izpl\u016b\u0161anu&#8221; un nodro\u0161ina \u0101tru att\u0113la atsvaidzin\u0101\u0161anu \u2013 tas ir svar\u012bgi \u0101tr\u0101s darb\u012bbas epizod\u0113s.<\/p>\n<p data-start=\"805\" data-end=\"1039\"><strong data-start=\"805\" data-end=\"830\">Spilgtums un detaliz\u0101cija<\/strong><br data-start=\"830\" data-end=\"833\"><strong data-start=\"833\" data-end=\"855\">300 cd\/m\u00b2 spilgtums<\/strong> nodro\u0161ina pietiekami spilgtu att\u0113lu liel\u0101kajai da\u013cai ikdienas lieto\u0161anas scen\u0101riju, sp\u0113\u013cu vai filmu skat\u012b\u0161an\u0101s. Full HD iz\u0161\u0137irtsp\u0113ja nodro\u0161ina skaidru un labi defin\u0113tu att\u0113la kvalit\u0101ti 24 collu ekr\u0101n\u0101. <\/p>\n<p data-start=\"1041\" data-end=\"1210\"><strong data-start=\"1041\" data-end=\"1052\">Savienojumi<\/strong><br data-start=\"1052\" data-end=\"1055\">Monitoram ir <strong data-start=\"1071\" data-end=\"1089\">2 HDMI piesl\u0113gvietas<\/strong>, t\u0101p\u0113c varat \u0113rti pievienot vair\u0101kas ier\u012bces \u2013 piem\u0113ram, datoru un sp\u0113\u013cu konsoli vai portat\u012bvo ier\u012bci.<\/p>\n<p data-start=\"1212\" data-end=\"1372\"><strong data-start=\"1212\" data-end=\"1224\">Dizains<\/strong><br data-start=\"1224\" data-end=\"1227\">Monitoram ir rota\u013c\u012bg\u0101ka <strong data-start=\"1261\" data-end=\"1283\">melna un sarkana<\/strong> kr\u0101su kombin\u0101cija, t\u0101p\u0113c tas izskat\u0101s sportiski un dinamiski \u2013 tas ir \u012bpa\u0161i piem\u0113rots sp\u0113\u013cu videi.<\/p>\n","protected":false},"excerpt":{"rendered":"<p>AOC 24G4HA ir 24 collu sp\u0113\u013cu monitors, kas paredz\u0113ts tiem, kuri nov\u0113rt\u0113 \u0101tru darb\u012bbu, vienm\u0113r\u012bgu att\u0113lu un \u0101tru reakciju sp\u0113l\u0113s<\/p>\n","protected":false},"featured_media":44331,"comment_status":"open","ping_status":"closed","template":"","meta":[],"product_brand":[],"product_cat":[493],"product_tag":[],"class_list":{"0":"post-44330","1":"product","2":"type-product","3":"status-publish","4":"has-post-thumbnail","6":"product_cat-monitori","7":"pa_garantija-1241","8":"pa_hdmi-prievadu-kiekis-1581","9":"pa_integruota-baterija-ne","10":"pa_istrizaine-1631","11":"pa_prekes-zenklas-aoc","13":"first","14":"instock","15":"taxable","16":"shipping-taxable","17":"purchasable","18":"product-type-simple"},"_links":{"self":[{"href":"https:\/\/amberglow.lt\/lv\/wp-json\/wp\/v2\/product\/44330","targetHints":{"allow":["GET"]}}],"collection":[{"href":"https:\/\/amberglow.lt\/lv\/wp-json\/wp\/v2\/product"}],"about":[{"href":"https:\/\/amberglow.lt\/lv\/wp-json\/wp\/v2\/types\/product"}],"replies":[{"embeddable":true,"href":"https:\/\/amberglow.lt\/lv\/wp-json\/wp\/v2\/comments?post=44330"}],"version-history":[{"count":0,"href":"https:\/\/amberglow.lt\/lv\/wp-json\/wp\/v2\/product\/44330\/revisions"}],"wp:featuredmedia":[{"embeddable":true,"href":"https:\/\/amberglow.lt\/lv\/wp-json\/wp\/v2\/media\/44331"}],"wp:attachment":[{"href":"https:\/\/amberglow.lt\/lv\/wp-json\/wp\/v2\/media?parent=44330"}],"wp:term":[{"taxonomy":"product_brand","embeddable":true,"href":"https:\/\/amberglow.lt\/lv\/wp-json\/wp\/v2\/product_brand?post=44330"},{"taxonomy":"product_cat","embeddable":true,"href":"https:\/\/amberglow.lt\/lv\/wp-json\/wp\/v2\/product_cat?post=44330"},{"taxonomy":"product_tag","embeddable":true,"href":"https:\/\/amberglow.lt\/lv\/wp-json\/wp\/v2\/product_tag?post=44330"}],"curies":[{"name":"wp","href":"https:\/\/api.w.org\/{rel}","templated":true}]}}