{"id":44357,"date":"2025-12-15T21:47:52","date_gmt":"2025-12-15T18:47:52","guid":{"rendered":"https:\/\/amberglow.lt\/Bez%20kategorijas\/monitors-aoc-cu34g4-34-fast-va-uwqhd-180-hz-1-ms\/"},"modified":"2026-05-10T11:59:33","modified_gmt":"2026-05-10T08:59:33","slug":"monitors-aoc-cu34g4-34-fast-va-uwqhd-180-hz-1-ms","status":"publish","type":"product","link":"https:\/\/amberglow.lt\/lv\/monitori\/monitors-aoc-cu34g4-34-fast-va-uwqhd-180-hz-1-ms\/","title":{"rendered":"Monitors AOC CU34G4 34 &#8220;, Fast VA, UWQHD, 180 Hz, 1 ms"},"content":{"rendered":"<p data-start=\"0\" data-end=\"167\"><strong data-start=\"0\" data-end=\"14\">AOC CU34G4<\/strong> ir <strong data-start=\"21\" data-end=\"83\">34 collu sp\u0113l\u0113m optimiz\u0113ts plata form\u0101ta monitors<\/strong>, kas lieliski l\u012bdzsvaro augstu veiktsp\u0113ju, ieskaujo\u0161u att\u0113lu un ikdienas \u0113rt\u012bbas.<\/p>\n<p data-start=\"169\" data-end=\"586\"><strong data-start=\"169\" data-end=\"197\">Ekr\u0101ns un att\u0113la kvalit\u0101te<\/strong><br data-start=\"197\" data-end=\"200\">Monitoram ir <strong data-start=\"216\" data-end=\"239\">Fast VA tipa panelis<\/strong> ar <strong data-start=\"243\" data-end=\"266\">3440 \u00d7 1440 (UWQHD)<\/strong> iz\u0161\u0137irtsp\u0113ju un <strong data-start=\"277\" data-end=\"285\">21:9<\/strong> malu attiec\u012bbu. \u0160\u0101da iz\u0161\u0137irtsp\u0113ja un form\u0101ts nodro\u0161ina \u013coti pla\u0161u redzam\u012bbas lauku, t\u0101p\u0113c sp\u0113l\u0113s varat redz\u0113t vair\u0101k inform\u0101cijas, bet film\u0101s vai multivides satur\u0101 \u2013 pla\u0161\u0101ku panor\u0101mas skatu. VA tehnolo\u0123ijai ir labs kontrasts, t\u0101p\u0113c att\u0113ls izskat\u0101s pies\u0101tin\u0101t\u0101ks, bet tum\u0161\u0101s sc\u0113nas \u2013 dzi\u013c\u0101kas.  <\/p>\n<p data-start=\"588\" data-end=\"904\"><strong data-start=\"588\" data-end=\"629\">Gluda darb\u012bba un reakcijas laiks<\/strong><br data-start=\"629\" data-end=\"632\"><strong data-start=\"632\" data-end=\"663\">180 Hz atsvaidzes intensit\u0101te<\/strong> nodro\u0161ina \u013coti vienm\u0113r\u012bgu kust\u012bbu ekr\u0101n\u0101 \u2013 tas ir \u012bpa\u0161i paman\u0101ms, sp\u0113l\u0113jot dinamiskas sp\u0113les vai skatoties \u0101tri main\u012bgu saturu. <strong data-start=\"789\" data-end=\"814\">1 ms reakcijas laiks<\/strong> pal\u012bdz samazin\u0101t kust\u012bbas izpl\u016b\u0161anu un uzlabo att\u0113la skaidr\u012bbu \u0101tri kusto\u0161\u0101s ain\u0101s.<\/p>\n<p data-start=\"906\" data-end=\"1136\"><strong data-start=\"906\" data-end=\"929\">Spilgtums un kr\u0101sas<\/strong><br data-start=\"929\" data-end=\"932\"><strong data-start=\"932\" data-end=\"954\">300 cd\/m\u00b2 spilgtums<\/strong> nodro\u0161ina pietiekami spilgtu att\u0113lu liel\u0101kajai da\u013cai vidi, bet monitors visvair\u0101k izce\u013cas ar pla\u0161u skata le\u0146\u0137i, lab\u0101m kr\u0101su atveido\u0161anas \u012bpa\u0161\u012bb\u0101m un kontrastu, kas rakstur\u012bgs VA pane\u013ciem.<\/p>\n<p data-start=\"1138\" data-end=\"1315\"><strong data-start=\"1138\" data-end=\"1149\">Savienojumi<\/strong><br data-start=\"1149\" data-end=\"1152\">Monitoram ir <strong data-start=\"1168\" data-end=\"1186\">2 HDMI piesl\u0113gvietas<\/strong>, t\u0101p\u0113c varat \u0113rti pievienot vair\u0101kas ier\u012bces, piem\u0113ram, datoru un sp\u0113\u013cu konsoli, vai citas ar HDMI sader\u012bgas ier\u012bces.<\/p>\n<p data-start=\"1317\" data-end=\"1452\"><strong data-start=\"1317\" data-end=\"1329\">Dizains<\/strong><br data-start=\"1329\" data-end=\"1332\">Monitors ir <strong data-start=\"1347\" data-end=\"1365\">meln\u0101 kr\u0101s\u0101<\/strong>, ar elegantu un modernu dizainu, piem\u0113rots gan sp\u0113\u013cu stacij\u0101m, gan darba vietai.<\/p>\n","protected":false},"excerpt":{"rendered":"<p>AOC CU34G4 ir 34 collu sp\u0113l\u0113m optimiz\u0113ts plata form\u0101ta monitors, kas lieliski l\u012bdzsvaro augstu veiktsp\u0113ju, ieskaujo\u0161u att\u0113lu un ikdienas \u0113rt\u012bbas.<\/p>\n","protected":false},"featured_media":44359,"comment_status":"open","ping_status":"closed","template":"","meta":[],"product_brand":[],"product_cat":[493],"product_tag":[],"class_list":{"0":"post-44357","1":"product","2":"type-product","3":"status-publish","4":"has-post-thumbnail","6":"product_cat-monitori","7":"pa_garantija-1241","8":"pa_hdmi-prievadu-kiekis-1581","9":"pa_integruota-baterija-ne","10":"pa_prekes-zenklas-aoc","12":"first","13":"instock","14":"taxable","15":"shipping-taxable","16":"purchasable","17":"product-type-simple"},"_links":{"self":[{"href":"https:\/\/amberglow.lt\/lv\/wp-json\/wp\/v2\/product\/44357","targetHints":{"allow":["GET"]}}],"collection":[{"href":"https:\/\/amberglow.lt\/lv\/wp-json\/wp\/v2\/product"}],"about":[{"href":"https:\/\/amberglow.lt\/lv\/wp-json\/wp\/v2\/types\/product"}],"replies":[{"embeddable":true,"href":"https:\/\/amberglow.lt\/lv\/wp-json\/wp\/v2\/comments?post=44357"}],"version-history":[{"count":0,"href":"https:\/\/amberglow.lt\/lv\/wp-json\/wp\/v2\/product\/44357\/revisions"}],"wp:featuredmedia":[{"embeddable":true,"href":"https:\/\/amberglow.lt\/lv\/wp-json\/wp\/v2\/media\/44359"}],"wp:attachment":[{"href":"https:\/\/amberglow.lt\/lv\/wp-json\/wp\/v2\/media?parent=44357"}],"wp:term":[{"taxonomy":"product_brand","embeddable":true,"href":"https:\/\/amberglow.lt\/lv\/wp-json\/wp\/v2\/product_brand?post=44357"},{"taxonomy":"product_cat","embeddable":true,"href":"https:\/\/amberglow.lt\/lv\/wp-json\/wp\/v2\/product_cat?post=44357"},{"taxonomy":"product_tag","embeddable":true,"href":"https:\/\/amberglow.lt\/lv\/wp-json\/wp\/v2\/product_tag?post=44357"}],"curies":[{"name":"wp","href":"https:\/\/api.w.org\/{rel}","templated":true}]}}