{"id":44423,"date":"2025-12-15T21:47:38","date_gmt":"2025-12-15T18:47:38","guid":{"rendered":"https:\/\/amberglow.lt\/Bez%20kategorijas\/monitors-aoc-q27g42ze-27-qhd-260-hz-1-ms\/"},"modified":"2026-05-10T11:56:04","modified_gmt":"2026-05-10T08:56:04","slug":"monitors-aoc-q27g42ze-27-qhd-260-hz-1-ms","status":"publish","type":"product","link":"https:\/\/amberglow.lt\/lv\/monitori\/monitors-aoc-q27g42ze-27-qhd-260-hz-1-ms\/","title":{"rendered":"Monitors AOC Q27G42ZE 27 &#8220;, QHD, 260 Hz, 1 ms"},"content":{"rendered":"<p data-start=\"0\" data-end=\"150\"><strong data-start=\"0\" data-end=\"16\">AOC Q27G42ZE<\/strong> ir <strong data-start=\"23\" data-end=\"54\">27 collu sp\u0113\u013cu monitors<\/strong>, kas paredz\u0113ts tiem, kuri v\u0113las apvienot augst\u0101ku iz\u0161\u0137irtsp\u0113ju, \u013coti vienm\u0113r\u012bgu att\u0113lu un \u0101tru reakciju.<\/p>\n<p data-start=\"152\" data-end=\"478\"><strong data-start=\"152\" data-end=\"180\">Ekr\u0101ns un att\u0113la kvalit\u0101te<\/strong><br data-start=\"180\" data-end=\"183\">Monitoram ir <strong data-start=\"199\" data-end=\"218\">IPS tipa panelis<\/strong> ar <strong data-start=\"222\" data-end=\"243\">2560 \u00d7 1440 (QHD)<\/strong> iz\u0161\u0137irtsp\u0113ju un <strong data-start=\"254\" data-end=\"262\">16:9<\/strong> malu attiec\u012bbu. QHD iz\u0161\u0137irtsp\u0113ja nodro\u0161ina vair\u0101k deta\u013cu un skaidr\u0101ku att\u0113lu nek\u0101 Full HD, un IPS tehnolo\u0123ija nodro\u0161ina prec\u012bzas kr\u0101sas un pla\u0161us skat\u012b\u0161an\u0101s le\u0146\u0137us, t\u0101p\u0113c att\u0113ls paliek dabisks no jebkuras puses. <\/p>\n<p data-start=\"480\" data-end=\"770\"><strong data-start=\"480\" data-end=\"524\">Atjaunin\u0101\u0161anas frekvence un reakcijas laiks<\/strong><br data-start=\"524\" data-end=\"527\">\u013boti augsta <strong data-start=\"541\" data-end=\"572\">260 Hz atjaunin\u0101\u0161anas frekvence<\/strong> \u013cauj baud\u012bt \u012bpa\u0161i vienm\u0113r\u012bgu kust\u012bbu, kas ir \u012bpa\u0161i svar\u012bgi \u0101tra tempa un konkurentsp\u0113j\u012bg\u0101s sp\u0113l\u0113s. <strong data-start=\"675\" data-end=\"700\">1 ms reakcijas laiks<\/strong> pal\u012bdz samazin\u0101t kust\u012bbas izpl\u016b\u0161anu un nodro\u0161ina \u0101tru ekr\u0101na reakciju.<\/p>\n<p data-start=\"772\" data-end=\"994\"><strong data-start=\"772\" data-end=\"807\">Spilgtums un ikdienas komforts<\/strong><br data-start=\"807\" data-end=\"810\"><strong data-start=\"810\" data-end=\"832\">300 cd\/m\u00b2 spilgtums<\/strong> nodro\u0161ina pietiekami spilgtu att\u0113lu liel\u0101kajai da\u013cai m\u0101jas un darba vides. QHD iz\u0161\u0137irtsp\u0113ja ar\u012b \u013cauj \u0113rt\u0101k str\u0101d\u0101t ar vair\u0101kiem logiem, dokumentiem vai grafisko saturu. <\/p>\n<p data-start=\"996\" data-end=\"1214\"><strong data-start=\"996\" data-end=\"1019\">Savienojumi un dizains<\/strong><br data-start=\"1019\" data-end=\"1022\">Monitoram ir <strong data-start=\"1038\" data-end=\"1055\">1 HDMI piesl\u0113gvieta<\/strong>, kas paredz\u0113ta \u0113rtai pievieno\u0161anai datoram vai citai sader\u012bgai ier\u012bcei. Meln\u0101 kr\u0101sa, moderns dizains lieliski piem\u0113rots gan sp\u0113l\u0113m, gan darba videi. <\/p>\n","protected":false},"excerpt":{"rendered":"<p>AOC Q27G42ZE ir 27 collu sp\u0113\u013cu monitors, kas paredz\u0113ts tiem, kuri v\u0113las apvienot augst\u0101ku iz\u0161\u0137irtsp\u0113ju, \u013coti vienm\u0113r\u012bgu att\u0113lu un \u0101tru<\/p>\n","protected":false},"featured_media":44424,"comment_status":"open","ping_status":"closed","template":"","meta":[],"product_brand":[],"product_cat":[493],"product_tag":[],"class_list":{"0":"post-44423","1":"product","2":"type-product","3":"status-publish","4":"has-post-thumbnail","6":"product_cat-monitori","7":"pa_garantija-1241","8":"pa_hdmi-prievadu-kiekis-1584","9":"pa_integruota-baterija-ne","10":"pa_prekes-zenklas-aoc","12":"first","13":"instock","14":"taxable","15":"shipping-taxable","16":"purchasable","17":"product-type-simple"},"_links":{"self":[{"href":"https:\/\/amberglow.lt\/lv\/wp-json\/wp\/v2\/product\/44423","targetHints":{"allow":["GET"]}}],"collection":[{"href":"https:\/\/amberglow.lt\/lv\/wp-json\/wp\/v2\/product"}],"about":[{"href":"https:\/\/amberglow.lt\/lv\/wp-json\/wp\/v2\/types\/product"}],"replies":[{"embeddable":true,"href":"https:\/\/amberglow.lt\/lv\/wp-json\/wp\/v2\/comments?post=44423"}],"version-history":[{"count":0,"href":"https:\/\/amberglow.lt\/lv\/wp-json\/wp\/v2\/product\/44423\/revisions"}],"wp:featuredmedia":[{"embeddable":true,"href":"https:\/\/amberglow.lt\/lv\/wp-json\/wp\/v2\/media\/44424"}],"wp:attachment":[{"href":"https:\/\/amberglow.lt\/lv\/wp-json\/wp\/v2\/media?parent=44423"}],"wp:term":[{"taxonomy":"product_brand","embeddable":true,"href":"https:\/\/amberglow.lt\/lv\/wp-json\/wp\/v2\/product_brand?post=44423"},{"taxonomy":"product_cat","embeddable":true,"href":"https:\/\/amberglow.lt\/lv\/wp-json\/wp\/v2\/product_cat?post=44423"},{"taxonomy":"product_tag","embeddable":true,"href":"https:\/\/amberglow.lt\/lv\/wp-json\/wp\/v2\/product_tag?post=44423"}],"curies":[{"name":"wp","href":"https:\/\/api.w.org\/{rel}","templated":true}]}}