{"id":44463,"date":"2025-12-15T22:17:52","date_gmt":"2025-12-15T19:17:52","guid":{"rendered":"https:\/\/amberglow.lt\/Bez%20kategorijas\/monitors-aoc-22e2umf-215-va-fhd-75-hz-4-ms\/"},"modified":"2026-05-10T11:59:34","modified_gmt":"2026-05-10T08:59:34","slug":"monitors-aoc-22e2umf-215-va-fhd-75-hz-4-ms","status":"publish","type":"product","link":"https:\/\/amberglow.lt\/lv\/monitori\/monitors-aoc-22e2umf-215-va-fhd-75-hz-4-ms\/","title":{"rendered":"Monitors AOC 22E2UMF 21,5 &#8220;, VA, FHD, 75 Hz, 4 ms"},"content":{"rendered":"<p data-start=\"0\" data-end=\"176\"><strong data-start=\"0\" data-end=\"15\">AOC 22E2UMF<\/strong> ir <strong data-start=\"22\" data-end=\"60\">21,5 collu kompakts monitors<\/strong>, kas lieliski piem\u0113rots ikdienas lieto\u0161anai, biroja uzdevumiem, interneta p\u0101rl\u016bko\u0161anai un filmu vai video satura skat\u012b\u0161anai.<\/p>\n<p data-start=\"178\" data-end=\"545\"><strong data-start=\"178\" data-end=\"206\">Ekr\u0101ns un att\u0113la kvalit\u0101te<\/strong><br data-start=\"206\" data-end=\"209\">Monitoram ir <strong data-start=\"225\" data-end=\"243\">VA tipa panelis<\/strong> ar <strong data-start=\"247\" data-end=\"272\">1920 \u00d7 1080 (Full HD)<\/strong> iz\u0161\u0137irtsp\u0113ju un <strong data-start=\"283\" data-end=\"291\">16:9<\/strong> malu attiec\u012bbu. VA tehnolo\u0123ijai ir labs kontrasts, t\u0101p\u0113c meln\u0101 kr\u0101sa var b\u016bt dzi\u013c\u0101ka un kop\u0113jais att\u0113ls \u2013 pies\u0101tin\u0101t\u0101ks nek\u0101 da\u017eiem citiem pane\u013ciem. Full HD iz\u0161\u0137irtsp\u0113ja nodro\u0161ina skaidru att\u0113lu ar pietiekamu deta\u013cu l\u012bmeni ikdienas uzdevumiem.  <\/p>\n<p data-start=\"547\" data-end=\"813\"><strong data-start=\"547\" data-end=\"577\">Frekvence un reakcijas laiks<\/strong><br data-start=\"577\" data-end=\"580\"><strong data-start=\"580\" data-end=\"610\">75 Hz atsvaidzes intensit\u0101te<\/strong> nodro\u0161ina nedaudz vienm\u0113r\u012bg\u0101ku att\u0113lu nek\u0101 parastie 60 Hz monitori, \u012bpa\u0161i skatoties video vai p\u0101rl\u016bkojot internetu. <strong data-start=\"719\" data-end=\"744\">4 ms reakcijas laiks<\/strong> ir pietiekams ikdienas lieto\u0161anai un vieglam dinamiskam saturam.<\/p>\n<p data-start=\"815\" data-end=\"1021\"><strong data-start=\"815\" data-end=\"838\">Spilgtums un kr\u0101sas<\/strong><br data-start=\"838\" data-end=\"841\"><strong data-start=\"841\" data-end=\"863\">250 cd\/m\u00b2 spilgtums<\/strong> nodro\u0161ina pietiekami skaidru att\u0113lu tipisk\u0101s darba vai m\u0101jas vid\u0113s. VA panelis nodro\u0161ina ar\u012b labu kontrasta l\u012bmeni, kas var uzlabot visa att\u0113la uztveri. <\/p>\n<p data-start=\"1023\" data-end=\"1201\"><strong data-start=\"1023\" data-end=\"1035\">Dizains<\/strong><br data-start=\"1035\" data-end=\"1038\">Monitors ir <strong data-start=\"1053\" data-end=\"1071\">meln\u0101 kr\u0101s\u0101<\/strong>, kompakts un ar minim\u0101listisku dizainu, t\u0101p\u0113c ir piem\u0113rots gan birojam, gan m\u0101jas darba vietai, \u012bpa\u0161i, ja jums nav daudz vietas uz galda.<\/p>\n","protected":false},"excerpt":{"rendered":"<p>AOC 22E2UMF ir 21,5 collu kompakts monitors, kas lieliski piem\u0113rots ikdienas lieto\u0161anai, biroja uzdevumiem, interneta p\u0101rl\u016bko\u0161anai un filmu vai video<\/p>\n","protected":false},"featured_media":44464,"comment_status":"open","ping_status":"closed","template":"","meta":[],"product_brand":[],"product_cat":[493],"product_tag":[],"class_list":{"0":"post-44463","1":"product","2":"type-product","3":"status-publish","4":"has-post-thumbnail","6":"product_cat-monitori","7":"pa_garantija-1241","8":"pa_integruota-baterija-ne","9":"pa_prekes-zenklas-aoc","11":"first","12":"outofstock","13":"taxable","14":"shipping-taxable","15":"purchasable","16":"product-type-simple"},"_links":{"self":[{"href":"https:\/\/amberglow.lt\/lv\/wp-json\/wp\/v2\/product\/44463","targetHints":{"allow":["GET"]}}],"collection":[{"href":"https:\/\/amberglow.lt\/lv\/wp-json\/wp\/v2\/product"}],"about":[{"href":"https:\/\/amberglow.lt\/lv\/wp-json\/wp\/v2\/types\/product"}],"replies":[{"embeddable":true,"href":"https:\/\/amberglow.lt\/lv\/wp-json\/wp\/v2\/comments?post=44463"}],"version-history":[{"count":0,"href":"https:\/\/amberglow.lt\/lv\/wp-json\/wp\/v2\/product\/44463\/revisions"}],"wp:featuredmedia":[{"embeddable":true,"href":"https:\/\/amberglow.lt\/lv\/wp-json\/wp\/v2\/media\/44464"}],"wp:attachment":[{"href":"https:\/\/amberglow.lt\/lv\/wp-json\/wp\/v2\/media?parent=44463"}],"wp:term":[{"taxonomy":"product_brand","embeddable":true,"href":"https:\/\/amberglow.lt\/lv\/wp-json\/wp\/v2\/product_brand?post=44463"},{"taxonomy":"product_cat","embeddable":true,"href":"https:\/\/amberglow.lt\/lv\/wp-json\/wp\/v2\/product_cat?post=44463"},{"taxonomy":"product_tag","embeddable":true,"href":"https:\/\/amberglow.lt\/lv\/wp-json\/wp\/v2\/product_tag?post=44463"}],"curies":[{"name":"wp","href":"https:\/\/api.w.org\/{rel}","templated":true}]}}