{"id":44515,"date":"2025-12-15T22:18:05","date_gmt":"2025-12-15T19:18:05","guid":{"rendered":"https:\/\/amberglow.lt\/Bez%20kategorijas\/monitors-aoc-27g4ha-27-fast-ips-fhd-200-hz-05-ms\/"},"modified":"2026-05-10T11:59:31","modified_gmt":"2026-05-10T08:59:31","slug":"monitors-aoc-27g4ha-27-fast-ips-fhd-200-hz-05-ms","status":"publish","type":"product","link":"https:\/\/amberglow.lt\/lv\/monitori\/monitors-aoc-27g4ha-27-fast-ips-fhd-200-hz-05-ms\/","title":{"rendered":"Monitors AOC 27G4HA 27 &#8220;, Fast IPS, FHD, 200 Hz, 0,5 ms"},"content":{"rendered":"<p data-start=\"0\" data-end=\"137\"><strong data-start=\"0\" data-end=\"14\">AOC 27G4HA<\/strong> ir <strong data-start=\"21\" data-end=\"52\">27 collu sp\u0113\u013cu monitors<\/strong>, kas paredz\u0113ts vienm\u0113r\u012bgai un \u0101trai sp\u0113\u013cu pieredzei un \u0113rtai ikdienas lieto\u0161anai.<\/p>\n<p data-start=\"139\" data-end=\"441\"><strong data-start=\"139\" data-end=\"167\">Ekr\u0101ns un att\u0113la kvalit\u0101te<\/strong><br data-start=\"167\" data-end=\"170\">Monitoram ir <strong data-start=\"186\" data-end=\"210\">Fast IPS tipa panelis<\/strong> ar <strong data-start=\"214\" data-end=\"239\">1920 \u00d7 1080 (Full HD)<\/strong> iz\u0161\u0137irtsp\u0113ju un <strong data-start=\"250\" data-end=\"258\">16:9<\/strong> malu attiec\u012bbu. Fast IPS tehnolo\u0123ija nodro\u0161ina prec\u012bzas kr\u0101sas, pla\u0161us skat\u012b\u0161an\u0101s le\u0146\u0137us un \u0101tru pikse\u013cu reakciju, t\u0101p\u0113c att\u0113ls saglab\u0101jas spilgts un stabils jebkur\u0101 le\u0146\u0137\u012b. <\/p>\n<p data-start=\"443\" data-end=\"710\"><strong data-start=\"443\" data-end=\"479\">Atjaunin\u0101\u0161anas frekvence un reakcija<\/strong><br data-start=\"479\" data-end=\"482\">Liel\u0101 <strong data-start=\"490\" data-end=\"521\">200 Hz atjaunin\u0101\u0161anas frekvence<\/strong> nodro\u0161ina \u012bpa\u0161i vienm\u0113r\u012bgu kust\u012bbu sp\u0113l\u0113s un dinamisk\u0101 satur\u0101. <strong data-start=\"587\" data-end=\"614\">0,5 ms reakcijas laiks<\/strong> pal\u012bdz samazin\u0101t kust\u012bbas izpl\u016b\u0161anu un \u013cauj \u0101tri rea\u0123\u0113t, sp\u0113l\u0113jot \u0101tra tempa sp\u0113les.<\/p>\n<p data-start=\"712\" data-end=\"894\"><strong data-start=\"712\" data-end=\"737\">Spilgtums un komforts<\/strong><br data-start=\"737\" data-end=\"740\"><strong data-start=\"740\" data-end=\"762\">300 cd\/m\u00b2 spilgtums<\/strong> nodro\u0161ina skaidru att\u0113lu liel\u0101kaj\u0101 da\u013c\u0101 vidi. Full HD iz\u0161\u0137irtsp\u0113ja kop\u0101 ar 27 collu ekr\u0101nu ir piem\u0113rota sp\u0113l\u0113m, film\u0101m un ikdienas uzdevumiem. <\/p>\n<p data-start=\"896\" data-end=\"1086\"><strong data-start=\"896\" data-end=\"919\">Savienojumi un dizains<\/strong><br data-start=\"919\" data-end=\"922\">Monitoram ir <strong data-start=\"938\" data-end=\"956\">2 HDMI piesl\u0113gvietas<\/strong>, kas \u013cauj \u0113rti pievienot vair\u0101kas ier\u012bces. Meln\u0101 kr\u0101sa, moderns dizains lieliski iederas sp\u0113\u013cu vai darba vid\u0113. <\/p>\n","protected":false},"excerpt":{"rendered":"<p>AOC 27G4HA ir 27 collu sp\u0113\u013cu monitors, kas paredz\u0113ts vienm\u0113r\u012bgai un \u0101trai sp\u0113\u013cu pieredzei un \u0113rtai ikdienas lieto\u0161anai. Ekr\u0101ns un<\/p>\n","protected":false},"featured_media":44516,"comment_status":"open","ping_status":"closed","template":"","meta":[],"product_brand":[],"product_cat":[493],"product_tag":[],"class_list":{"0":"post-44515","1":"product","2":"type-product","3":"status-publish","4":"has-post-thumbnail","6":"product_cat-monitori","7":"pa_garantija-1241","8":"pa_hdmi-prievadu-kiekis-1581","9":"pa_integruota-baterija-ne","10":"pa_prekes-zenklas-aoc","12":"first","13":"instock","14":"taxable","15":"shipping-taxable","16":"purchasable","17":"product-type-simple"},"_links":{"self":[{"href":"https:\/\/amberglow.lt\/lv\/wp-json\/wp\/v2\/product\/44515","targetHints":{"allow":["GET"]}}],"collection":[{"href":"https:\/\/amberglow.lt\/lv\/wp-json\/wp\/v2\/product"}],"about":[{"href":"https:\/\/amberglow.lt\/lv\/wp-json\/wp\/v2\/types\/product"}],"replies":[{"embeddable":true,"href":"https:\/\/amberglow.lt\/lv\/wp-json\/wp\/v2\/comments?post=44515"}],"version-history":[{"count":0,"href":"https:\/\/amberglow.lt\/lv\/wp-json\/wp\/v2\/product\/44515\/revisions"}],"wp:featuredmedia":[{"embeddable":true,"href":"https:\/\/amberglow.lt\/lv\/wp-json\/wp\/v2\/media\/44516"}],"wp:attachment":[{"href":"https:\/\/amberglow.lt\/lv\/wp-json\/wp\/v2\/media?parent=44515"}],"wp:term":[{"taxonomy":"product_brand","embeddable":true,"href":"https:\/\/amberglow.lt\/lv\/wp-json\/wp\/v2\/product_brand?post=44515"},{"taxonomy":"product_cat","embeddable":true,"href":"https:\/\/amberglow.lt\/lv\/wp-json\/wp\/v2\/product_cat?post=44515"},{"taxonomy":"product_tag","embeddable":true,"href":"https:\/\/amberglow.lt\/lv\/wp-json\/wp\/v2\/product_tag?post=44515"}],"curies":[{"name":"wp","href":"https:\/\/api.w.org\/{rel}","templated":true}]}}