{"id":45404,"date":"2026-02-02T09:11:18","date_gmt":"2026-02-02T06:11:18","guid":{"rendered":"https:\/\/amberglow.lt\/Bez%20kategorijas\/stacionarais-dators-ryzen-7-9850x3d-rtx-5060-ti-16gb\/"},"modified":"2026-04-27T16:54:04","modified_gmt":"2026-04-27T13:54:04","slug":"stacionarais-dators-ryzen-7-9850x3d-rtx-5060-ti-16gb","status":"publish","type":"product","link":"https:\/\/amberglow.lt\/lv\/stacionarie-datori\/stacionarais-dators-ryzen-7-9850x3d-rtx-5060-ti-16gb\/","title":{"rendered":"Stacion\u0101rais dators Ryzen 7 9850X3D, RTX 5060 Ti 16GB"},"content":{"rendered":"<p data-start=\"0\" data-end=\"134\">\u201e<strong data-start=\"1\" data-end=\"24\">AMD Ryzen 7 9850X3D<\/strong>\u201c un \u201e<strong data-start=\"30\" data-end=\"71\">NVIDIA GeForce RTX 5060 Ti 16GB GDDR7<\/strong>\u201c \u2013 <strong data-start=\"75\" data-end=\"134\">jaud\u012bgs un sabalans\u0113ts komplekts 1440p un 4K sp\u0113l\u0113m<\/strong><\/p>\n<p data-start=\"136\" data-end=\"614\">\u0160is komplekts paredz\u0113ts sp\u0113l\u0113t\u0101jiem, kuri v\u0113las <strong data-start=\"180\" data-end=\"209\">\u013coti augstu 1440p veiktsp\u0113ju<\/strong> un v\u0113las baud\u012bt <strong data-start=\"227\" data-end=\"253\">vienm\u0113r\u012bgu 4K pieredzi<\/strong> ar augstiem grafikas iestat\u012bjumiem. \u201e<strong data-start=\"289\" data-end=\"308\">Ryzen 7 9850X3D<\/strong>\u201c ar <strong data-start=\"313\" data-end=\"327\">3D V-Cache<\/strong> tehnolo\u0123iju ir viens no <strong data-start=\"352\" data-end=\"386\">jaud\u012bg\u0101kajiem procesoriem sp\u0113l\u0113m<\/strong>, nodro\u0161inot <strong data-start=\"402\" data-end=\"427\">stabilu un augstu FPS<\/strong>, savuk\u0101rt \u201e<strong data-start=\"432\" data-end=\"458\">RTX 5060 Ti 16GB GDDR7<\/strong>\u201c nodro\u0161ina <strong data-start=\"469\" data-end=\"502\">modernu NVIDIA grafisko jaudu<\/strong>, lielu <strong data-start=\"511\" data-end=\"539\">video atmi\u0146as rezervi<\/strong> un atbalsta <strong data-start=\"551\" data-end=\"563\">DLSS 3.5<\/strong>, <strong data-start=\"565\" data-end=\"585\">Frame Generation<\/strong>, k\u0101 ar\u012b <strong data-start=\"590\" data-end=\"613\">modernu staru izseko\u0161anu<\/strong>.<\/p>\n<p data-start=\"616\" data-end=\"653\">Procesors \u201e<strong data-start=\"629\" data-end=\"652\">AMD Ryzen 7 9850X3D<\/strong>\u201c<\/p>\n<p data-start=\"655\" data-end=\"1091\">Arhitekt\u016bra un kodoli <strong data-start=\"683\" data-end=\"707\">\u201eZen 5\u201c arhitekt\u016bra<\/strong>, <strong data-start=\"709\" data-end=\"737\">8 kodoli un 16 pavedieni<\/strong>, papildin\u0101ta ar <strong data-start=\"749\" data-end=\"763\">3D V-Cache<\/strong>, optimiz\u0113ta <strong data-start=\"777\" data-end=\"808\">maksim\u0101lai sp\u0113\u013cu veiktsp\u0113jai<\/strong>.<br data-start=\"809\" data-end=\"812\">Frekvence <strong data-start=\"819\" data-end=\"845\">4,0 GHz b\u0101zes frekvence<\/strong> un <strong data-start=\"849\" data-end=\"879\">turbo re\u017e\u012bms l\u012bdz ~5,3 GHz<\/strong> \u013cauj uztur\u0113t <strong data-start=\"898\" data-end=\"944\">augstu FPS pat sare\u017e\u0123\u012bt\u0101s sp\u0113\u013cu ain\u0101s<\/strong>.<br data-start=\"945\" data-end=\"948\">Atmi\u0146a <strong data-start=\"957\" data-end=\"980\">96 MB L3 3D V-Cache<\/strong> iev\u0113rojami uzlabo <strong data-start=\"999\" data-end=\"1020\">sp\u0113\u013cu stabilit\u0101ti<\/strong>, samazina <strong data-start=\"1031\" data-end=\"1049\">mikroapst\u0101\u0161an\u0101s<\/strong> un uzlabo <strong data-start=\"1062\" data-end=\"1090\">visp\u0101r\u0113jo sist\u0113mas reakciju<\/strong>.<\/p>\n<p data-start=\"1093\" data-end=\"1151\">Videokarte \u201e<strong data-start=\"1109\" data-end=\"1150\">NVIDIA GeForce RTX 5060 Ti 16GB GDDR7<\/strong>\u201c<\/p>\n<p data-start=\"1153\" data-end=\"1596\">Arhitekt\u016bra <strong data-start=\"1166\" data-end=\"1203\">jaun\u0101k\u0101s paaudzes NVIDIA arhitekt\u016bra<\/strong> ar <strong data-start=\"1207\" data-end=\"1242\">CUDA, RT un Tensor kodoliem<\/strong>, atbalstot <strong data-start=\"1255\" data-end=\"1267\">DLSS 3.5<\/strong>, <strong data-start=\"1269\" data-end=\"1289\">Frame Generation<\/strong> un <strong data-start=\"1293\" data-end=\"1308\">ray tracing<\/strong>.<br data-start=\"1309\" data-end=\"1312\">Atmi\u0146a <strong data-start=\"1321\" data-end=\"1336\">16 GB GDDR7<\/strong> \u2013 <strong data-start=\"1339\" data-end=\"1382\">lieliska izv\u0113le 1440p un 4K iz\u0161\u0137irtsp\u0113jai<\/strong>, \u013caujot izmantot <strong data-start=\"1404\" data-end=\"1447\">augstus tekst\u016bru un grafikas iestat\u012bjumus<\/strong> pat AAA sp\u0113l\u0113s.<br data-start=\"1467\" data-end=\"1470\" data-is-only-node=\"\">Tehnolo\u0123ijas <strong data-start=\"1484\" data-end=\"1496\">DLSS 3.5<\/strong> \u013cauj uztur\u0113t <strong data-start=\"1515\" data-end=\"1537\">augstu kadru \u0101trumu<\/strong> pat iesl\u0113dzot <strong data-start=\"1550\" data-end=\"1595\">modernus grafikas efektus un ray tracing<\/strong>.<\/p>\n<p data-start=\"831\" data-end=\"1186\"><strong>Pilna specifik\u0101cija:<\/strong><\/p>\n<ul>\n<li><strong>AMD Ryzen 7 9850X3D: <\/strong>8 kodoli, 16 pavedieni, 4.7-5.6GHz<\/li>\n<li><span data-sheets-root=\"1\"><strong>ASRock B850 PRO RS<\/strong> vai l\u012bdz\u012bga<\/span><\/li>\n<li><span data-sheets-root=\"1\"><strong>Arctic Freezer 36<\/strong> vai l\u012bdz\u012bgs<\/span><\/li>\n<li><span data-sheets-root=\"1\"><strong>32GB (2x16GB) DDR5 6000MHz | Corsair Vengeance<\/strong> vai l\u012bdz\u012bgi<\/span><\/li>\n<li><strong>Kingston NV3 1TB NVMe M.2 SSD <\/strong><\/li>\n<li><span data-sheets-root=\"1\"><strong>Nvidia GeForce RTX 5060 Ti 16GB GDDR7 | ASUS Dual OC<\/strong> vai l\u012bdz\u012bga<\/span><\/li>\n<li><span data-sheets-root=\"1\"><strong>Chieftec 850W 80+ Bronze<\/strong> vai l\u012bdz\u012bgs<\/span><\/li>\n<\/ul>\n<p data-start=\"1897\" data-end=\"1946\"><strong>Paredzama FPS veiktsp\u0113ja 1440p un 4K form\u0101t\u0101<\/strong><\/p>\n<p data-start=\"1948\" data-end=\"2427\">Cyberpunk 2077 aptuveni 145 FPS (1440p Ultra + DLSS Quality) un aptuveni 105 FPS (4K High + DLSS Balanced)<br data-start=\"2112\" data-end=\"2115\">Call of Duty Black Ops 6 aptuveni 200 FPS (1440p Ultra) un aptuveni 145 FPS (4K Ultra)<br data-start=\"2205\" data-end=\"2208\">Forza Horizon 5 aptuveni 180 FPS (1440p Ultra) un aptuveni 130 FPS (4K Ultra)<br data-start=\"2289\" data-end=\"2292\">Assassin\u2019s Creed Mirage aptuveni 155 FPS (1440p High) un aptuveni 115 FPS (4K High)<br data-start=\"2379\" data-end=\"2382\">Alan Wake 2 aptuveni 125 FPS (1440p High RT + DLSS) un aptuveni 90 FPS (4K High + DLSS Balanced)<\/p>\n<p><em>\u0160ie skait\u013ci realit\u0101t\u0113 var at\u0161\u0137irties atkar\u012bb\u0101 no konkr\u0113tiem sp\u0113les iestat\u012bjumiem, optimiz\u0101cijas un citiem sist\u0113mas komponentiem.<\/em><\/p>\n","protected":false},"excerpt":{"rendered":"<p>\u201eAMD Ryzen 7 9850X3D\u201c un \u201eNVIDIA GeForce RTX 5060 Ti 16GB GDDR7\u201c \u2013 jaud\u012bgs un sabalans\u0113ts komplekts 1440p un 4K<\/p>\n","protected":false},"featured_media":30923,"comment_status":"open","ping_status":"closed","template":"","meta":[],"product_brand":[],"product_cat":[495],"product_tag":[505],"class_list":{"0":"post-45404","1":"product","2":"type-product","3":"status-publish","4":"has-post-thumbnail","6":"product_cat-stacionarie-datori","7":"product_tag-ddr5-nuo-32gb-1tb","8":"pa_garantija-24-men-lv","9":"pa_prekes-zenklas-amberglow-lv","10":"pa_procesoriaus-branduoliai-8-cores-lv","11":"pa_vaizdo-plokstes-atmintis-16gb-lv","12":"pa_vaizdo-plokstes-modelis-rtx-5060-ti-lv","14":"first","15":"instock","16":"taxable","17":"shipping-taxable","18":"purchasable","19":"product-type-simple"},"_links":{"self":[{"href":"https:\/\/amberglow.lt\/lv\/wp-json\/wp\/v2\/product\/45404","targetHints":{"allow":["GET"]}}],"collection":[{"href":"https:\/\/amberglow.lt\/lv\/wp-json\/wp\/v2\/product"}],"about":[{"href":"https:\/\/amberglow.lt\/lv\/wp-json\/wp\/v2\/types\/product"}],"replies":[{"embeddable":true,"href":"https:\/\/amberglow.lt\/lv\/wp-json\/wp\/v2\/comments?post=45404"}],"version-history":[{"count":0,"href":"https:\/\/amberglow.lt\/lv\/wp-json\/wp\/v2\/product\/45404\/revisions"}],"wp:featuredmedia":[{"embeddable":true,"href":"https:\/\/amberglow.lt\/lv\/wp-json\/wp\/v2\/media\/30923"}],"wp:attachment":[{"href":"https:\/\/amberglow.lt\/lv\/wp-json\/wp\/v2\/media?parent=45404"}],"wp:term":[{"taxonomy":"product_brand","embeddable":true,"href":"https:\/\/amberglow.lt\/lv\/wp-json\/wp\/v2\/product_brand?post=45404"},{"taxonomy":"product_cat","embeddable":true,"href":"https:\/\/amberglow.lt\/lv\/wp-json\/wp\/v2\/product_cat?post=45404"},{"taxonomy":"product_tag","embeddable":true,"href":"https:\/\/amberglow.lt\/lv\/wp-json\/wp\/v2\/product_tag?post=45404"}],"curies":[{"name":"wp","href":"https:\/\/api.w.org\/{rel}","templated":true}]}}