{"id":45407,"date":"2026-02-02T09:42:47","date_gmt":"2026-02-02T06:42:47","guid":{"rendered":"https:\/\/amberglow.lt\/Bez%20kategorijas\/stacionarais-dators-ryzen-7-9850x3d-rx-9070-xt-16gb\/"},"modified":"2026-04-27T16:53:58","modified_gmt":"2026-04-27T13:53:58","slug":"stacionarais-dators-ryzen-7-9850x3d-rx-9070-xt-16gb","status":"publish","type":"product","link":"https:\/\/amberglow.lt\/lv\/stacionarie-datori\/stacionarais-dators-ryzen-7-9850x3d-rx-9070-xt-16gb\/","title":{"rendered":"Stacion\u0101rais dators Ryzen 7 9850X3D, RX 9070 XT 16GB"},"content":{"rendered":"<p data-start=\"0\" data-end=\"117\">\u201e<strong data-start=\"1\" data-end=\"24\">AMD Ryzen 7 9850X3D<\/strong>\u201c un <strong data-start=\"29\" data-end=\"67\">\u201eAMD Radeon RX 9070 XT 16GB GDDR6\u201c<\/strong> \u2013 <strong data-start=\"70\" data-end=\"117\">\u012bpa\u0161i jaud\u012bga kombin\u0101cija 1440p un 4K sp\u0113l\u0113m<\/strong><\/p>\n<p data-start=\"119\" data-end=\"657\">\u0160\u012b kombin\u0101cija ir paredz\u0113ta sp\u0113l\u0113t\u0101jiem, kuri v\u0113las <strong data-start=\"161\" data-end=\"198\">augst\u0101ko veiktsp\u0113ju 1440p iz\u0161\u0137irtsp\u0113j\u0101<\/strong> un <strong data-start=\"202\" data-end=\"229\">pl\u016bsto\u0161u 4K pieredzi<\/strong> ar augstiem un ultra grafikas iestat\u012bjumiem. \u201e<strong data-start=\"274\" data-end=\"293\">Ryzen 7 9850X3D<\/strong>\u201c ar <strong data-start=\"298\" data-end=\"312\">3D V-Cache<\/strong> tehnolo\u0123iju ir viens no <strong data-start=\"337\" data-end=\"373\">\u0101tr\u0101kajiem procesoriem sp\u0113l\u0113m<\/strong>, nodro\u0161inot <strong data-start=\"389\" data-end=\"431\">stabilu FPS un izcilu reakciju sp\u0113l\u0113s<\/strong>, savuk\u0101rt \u201e<strong data-start=\"436\" data-end=\"468\">Radeon RX 9070 XT 16GB GDDR6<\/strong>\u201c ir <strong data-start=\"474\" data-end=\"510\">jaun\u0101s AMD RDNA 4 paaudzes grafika<\/strong>, kas nodro\u0161ina <strong data-start=\"526\" data-end=\"589\">augstu veiktsp\u0113ju rastriz\u0101cij\u0101 un labu staru izseko\u0161anas atbalstu<\/strong> ar <strong data-start=\"593\" data-end=\"618\">16 GB GDDR6 atmi\u0146as<\/strong>.<\/p>\n<p data-start=\"659\" data-end=\"696\">Procesors \u201e<strong data-start=\"672\" data-end=\"695\">AMD Ryzen 7 9850X3D<\/strong>\u201c<\/p>\n<p data-start=\"698\" data-end=\"1172\">Arhitekt\u016bra un kodoli <strong data-start=\"726\" data-end=\"750\">\u201eZen 5\u201c arhitekt\u016bra<\/strong>, <strong data-start=\"752\" data-end=\"780\">8 kodoli un 16 pavedieni<\/strong>, papildin\u0101ta ar <strong data-start=\"792\" data-end=\"806\">3D V-Cache<\/strong>, optimiz\u0113ta <strong data-start=\"820\" data-end=\"851\">maksim\u0101lai sp\u0113\u013cu veiktsp\u0113jai<\/strong>.<br data-start=\"852\" data-end=\"855\">Frekvence <strong data-start=\"862\" data-end=\"912\">~4,0 GHz b\u0101zes un turbo re\u017e\u012bms l\u012bdz ~5,3 GHz<\/strong> \u013cauj uztur\u0113t <strong data-start=\"931\" data-end=\"977\">augstu FPS pat sare\u017e\u0123\u012bt\u0101s sp\u0113\u013cu ain\u0101s<\/strong>.<br data-start=\"978\" data-end=\"981\">Atmi\u0146a <strong data-start=\"990\" data-end=\"1013\">96 MB L3 3D V-Cache<\/strong> iev\u0113rojami uzlabo <strong data-start=\"1032\" data-end=\"1063\">sp\u0113\u013cu stabilit\u0101ti un pl\u016bsmu<\/strong>, samazina <strong data-start=\"1074\" data-end=\"1092\">mikroaiz\u0137er\u0161anos<\/strong> un palielina <strong data-start=\"1105\" data-end=\"1133\">visp\u0101r\u0113jo sist\u0113mas reakciju<\/strong>.<\/p>\n<p data-start=\"1174\" data-end=\"1227\">Videokarte \u201e<strong data-start=\"1190\" data-end=\"1226\">AMD Radeon RX 9070 XT 16GB GDDR6<\/strong>\u201c<\/p>\n<p data-start=\"1229\" data-end=\"1702\">Arhitekt\u016bra <strong data-start=\"1242\" data-end=\"1252\">RDNA 4<\/strong> grafikas mikroarhitekt\u016bra ar progres\u012bviem Ray Accelerators un AI blokiem, paredz\u0113ta <strong data-start=\"1333\" data-end=\"1385\">augstai sp\u0113\u013cu veiktsp\u0113jai un vizu\u0101lajam re\u0101lismam<\/strong>.<br data-start=\"1386\" data-end=\"1389\">Atmi\u0146a <strong data-start=\"1398\" data-end=\"1413\">16 GB GDDR6<\/strong> ar <strong data-start=\"1417\" data-end=\"1439\">256 bitu kopni<\/strong> nodro\u0161ina <strong data-start=\"1449\" data-end=\"1498\">lielu rezervi sp\u0113l\u0113m 1440p un 4K iz\u0161\u0137irtsp\u0113j\u0101<\/strong>, \u013caujot izmantot <strong data-start=\"1518\" data-end=\"1561\">augstus tekst\u016bru un grafikas iestat\u012bjumus<\/strong>.<br data-start=\"1562\" data-end=\"1565\">Tehnolo\u0123ijas atbalsta <strong data-start=\"1587\" data-end=\"1598\">AMD FSR<\/strong>, uzlabojot FPS, izmantojot att\u0113la m\u0113rogo\u0161anu bez iev\u0113rojama kvalit\u0101tes zuduma.<\/p>\n<p data-start=\"831\" data-end=\"1186\"><strong>Pilna specifik\u0101cija:<\/strong><\/p>\n<ul>\n<li><strong>AMD Ryzen 7 9850X3D: <\/strong>8 kodoli, 16 pavedieni, 4.7-5.6GHz<\/li>\n<li><span data-sheets-root=\"1\"><strong>ASRock B850 PRO RS<\/strong> vai l\u012bdz\u012bga<\/span><\/li>\n<li><span data-sheets-root=\"1\"><strong>Arctic Freezer 36<\/strong> vai l\u012bdz\u012bgs<\/span><\/li>\n<li><span data-sheets-root=\"1\"><strong>32GB (2x16GB) DDR5 6000MHz | Corsair Vengeance<\/strong> vai l\u012bdz\u012bgi<\/span><\/li>\n<li><strong>Kingston NV3 1TB NVMe M.2 SSD <\/strong><\/li>\n<li><span data-sheets-root=\"1\"><strong>AMD Radeon RX 9070 XT 16GB GDDR6 | Gigabyte Gaming OC<\/strong> vai l\u012bdzv\u0113rt\u012bga<\/span><\/li>\n<li><span data-sheets-root=\"1\"><strong>Chieftec 850W 80+ Gold<\/strong> vai l\u012bdz\u012bgs<\/span><\/li>\n<\/ul>\n<p data-start=\"1897\" data-end=\"1946\"><strong>Paredzama FPS veiktsp\u0113ja 1440p un 4K form\u0101t\u0101<\/strong><\/p>\n<p data-start=\"1948\" data-end=\"2427\"><em>Cyberpunk 2077 aptuveni ~155+ FPS (1440p Ultra ar FSR) \/ ~115+ FPS (4K High ar FSR)<\/em><br data-start=\"2230\" data-end=\"2233\"><em>Call of Duty: Black Ops 6 aptuveni ~210+ FPS (1440p Ultra) \/ ~150+ FPS (4K Ultra)<\/em><br data-start=\"2322\" data-end=\"2325\"><em>Forza Horizon 5 aptuveni ~190+ FPS (1440p Ultra) \/ ~140+ FPS (4K Ultra)<\/em><br data-start=\"2404\" data-end=\"2407\"><em>Assassin\u2019s Creed Mirage aptuveni ~165+ FPS (1440p High) \/ ~125+ FPS (4K High)<\/em><br data-start=\"2492\" data-end=\"2495\"><em>Alan Wake 2 aptuveni ~135+ FPS (1440p High RT + FSR) \/ ~100+ FPS (4K High + FSR)<\/em><\/p>\n<p><em>\u0160ie skait\u013ci realit\u0101t\u0113 var at\u0161\u0137irties atkar\u012bb\u0101 no konkr\u0113tiem sp\u0113les iestat\u012bjumiem, optimiz\u0101cijas un citiem sist\u0113mas komponentiem.<\/em><\/p>\n","protected":false},"excerpt":{"rendered":"<p>\u201eAMD Ryzen 7 9850X3D\u201c un \u201eAMD Radeon RX 9070 XT 16GB GDDR6\u201c \u2013 \u012bpa\u0161i jaud\u012bga kombin\u0101cija 1440p un 4K sp\u0113l\u0113m<\/p>\n","protected":false},"featured_media":30928,"comment_status":"open","ping_status":"closed","template":"","meta":[],"product_brand":[1749],"product_cat":[495],"product_tag":[505],"class_list":{"0":"post-45407","1":"product","2":"type-product","3":"status-publish","4":"has-post-thumbnail","6":"product_brand-amberglow","7":"product_cat-stacionarie-datori","8":"product_tag-ddr5-nuo-32gb-1tb","9":"pa_garantija-24-men-lv","10":"pa_prekes-zenklas-amberglow-lv","11":"pa_procesoriaus-branduoliai-8-cores-lv","12":"pa_vaizdo-plokstes-atmintis-16gb-lv","13":"pa_vaizdo-plokstes-modelis-rx-9070-xt-lv","15":"first","16":"instock","17":"taxable","18":"shipping-taxable","19":"purchasable","20":"product-type-simple"},"_links":{"self":[{"href":"https:\/\/amberglow.lt\/lv\/wp-json\/wp\/v2\/product\/45407","targetHints":{"allow":["GET"]}}],"collection":[{"href":"https:\/\/amberglow.lt\/lv\/wp-json\/wp\/v2\/product"}],"about":[{"href":"https:\/\/amberglow.lt\/lv\/wp-json\/wp\/v2\/types\/product"}],"replies":[{"embeddable":true,"href":"https:\/\/amberglow.lt\/lv\/wp-json\/wp\/v2\/comments?post=45407"}],"version-history":[{"count":0,"href":"https:\/\/amberglow.lt\/lv\/wp-json\/wp\/v2\/product\/45407\/revisions"}],"wp:featuredmedia":[{"embeddable":true,"href":"https:\/\/amberglow.lt\/lv\/wp-json\/wp\/v2\/media\/30928"}],"wp:attachment":[{"href":"https:\/\/amberglow.lt\/lv\/wp-json\/wp\/v2\/media?parent=45407"}],"wp:term":[{"taxonomy":"product_brand","embeddable":true,"href":"https:\/\/amberglow.lt\/lv\/wp-json\/wp\/v2\/product_brand?post=45407"},{"taxonomy":"product_cat","embeddable":true,"href":"https:\/\/amberglow.lt\/lv\/wp-json\/wp\/v2\/product_cat?post=45407"},{"taxonomy":"product_tag","embeddable":true,"href":"https:\/\/amberglow.lt\/lv\/wp-json\/wp\/v2\/product_tag?post=45407"}],"curies":[{"name":"wp","href":"https:\/\/api.w.org\/{rel}","templated":true}]}}