{"id":45410,"date":"2026-02-03T13:45:08","date_gmt":"2026-02-03T10:45:08","guid":{"rendered":"https:\/\/amberglow.lt\/Bez%20kategorijas\/stacionarais-dators-ryzen-7-9850x3d-rtx-5090-32gb\/"},"modified":"2026-05-10T12:10:24","modified_gmt":"2026-05-10T09:10:24","slug":"stacionarais-dators-ryzen-7-9850x3d-rtx-5090-32gb","status":"publish","type":"product","link":"https:\/\/amberglow.lt\/lv\/stacionarie-datori\/stacionarais-dators-ryzen-7-9850x3d-rtx-5090-32gb\/","title":{"rendered":"Stacion\u0101rais dators Ryzen 7 9850X3D, RTX 5090 32GB"},"content":{"rendered":"<p data-start=\"0\" data-end=\"150\">\u201e<strong data-start=\"1\" data-end=\"24\">AMD Ryzen 7 9850X3D<\/strong>\u201c un <strong data-start=\"29\" data-end=\"91\">\u201eNVIDIA GeForce RTX 5090 32GB GDDR7 | Inno3D iChill X3 OC\u201c<\/strong> \u2013 <strong data-start=\"94\" data-end=\"150\">izcila sp\u0113\u013cu konfigur\u0101cija 1440p un 4K iz\u0161\u0137irtsp\u0113j\u0101m<\/strong><\/p>\n<p data-start=\"152\" data-end=\"695\">\u0160is apvienojums ir paredz\u0113ts <strong data-start=\"172\" data-end=\"208\">sp\u0113\u013cu entuziastiem un satura veidot\u0101jiem<\/strong>, kuri tiecas p\u0113c <strong data-start=\"223\" data-end=\"282\">maksim\u0101las grafikas iz\u0161\u0137irtsp\u0113jas, augst\u0101kajiem FPS rezult\u0101tiem<\/strong> un <strong data-start=\"286\" data-end=\"319\">n\u0101kotnes veiktsp\u0113jas bez kompromisiem<\/strong>. \u201e<strong data-start=\"322\" data-end=\"341\">Ryzen 7 9850X3D<\/strong>\u201c ar <strong data-start=\"346\" data-end=\"360\">3D V-Cache<\/strong> tehnolo\u0123iju ir viens no <strong data-start=\"385\" data-end=\"429\">\u0101tr\u0101kajiem procesoriem sp\u0113\u013cu slodz\u0113m<\/strong>, nodro\u0161inot <strong data-start=\"445\" data-end=\"470\">stabilu un augstu FPS<\/strong> pat vissare\u017e\u0123\u012bt\u0101kaj\u0101s ain\u0101s, savuk\u0101rt \u201e<strong data-start=\"504\" data-end=\"527\">RTX 5090 32GB GDDR7<\/strong>\u201c \u2013 flagma\u0146a NVIDIA grafika, kas pied\u0101v\u0101 <strong data-start=\"567\" data-end=\"656\">milz\u012bgu atmi\u0146as ietilp\u012bbu un nep\u0101rsp\u0113jamu veiktsp\u0113ju 4K sp\u0113l\u0113s un rado\u0161aj\u0101 darb\u0101<\/strong>. <\/p>\n<p data-start=\"697\" data-end=\"734\">Procesors \u201c<strong data-start=\"710\" data-end=\"733\">AMD Ryzen 7 9850X3D<\/strong>\u201d<\/p>\n<p data-start=\"736\" data-end=\"1079\">Arhitekt\u016bra un kodoli \u201eZen 5\u201c arhitekt\u016bra, <strong data-start=\"786\" data-end=\"814\">8 kodoli un 16 pavedieni<\/strong> ar <strong data-start=\"818\" data-end=\"841\">96 MB L3 3D V-Cache<\/strong> \u2013 optimiz\u0113ta sp\u0113\u013cu veiktsp\u0113jai. Frekvence <strong data-start=\"880\" data-end=\"926\">aptuveni 4,0 GHz b\u0101zes un l\u012bdz ~5,3 GHz boost<\/strong> \u013cauj uztur\u0113t <strong data-start=\"945\" data-end=\"988\">augstu FPS pat intens\u012bv\u0101kaj\u0101s ain\u0101s<\/strong>. Atmi\u0146a ar lielo 3D V-Cache uzlabo <strong data-start=\"1030\" data-end=\"1051\">sp\u0113\u013cu stabilit\u0101ti<\/strong> un samazina mikrospr\u016bdus.  <\/p>\n<p data-start=\"1081\" data-end=\"1158\">Videokarte \u201e<strong data-start=\"1097\" data-end=\"1157\">NVIDIA GeForce RTX 5090 32GB GDDR7 | Inno3D iChill X3 OC<\/strong>\u201c<\/p>\n<p data-start=\"1160\" data-end=\"1530\">Arhitekt\u016bra jaun\u0101s paaudzes <strong data-start=\"1187\" data-end=\"1207\">NVIDIA Blackwell<\/strong> \u2013 milz\u012bgs solis uz priek\u0161u ar <strong data-start=\"1241\" data-end=\"1251\">DLSS 4<\/strong>, <strong data-start=\"1253\" data-end=\"1284\">RTX ray tracing 4. paaudzes<\/strong> un progres\u012bv\u0101m AI tehnolo\u0123ij\u0101m. Kartei ir <strong data-start=\"1333\" data-end=\"1372\">32 GB ultra-\u0101tras GDDR7 atmi\u0146as<\/strong> ar <strong data-start=\"1376\" data-end=\"1398\">512-bit magistr\u0101li<\/strong>, nodro\u0161inot <strong data-start=\"1411\" data-end=\"1491\">lielu atmi\u0146as rezervi augstai iz\u0161\u0137irtsp\u0113jai, rado\u0161umam un deep learning uzdevumiem<\/strong>. <\/p>\n<p data-start=\"1532\" data-end=\"1713\">\u201eInno3D iChill X3 OC\u201c versija no r\u016bpn\u012bcas ir <strong data-start=\"1578\" data-end=\"1612\">pa\u0101trin\u0101ta un lab\u0101k dzes\u0113ta<\/strong>, t\u0101d\u0113j\u0101di v\u0113l uzticam\u0101k atbalsta <strong data-start=\"1643\" data-end=\"1688\">ilgsto\u0161as sp\u0113\u013cu un rado\u0161\u0101s sesijas<\/strong> ar stabilu temperat\u016bru.<\/p>\n<p data-start=\"1823\" data-end=\"1873\"><strong data-start=\"1823\" data-end=\"1873\">Paredzama FPS veiktsp\u0113ja 1440p un 4K iz\u0161\u0137irtsp\u0113j\u0101:<\/strong><\/p>\n<p data-start=\"1875\" data-end=\"2287\"><em>Cyberpunk 2077 \u2013 ~200+ FPS (1440p Ultra + DLSS 4) un ~145+ FPS (4K High + DLSS 4)<\/em><br data-start=\"2277\" data-end=\"2280\"><em>Call of Duty Black Ops 6 \u2013 ~240+ FPS (1440p Ultra) un ~180+ FPS (4K Ultra)<\/em><br data-start=\"2362\" data-end=\"2365\"><em>Forza Horizon 5 \u2013 ~210+ FPS (1440p Ultra) un ~155+ FPS (4K Ultra)<\/em><br data-start=\"2438\" data-end=\"2441\"><em>Assassin\u2019s Creed Mirage \u2013 ~180+ FPS (1440p High) un ~135+ FPS (4K High)<\/em><br data-start=\"2520\" data-end=\"2523\"><em>Alan Wake 2 \u2013 ~150+ FPS (1440p RT + DLSS 4) un ~110+ FPS (4K High + DLSS 4)<\/em><\/p>\n<p><em>\u0160ie skait\u013ci realit\u0101t\u0113 var at\u0161\u0137irties atkar\u012bb\u0101 no konkr\u0113tiem sp\u0113les iestat\u012bjumiem, optimiz\u0101cijas un citiem sist\u0113mas komponentiem.<\/em><\/p>\n","protected":false},"excerpt":{"rendered":"<p>\u201eAMD Ryzen 7 9850X3D\u201c un \u201eNVIDIA GeForce RTX 5090 32GB GDDR7 | Inno3D iChill X3 OC\u201c \u2013 izcila sp\u0113\u013cu konfigur\u0101cija<\/p>\n","protected":false},"featured_media":23884,"comment_status":"open","ping_status":"closed","template":"","meta":[],"product_brand":[1749],"product_cat":[495],"product_tag":[505],"class_list":{"0":"post-45410","1":"product","2":"type-product","3":"status-publish","4":"has-post-thumbnail","6":"product_brand-amberglow","7":"product_cat-stacionarie-datori","8":"product_tag-ddr5-nuo-32gb-1tb","9":"pa_garantija-24-men-lv","10":"pa_prekes-zenklas-amberglow-lv","11":"pa_procesoriaus-branduoliai-8-cores-lv","12":"pa_vaizdo-plokstes-atmintis-32gb-lv","13":"pa_vaizdo-plokstes-modelis-rtx-5090-lv","15":"first","16":"instock","17":"taxable","18":"shipping-taxable","19":"purchasable","20":"product-type-simple"},"_links":{"self":[{"href":"https:\/\/amberglow.lt\/lv\/wp-json\/wp\/v2\/product\/45410","targetHints":{"allow":["GET"]}}],"collection":[{"href":"https:\/\/amberglow.lt\/lv\/wp-json\/wp\/v2\/product"}],"about":[{"href":"https:\/\/amberglow.lt\/lv\/wp-json\/wp\/v2\/types\/product"}],"replies":[{"embeddable":true,"href":"https:\/\/amberglow.lt\/lv\/wp-json\/wp\/v2\/comments?post=45410"}],"version-history":[{"count":0,"href":"https:\/\/amberglow.lt\/lv\/wp-json\/wp\/v2\/product\/45410\/revisions"}],"wp:featuredmedia":[{"embeddable":true,"href":"https:\/\/amberglow.lt\/lv\/wp-json\/wp\/v2\/media\/23884"}],"wp:attachment":[{"href":"https:\/\/amberglow.lt\/lv\/wp-json\/wp\/v2\/media?parent=45410"}],"wp:term":[{"taxonomy":"product_brand","embeddable":true,"href":"https:\/\/amberglow.lt\/lv\/wp-json\/wp\/v2\/product_brand?post=45410"},{"taxonomy":"product_cat","embeddable":true,"href":"https:\/\/amberglow.lt\/lv\/wp-json\/wp\/v2\/product_cat?post=45410"},{"taxonomy":"product_tag","embeddable":true,"href":"https:\/\/amberglow.lt\/lv\/wp-json\/wp\/v2\/product_tag?post=45410"}],"curies":[{"name":"wp","href":"https:\/\/api.w.org\/{rel}","templated":true}]}}