{"id":45454,"date":"2026-02-02T09:27:33","date_gmt":"2026-02-02T06:27:33","guid":{"rendered":"https:\/\/amberglow.lt\/Bez%20kategorijas\/stacionarais-dators-ryzen-7-9850x3d-rtx-5070-ti-16gb\/"},"modified":"2026-04-27T16:54:03","modified_gmt":"2026-04-27T13:54:03","slug":"stacionarais-dators-ryzen-7-9850x3d-rtx-5070-ti-16gb","status":"publish","type":"product","link":"https:\/\/amberglow.lt\/lv\/stacionarie-datori\/stacionarais-dators-ryzen-7-9850x3d-rtx-5070-ti-16gb\/","title":{"rendered":"Stacion\u0101rais dators Ryzen 7 9850X3D, RTX 5070 Ti 16GB"},"content":{"rendered":"<p data-start=\"0\" data-end=\"122\">\u201e<strong data-start=\"1\" data-end=\"24\">AMD Ryzen 7 9850X3D<\/strong>\u201c un \u201e<strong data-start=\"30\" data-end=\"71\">NVIDIA GeForce RTX 5070 Ti 16GB GDDR7<\/strong>\u201c \u2013 <strong data-start=\"75\" data-end=\"122\">\u012bpa\u0161i jaud\u012bgs komplekts 1440p un 4K sp\u0113l\u0113m<\/strong><\/p>\n<p data-start=\"124\" data-end=\"584\">\u0160is komplekts paredz\u0113ts sp\u0113l\u0113t\u0101jiem, kuri tiecas p\u0113c <strong data-start=\"168\" data-end=\"196\">maksim\u0101las 1440p veiktsp\u0113jas<\/strong> un v\u0113las bez kompromisiem baud\u012bt <strong data-start=\"228\" data-end=\"252\">4K sp\u0113\u013cu pieredzi<\/strong> ar <strong data-start=\"256\" data-end=\"298\">augstiem un ultra grafikas iestat\u012bjumiem<\/strong>. \u201e<strong data-start=\"301\" data-end=\"320\">Ryzen 7 9850X3D<\/strong>\u201c ar <strong data-start=\"325\" data-end=\"339\">3D V-Cache<\/strong> tehnolo\u0123iju ir viens no <strong data-start=\"364\" data-end=\"400\">\u0101tr\u0101kajiem procesoriem sp\u0113l\u0113m<\/strong>, nodro\u0161inot <strong data-start=\"416\" data-end=\"436\">\u012bpa\u0161i stabilu FPS<\/strong>, savuk\u0101rt \u201e<strong data-start=\"441\" data-end=\"467\">RTX 5070 Ti 16GB GDDR7<\/strong>\u201c sniedz <strong data-start=\"478\" data-end=\"517\">augstas klases NVIDIA grafisko jaudu<\/strong> ar <strong data-start=\"521\" data-end=\"533\">DLSS 3.5<\/strong>, <strong data-start=\"535\" data-end=\"555\">Frame Generation<\/strong> un <strong data-start=\"559\" data-end=\"583\">modernu staru izseko\u0161anu<\/strong>. <\/p>\n<p data-start=\"586\" data-end=\"623\">Procesors \u201c<strong data-start=\"599\" data-end=\"622\">AMD Ryzen 7 9850X3D<\/strong>\u201d<\/p>\n<p data-start=\"625\" data-end=\"1066\">Arhitekt\u016bra un kodoli <strong data-start=\"653\" data-end=\"677\">\u201eZen 5\u201c arhitekt\u016bra<\/strong>, <strong data-start=\"679\" data-end=\"707\">8 kodoli un 16 pavedieni<\/strong>, papildin\u0101ta ar <strong data-start=\"719\" data-end=\"733\">3D V-Cache<\/strong>, maksim\u0101li optimiz\u0113ta <strong data-start=\"759\" data-end=\"778\">sp\u0113\u013cu veiktsp\u0113jai<\/strong>.<br data-start=\"779\" data-end=\"782\">Frekvence <strong data-start=\"789\" data-end=\"815\">4,0 GHz b\u0101zes frekvence<\/strong> un <strong data-start=\"819\" data-end=\"849\">turbo re\u017e\u012bms l\u012bdz ~5,3 GHz<\/strong> \u013cauj uztur\u0113t <strong data-start=\"868\" data-end=\"919\">\u012bpa\u0161i augstu FPS pat sare\u017e\u0123\u012bt\u0101s sp\u0113\u013cu ain\u0101s<\/strong>.<br data-start=\"920\" data-end=\"923\">Atmi\u0146a <strong data-start=\"932\" data-end=\"955\">96 MB L3 3D V-Cache<\/strong> iev\u0113rojami uzlabo <strong data-start=\"974\" data-end=\"995\">sp\u0113\u013cu pl\u016bstam\u012bbu<\/strong>, samazina <strong data-start=\"1006\" data-end=\"1024\">mikroaiz\u0137er\u0161an\u0101s<\/strong> un palielina <strong data-start=\"1037\" data-end=\"1065\">sist\u0113mas kop\u0113jo reakciju<\/strong>.<\/p>\n<p data-start=\"1068\" data-end=\"1126\">Videokarte \u201e<strong data-start=\"1084\" data-end=\"1125\">NVIDIA GeForce RTX 5070 Ti 16GB GDDR7<\/strong>\u201c<\/p>\n<p data-start=\"1128\" data-end=\"1547\">Arhitekt\u016bra <strong data-start=\"1141\" data-end=\"1178\">jaun\u0101s paaudzes NVIDIA arhitekt\u016bra<\/strong> ar <strong data-start=\"1182\" data-end=\"1217\">CUDA, RT un Tensor kodoliem<\/strong>, kas atbalsta <strong data-start=\"1230\" data-end=\"1242\">DLSS 3.5<\/strong>, <strong data-start=\"1244\" data-end=\"1264\">Frame Generation<\/strong> un <strong data-start=\"1268\" data-end=\"1283\">staru izseko\u0161anu<\/strong>.<br data-start=\"1284\" data-end=\"1287\">Atmi\u0146a <strong data-start=\"1296\" data-end=\"1311\">16 GB GDDR7<\/strong> \u2013 <strong data-start=\"1314\" data-end=\"1358\">ide\u0101la izv\u0113le 1440p un 4K iz\u0161\u0137irtsp\u0113jai<\/strong>, nodro\u0161inot rezervi <strong data-start=\"1382\" data-end=\"1417\">AAA sp\u0113l\u0113m tagad un n\u0101kotn\u0113<\/strong>.<br data-start=\"1418\" data-end=\"1421\" data-is-only-node=\"\">Tehnolo\u0123ijas <strong data-start=\"1435\" data-end=\"1447\">DLSS 3.5<\/strong> \u013cauj uztur\u0113t <strong data-start=\"1466\" data-end=\"1488\">augstu kadru nomai\u0146as \u0101trumu<\/strong> pat iesl\u0113dzot <strong data-start=\"1501\" data-end=\"1546\">modernus grafikas efektus un staru izseko\u0161anu<\/strong>.<\/p>\n<p data-start=\"831\" data-end=\"1186\"><strong>Pilna specifik\u0101cija:<\/strong><\/p>\n<ul>\n<li><strong>AMD Ryzen 7 9850X3D: <\/strong>8 kodoli, 16 pavedienu, 4.7-5.6GHz<\/li>\n<li><span data-sheets-root=\"1\"><strong>ASRock B850 PRO RS<\/strong> vai l\u012bdz\u012bga<\/span><\/li>\n<li><span data-sheets-root=\"1\"><strong>Arctic Freezer 36<\/strong> vai l\u012bdz\u012bgs<\/span><\/li>\n<li><span data-sheets-root=\"1\"><strong>32GB (2x16GB) DDR5 6000MHz | Corsair Vengeance<\/strong> vai l\u012bdz\u012bgi<\/span><\/li>\n<li><strong>Kingston NV3 1TB NVMe M.2 SSD <\/strong><\/li>\n<li><span data-sheets-root=\"1\"><strong>Nvidia GeForce RTX 5070 Ti 16GB GDDR7 | MSI Shadow 3X OC<\/strong> vai l\u012bdz\u012bga<\/span><\/li>\n<li><span data-sheets-root=\"1\"><strong>Chieftec 850W 80+ Gold<\/strong> vai l\u012bdz\u012bgs<\/span><\/li>\n<\/ul>\n<p data-start=\"1897\" data-end=\"1946\"><strong>Paredzama FPS veiktsp\u0113ja 1440p un 4K form\u0101t\u0101<\/strong><\/p>\n<p data-start=\"1948\" data-end=\"2427\"><em>Cyberpunk 2077 aptuveni 155 FPS (1440p Ultra + DLSS Quality) un aptuveni 115 FPS (4K High + DLSS Balanced)<\/em><br \/>\n<em>Call of Duty Black Ops 6 aptuveni 210 FPS (1440p Ultra) un aptuveni 155 FPS (4K Ultra)<\/em><br \/>\n<em>Forza Horizon 5 aptuveni 190 FPS (1440p Ultra) un aptuveni 140 FPS (4K Ultra)<\/em><br \/>\n<em>Assassin\u2019s Creed Mirage aptuveni 165 FPS (1440p High) un aptuveni 125 FPS (4K High)<\/em><br \/>\n<em>Alan Wake 2 aptuveni 135 FPS (1440p High RT + DLSS) un aptuveni 100 FPS (4K High + DLSS Balanced)<\/em><\/p>\n<p><em>\u0160ie skait\u013ci realit\u0101t\u0113 var at\u0161\u0137irties atkar\u012bb\u0101 no konkr\u0113tiem sp\u0113les iestat\u012bjumiem, optimiz\u0101cijas un citiem sist\u0113mas komponentiem.<\/em><\/p>\n","protected":false},"excerpt":{"rendered":"<p>\u201eAMD Ryzen 7 9850X3D\u201c un \u201eNVIDIA GeForce RTX 5070 Ti 16GB GDDR7\u201c \u2013 \u012bpa\u0161i jaud\u012bgs komplekts 1440p un 4K sp\u0113l\u0113m<\/p>\n","protected":false},"featured_media":30923,"comment_status":"open","ping_status":"closed","template":"","meta":[],"product_brand":[1749],"product_cat":[495],"product_tag":[505],"class_list":{"0":"post-45454","1":"product","2":"type-product","3":"status-publish","4":"has-post-thumbnail","6":"product_brand-amberglow","7":"product_cat-stacionarie-datori","8":"product_tag-ddr5-nuo-32gb-1tb","9":"pa_garantija-24-men-lv","10":"pa_prekes-zenklas-amberglow-lv","11":"pa_procesoriaus-branduoliai-8-cores-lv","12":"pa_vaizdo-plokstes-atmintis-16gb-lv","13":"pa_vaizdo-plokstes-modelis-rtx-5070-ti-lv","15":"first","16":"instock","17":"taxable","18":"shipping-taxable","19":"purchasable","20":"product-type-simple"},"_links":{"self":[{"href":"https:\/\/amberglow.lt\/lv\/wp-json\/wp\/v2\/product\/45454","targetHints":{"allow":["GET"]}}],"collection":[{"href":"https:\/\/amberglow.lt\/lv\/wp-json\/wp\/v2\/product"}],"about":[{"href":"https:\/\/amberglow.lt\/lv\/wp-json\/wp\/v2\/types\/product"}],"replies":[{"embeddable":true,"href":"https:\/\/amberglow.lt\/lv\/wp-json\/wp\/v2\/comments?post=45454"}],"version-history":[{"count":0,"href":"https:\/\/amberglow.lt\/lv\/wp-json\/wp\/v2\/product\/45454\/revisions"}],"wp:featuredmedia":[{"embeddable":true,"href":"https:\/\/amberglow.lt\/lv\/wp-json\/wp\/v2\/media\/30923"}],"wp:attachment":[{"href":"https:\/\/amberglow.lt\/lv\/wp-json\/wp\/v2\/media?parent=45454"}],"wp:term":[{"taxonomy":"product_brand","embeddable":true,"href":"https:\/\/amberglow.lt\/lv\/wp-json\/wp\/v2\/product_brand?post=45454"},{"taxonomy":"product_cat","embeddable":true,"href":"https:\/\/amberglow.lt\/lv\/wp-json\/wp\/v2\/product_cat?post=45454"},{"taxonomy":"product_tag","embeddable":true,"href":"https:\/\/amberglow.lt\/lv\/wp-json\/wp\/v2\/product_tag?post=45454"}],"curies":[{"name":"wp","href":"https:\/\/api.w.org\/{rel}","templated":true}]}}