{"id":45548,"date":"2026-01-13T06:18:17","date_gmt":"2026-01-13T03:18:17","guid":{"rendered":"https:\/\/amberglow.lt\/Bez%20kategorijas\/monitors-aoc-24e4u-23-8-ips-fhd-120-hz-4-ms\/"},"modified":"2026-05-10T12:10:10","modified_gmt":"2026-05-10T09:10:10","slug":"monitors-aoc-24e4u-23-8-ips-fhd-120-hz-4-ms","status":"publish","type":"product","link":"https:\/\/amberglow.lt\/lv\/monitori\/monitors-aoc-24e4u-23-8-ips-fhd-120-hz-4-ms\/","title":{"rendered":"Monitors AOC 24E4U, 23.8 &#8220;, IPS, FHD, 120 Hz, 4 ms"},"content":{"rendered":"<p data-start=\"0\" data-end=\"144\"><strong data-start=\"0\" data-end=\"13\">AOC 24E4U<\/strong> ir <strong data-start=\"20\" data-end=\"45\">23,8 collu monitors<\/strong>, kas paredz\u0113ts tiem, kuri v\u0113las <strong data-start=\"74\" data-end=\"123\">vienm\u0113r\u012bgu att\u0113lu un labu ikdienas pieredzi<\/strong> par pievilc\u012bgu cenu.<\/p>\n<p data-start=\"146\" data-end=\"435\"><strong data-start=\"146\" data-end=\"174\">Ekr\u0101ns un att\u0113la kvalit\u0101te<\/strong><br data-start=\"174\" data-end=\"177\">Monitoram ir <strong data-start=\"193\" data-end=\"212\">IPS tipa panelis<\/strong> ar <strong data-start=\"216\" data-end=\"241\">1920 \u00d7 1080 (Full HD)<\/strong> iz\u0161\u0137irtsp\u0113ju un <strong data-start=\"252\" data-end=\"260\">16:9<\/strong> malu attiec\u012bbu. IPS tehnolo\u0123ija nodro\u0161ina <strong data-start=\"308\" data-end=\"336\">pla\u0161us skat\u012b\u0161an\u0101s le\u0146\u0137us<\/strong> un <strong data-start=\"340\" data-end=\"372\" data-is-only-node=\"\">dabiskas, prec\u012bzas kr\u0101sas<\/strong>, t\u0101p\u0113c att\u0113ls paliek skaidrs un stabils pat skatoties no s\u0101niem.<\/p>\n<p data-start=\"437\" data-end=\"741\"><strong data-start=\"437\" data-end=\"481\">Atjaunin\u0101\u0161anas frekvence un reakcijas laiks<\/strong><br data-start=\"481\" data-end=\"484\"><strong data-start=\"484\" data-end=\"515\">120 Hz atsvaidzes intensit\u0101te<\/strong> nodro\u0161ina vienm\u0113r\u012bg\u0101ku kust\u012bbu nek\u0101 parastie 60 Hz ekr\u0101ni \u2013 tas ir \u012bpa\u0161i paman\u0101ms sp\u0113l\u0113s un dinamisk\u0101 satur\u0101. <strong data-start=\"626\" data-end=\"651\">4 ms reakcijas laiks<\/strong> ir piem\u0113rots ikdienas lieto\u0161anai, sp\u0113l\u0113m bez augst\u0101kaj\u0101m pras\u012bb\u0101m un multividei.<\/p>\n<p data-start=\"743\" data-end=\"949\"><strong data-start=\"743\" data-end=\"768\">Spilgtums un komforts<\/strong><br data-start=\"768\" data-end=\"771\"><strong data-start=\"771\" data-end=\"793\">300 cd\/m\u00b2 spilgtums<\/strong> nodro\u0161ina skaidru un pietiekami spilgtu att\u0113lu liel\u0101kajai da\u013cai m\u0101jas vai darba vides. Full HD iz\u0161\u0137irtsp\u0113ja ir pietiekama skaidram tekstam, grafikai un multivides saturam. <\/p>\n<p data-start=\"951\" data-end=\"1072\"><strong data-start=\"951\" data-end=\"963\">Dizains<\/strong><br data-start=\"963\" data-end=\"966\">Monitoram ir smalks melnas kr\u0101sas dizains, kas viegli iek\u013caujas da\u017e\u0101d\u0101s darba vai sp\u0113\u013cu vid\u0113s.<\/p>\n","protected":false},"excerpt":{"rendered":"<p>AOC 24E4U ir 23,8 collu monitors, kas paredz\u0113ts tiem, kuri v\u0113las vienm\u0113r\u012bgu att\u0113lu un labu ikdienas pieredzi par pievilc\u012bgu cenu.<\/p>\n","protected":false},"featured_media":45565,"comment_status":"open","ping_status":"closed","template":"","meta":[],"product_brand":[],"product_cat":[493],"product_tag":[],"class_list":{"0":"post-45548","1":"product","2":"type-product","3":"status-publish","4":"has-post-thumbnail","6":"product_cat-monitori","7":"pa_garantija-1241","8":"pa_integruota-baterija-ne","9":"pa_prekes-zenklas-aoc","11":"first","12":"instock","13":"taxable","14":"shipping-taxable","15":"purchasable","16":"product-type-simple"},"_links":{"self":[{"href":"https:\/\/amberglow.lt\/lv\/wp-json\/wp\/v2\/product\/45548","targetHints":{"allow":["GET"]}}],"collection":[{"href":"https:\/\/amberglow.lt\/lv\/wp-json\/wp\/v2\/product"}],"about":[{"href":"https:\/\/amberglow.lt\/lv\/wp-json\/wp\/v2\/types\/product"}],"replies":[{"embeddable":true,"href":"https:\/\/amberglow.lt\/lv\/wp-json\/wp\/v2\/comments?post=45548"}],"version-history":[{"count":0,"href":"https:\/\/amberglow.lt\/lv\/wp-json\/wp\/v2\/product\/45548\/revisions"}],"wp:featuredmedia":[{"embeddable":true,"href":"https:\/\/amberglow.lt\/lv\/wp-json\/wp\/v2\/media\/45565"}],"wp:attachment":[{"href":"https:\/\/amberglow.lt\/lv\/wp-json\/wp\/v2\/media?parent=45548"}],"wp:term":[{"taxonomy":"product_brand","embeddable":true,"href":"https:\/\/amberglow.lt\/lv\/wp-json\/wp\/v2\/product_brand?post=45548"},{"taxonomy":"product_cat","embeddable":true,"href":"https:\/\/amberglow.lt\/lv\/wp-json\/wp\/v2\/product_cat?post=45548"},{"taxonomy":"product_tag","embeddable":true,"href":"https:\/\/amberglow.lt\/lv\/wp-json\/wp\/v2\/product_tag?post=45548"}],"curies":[{"name":"wp","href":"https:\/\/api.w.org\/{rel}","templated":true}]}}