{"id":45622,"date":"2026-02-02T09:03:54","date_gmt":"2026-02-02T06:03:54","guid":{"rendered":"https:\/\/amberglow.lt\/Bez%20kategorijas\/stacionarais-dators-ryzen-7-9850x3d-rtx-5060-8gb\/"},"modified":"2026-04-27T16:54:07","modified_gmt":"2026-04-27T13:54:07","slug":"stacionarais-dators-ryzen-7-9850x3d-rtx-5060-8gb","status":"publish","type":"product","link":"https:\/\/amberglow.lt\/lv\/stacionarie-datori\/stacionarais-dators-ryzen-7-9850x3d-rtx-5060-8gb\/","title":{"rendered":"Stacion\u0101rais dators Ryzen 7 9850X3D, RTX 5060 8GB"},"content":{"rendered":"<p data-start=\"0\" data-end=\"151\">\u201e<strong data-start=\"1\" data-end=\"24\">AMD Ryzen 7 9850X3D<\/strong>\u201c un \u201e<strong data-start=\"30\" data-end=\"67\">NVIDIA GeForce RTX 5060 8GB GDDR7<\/strong>\u201c \u2013 <strong data-start=\"71\" data-end=\"124\">jaud\u012bgs un sabalans\u0113ts apvienojums 1440p sp\u0113l\u0113m<\/strong> un efekt\u012bvai 4K pieredzei<\/p>\n<p data-start=\"153\" data-end=\"596\">\u0160is apvienojums ir paredz\u0113ts sp\u0113l\u0113t\u0101jiem, kuri v\u0113las <strong data-start=\"197\" data-end=\"232\">\u013coti augstu FPS 1440p iz\u0161\u0137irtsp\u0113j\u0101<\/strong> un v\u0113las sp\u0113l\u0113t <strong data-start=\"248\" data-end=\"292\">4K ar optimiz\u0113tiem grafikas iestat\u012bjumiem<\/strong>. \u201e<strong data-start=\"295\" data-end=\"314\">Ryzen 7 9850X3D<\/strong>\u201c ar <strong data-start=\"319\" data-end=\"333\">3D V-Cache<\/strong> tehnolo\u0123iju ir viens no <strong data-start=\"358\" data-end=\"392\">ra\u017e\u012bg\u0101kajiem procesoriem sp\u0113l\u0113m<\/strong>, nodro\u0161inot <strong data-start=\"408\" data-end=\"447\">stabilu kadru frekvenci un zemas aizkaves<\/strong>, savuk\u0101rt \u201e<strong data-start=\"452\" data-end=\"474\">RTX 5060 8GB GDDR7<\/strong>\u201c nodro\u0161ina <strong data-start=\"485\" data-end=\"518\">modernu NVIDIA grafisko jaudu<\/strong> ar <strong data-start=\"522\" data-end=\"534\">DLSS 3.5<\/strong>, <strong data-start=\"536\" data-end=\"556\">Frame Generation<\/strong> un <strong data-start=\"560\" data-end=\"585\">efekt\u012bvu ray tracing<\/strong> atbalstu. <\/p>\n<p data-start=\"598\" data-end=\"635\">Procesors \u201c<strong data-start=\"611\" data-end=\"634\">AMD Ryzen 7 9850X3D<\/strong>\u201d<\/p>\n<p data-start=\"637\" data-end=\"1073\">Arhitekt\u016bra un kodoli <strong data-start=\"665\" data-end=\"689\">Zen 5 arhitekt\u016bra<\/strong>, <strong data-start=\"691\" data-end=\"719\">8 kodoli un 16 pavedieni<\/strong>, papildin\u0101ta ar <strong data-start=\"731\" data-end=\"745\">3D V-Cache<\/strong>, optimiz\u0113ta <strong data-start=\"759\" data-end=\"790\">maksim\u0101lam sp\u0113\u013cu \u0101trumam<\/strong>.<br data-start=\"791\" data-end=\"794\">Frekvence <strong data-start=\"801\" data-end=\"827\">4,0 GHz b\u0101zes frekvence<\/strong> un <strong data-start=\"831\" data-end=\"861\">turbo re\u017e\u012bms l\u012bdz ~5,3 GHz<\/strong> \u013cauj uztur\u0113t <strong data-start=\"880\" data-end=\"926\">augstu FPS pat sare\u017e\u0123\u012bt\u0101s sp\u0113\u013cu ain\u0101s<\/strong>.<br data-start=\"927\" data-end=\"930\" data-is-only-node=\"\">Atmi\u0146a <strong data-start=\"939\" data-end=\"962\">96 MB L3 3D V-Cache<\/strong> iev\u0113rojami uzlabo <strong data-start=\"981\" data-end=\"1002\">sp\u0113\u013cu stabilit\u0101ti<\/strong>, samazina <strong data-start=\"1013\" data-end=\"1031\">mikroiestr\u012bdes<\/strong> un palielina <strong data-start=\"1044\" data-end=\"1072\">visp\u0101r\u0113jo sist\u0113mas reakciju<\/strong>.<\/p>\n<p data-start=\"1075\" data-end=\"1129\">Videokarte \u201e<strong data-start=\"1091\" data-end=\"1128\">NVIDIA GeForce RTX 5060 8GB GDDR7<\/strong>\u201c<\/p>\n<p data-start=\"1131\" data-end=\"1542\">Arhitekt\u016bra <strong data-start=\"1144\" data-end=\"1181\">jaun\u0101s paaudzes NVIDIA arhitekt\u016bra<\/strong> ar <strong data-start=\"1185\" data-end=\"1220\">CUDA, RT un Tensor kodoliem<\/strong>, kas atbalsta <strong data-start=\"1233\" data-end=\"1245\">DLSS 3.5<\/strong>, <strong data-start=\"1247\" data-end=\"1267\">Frame Generation<\/strong> un <strong data-start=\"1271\" data-end=\"1286\">ray tracing<\/strong>.<br data-start=\"1287\" data-end=\"1290\">Atmi\u0146a <strong data-start=\"1299\" data-end=\"1313\">8 GB GDDR7<\/strong> \u2013 <strong data-start=\"1316\" data-end=\"1342\">optim\u0101li 1440p iz\u0161\u0137irtsp\u0113jai<\/strong> un <strong data-start=\"1346\" data-end=\"1372\" data-is-only-node=\"\">pietiekami 4K sp\u0113l\u0113m<\/strong>, izmantojot <strong data-start=\"1383\" data-end=\"1391\">DLSS<\/strong> un samazin\u0101tus tekst\u016bru iestat\u012bjumus.<br data-start=\"1426\" data-end=\"1429\">Tehnolo\u0123ijas <strong data-start=\"1443\" data-end=\"1455\">DLSS 3.5<\/strong> \u013cauj uztur\u0113t <strong data-start=\"1474\" data-end=\"1496\">augstu kadru frekvenci<\/strong> pat izmantojot <strong data-start=\"1511\" data-end=\"1541\">modernus grafikas efektus<\/strong>.<\/p>\n<p data-start=\"831\" data-end=\"1186\"><strong>Pilna specifik\u0101cija:<\/strong><\/p>\n<ul>\n<li><strong>AMD Ryzen 7 9850X3D: <\/strong>8 kodoli, 16 pavedienu, 4.7-5.6GHz<\/li>\n<li><span data-sheets-root=\"1\"><strong>ASRock B850 PRO RS<\/strong> vai l\u012bdz\u012bga<\/span><\/li>\n<li><span data-sheets-root=\"1\"><strong>Arctic Freezer 36<\/strong> vai l\u012bdz\u012bgs<\/span><\/li>\n<li><span data-sheets-root=\"1\"><strong>32GB (2x16GB) DDR5 6000MHz | Corsair Vengeance<\/strong> vai l\u012bdz\u012bgi<\/span><\/li>\n<li><strong>Kingston NV3 1TB NVMe M.2 SSD <\/strong><\/li>\n<li><span data-sheets-root=\"1\"><strong>Nvidia GeForce RTX 5060 8GB GDDR7 | ASUS Dual OC<\/strong> vai l\u012bdzv\u0113rt\u012bga<\/span><\/li>\n<li><span data-sheets-root=\"1\"><strong>Chieftec 850W 80+ Bronze<\/strong> vai l\u012bdz\u012bgs<\/span><\/li>\n<\/ul>\n<p data-start=\"1897\" data-end=\"1946\"><strong>Paredzama FPS veiktsp\u0113ja 1440p un 4K form\u0101t\u0101<\/strong><\/p>\n<p data-start=\"1948\" data-end=\"2427\"><em>Cyberpunk 2077 aptuveni 135 FPS (1440p Ultra + DLSS Quality) un aptuveni 90 FPS (4K High + DLSS Balanced)<\/em><br data-start=\"2057\" data-end=\"2060\"><em>Call of Duty Black Ops 6 aptuveni 190 FPS (1440p Ultra) un aptuveni 130 FPS (4K High)<\/em><br data-start=\"2149\" data-end=\"2152\"><em>Forza Horizon 5 aptuveni 170 FPS (1440p Ultra) un aptuveni 120 FPS (4K High)<\/em><br data-start=\"2232\" data-end=\"2235\"><em>Assassin\u2019s Creed Mirage aptuveni 145 FPS (1440p High) un aptuveni 105 FPS (4K High)<\/em><br data-start=\"2322\" data-end=\"2325\"><em>Alan Wake 2 aptuveni 115 FPS (1440p High RT + DLSS) un aptuveni 80 FPS (4K High + DLSS Balanced)<\/em><\/p>\n<p><em>\u0160ie skait\u013ci realit\u0101t\u0113 var at\u0161\u0137irties atkar\u012bb\u0101 no konkr\u0113tiem sp\u0113les iestat\u012bjumiem, optimiz\u0101cijas un citiem sist\u0113mas komponentiem.<\/em><\/p>\n","protected":false},"excerpt":{"rendered":"<p>\u201eAMD Ryzen 7 9850X3D\u201c un \u201eNVIDIA GeForce RTX 5060 8GB GDDR7\u201c \u2013 jaud\u012bgs un sabalans\u0113ts apvienojums 1440p sp\u0113l\u0113m un efekt\u012bvai<\/p>\n","protected":false},"featured_media":45623,"comment_status":"open","ping_status":"closed","template":"","meta":[],"product_brand":[],"product_cat":[495],"product_tag":[505],"class_list":{"0":"post-45622","1":"product","2":"type-product","3":"status-publish","4":"has-post-thumbnail","6":"product_cat-stacionarie-datori","7":"product_tag-ddr5-nuo-32gb-1tb","8":"pa_garantija-24-men-lv","9":"pa_prekes-zenklas-amberglow-lv","10":"pa_procesoriaus-branduoliai-8-cores-lv","11":"pa_vaizdo-plokstes-atmintis-8gb-lv","12":"pa_vaizdo-plokstes-modelis-rtx-5060-lv","14":"first","15":"instock","16":"taxable","17":"shipping-taxable","18":"purchasable","19":"product-type-simple"},"_links":{"self":[{"href":"https:\/\/amberglow.lt\/lv\/wp-json\/wp\/v2\/product\/45622","targetHints":{"allow":["GET"]}}],"collection":[{"href":"https:\/\/amberglow.lt\/lv\/wp-json\/wp\/v2\/product"}],"about":[{"href":"https:\/\/amberglow.lt\/lv\/wp-json\/wp\/v2\/types\/product"}],"replies":[{"embeddable":true,"href":"https:\/\/amberglow.lt\/lv\/wp-json\/wp\/v2\/comments?post=45622"}],"version-history":[{"count":0,"href":"https:\/\/amberglow.lt\/lv\/wp-json\/wp\/v2\/product\/45622\/revisions"}],"wp:featuredmedia":[{"embeddable":true,"href":"https:\/\/amberglow.lt\/lv\/wp-json\/wp\/v2\/media\/45623"}],"wp:attachment":[{"href":"https:\/\/amberglow.lt\/lv\/wp-json\/wp\/v2\/media?parent=45622"}],"wp:term":[{"taxonomy":"product_brand","embeddable":true,"href":"https:\/\/amberglow.lt\/lv\/wp-json\/wp\/v2\/product_brand?post=45622"},{"taxonomy":"product_cat","embeddable":true,"href":"https:\/\/amberglow.lt\/lv\/wp-json\/wp\/v2\/product_cat?post=45622"},{"taxonomy":"product_tag","embeddable":true,"href":"https:\/\/amberglow.lt\/lv\/wp-json\/wp\/v2\/product_tag?post=45622"}],"curies":[{"name":"wp","href":"https:\/\/api.w.org\/{rel}","templated":true}]}}