{"id":45721,"date":"2026-02-02T08:55:30","date_gmt":"2026-02-02T05:55:30","guid":{"rendered":"https:\/\/amberglow.lt\/Bez%20kategorijas\/stacionarais-dators-ryzen-7-9850x3d-rx-9060-xt-16gb\/"},"modified":"2026-04-27T16:54:13","modified_gmt":"2026-04-27T13:54:13","slug":"stacionarais-dators-ryzen-7-9850x3d-rx-9060-xt-16gb","status":"publish","type":"product","link":"https:\/\/amberglow.lt\/lv\/stacionarie-datori\/stacionarais-dators-ryzen-7-9850x3d-rx-9060-xt-16gb\/","title":{"rendered":"Stacion\u0101rais dators Ryzen 7 9850X3D, RX 9060 XT 16GB"},"content":{"rendered":"<p data-start=\"0\" data-end=\"123\">\u201e<strong data-start=\"1\" data-end=\"24\">AMD Ryzen 7 9850X3D<\/strong>\u201d un \u201e<strong data-start=\"30\" data-end=\"60\">AMD Radeon RX 9060 XT 16GB<\/strong>\u201d \u2013 <strong data-start=\"64\" data-end=\"123\">jaud\u012bgs un sabalans\u0113ts komplekts 1440p un 4K sp\u0113l\u0113m<\/strong><\/p>\n<p data-start=\"125\" data-end=\"568\">\u0160is komplekts paredz\u0113ts sp\u0113l\u0113t\u0101jiem, kuri v\u0113las sasniegt <strong data-start=\"169\" data-end=\"206\">\u012bpa\u0161i augstu veiktsp\u0113ju 1440p iz\u0161\u0137irtsp\u0113j\u0101<\/strong> un baud\u012bt <strong data-start=\"224\" data-end=\"258\">pl\u016bsto\u0161u 4K sp\u0113\u013cu pieredzi<\/strong> ar augstiem grafikas iestat\u012bjumiem. \u201e<strong data-start=\"294\" data-end=\"313\">Ryzen 7 9850X3D<\/strong>\u201d ar <strong data-start=\"318\" data-end=\"332\">3D V-Cache<\/strong> tehnolo\u0123iju ir viens no <strong data-start=\"357\" data-end=\"391\">jaud\u012bg\u0101kajiem procesoriem sp\u0113l\u0113m<\/strong>, nodro\u0161inot <strong data-start=\"407\" data-end=\"438\">stabilu FPS un zemu latentumu<\/strong>, savuk\u0101rt \u201e<strong data-start=\"443\" data-end=\"469\">Radeon RX 9060 XT 16GB<\/strong>\u201d sniedz <strong data-start=\"480\" data-end=\"504\">lielu grafisko jaudu<\/strong> un <strong data-start=\"508\" data-end=\"542\">bag\u0101t\u012bgu video atmi\u0146as rezervi<\/strong> modern\u0101m AAA sp\u0113l\u0113m.<\/p>\n<p data-start=\"570\" data-end=\"607\">Procesors \u201c<strong data-start=\"583\" data-end=\"606\">AMD Ryzen 7 9850X3D<\/strong>\u201d<\/p>\n<p data-start=\"609\" data-end=\"1056\">Arhitekt\u016bra un kodoli <strong data-start=\"637\" data-end=\"661\">\u201eZen 5\u201d arhitekt\u016bra<\/strong>, <strong data-start=\"663\" data-end=\"691\">8 kodoli un 16 pavedieni<\/strong>, papildin\u0101ta ar <strong data-start=\"703\" data-end=\"717\">3D V-Cache<\/strong>, optimiz\u0113ta <strong data-start=\"731\" data-end=\"762\">maksim\u0101lai sp\u0113\u013cu veiktsp\u0113jai<\/strong>.<br data-start=\"763\" data-end=\"766\">Frekvence <strong data-start=\"773\" data-end=\"799\">4,0 GHz b\u0101zes frekvence<\/strong> un <strong data-start=\"803\" data-end=\"833\">turbo re\u017e\u012bms l\u012bdz ~5,3 GHz<\/strong> \u013cauj uztur\u0113t <strong data-start=\"852\" data-end=\"909\">augstu un stabilu FPS pat sare\u017e\u0123\u012bt\u0101s sp\u0113\u013cu ain\u0101s<\/strong>.<br data-start=\"910\" data-end=\"913\">Atmi\u0146a <strong data-start=\"922\" data-end=\"945\">96 MB L3 3D V-Cache<\/strong> iev\u0113rojami uzlabo <strong data-start=\"964\" data-end=\"985\">sp\u0113\u013cu stabilit\u0101ti<\/strong>, samazina <strong data-start=\"996\" data-end=\"1014\">mikroapst\u0101\u0161an\u0101s<\/strong> un uzlabo <strong data-start=\"1027\" data-end=\"1055\">visp\u0101r\u0113jo sist\u0113mas reakciju<\/strong>.<\/p>\n<p data-start=\"1058\" data-end=\"1105\">Videokarte \u201e<strong data-start=\"1074\" data-end=\"1104\">AMD Radeon RX 9060 XT 16GB<\/strong>\u201d<\/p>\n<p data-start=\"1107\" data-end=\"1501\">Arhitekt\u016bra <strong data-start=\"1120\" data-end=\"1159\">jaun\u0101s paaudzes AMD RDNA arhitekt\u016bra<\/strong> ar uzlabotu <strong data-start=\"1175\" data-end=\"1190\">ray tracing<\/strong> atbalstu, orient\u0113ta uz <strong data-start=\"1215\" data-end=\"1232\">augstu veiktsp\u0113ju<\/strong>.<br data-start=\"1233\" data-end=\"1236\">Atmi\u0146a <strong data-start=\"1245\" data-end=\"1260\">16 GB GDDR6<\/strong> \u2013 <strong data-start=\"1263\" data-end=\"1306\">lieliska izv\u0113le 1440p un 4K iz\u0161\u0137irtsp\u0113jai<\/strong>, \u013caujot izmantot <strong data-start=\"1328\" data-end=\"1371\">augstus tekst\u016bru un grafikas iestat\u012bjumus<\/strong>.<br data-start=\"1372\" data-end=\"1375\">Tehnolo\u0123ijas <strong data-start=\"1389\" data-end=\"1400\">AMD FSR<\/strong> \u013cauj palielin\u0101t <strong data-start=\"1419\" data-end=\"1426\">FPS<\/strong> un nodro\u0161in\u0101t <strong data-start=\"1441\" data-end=\"1460\">raibu sp\u0113l\u0113\u0161anu<\/strong> pat grafiski sare\u017e\u0123\u012btos scen\u0101rijos.<\/p>\n<p data-start=\"831\" data-end=\"1186\"><strong>Pilna specifik\u0101cija:<\/strong><\/p>\n<ul>\n<li><strong>AMD Ryzen 7 9850X3D: <\/strong>8 kodoli, 16 pavedienu, 4.7-5.6GHz<\/li>\n<li><span data-sheets-root=\"1\"><strong>ASRock B850 PRO RS<\/strong> vai l\u012bdz\u012bga<\/span><\/li>\n<li><span data-sheets-root=\"1\"><strong>Arctic Freezer 36<\/strong> vai l\u012bdz\u012bgs<\/span><\/li>\n<li><span data-sheets-root=\"1\"><strong>32GB (2x16GB) DDR5 6000MHz | Corsair Vengeance<\/strong> vai l\u012bdz\u012bgi<\/span><\/li>\n<li><strong>Kingston NV3 1TB NVMe M.2 SSD <\/strong><\/li>\n<li><span data-sheets-root=\"1\"><strong>AMD Radeon RX 9060 XT 16GB GDDR6 | ASRock Challenger OC<\/strong> vai l\u012bdz\u012bga<\/span><\/li>\n<li><span data-sheets-root=\"1\"><strong>Chieftec 850W 80+ Bronze<\/strong> vai l\u012bdz\u012bgs<\/span><\/li>\n<\/ul>\n<p data-start=\"1711\" data-end=\"1757\"><strong>Paredzama FPS veiktsp\u0113ja 1440p un 4K iz\u0161\u0137irtsp\u0113j\u0101:<\/strong><\/p>\n<p data-start=\"1759\" data-end=\"2140\"><em>Cyberpunk 2077 aptuveni 140 FPS 1440p Ultra ar FSR un aptuveni 100 FPS 4K High ar FSR<\/em><br data-start=\"1836\" data-end=\"1839\"><em>Call of Duty Black Ops 6 aptuveni 190 FPS 1440p Ultra un aptuveni 140 FPS 4K Ultra<\/em><br data-start=\"1913\" data-end=\"1916\"><em>Forza Horizon 5 aptuveni 175 FPS 1440p Ultra un aptuveni 130 FPS 4K Ultra<\/em><br data-start=\"1981\" data-end=\"1984\"><em>Assassin&#8217;s Creed Mirage aptuveni 150 FPS 1440p High un aptuveni 115 FPS 4K High<\/em><br data-start=\"2055\" data-end=\"2058\"><em>Alan Wake 2 aptuveni 120 FPS 1440p High ar ray tracing un aptuveni 90 FPS 4K High ar FSR<\/em><\/p>\n<p><em>\u0160ie skait\u013ci realit\u0101t\u0113 var at\u0161\u0137irties atkar\u012bb\u0101 no konkr\u0113tiem sp\u0113les iestat\u012bjumiem, optimiz\u0101cijas un citiem sist\u0113mas komponentiem.<\/em><\/p>\n","protected":false},"excerpt":{"rendered":"<p>\u201eAMD Ryzen 7 9850X3D\u201d un \u201eAMD Radeon RX 9060 XT 16GB\u201d \u2013 jaud\u012bgs un sabalans\u0113ts komplekts 1440p un 4K sp\u0113l\u0113m<\/p>\n","protected":false},"featured_media":30928,"comment_status":"open","ping_status":"closed","template":"","meta":[],"product_brand":[1749],"product_cat":[495],"product_tag":[505],"class_list":{"0":"post-45721","1":"product","2":"type-product","3":"status-publish","4":"has-post-thumbnail","6":"product_brand-amberglow","7":"product_cat-stacionarie-datori","8":"product_tag-ddr5-nuo-32gb-1tb","9":"pa_garantija-24-men-lv","10":"pa_prekes-zenklas-amberglow-lv","11":"pa_procesoriaus-branduoliai-8-cores-lv","12":"pa_vaizdo-plokstes-atmintis-16gb-lv","13":"pa_vaizdo-plokstes-modelis-rx-9060-xt-lv","15":"first","16":"instock","17":"taxable","18":"shipping-taxable","19":"purchasable","20":"product-type-simple"},"_links":{"self":[{"href":"https:\/\/amberglow.lt\/lv\/wp-json\/wp\/v2\/product\/45721","targetHints":{"allow":["GET"]}}],"collection":[{"href":"https:\/\/amberglow.lt\/lv\/wp-json\/wp\/v2\/product"}],"about":[{"href":"https:\/\/amberglow.lt\/lv\/wp-json\/wp\/v2\/types\/product"}],"replies":[{"embeddable":true,"href":"https:\/\/amberglow.lt\/lv\/wp-json\/wp\/v2\/comments?post=45721"}],"version-history":[{"count":0,"href":"https:\/\/amberglow.lt\/lv\/wp-json\/wp\/v2\/product\/45721\/revisions"}],"wp:featuredmedia":[{"embeddable":true,"href":"https:\/\/amberglow.lt\/lv\/wp-json\/wp\/v2\/media\/30928"}],"wp:attachment":[{"href":"https:\/\/amberglow.lt\/lv\/wp-json\/wp\/v2\/media?parent=45721"}],"wp:term":[{"taxonomy":"product_brand","embeddable":true,"href":"https:\/\/amberglow.lt\/lv\/wp-json\/wp\/v2\/product_brand?post=45721"},{"taxonomy":"product_cat","embeddable":true,"href":"https:\/\/amberglow.lt\/lv\/wp-json\/wp\/v2\/product_cat?post=45721"},{"taxonomy":"product_tag","embeddable":true,"href":"https:\/\/amberglow.lt\/lv\/wp-json\/wp\/v2\/product_tag?post=45721"}],"curies":[{"name":"wp","href":"https:\/\/api.w.org\/{rel}","templated":true}]}}