{"id":45722,"date":"2026-02-02T09:36:00","date_gmt":"2026-02-02T06:36:00","guid":{"rendered":"https:\/\/amberglow.lt\/Bez%20kategorijas\/stacionarais-dators-ryzen-7-9850x3d-rtx-5080-16gb\/"},"modified":"2026-05-10T12:00:51","modified_gmt":"2026-05-10T09:00:51","slug":"stacionarais-dators-ryzen-7-9850x3d-rtx-5080-16gb","status":"publish","type":"product","link":"https:\/\/amberglow.lt\/lv\/stacionarie-datori\/stacionarais-dators-ryzen-7-9850x3d-rtx-5080-16gb\/","title":{"rendered":"Stacion\u0101rais dators Ryzen 7 9850X3D, RTX 5080 16GB"},"content":{"rendered":"<p data-start=\"0\" data-end=\"123\">\u201c<strong data-start=\"1\" data-end=\"24\">AMD Ryzen 7 9850X3D<\/strong>\u201d un \u201c<strong data-start=\"30\" data-end=\"68\">NVIDIA GeForce RTX 5080 16GB GDDR7<\/strong>\u201d \u2013 <strong data-start=\"72\" data-end=\"123\">augst\u0101k\u0101s klases sp\u0113\u013cu kombin\u0101cija 1440p un 4K<\/strong><\/p>\n<p data-start=\"125\" data-end=\"727\">\u0160is savienojums ir paredz\u0113ts sp\u0113l\u0113t\u0101jiem, kuri v\u0113las <strong data-start=\"167\" data-end=\"200\">piln\u012bgu veiktsp\u0113ju 1440p iz\u0161\u0137irtsp\u0113j\u0101<\/strong> un <strong data-start=\"204\" data-end=\"269\">vienm\u0113r\u012bgu 4K sp\u0113\u013cu pieredzi ar ultra grafikas iestat\u012bjumiem<\/strong>. \u201c<strong data-start=\"272\" data-end=\"291\">Ryzen 7 9850X3D<\/strong>\u201d ar <strong data-start=\"296\" data-end=\"310\">3D V-Cache<\/strong> tehnolo\u0123iju ir viens no <strong data-start=\"335\" data-end=\"371\">\u0101tr\u0101kajiem procesoriem sp\u0113l\u0113m<\/strong>, nodro\u0161inot <strong data-start=\"387\" data-end=\"410\">augstu, stabilu FPS<\/strong>, un \u201c<strong data-start=\"415\" data-end=\"446\">GeForce RTX 5080 16GB GDDR7<\/strong>\u201d ir <strong data-start=\"452\" data-end=\"508\">jaun\u0101s paaudzes NVIDIA Blackwell arhitekt\u016bras grafika<\/strong>, kas sp\u0113j palaist vispras\u012bg\u0101k\u0101s sp\u0113les ar <strong data-start=\"559\" data-end=\"569\">DLSS 4<\/strong>, <strong data-start=\"571\" data-end=\"586\">ray tracing<\/strong> un AI pa\u0101trin\u0101jumu \u2013 t\u0101d\u0113j\u0101di sp\u0113\u013cu grafika izskat\u0101s v\u0113l re\u0101listisk\u0101ka un veiktsp\u0113ja joproj\u0101m ir \u013coti augsta. <\/p>\n<p data-start=\"729\" data-end=\"766\">Procesors \u201c<strong data-start=\"742\" data-end=\"765\">AMD Ryzen 7 9850X3D<\/strong>\u201d<\/p>\n<p data-start=\"768\" data-end=\"1201\">Arhitekt\u016bra un kodoli \u2013 <strong data-start=\"798\" data-end=\"822\">\u201cZen 5\u201d arhitekt\u016bra<\/strong>, <strong data-start=\"824\" data-end=\"852\">8 kodoli un 16 pavedieni<\/strong>, papildin\u0101ta ar <strong data-start=\"864\" data-end=\"878\">3D V-Cache<\/strong> \u2013 maksim\u0101li optimiz\u0113ta <strong data-start=\"905\" data-end=\"924\">sp\u0113\u013cu \u0101trumam<\/strong>.<br data-start=\"925\" data-end=\"928\">Frekvence \u2013 <strong data-start=\"937\" data-end=\"956\">4,0 GHz b\u0101zes<\/strong> un <strong data-start=\"960\" data-end=\"990\">turbo re\u017e\u012bms l\u012bdz ~5,3 GHz<\/strong> \u013cauj uztur\u0113t <strong data-start=\"1009\" data-end=\"1052\">augstu FPS pat sare\u017e\u0123\u012bt\u0101kaj\u0101s ain\u0101s<\/strong>.<br data-start=\"1053\" data-end=\"1056\">Atmi\u0146a \u2013 <strong data-start=\"1067\" data-end=\"1090\">96 MB L3 3D V-Cache<\/strong> iev\u0113rojami uzlabo <strong data-start=\"1109\" data-end=\"1130\">sp\u0113\u013cu stabilit\u0101ti<\/strong>, samazina <strong data-start=\"1141\" data-end=\"1159\">mikroiestr\u012bdes<\/strong> un uzlabo <strong data-start=\"1172\" data-end=\"1200\">visp\u0101r\u0113jo sist\u0113mas reakciju<\/strong>.<\/p>\n<p data-start=\"1203\" data-end=\"1258\">Videokarte \u201c<strong data-start=\"1219\" data-end=\"1257\">NVIDIA GeForce RTX 5080 16GB GDDR7<\/strong>\u201d<\/p>\n<p data-start=\"1260\" data-end=\"1757\">Arhitekt\u016bra \u2013 <strong data-start=\"1275\" data-end=\"1288\">Blackwell<\/strong> arhitekt\u016bra ar <strong data-start=\"1305\" data-end=\"1313\">CUDA<\/strong>, <strong data-start=\"1315\" data-end=\"1325\">Tensor<\/strong> un <strong data-start=\"1329\" data-end=\"1335\">RT<\/strong> kodoliem, kas atbalsta <strong data-start=\"1361\" data-end=\"1371\">DLSS 4<\/strong>, <strong data-start=\"1373\" data-end=\"1401\">Reflection &amp; Ray Tracing<\/strong> un uzlabotu AI pa\u0101trin\u0101jumu.<br data-start=\"1431\" data-end=\"1434\">Atmi\u0146a \u2013 <strong data-start=\"1445\" data-end=\"1460\">16 GB GDDR7<\/strong> nodro\u0161ina milz\u012bgu rezervi <strong data-start=\"1487\" data-end=\"1510\">1440p un 4K iz\u0161\u0137irtsp\u0113jai<\/strong> un ir piem\u0113rota <strong data-start=\"1527\" data-end=\"1577\">AAA sp\u0113l\u0113m ar augstiem tekst\u016bru iestat\u012bjumiem<\/strong>.<br data-start=\"1578\" data-end=\"1581\">Tehnolo\u0123ijas \u2013 <strong data-start=\"1597\" data-end=\"1607\">DLSS 4<\/strong> un <strong data-start=\"1611\" data-end=\"1631\">AI pa\u0101trin\u0101jums<\/strong> \u013cauj uztur\u0113t <strong data-start=\"1650\" data-end=\"1688\">augstu FPS pat iesl\u0113dzot ray tracing<\/strong> un uzlabotus grafikas efektus.<\/p>\n<p data-start=\"831\" data-end=\"1186\"><strong>Pilna specifik\u0101cija:<\/strong><\/p>\n<ul>\n<li><strong>AMD Ryzen 7 9850X3D: <\/strong>8 kodoli, 16 pavedienu, 4.7-5.6GHz<\/li>\n<li><span data-sheets-root=\"1\"><strong>ASRock B850 PRO RS<\/strong> vai l\u012bdz\u012bga<\/span><\/li>\n<li><span data-sheets-root=\"1\"><strong>Arctic Freezer 36<\/strong> vai l\u012bdz\u012bgs<\/span><\/li>\n<li><span data-sheets-root=\"1\"><strong>32GB (2x16GB) DDR5 6000MHz | Corsair Vengeance<\/strong> vai l\u012bdz\u012bgi<\/span><\/li>\n<li><strong>Kingston NV3 1TB NVMe M.2 SSD <\/strong><\/li>\n<li><span data-sheets-root=\"1\"><strong>Nvidia GeForce RTX 5080 16GB GDDR7 | Gigabyte Windforce OC<\/strong> vai l\u012bdz\u012bga<\/span><\/li>\n<li><span data-sheets-root=\"1\"><strong>Chieftec 850W 80+ Gold<\/strong> vai l\u012bdz\u012bgs<\/span><\/li>\n<\/ul>\n<p data-start=\"1897\" data-end=\"1946\"><strong>Paredzama FPS veiktsp\u0113ja 1440p un 4K form\u0101t\u0101<\/strong><\/p>\n<p data-start=\"1948\" data-end=\"2427\"><em>Cyberpunk 2077 \u2013 ~170 FPS (1440p Ultra + DLSS Quality) \/ ~120 FPS (4K High + DLSS)<\/em><br data-start=\"2283\" data-end=\"2286\"><em>Call of Duty: Black Ops 6 \u2013 ~220 FPS (1440p Ultra) \/ ~160 FPS (4K Ultra)<\/em><br data-start=\"2362\" data-end=\"2365\"><em>Forza Horizon 5 \u2013 ~200 FPS (1440p Ultra) \/ ~145 FPS (4K Ultra)<\/em><br data-start=\"2431\" data-end=\"2434\"><em>Assassin\u2019s Creed Mirage \u2013 ~175 FPS (1440p High) \/ ~130 FPS (4K High)<\/em><br data-start=\"2506\" data-end=\"2509\"><em>Alan Wake 2 \u2013 ~140 FPS (1440p High RT + DLSS) \/ ~105 FPS (4K High + DLSS)<\/em><\/p>\n<p><em>\u0160ie skait\u013ci realit\u0101t\u0113 var at\u0161\u0137irties atkar\u012bb\u0101 no konkr\u0113tiem sp\u0113les iestat\u012bjumiem, optimiz\u0101cijas un citiem sist\u0113mas komponentiem.<\/em><\/p>\n","protected":false},"excerpt":{"rendered":"<p>\u201cAMD Ryzen 7 9850X3D\u201d un \u201cNVIDIA GeForce RTX 5080 16GB GDDR7\u201d \u2013 augst\u0101k\u0101s klases sp\u0113\u013cu kombin\u0101cija 1440p un 4K \u0160is<\/p>\n","protected":false},"featured_media":30923,"comment_status":"open","ping_status":"closed","template":"","meta":[],"product_brand":[1749],"product_cat":[495,1762],"product_tag":[505],"class_list":{"0":"post-45722","1":"product","2":"type-product","3":"status-publish","4":"has-post-thumbnail","6":"product_brand-amberglow","7":"product_cat-stacionarie-datori","8":"product_cat-nedelas-piedavajumi","9":"product_tag-ddr5-nuo-32gb-1tb","10":"pa_garantija-24-men-lv","11":"pa_prekes-zenklas-amberglow-lv","12":"pa_procesoriaus-branduoliai-8-cores-lv","13":"pa_vaizdo-plokstes-atmintis-16gb-lv","14":"pa_vaizdo-plokstes-modelis-rtx-5080-lv","16":"first","17":"instock","18":"sale","19":"taxable","20":"shipping-taxable","21":"purchasable","22":"product-type-simple"},"_links":{"self":[{"href":"https:\/\/amberglow.lt\/lv\/wp-json\/wp\/v2\/product\/45722","targetHints":{"allow":["GET"]}}],"collection":[{"href":"https:\/\/amberglow.lt\/lv\/wp-json\/wp\/v2\/product"}],"about":[{"href":"https:\/\/amberglow.lt\/lv\/wp-json\/wp\/v2\/types\/product"}],"replies":[{"embeddable":true,"href":"https:\/\/amberglow.lt\/lv\/wp-json\/wp\/v2\/comments?post=45722"}],"version-history":[{"count":0,"href":"https:\/\/amberglow.lt\/lv\/wp-json\/wp\/v2\/product\/45722\/revisions"}],"wp:featuredmedia":[{"embeddable":true,"href":"https:\/\/amberglow.lt\/lv\/wp-json\/wp\/v2\/media\/30923"}],"wp:attachment":[{"href":"https:\/\/amberglow.lt\/lv\/wp-json\/wp\/v2\/media?parent=45722"}],"wp:term":[{"taxonomy":"product_brand","embeddable":true,"href":"https:\/\/amberglow.lt\/lv\/wp-json\/wp\/v2\/product_brand?post=45722"},{"taxonomy":"product_cat","embeddable":true,"href":"https:\/\/amberglow.lt\/lv\/wp-json\/wp\/v2\/product_cat?post=45722"},{"taxonomy":"product_tag","embeddable":true,"href":"https:\/\/amberglow.lt\/lv\/wp-json\/wp\/v2\/product_tag?post=45722"}],"curies":[{"name":"wp","href":"https:\/\/api.w.org\/{rel}","templated":true}]}}