{"id":54924,"date":"2026-05-08T08:16:06","date_gmt":"2026-05-08T05:16:06","guid":{"rendered":"https:\/\/amberglow.lt\/Bez kategorijas\/stacionarais-dators-i5-14600kf-rtx-5050-8gb\/"},"modified":"2026-05-08T08:16:06","modified_gmt":"2026-05-08T05:16:06","slug":"stacionarais-dators-i5-14600kf-rtx-5050-8gb","status":"publish","type":"product","link":"https:\/\/amberglow.lt\/lv\/stacionarie-datori\/stacionarais-dators-i5-14600kf-rtx-5050-8gb\/","title":{"rendered":"Stacion\u0101rais dators i5-14600KF, RTX 5050 8GB"},"content":{"rendered":"<section class=\"text-token-text-primary w-full focus:outline-none [--shadow-height:45px] has-data-writing-block:pointer-events-none has-data-writing-block:-mt-(--shadow-height) has-data-writing-block:pt-(--shadow-height) [&amp;:has([data-writing-block])&gt;*]:pointer-events-auto R6Vx5W_threadScrollVars scroll-mb-[calc(var(--scroll-root-safe-area-inset-bottom,0px)+var(--thread-response-height))] scroll-mt-(--header-height)\" dir=\"auto\" data-turn-id=\"ce85d3b8-ec7b-4b5a-8a05-56e719adfd8a\" data-testid=\"conversation-turn-107\" data-scroll-anchor=\"false\" data-turn=\"user\"><\/section>\n<section class=\"text-token-text-primary w-full focus:outline-none [--shadow-height:45px] has-data-writing-block:pointer-events-none has-data-writing-block:-mt-(--shadow-height) has-data-writing-block:pt-(--shadow-height) [&amp;:has([data-writing-block])&gt;*]:pointer-events-auto [content-visibility:auto] supports-[content-visibility:auto]:[contain-intrinsic-size:auto_100lvh] R6Vx5W_threadScrollVars scroll-mb-[calc(var(--scroll-root-safe-area-inset-bottom,0px)+var(--thread-response-height))] scroll-mt-[calc(var(--header-height)+min(200px,max(70px,20svh)))]\" dir=\"auto\" data-turn-id=\"request-694139f7-5628-8328-888c-0b378d192652-7\" data-testid=\"conversation-turn-108\" data-scroll-anchor=\"false\" data-turn=\"assistant\">\n<div class=\"text-base my-auto mx-auto pb-10 [--thread-content-margin:var(--thread-content-margin-xs,calc(var(--spacing)*4))] @w-sm\/main:[--thread-content-margin:var(--thread-content-margin-sm,calc(var(--spacing)*6))] @w-lg\/main:[--thread-content-margin:var(--thread-content-margin-lg,calc(var(--spacing)*16))] px-(--thread-content-margin)\">\n<div class=\"[--thread-content-max-width:40rem] @w-lg\/main:[--thread-content-max-width:48rem] mx-auto max-w-(--thread-content-max-width) flex-1 group\/turn-messages focus-visible:outline-hidden relative flex w-full min-w-0 flex-col agent-turn\">\n<div class=\"flex max-w-full flex-col gap-4 grow\">\n<div class=\"min-h-8 text-message relative flex w-full flex-col items-end gap-2 text-start break-words whitespace-normal outline-none keyboard-focused:focus-ring [.text-message+&amp;]:mt-1\" dir=\"auto\" tabindex=\"0\" data-message-author-role=\"assistant\" data-message-id=\"0a70295f-992a-4dd1-950f-25855c7f4ac7\" data-turn-start-message=\"true\" data-message-model-slug=\"gpt-5-5\">\n<div class=\"flex w-full flex-col gap-1 empty:hidden\">\n<div class=\"markdown prose dark:prose-invert wrap-break-word w-full light markdown-new-styling\">\n<p data-start=\"0\" data-end=\"110\">&#8220;<strong data-start=\"1\" data-end=\"26\">Intel Core i5-14600KF<\/strong>&#8221; un &#8220;<strong data-start=\"32\" data-end=\"63\">NVIDIA GeForce RTX 5050 8GB<\/strong>&#8221; \u2013 <strong data-start=\"67\" data-end=\"110\">lieliska kombin\u0101cija 1080p un 1440p sp\u0113l\u0113m<\/strong><\/p>\n<p data-start=\"112\" data-end=\"546\">\u0160\u012b kombin\u0101cija ir paredz\u0113ta sp\u0113l\u0113t\u0101jiem, kas v\u0113las <strong data-start=\"156\" data-end=\"185\">augstu FPS 1080p iz\u0161\u0137irtsp\u0113j\u0101<\/strong> un v\u0113las baud\u012bt m\u016bsdienu AAA sp\u0113les ar augstiem grafikas iestat\u012bjumiem. &#8220;<strong data-start=\"263\" data-end=\"282\">Core i5-14600KF<\/strong>&#8221; izce\u013cas ar lielisku veiktsp\u0113jas un efektivit\u0101tes l\u012bdzsvaru, t\u0101p\u0113c lieliski der gan sp\u0113l\u0113m, gan produktivit\u0101tei, savuk\u0101rt &#8220;<strong data-start=\"389\" data-end=\"405\">RTX 5050 8GB<\/strong>&#8221; nodro\u0161ina m\u016bsdien\u012bgas NVIDIA tehnolo\u0123ijas ar <strong data-start=\"450\" data-end=\"460\">DLSS 4<\/strong>, <strong data-start=\"462\" data-end=\"482\">Frame Generation<\/strong> un ray tracing atbalstu.<\/p>\n<p data-start=\"548\" data-end=\"587\">Procesors &#8220;<strong data-start=\"561\" data-end=\"586\">Intel Core i5-14600KF<\/strong>&#8220;<\/p>\n<p data-start=\"589\" data-end=\"979\">Arhitekt\u016bra un kodoli: <strong data-start=\"618\" data-end=\"660\">14. paaudzes Intel Raptor Lake Refresh<\/strong> arhitekt\u016bra ar <strong data-start=\"677\" data-end=\"705\">14 kodoliem un 20 pavedieniem<\/strong>, optimiz\u0113ta sp\u0113l\u0113m un produktivit\u0101tei.<br data-start=\"746\" data-end=\"749\">Frekvence: boost re\u017e\u012bms l\u012bdz <strong data-start=\"775\" data-end=\"786\">5,3 GHz<\/strong> \u013cauj uztur\u0113t stabilu FPS daudz\u0101s m\u016bsdienu sp\u0113l\u0113s.<br data-start=\"844\" data-end=\"847\">Tehnolo\u0123ijas: atbalst\u012bts <strong data-start=\"873\" data-end=\"889\">DDR4 un DDR5<\/strong> atmi\u0146as standarts un PCIe 5.0 atbalsts nodro\u0161ina labu sist\u0113mas n\u0101kotnes potenci\u0101lu.<\/p>\n<p data-start=\"981\" data-end=\"1029\">Videokarte &#8220;<strong data-start=\"997\" data-end=\"1028\">NVIDIA GeForce RTX 5050 8GB<\/strong>&#8220;<\/p>\n<p data-start=\"1031\" data-end=\"1491\">Arhitekt\u016bra: jaun\u0101s paaudzes <strong data-start=\"1059\" data-end=\"1079\">NVIDIA Blackwell<\/strong> arhitekt\u016bra ar CUDA, RT un Tensor kodoliem, atbalstot <strong data-start=\"1140\" data-end=\"1150\">DLSS 4<\/strong>, <strong data-start=\"1152\" data-end=\"1172\">Frame Generation<\/strong> un ray tracing. <br data-start=\"1226\" data-end=\"1229\">Atmi\u0146a: <strong data-start=\"1239\" data-end=\"1253\">8 GB GDDR6<\/strong> lieliski der <strong data-start=\"1268\" data-end=\"1283\">1080p Ultra<\/strong> un liel\u0101kajai da\u013cai <strong data-start=\"1297\" data-end=\"1311\">1440p High<\/strong> sp\u0113\u013cu. <br data-start=\"1358\" data-end=\"1361\">Tehnolo\u0123ijas: DLSS 4 \u013cauj uztur\u0113t augstu FPS pat izmantojot progres\u012bvus grafikas efektus<\/p>\n<\/div>\n<\/div>\n<\/div>\n<\/div>\n<\/div>\n<\/div>\n<\/section>\n<p data-start=\"831\" data-end=\"1186\"><strong>Pilna specifik\u0101cija:<\/strong><\/p>\n<ul>\n<li><strong>Intel Core i5-14600KF: <\/strong>14 kodoli, 20 pavedieni, 3.5-5.3GHz<\/li>\n<li><span data-sheets-root=\"1\"><strong>ASRock B760M PG Lightning D4<\/strong> vai l\u012bdz\u012bga<\/span><\/li>\n<li><span data-sheets-root=\"1\"><strong>Arctic Freezer 36<\/strong> vai l\u012bdz\u012bgs<\/span><\/li>\n<li><span data-sheets-root=\"1\"><strong>32GB (2x16GB) DDR4 3200MHz | G.Skill Aegis<\/strong> vai l\u012bdz\u012bgi<\/span><\/li>\n<li><strong>Kingston NV3 1TB NVMe M.2 SSD <\/strong><\/li>\n<li><span data-sheets-root=\"1\"><strong>Nvidia GeForce RTX 5050 8GB | Asus Dual OC<\/strong> vai l\u012bdz\u012bga<\/span><\/li>\n<li><span data-sheets-root=\"1\"><strong>Chieftec 650W 80+ Bronze<\/strong> vai l\u012bdz\u012bgs<\/span><\/li>\n<\/ul>\n<p data-start=\"1667\" data-end=\"1718\"><strong data-start=\"1597\" data-end=\"1650\">Prognoz\u0113jamie FPS rezult\u0101ti 1080p un 1440p iz\u0161\u0137irtsp\u0113j\u0101s:<\/strong><br data-start=\"1650\" data-end=\"1653\"><strong data-start=\"1978\" data-end=\"1996\">Cyberpunk 2077<\/strong> \u2013 ~115 FPS (1080p, High + DLSS Quality) \/ ~78 FPS (1440p, High + DLSS Balanced)<br data-start=\"2076\" data-end=\"2079\"><strong data-start=\"2079\" data-end=\"2108\">Call of Duty: Black Ops 6<\/strong> \u2013 ~175 FPS (1080p, Ultra) \/ ~125 FPS (1440p, High)<br data-start=\"2159\" data-end=\"2162\"><strong data-start=\"2162\" data-end=\"2181\">Forza Horizon 5<\/strong> \u2013 ~155 FPS (1080p, Ultra) \/ ~110 FPS (1440p, High)<br data-start=\"2232\" data-end=\"2235\"><strong data-start=\"2235\" data-end=\"2262\">Assassin&#8217;s Creed Mirage<\/strong> \u2013 ~135 FPS (1080p, High) \/ ~95 FPS (1440p, High)<br data-start=\"2311\" data-end=\"2314\"><strong data-start=\"2314\" data-end=\"2329\">Alan Wake 2<\/strong> \u2013 ~90 FPS (1080p, Medium RT + DLSS) \/ ~65 FPS (1440p, Medium + DLSS Balanced)<\/p>\n<p><em>\u0160ie skait\u013ci realit\u0101t\u0113 var at\u0161\u0137irties atkar\u012bb\u0101 no konkr\u0113tiem sp\u0113les iestat\u012bjumiem, optimiz\u0101cijas un citiem sist\u0113mas komponentiem.<\/em><\/p>\n","protected":false},"excerpt":{"rendered":"<p>&#8220;Intel Core i5-14600KF&#8221; un &#8220;NVIDIA GeForce RTX 5050 8GB&#8221; \u2013 lieliska kombin\u0101cija 1080p un 1440p sp\u0113l\u0113m \u0160\u012b kombin\u0101cija ir paredz\u0113ta<\/p>\n","protected":false},"featured_media":30542,"comment_status":"open","ping_status":"closed","template":"","meta":[],"product_brand":[],"product_cat":[495],"product_tag":[509],"class_list":{"0":"post-54924","1":"product","2":"type-product","3":"status-publish","4":"has-post-thumbnail","6":"product_cat-stacionarie-datori","7":"product_tag-ddr4-nuo-32gb-1tb","8":"pa_garantija-24-men-lv","9":"pa_prekes-zenklas-amberglow-lv","10":"pa_procesoriaus-branduoliai-14-cores-lv","11":"pa_vaizdo-plokstes-atmintis-8gb-lv","12":"pa_vaizdo-plokstes-modelis-rtx-5050-lv","14":"first","15":"instock","16":"taxable","17":"shipping-taxable","18":"purchasable","19":"product-type-simple"},"_links":{"self":[{"href":"https:\/\/amberglow.lt\/lv\/wp-json\/wp\/v2\/product\/54924","targetHints":{"allow":["GET"]}}],"collection":[{"href":"https:\/\/amberglow.lt\/lv\/wp-json\/wp\/v2\/product"}],"about":[{"href":"https:\/\/amberglow.lt\/lv\/wp-json\/wp\/v2\/types\/product"}],"replies":[{"embeddable":true,"href":"https:\/\/amberglow.lt\/lv\/wp-json\/wp\/v2\/comments?post=54924"}],"version-history":[{"count":0,"href":"https:\/\/amberglow.lt\/lv\/wp-json\/wp\/v2\/product\/54924\/revisions"}],"wp:featuredmedia":[{"embeddable":true,"href":"https:\/\/amberglow.lt\/lv\/wp-json\/wp\/v2\/media\/30542"}],"wp:attachment":[{"href":"https:\/\/amberglow.lt\/lv\/wp-json\/wp\/v2\/media?parent=54924"}],"wp:term":[{"taxonomy":"product_brand","embeddable":true,"href":"https:\/\/amberglow.lt\/lv\/wp-json\/wp\/v2\/product_brand?post=54924"},{"taxonomy":"product_cat","embeddable":true,"href":"https:\/\/amberglow.lt\/lv\/wp-json\/wp\/v2\/product_cat?post=54924"},{"taxonomy":"product_tag","embeddable":true,"href":"https:\/\/amberglow.lt\/lv\/wp-json\/wp\/v2\/product_tag?post=54924"}],"curies":[{"name":"wp","href":"https:\/\/api.w.org\/{rel}","templated":true}]}}