{"id":54925,"date":"2026-05-08T08:20:28","date_gmt":"2026-05-08T05:20:28","guid":{"rendered":"https:\/\/amberglow.lt\/Bez kategorijas\/stacionarais-dators-i5-14600kf-rtx-5060-ti-8gb\/"},"modified":"2026-05-08T08:20:28","modified_gmt":"2026-05-08T05:20:28","slug":"stacionarais-dators-i5-14600kf-rtx-5060-ti-8gb","status":"publish","type":"product","link":"https:\/\/amberglow.lt\/lv\/stacionarie-datori\/stacionarais-dators-i5-14600kf-rtx-5060-ti-8gb\/","title":{"rendered":"Stacion\u0101rais dators i5-14600KF, RTX 5060 Ti 8GB"},"content":{"rendered":"<section class=\"text-token-text-primary w-full focus:outline-none [--shadow-height:45px] has-data-writing-block:pointer-events-none has-data-writing-block:-mt-(--shadow-height) has-data-writing-block:pt-(--shadow-height) [&amp;:has([data-writing-block])&gt;*]:pointer-events-auto [content-visibility:auto] supports-[content-visibility:auto]:[contain-intrinsic-size:auto_100lvh] R6Vx5W_threadScrollVars scroll-mb-[calc(var(--scroll-root-safe-area-inset-bottom,0px)+var(--thread-response-height))] scroll-mt-[calc(var(--header-height)+min(200px,max(70px,20svh)))]\" dir=\"auto\" data-turn-id=\"request-694139f7-5628-8328-888c-0b378d192652-7\" data-testid=\"conversation-turn-108\" data-scroll-anchor=\"false\" data-turn=\"assistant\">\n<div class=\"text-base my-auto mx-auto pb-10 [--thread-content-margin:var(--thread-content-margin-xs,calc(var(--spacing)*4))] @w-sm\/main:[--thread-content-margin:var(--thread-content-margin-sm,calc(var(--spacing)*6))] @w-lg\/main:[--thread-content-margin:var(--thread-content-margin-lg,calc(var(--spacing)*16))] px-(--thread-content-margin)\">\n<div class=\"[--thread-content-max-width:40rem] @w-lg\/main:[--thread-content-max-width:48rem] mx-auto max-w-(--thread-content-max-width) flex-1 group\/turn-messages focus-visible:outline-hidden relative flex w-full min-w-0 flex-col agent-turn\">\n<div class=\"flex max-w-full flex-col gap-4 grow\">\n<div class=\"min-h-8 text-message relative flex w-full flex-col items-end gap-2 text-start break-words whitespace-normal outline-none keyboard-focused:focus-ring [.text-message+&amp;]:mt-1\" dir=\"auto\" tabindex=\"0\" data-message-author-role=\"assistant\" data-message-id=\"0a70295f-992a-4dd1-950f-25855c7f4ac7\" data-turn-start-message=\"true\" data-message-model-slug=\"gpt-5-5\">\n<div class=\"flex w-full flex-col gap-1 empty:hidden\">\n<div class=\"markdown prose dark:prose-invert wrap-break-word w-full light markdown-new-styling\">\n<p data-start=\"0\" data-end=\"121\">\u201e<strong data-start=\"1\" data-end=\"26\">Intel Core i5-14600KF<\/strong>\u201c un \u201e<strong data-start=\"32\" data-end=\"72\">NVIDIA GeForce RTX 5060 Ti 8GB GDDR7<\/strong>\u201c \u2013 <strong data-start=\"76\" data-end=\"121\">jaud\u012bgs komplekts 1080p un 1440p sp\u0113l\u0113m<\/strong><\/p>\n<p data-start=\"123\" data-end=\"584\">\u0160is komplekts paredz\u0113ts sp\u0113l\u0113t\u0101jiem, kuri v\u0113las <strong data-start=\"167\" data-end=\"205\">augstu FPS 1080p un 1440p iz\u0161\u0137irtsp\u0113j\u0101s<\/strong> un grib baud\u012bt modernas AAA sp\u0113les ar augstiem grafikas iestat\u012bjumiem. \u201e<strong data-start=\"284\" data-end=\"303\">Core i5-14600KF<\/strong>\u201c nodro\u0161ina izcilu veiktsp\u0113jas un efektivit\u0101tes balansu, t\u0101p\u0113c lieliski piem\u0113rots gan sp\u0113l\u0113m, gan produktivit\u0101tei, savuk\u0101rt \u201e<strong data-start=\"410\" data-end=\"435\">RTX 5060 Ti 8GB GDDR7<\/strong>\u201c sniedz modernu NVIDIA grafisko jaudu ar <strong data-start=\"479\" data-end=\"489\">DLSS 4<\/strong>, <strong data-start=\"491\" data-end=\"511\">Frame Generation<\/strong> un progres\u012bvu staru izseko\u0161anas atbalstu.<\/p>\n<p data-start=\"586\" data-end=\"625\">Procesors \u201e<strong data-start=\"599\" data-end=\"624\">Intel Core i5-14600KF<\/strong>\u201c<\/p>\n<p data-start=\"627\" data-end=\"1017\">Arhitekt\u016bra un kodoli: <strong data-start=\"656\" data-end=\"698\">14. paaudzes Intel Raptor Lake Refresh<\/strong> arhitekt\u016bra ar <strong data-start=\"715\" data-end=\"743\">14 kodoliem un 20 pavedieniem<\/strong>, optimiz\u0113ta sp\u0113l\u0113m un produktivit\u0101tei.<br data-start=\"784\" data-end=\"787\">Frekvence: boost re\u017e\u012bms l\u012bdz <strong data-start=\"813\" data-end=\"824\">5.3 GHz<\/strong> \u013cauj uztur\u0113t stabilu FPS daudz\u0101s modern\u0101s sp\u0113l\u0113s.<br data-start=\"882\" data-end=\"885\">Tehnolo\u0123ijas: <strong data-start=\"911\" data-end=\"927\">DDR4 un DDR5<\/strong> atmi\u0146as standarta atbalsts, k\u0101 ar\u012b PCIe 5.0 atbalsts nodro\u0161ina labu sist\u0113mas n\u0101kotnes potenci\u0101lu.<\/p>\n<p data-start=\"1019\" data-end=\"1076\">Videokarte \u201e<strong data-start=\"1035\" data-end=\"1075\">NVIDIA GeForce RTX 5060 Ti 8GB GDDR7<\/strong>\u201c<\/p>\n<p data-start=\"1078\" data-end=\"1553\">Arhitekt\u016bra: jaun\u0101s paaudzes <strong data-start=\"1106\" data-end=\"1126\">NVIDIA Blackwell<\/strong> arhitekt\u016bra ar CUDA, RT un Tensor kodoliem, kas atbalsta <strong data-start=\"1187\" data-end=\"1197\">DLSS 4<\/strong>, <strong data-start=\"1199\" data-end=\"1219\">Frame Generation<\/strong> un staru izseko\u0161anu. <br data-start=\"1273\" data-end=\"1276\">Atmi\u0146a: <strong data-start=\"1286\" data-end=\"1300\">8 GB GDDR7<\/strong> lieliski piem\u0113rota <strong data-start=\"1315\" data-end=\"1330\">1080p Ultra<\/strong> un daudz\u0101m <strong data-start=\"1344\" data-end=\"1358\">1440p High<\/strong> sp\u0113l\u0113m. <br data-start=\"1405\" data-end=\"1408\">Tehnolo\u0123ijas: DLSS 4 \u013cauj uztur\u0113t augstu FPS pat izmantojot progres\u012bvus grafikas efektus un staru izseko\u0161anu.<\/p>\n<\/div>\n<\/div>\n<\/div>\n<\/div>\n<\/div>\n<\/div>\n<\/section>\n<p data-start=\"831\" data-end=\"1186\"><strong>Pilna specifik\u0101cija:<\/strong><\/p>\n<ul>\n<li><strong>Intel Core i5-14600KF: <\/strong>14 kodoli, 20 pavedieni, 3.5-5.3GHz<\/li>\n<li><span data-sheets-root=\"1\"><strong>ASRock B760M PG Lightning D4<\/strong> vai l\u012bdz\u012bga<\/span><\/li>\n<li><span data-sheets-root=\"1\"><strong>Arctic Freezer 36<\/strong> vai l\u012bdz\u012bgs<\/span><\/li>\n<li><span data-sheets-root=\"1\"><strong>32GB (2x16GB) DDR4 3200MHz | G.Skill Aegis<\/strong> vai l\u012bdz\u012bgi<\/span><\/li>\n<li><strong>Kingston NV3 1TB NVMe M.2 SSD <\/strong><\/li>\n<li><span data-sheets-root=\"1\"><strong>Nvidia GeForce RTX 5060 Ti 8GB | Asus Dual OC<\/strong> vai l\u012bdz\u012bga<\/span><\/li>\n<li><span data-sheets-root=\"1\"><strong>Chieftec 650W 80+ Bronze<\/strong> vai l\u012bdz\u012bgs<\/span><\/li>\n<\/ul>\n<p data-start=\"1667\" data-end=\"1718\"><strong data-start=\"1597\" data-end=\"1650\">Paredzamie FPS rezult\u0101ti 1080p un 1440p iz\u0161\u0137irtsp\u0113j\u0101s:<\/strong><br data-start=\"1650\" data-end=\"1653\"><strong data-start=\"2050\" data-end=\"2068\">Cyberpunk 2077<\/strong> \u2013 ~140 FPS (1080p, Ultra + DLSS Quality) \/ ~98 FPS (1440p, High + DLSS Balanced)<br data-start=\"2149\" data-end=\"2152\"><strong data-start=\"2152\" data-end=\"2181\">Call of Duty: Black Ops 6<\/strong> \u2013 ~205 FPS (1080p, Ultra) \/ ~150 FPS (1440p, Ultra)<br data-start=\"2233\" data-end=\"2236\"><strong data-start=\"2236\" data-end=\"2255\">Forza Horizon 5<\/strong> \u2013 ~180 FPS (1080p, Ultra) \/ ~130 FPS (1440p, Ultra)<br data-start=\"2307\" data-end=\"2310\"><strong data-start=\"2310\" data-end=\"2337\">Assassin\u2019s Creed Mirage<\/strong> \u2013 ~155 FPS (1080p, High) \/ ~110 FPS (1440p, High)<br data-start=\"2387\" data-end=\"2390\"><strong data-start=\"2390\" data-end=\"2405\">Alan Wake 2<\/strong> \u2013 ~115 FPS (1080p, High RT + DLSS) \/ ~82 FPS (1440p, High + DLSS Balanced)<\/p>\n<p><em>\u0160ie skait\u013ci realit\u0101t\u0113 var at\u0161\u0137irties atkar\u012bb\u0101 no konkr\u0113tiem sp\u0113les iestat\u012bjumiem, optimiz\u0101cijas un citiem sist\u0113mas komponentiem.<\/em><\/p>\n","protected":false},"excerpt":{"rendered":"<p>\u201eIntel Core i5-14600KF\u201c un \u201eNVIDIA GeForce RTX 5060 Ti 8GB GDDR7\u201c \u2013 jaud\u012bgs komplekts 1080p un 1440p sp\u0113l\u0113m \u0160is komplekts<\/p>\n","protected":false},"featured_media":63335,"comment_status":"open","ping_status":"closed","template":"","meta":[],"product_brand":[],"product_cat":[495],"product_tag":[509],"class_list":{"0":"post-54925","1":"product","2":"type-product","3":"status-publish","4":"has-post-thumbnail","6":"product_cat-stacionarie-datori","7":"product_tag-ddr4-nuo-32gb-1tb","8":"pa_garantija-24-men-lv","9":"pa_procesoriaus-branduoliai-14-cores-lv","10":"pa_vaizdo-plokstes-atmintis-8gb-lv","11":"pa_vaizdo-plokstes-modelis-rtx-5060-ti-lv","13":"first","14":"instock","15":"taxable","16":"shipping-taxable","17":"purchasable","18":"product-type-simple"},"_links":{"self":[{"href":"https:\/\/amberglow.lt\/lv\/wp-json\/wp\/v2\/product\/54925","targetHints":{"allow":["GET"]}}],"collection":[{"href":"https:\/\/amberglow.lt\/lv\/wp-json\/wp\/v2\/product"}],"about":[{"href":"https:\/\/amberglow.lt\/lv\/wp-json\/wp\/v2\/types\/product"}],"replies":[{"embeddable":true,"href":"https:\/\/amberglow.lt\/lv\/wp-json\/wp\/v2\/comments?post=54925"}],"version-history":[{"count":0,"href":"https:\/\/amberglow.lt\/lv\/wp-json\/wp\/v2\/product\/54925\/revisions"}],"wp:featuredmedia":[{"embeddable":true,"href":"https:\/\/amberglow.lt\/lv\/wp-json\/wp\/v2\/media\/63335"}],"wp:attachment":[{"href":"https:\/\/amberglow.lt\/lv\/wp-json\/wp\/v2\/media?parent=54925"}],"wp:term":[{"taxonomy":"product_brand","embeddable":true,"href":"https:\/\/amberglow.lt\/lv\/wp-json\/wp\/v2\/product_brand?post=54925"},{"taxonomy":"product_cat","embeddable":true,"href":"https:\/\/amberglow.lt\/lv\/wp-json\/wp\/v2\/product_cat?post=54925"},{"taxonomy":"product_tag","embeddable":true,"href":"https:\/\/amberglow.lt\/lv\/wp-json\/wp\/v2\/product_tag?post=54925"}],"curies":[{"name":"wp","href":"https:\/\/api.w.org\/{rel}","templated":true}]}}