{"id":54926,"date":"2026-05-08T08:51:21","date_gmt":"2026-05-08T05:51:21","guid":{"rendered":"https:\/\/amberglow.lt\/Bez kategorijas\/stacionarais-dators-ryzen-7-7800x3d-rtx-5060-ti-8gb\/"},"modified":"2026-05-08T08:51:21","modified_gmt":"2026-05-08T05:51:21","slug":"stacionarais-dators-ryzen-7-7800x3d-rtx-5060-ti-8gb","status":"publish","type":"product","link":"https:\/\/amberglow.lt\/lv\/stacionarie-datori\/stacionarais-dators-ryzen-7-7800x3d-rtx-5060-ti-8gb\/","title":{"rendered":"Stacion\u0101rais dators Ryzen 7 7800X3D, RTX 5060 Ti 8GB"},"content":{"rendered":"<p data-start=\"0\" data-end=\"117\">\u201e<strong data-start=\"1\" data-end=\"24\">AMD Ryzen 7 7800X3D<\/strong>\u201c un \u201e<strong data-start=\"30\" data-end=\"70\">NVIDIA GeForce RTX 5060 Ti 8GB GDDR7<\/strong>\u201c \u2013 <strong data-start=\"74\" data-end=\"117\">lieliska kombin\u0101cija 1080p un 1440p sp\u0113l\u0113m<\/strong><\/p>\n<p data-start=\"119\" data-end=\"567\">\u0160\u012b kombin\u0101cija ir paredz\u0113ta sp\u0113l\u0113t\u0101jiem, kuri v\u0113las sasniegt <strong data-start=\"163\" data-end=\"206\">maksim\u0101lu FPS 1080p un 1440p iz\u0161\u0137irtsp\u0113j\u0101s<\/strong> un v\u0113las baud\u012bt modernas AAA sp\u0113les ar augstiem grafikas iestat\u012bjumiem. \u201e<strong data-start=\"285\" data-end=\"304\">Ryzen 7 7800X3D<\/strong>\u201c ar savu <strong data-start=\"314\" data-end=\"328\">3D V-Cache<\/strong> tehnolo\u0123iju ir viens no lab\u0101kajiem sp\u0113\u013cu procesoriem tirg\u016b, savuk\u0101rt \u201e<strong data-start=\"393\" data-end=\"418\">RTX 5060 Ti 8GB GDDR7<\/strong>\u201c nodro\u0161ina modernu NVIDIA grafisko jaudu ar <strong data-start=\"462\" data-end=\"472\">DLSS 4<\/strong>, <strong data-start=\"474\" data-end=\"494\">Frame Generation<\/strong> un progres\u012bvu staru izseko\u0161anas atbalstu.<\/p>\n<p data-start=\"569\" data-end=\"606\">Procesors \u201e<strong data-start=\"582\" data-end=\"605\">AMD Ryzen 7 7800X3D<\/strong>\u201c<\/p>\n<p data-start=\"608\" data-end=\"981\">Arhitekt\u016bra un kodoli: <strong data-start=\"637\" data-end=\"661\">\u201eZen 4\u201c arhitekt\u016bra<\/strong> ar <strong data-start=\"665\" data-end=\"694\">8 kodoliem un 16 pavedieniem<\/strong>, papildin\u0101ta ar <strong data-start=\"706\" data-end=\"720\">3D V-Cache<\/strong> tehnolo\u0123iju, optimiz\u0113ta sp\u0113l\u0113m.<br data-start=\"757\" data-end=\"760\">Frekvence: b\u0101zes frekvence <strong data-start=\"783\" data-end=\"794\">4,2 GHz<\/strong>, boost re\u017e\u012bm\u0101 l\u012bdz <strong data-start=\"813\" data-end=\"824\">5,0 GHz<\/strong> \u2013 nodro\u0161ina \u012bpa\u0161i augstu FPS pat sp\u0113l\u0113s, kas prasa lielu CPU jaudu.<br data-start=\"890\" data-end=\"893\">Atmi\u0146a: <strong data-start=\"903\" data-end=\"926\">96 MB L3 3D V-Cache<\/strong> iev\u0113rojami uzlabo sp\u0113\u013cu veiktsp\u0113ju un sist\u0113mas reakciju.<\/p>\n<p data-start=\"983\" data-end=\"1040\">Videokarte \u201e<strong data-start=\"999\" data-end=\"1039\">NVIDIA GeForce RTX 5060 Ti 8GB GDDR7<\/strong>\u201c<\/p>\n<p data-start=\"1042\" data-end=\"1517\">Arhitekt\u016bra: jaun\u0101s paaudzes <strong data-start=\"1070\" data-end=\"1090\">NVIDIA Blackwell<\/strong> arhitekt\u016bra ar CUDA, RT un Tensor kodoliem, atbalstot <strong data-start=\"1151\" data-end=\"1161\">DLSS 4<\/strong>, <strong data-start=\"1163\" data-end=\"1183\">Frame Generation<\/strong> un ray tracing. <br data-start=\"1237\" data-end=\"1240\">Atmi\u0146a: <strong data-start=\"1250\" data-end=\"1264\">8 GB GDDR7<\/strong> lieliski der <strong data-start=\"1279\" data-end=\"1294\">1080p Ultra<\/strong> un liel\u0101kajai da\u013cai <strong data-start=\"1308\" data-end=\"1322\">1440p High<\/strong> sp\u0113\u013cu. <br data-start=\"1369\" data-end=\"1372\">Tehnolo\u0123ijas: DLSS 4 \u013cauj uztur\u0113t augstu FPS pat izmantojot progres\u012bvus grafikas efektus un ray tracing.<\/p>\n<p><strong>Pilna specifik\u0101cija:<\/strong><\/p>\n<p style=\"text-align: left;\">\u2022 <strong>AMD Ryzen 7 7800X3D<\/strong>: 8 kodoli, 16 pavedieni, 4,2\u20135,0 GHz<br \/>\n\u2022 <strong>ASRock B850 PRO RS<\/strong> vai l\u012bdz\u012bga<br \/>\n\u2022 <strong>Arctic Freezer 36<\/strong> vai l\u012bdz\u012bgs<br \/>\n\u2022 <strong>32 GB (2&#215;16 GB) DDR5 6000 MHz | Corsair Vengeance<\/strong> vai l\u012bdz\u012bgi<br \/>\n\u2022 <strong>Kingston NV3 1TB NVMe M.2 SSD <\/strong><br \/>\n\u2022<span data-sheets-root=\"1\"><strong>Nvidia GeForce RTX 5060 Ti 8GB | Asus Dual OC<\/strong> vai l\u012bdz\u012bga<\/span><br \/>\n\u2022<strong><span data-sheets-root=\"1\">Chieftec 650W 80+ Bronze <\/span><\/strong>vai l\u012bdz\u012bgs<\/p>\n<p data-start=\"1807\" data-end=\"1862\"><strong data-start=\"1807\" data-end=\"1860\">Paredzama FPS veiktsp\u0113ja 1080p un 1440p iz\u0161\u0137irtsp\u0113j\u0101:<\/strong><\/p>\n<p data-start=\"1864\" data-end=\"2281\"><strong data-start=\"1973\" data-end=\"1991\">Cyberpunk 2077<\/strong> \u2013 ~145 FPS (1080p, Ultra + DLSS Quality) \/ ~100 FPS (1440p, High + DLSS Balanced)<br data-start=\"2073\" data-end=\"2076\"><strong data-start=\"2076\" data-end=\"2105\">Call of Duty: Black Ops 6<\/strong> \u2013 ~210 FPS (1080p, Ultra) \/ ~155 FPS (1440p, Ultra)<br data-start=\"2157\" data-end=\"2160\"><strong data-start=\"2160\" data-end=\"2179\">Forza Horizon 5<\/strong> \u2013 ~185 FPS (1080p, Ultra) \/ ~135 FPS (1440p, Ultra)<br data-start=\"2231\" data-end=\"2234\"><strong data-start=\"2234\" data-end=\"2261\">Assassin&#8217;s Creed Mirage<\/strong> \u2013 ~160 FPS (1080p, High) \/ ~115 FPS (1440p, High)<br data-start=\"2311\" data-end=\"2314\"><strong data-start=\"2314\" data-end=\"2329\">Alan Wake 2<\/strong> \u2013 ~120 FPS (1080p, High RT + DLSS) \/ ~85 FPS (1440p, High + DLSS Balanced)<\/p>\n<p><em>\u0160ie skait\u013ci realit\u0101t\u0113 var at\u0161\u0137irties atkar\u012bb\u0101 no konkr\u0113tiem sp\u0113les iestat\u012bjumiem, optimiz\u0101cijas un citiem sist\u0113mas komponentiem.<\/em><\/p>\n","protected":false},"excerpt":{"rendered":"<p>\u201eAMD Ryzen 7 7800X3D\u201c un \u201eNVIDIA GeForce RTX 5060 Ti 8GB GDDR7\u201c \u2013 lieliska kombin\u0101cija 1080p un 1440p sp\u0113l\u0113m \u0160\u012b<\/p>\n","protected":false},"featured_media":30447,"comment_status":"open","ping_status":"closed","template":"","meta":[],"product_brand":[1749],"product_cat":[495],"product_tag":[505],"class_list":{"0":"post-54926","1":"product","2":"type-product","3":"status-publish","4":"has-post-thumbnail","6":"product_brand-amberglow","7":"product_cat-stacionarie-datori","8":"product_tag-ddr5-nuo-32gb-1tb","9":"pa_garantija-24-men-lv","10":"pa_prekes-zenklas-amberglow-lv","11":"pa_procesoriaus-branduoliai-8-cores-lv","12":"pa_vaizdo-plokstes-atmintis-8gb-lv","13":"pa_vaizdo-plokstes-modelis-rtx-5060-ti-lv","15":"first","16":"instock","17":"taxable","18":"shipping-taxable","19":"purchasable","20":"product-type-simple"},"_links":{"self":[{"href":"https:\/\/amberglow.lt\/lv\/wp-json\/wp\/v2\/product\/54926","targetHints":{"allow":["GET"]}}],"collection":[{"href":"https:\/\/amberglow.lt\/lv\/wp-json\/wp\/v2\/product"}],"about":[{"href":"https:\/\/amberglow.lt\/lv\/wp-json\/wp\/v2\/types\/product"}],"replies":[{"embeddable":true,"href":"https:\/\/amberglow.lt\/lv\/wp-json\/wp\/v2\/comments?post=54926"}],"version-history":[{"count":0,"href":"https:\/\/amberglow.lt\/lv\/wp-json\/wp\/v2\/product\/54926\/revisions"}],"wp:featuredmedia":[{"embeddable":true,"href":"https:\/\/amberglow.lt\/lv\/wp-json\/wp\/v2\/media\/30447"}],"wp:attachment":[{"href":"https:\/\/amberglow.lt\/lv\/wp-json\/wp\/v2\/media?parent=54926"}],"wp:term":[{"taxonomy":"product_brand","embeddable":true,"href":"https:\/\/amberglow.lt\/lv\/wp-json\/wp\/v2\/product_brand?post=54926"},{"taxonomy":"product_cat","embeddable":true,"href":"https:\/\/amberglow.lt\/lv\/wp-json\/wp\/v2\/product_cat?post=54926"},{"taxonomy":"product_tag","embeddable":true,"href":"https:\/\/amberglow.lt\/lv\/wp-json\/wp\/v2\/product_tag?post=54926"}],"curies":[{"name":"wp","href":"https:\/\/api.w.org\/{rel}","templated":true}]}}