{"id":54931,"date":"2026-05-08T08:26:59","date_gmt":"2026-05-08T05:26:59","guid":{"rendered":"https:\/\/amberglow.lt\/Bez kategorijas\/stacionarais-dators-i7-14700kf-rtx-5060-ti-8gb\/"},"modified":"2026-05-08T08:26:59","modified_gmt":"2026-05-08T05:26:59","slug":"stacionarais-dators-i7-14700kf-rtx-5060-ti-8gb","status":"publish","type":"product","link":"https:\/\/amberglow.lt\/lv\/stacionarie-datori\/stacionarais-dators-i7-14700kf-rtx-5060-ti-8gb\/","title":{"rendered":"Stacion\u0101rais dators i7-14700KF, RTX 5060 Ti 8GB"},"content":{"rendered":"<p data-start=\"0\" data-end=\"121\">\u201e<strong data-start=\"1\" data-end=\"26\">Intel Core i7-14700KF<\/strong>\u201c un \u201e<strong data-start=\"32\" data-end=\"72\">NVIDIA GeForce RTX 5060 Ti 8GB GDDR7<\/strong>\u201c \u2013 <strong data-start=\"76\" data-end=\"121\">jaud\u012bga kombin\u0101cija 1080p un 1440p sp\u0113l\u0113m<\/strong><\/p>\n<p data-start=\"123\" data-end=\"603\">\u0160\u012b kombin\u0101cija ir paredz\u0113ta sp\u0113l\u0113t\u0101jiem, kuri v\u0113las sasniegt <strong data-start=\"167\" data-end=\"205\">augstu FPS 1080p un 1440p iz\u0161\u0137irtsp\u0113j\u0101<\/strong> un baud\u012bt modernas AAA sp\u0113les ar augstiem grafikas iestat\u012bjumiem. \u201e<strong data-start=\"284\" data-end=\"303\">Core i7-14700KF<\/strong>\u201c ir \u013coti liels kodolu skaits un augsts boost frekvence, t\u0101p\u0113c tas ir lieliski piem\u0113rots gan sp\u0113l\u0113m, gan produktivit\u0101tei, savuk\u0101rt \u201e<strong data-start=\"429\" data-end=\"454\">RTX 5060 Ti 8GB GDDR7<\/strong>\u201c nodro\u0161ina modernu NVIDIA grafisko jaudu ar <strong data-start=\"498\" data-end=\"508\">DLSS 4<\/strong>, <strong data-start=\"510\" data-end=\"530\">Frame Generation<\/strong> un uzlabotu staru izseko\u0161anas atbalstu.<\/p>\n<p data-start=\"605\" data-end=\"644\">Procesors \u201e<strong data-start=\"618\" data-end=\"643\">Intel Core i7-14700KF<\/strong>\u201c<\/p>\n<p data-start=\"646\" data-end=\"1042\">Arhitekt\u016bra un kodoli: <strong data-start=\"675\" data-end=\"717\">14. paaudzes Intel Raptor Lake Refresh<\/strong> arhitekt\u016bra ar <strong data-start=\"734\" data-end=\"765\">20 kodoliem un 28 pavedieniem<\/strong>, optimiz\u0113ta sp\u0113l\u0113m un produktivit\u0101tei.<br data-start=\"806\" data-end=\"809\">Frekvence: boost re\u017e\u012bms l\u012bdz <strong data-start=\"835\" data-end=\"846\">5.6 GHz<\/strong> \u013cauj uztur\u0113t \u013coti augstu FPS pat sare\u017e\u0123\u012bt\u0101s sp\u0113\u013cu ain\u0101s.<br data-start=\"914\" data-end=\"917\">Tehnolo\u0123ijas: <strong data-start=\"943\" data-end=\"951\">DDR5<\/strong> atmi\u0146as standarta atbalsts un PCIe 5.0 atbalsts nodro\u0161ina izcilu sist\u0113mas n\u0101kotnes potenci\u0101lu.<\/p>\n<p data-start=\"1044\" data-end=\"1101\">Videokarte \u201e<strong data-start=\"1060\" data-end=\"1100\">NVIDIA GeForce RTX 5060 Ti 8GB GDDR7<\/strong>\u201c<\/p>\n<p data-start=\"1103\" data-end=\"1578\">Arhitekt\u016bra: jaun\u0101s paaudzes <strong data-start=\"1131\" data-end=\"1151\">NVIDIA Blackwell<\/strong> arhitekt\u016bra ar CUDA, RT un Tensor kodoliem, kas atbalsta <strong data-start=\"1212\" data-end=\"1222\">DLSS 4<\/strong>, <strong data-start=\"1224\" data-end=\"1244\">Frame Generation<\/strong> un staru izseko\u0161anu. <br data-start=\"1298\" data-end=\"1301\">Atmi\u0146a: <strong data-start=\"1311\" data-end=\"1325\">8 GB GDDR7<\/strong> ir lieliski piem\u0113rota <strong data-start=\"1340\" data-end=\"1355\">1080p Ultra<\/strong> un daudz\u0101m <strong data-start=\"1369\" data-end=\"1383\">1440p High<\/strong> sp\u0113l\u0113m. <br data-start=\"1430\" data-end=\"1433\">Tehnolo\u0123ijas: DLSS 4 \u013cauj uztur\u0113t augstu FPS pat izmantojot uzlabotus grafikas efektus un staru izseko\u0161anu.<\/p>\n<p data-start=\"831\" data-end=\"1186\"><strong>Pilna specifik\u0101cija:<\/strong><\/p>\n<ul>\n<li><strong>Intel Core i7-14700KF: <\/strong>20 kodoli, 28 pavedienu, 3,4-5,6GHz<\/li>\n<li><span data-sheets-root=\"1\"><strong>ASRock B760M PG Lightning D4<\/strong> vai l\u012bdz\u012bga<\/span><\/li>\n<li><span data-sheets-root=\"1\"><strong>Arctic Freezer 36<\/strong> vai l\u012bdz\u012bgs<\/span><\/li>\n<li><span data-sheets-root=\"1\"><strong>32GB (2x16GB) DDR4 3200MHz | G.Skill Aegis<\/strong> vai l\u012bdz\u012bgi<\/span><\/li>\n<li><strong>Kingston NV3 1TB NVMe M.2 SSD <\/strong><\/li>\n<li><span data-sheets-root=\"1\"><strong>Nvidia GeForce RTX 5060 Ti 8GB | Asus Dual OC<\/strong> vai l\u012bdz\u012bga<\/span><\/li>\n<li><span data-sheets-root=\"1\"><strong>Chieftec 650W 80+ Bronze<\/strong> vai l\u012bdz\u012bgs<\/span><\/li>\n<\/ul>\n<p data-start=\"2015\" data-end=\"2068\"><strong>Paredzama FPS veiktsp\u0113ja 1080p un 1440p iz\u0161\u0137irtsp\u0113j\u0101:<\/strong><\/p>\n<p data-start=\"2070\" data-end=\"2503\"><strong data-start=\"2070\" data-end=\"2088\">Cyberpunk 2077<\/strong> \u2013 ~145 FPS (1080p, Ultra + DLSS Quality) \/ ~100 FPS (1440p, High + DLSS Balanced)<br data-start=\"2170\" data-end=\"2173\"><strong data-start=\"2173\" data-end=\"2202\">Call of Duty: Black Ops 6<\/strong> \u2013 ~210 FPS (1080p, Ultra) \/ ~155 FPS (1440p, Ultra)<br data-start=\"2254\" data-end=\"2257\"><strong data-start=\"2257\" data-end=\"2276\">Forza Horizon 5<\/strong> \u2013 ~185 FPS (1080p, Ultra) \/ ~135 FPS (1440p, Ultra)<br data-start=\"2328\" data-end=\"2331\"><strong data-start=\"2331\" data-end=\"2358\">Assassin\u2019s Creed Mirage<\/strong> \u2013 ~160 FPS (1080p, High) \/ ~115 FPS (1440p, High)<br data-start=\"2408\" data-end=\"2411\"><strong data-start=\"2411\" data-end=\"2426\">Alan Wake 2<\/strong> \u2013 ~120 FPS (1080p, High RT + DLSS) \/ ~85 FPS (1440p, High + DLSS Balanced)<\/p>\n<p><em>\u0160ie skait\u013ci realit\u0101t\u0113 var at\u0161\u0137irties atkar\u012bb\u0101 no konkr\u0113tiem sp\u0113les iestat\u012bjumiem, optimiz\u0101cijas un citiem sist\u0113mas komponentiem.<\/em><\/p>\n","protected":false},"excerpt":{"rendered":"<p>\u201eIntel Core i7-14700KF\u201c un \u201eNVIDIA GeForce RTX 5060 Ti 8GB GDDR7\u201c \u2013 jaud\u012bga kombin\u0101cija 1080p un 1440p sp\u0113l\u0113m \u0160\u012b kombin\u0101cija<\/p>\n","protected":false},"featured_media":30544,"comment_status":"open","ping_status":"closed","template":"","meta":[],"product_brand":[],"product_cat":[495],"product_tag":[509],"class_list":{"0":"post-54931","1":"product","2":"type-product","3":"status-publish","4":"has-post-thumbnail","6":"product_cat-stacionarie-datori","7":"product_tag-ddr4-nuo-32gb-1tb","8":"pa_garantija-24-men-lv","9":"pa_prekes-zenklas-amberglow-lv","10":"pa_procesoriaus-branduoliai-20-cores-lv","11":"pa_vaizdo-plokstes-atmintis-8gb-lv","12":"pa_vaizdo-plokstes-modelis-rtx-5060-ti-lv","14":"first","15":"instock","16":"taxable","17":"shipping-taxable","18":"purchasable","19":"product-type-simple"},"_links":{"self":[{"href":"https:\/\/amberglow.lt\/lv\/wp-json\/wp\/v2\/product\/54931","targetHints":{"allow":["GET"]}}],"collection":[{"href":"https:\/\/amberglow.lt\/lv\/wp-json\/wp\/v2\/product"}],"about":[{"href":"https:\/\/amberglow.lt\/lv\/wp-json\/wp\/v2\/types\/product"}],"replies":[{"embeddable":true,"href":"https:\/\/amberglow.lt\/lv\/wp-json\/wp\/v2\/comments?post=54931"}],"version-history":[{"count":0,"href":"https:\/\/amberglow.lt\/lv\/wp-json\/wp\/v2\/product\/54931\/revisions"}],"wp:featuredmedia":[{"embeddable":true,"href":"https:\/\/amberglow.lt\/lv\/wp-json\/wp\/v2\/media\/30544"}],"wp:attachment":[{"href":"https:\/\/amberglow.lt\/lv\/wp-json\/wp\/v2\/media?parent=54931"}],"wp:term":[{"taxonomy":"product_brand","embeddable":true,"href":"https:\/\/amberglow.lt\/lv\/wp-json\/wp\/v2\/product_brand?post=54931"},{"taxonomy":"product_cat","embeddable":true,"href":"https:\/\/amberglow.lt\/lv\/wp-json\/wp\/v2\/product_cat?post=54931"},{"taxonomy":"product_tag","embeddable":true,"href":"https:\/\/amberglow.lt\/lv\/wp-json\/wp\/v2\/product_tag?post=54931"}],"curies":[{"name":"wp","href":"https:\/\/api.w.org\/{rel}","templated":true}]}}