{"id":54951,"date":"2026-05-08T08:05:55","date_gmt":"2026-05-08T05:05:55","guid":{"rendered":"https:\/\/amberglow.lt\/Bez kategorijas\/stacionarais-dators-i5-14400f-rtx-5050-8gb\/"},"modified":"2026-05-08T08:05:55","modified_gmt":"2026-05-08T05:05:55","slug":"stacionarais-dators-i5-14400f-rtx-5050-8gb","status":"publish","type":"product","link":"https:\/\/amberglow.lt\/lv\/stacionarie-datori\/stacionarais-dators-i5-14400f-rtx-5050-8gb\/","title":{"rendered":"Stacion\u0101rais dators i5-14400F, RTX 5050 8GB"},"content":{"rendered":"<p data-start=\"0\" data-end=\"109\">\u201e<strong data-start=\"1\" data-end=\"25\">Intel Core i5-14400F<\/strong>\u201c un \u201e<strong data-start=\"31\" data-end=\"62\">NVIDIA GeForce RTX 5050 8GB<\/strong>\u201c \u2014 <strong data-start=\"66\" data-end=\"109\">lieliska kombin\u0101cija 1080p un 1440p sp\u0113l\u0113m<\/strong><\/p>\n<p data-start=\"111\" data-end=\"552\">\u0160\u012b kombin\u0101cija ir paredz\u0113ta sp\u0113l\u0113t\u0101jiem, kuri v\u0113las sasniegt <strong data-start=\"155\" data-end=\"184\">augstu FPS 1080p iz\u0161\u0137irtsp\u0113j\u0101<\/strong> un baud\u012bt modernas AAA sp\u0113les ar augstiem grafikas iestat\u012bjumiem. \u201e<strong data-start=\"262\" data-end=\"280\">Core i5-14400F<\/strong>\u201c nodro\u0161ina izcilu veiktsp\u0113jas un efektivit\u0101tes balansu, padarot to ide\u0101li piem\u0113rotu gan sp\u0113l\u0113m, gan ikdienas lieto\u0161anai, savuk\u0101rt \u201e<strong data-start=\"395\" data-end=\"411\">RTX 5050 8GB<\/strong>\u201c pied\u0101v\u0101 modernas NVIDIA tehnolo\u0123ijas ar <strong data-start=\"456\" data-end=\"466\">DLSS 4<\/strong>, <strong data-start=\"468\" data-end=\"488\">Frame Generation<\/strong> un ray tracing atbalstu.<\/p>\n<p data-start=\"554\" data-end=\"592\">Procesors \u201e<strong data-start=\"567\" data-end=\"591\">Intel Core i5-14400F<\/strong>\u201c<\/p>\n<p data-start=\"594\" data-end=\"984\">Arhitekt\u016bra un kodoli: <strong data-start=\"623\" data-end=\"665\">14. paaudzes Intel Raptor Lake Refresh<\/strong> arhitekt\u016bra ar <strong data-start=\"682\" data-end=\"710\">10 kodoliem un 16 pavedieniem<\/strong>, optimiz\u0113ta sp\u0113l\u0113m un produktivit\u0101tei.<br data-start=\"751\" data-end=\"754\">Frekvence: boost re\u017e\u012bms l\u012bdz <strong data-start=\"780\" data-end=\"791\">4,7 GHz<\/strong> \u013cauj uztur\u0113t stabilu FPS daudz\u0101s m\u016bsdienu sp\u0113l\u0113s.<br data-start=\"849\" data-end=\"852\">Tehnolo\u0123ijas: atbalst\u012bts <strong data-start=\"878\" data-end=\"894\">DDR4 un DDR5<\/strong> atmi\u0146as standarts un PCIe 5.0 atbalsts nodro\u0161ina labu sist\u0113mas n\u0101kotnes potenci\u0101lu.<\/p>\n<p data-start=\"986\" data-end=\"1034\">Videokarte \u201e<strong data-start=\"1002\" data-end=\"1033\">NVIDIA GeForce RTX 5050 8GB<\/strong>\u201c<\/p>\n<p data-start=\"1036\" data-end=\"1496\">Arhitekt\u016bra: jaun\u0101s paaudzes <strong data-start=\"1064\" data-end=\"1084\">NVIDIA Blackwell<\/strong> arhitekt\u016bra ar CUDA, RT un Tensor kodoliem, atbalstot <strong data-start=\"1145\" data-end=\"1155\">DLSS 4<\/strong>, <strong data-start=\"1157\" data-end=\"1177\">Frame Generation<\/strong> un ray tracing. <br data-start=\"1231\" data-end=\"1234\">Atmi\u0146a: <strong data-start=\"1244\" data-end=\"1258\">8 GB GDDR6<\/strong> lieliski der <strong data-start=\"1273\" data-end=\"1288\">1080p Ultra<\/strong> un liel\u0101kajai da\u013cai <strong data-start=\"1302\" data-end=\"1316\">1440p High<\/strong> sp\u0113\u013cu. <br data-start=\"1363\" data-end=\"1366\">Tehnolo\u0123ijas: DLSS 4 \u013cauj uztur\u0113t augstu FPS pat izmantojot progres\u012bvus grafikas efektus.<\/p>\n<p data-start=\"831\" data-end=\"1186\"><strong>Pilna specifik\u0101cija:<\/strong><\/p>\n<ul>\n<li><strong>Intel Core i5-14400F: <\/strong>10 kodoli, 16 pavedieni, 2.5-4.7GHz<\/li>\n<li><span data-sheets-root=\"1\"><strong>MSI PRO H610M-E<\/strong> vai l\u012bdz\u012bga<\/span><\/li>\n<li><span data-sheets-root=\"1\"><strong>XILENCE XC229 Performance Tower CPU Cooler<\/strong> vai l\u012bdz\u012bgs<\/span><\/li>\n<li><span data-sheets-root=\"1\"><strong>16GB DDR4 3200MHz | G.Skill Aegis<\/strong> vai l\u012bdz\u012bgi<\/span><\/li>\n<li><strong>MSI Spatium M371 500GB NVMe M.2 SSD <\/strong><\/li>\n<li><span data-sheets-root=\"1\"><strong>Nvidia GeForce RTX 5050 8GB | Asus Dual OC<\/strong> vai l\u012bdz\u012bga<\/span><\/li>\n<li><span data-sheets-root=\"1\"><strong>Chieftec 650W 80+ Bronze<\/strong> vai l\u012bdz\u012bgs<\/span><\/li>\n<\/ul>\n<p data-start=\"1667\" data-end=\"1718\"><strong data-start=\"1430\" data-end=\"1483\">Paredzamie FPS rezult\u0101ti 1080p un 1440p iz\u0161\u0137irtsp\u0113j\u0101s:<\/strong><br data-start=\"1483\" data-end=\"1486\"><strong data-start=\"1989\" data-end=\"2007\">Cyberpunk 2077<\/strong> \u2013 ~105 FPS (1080p, High + DLSS Quality) \/ ~72 FPS (1440p, High + DLSS Balanced)<br data-start=\"2087\" data-end=\"2090\"><strong data-start=\"2090\" data-end=\"2119\">Call of Duty: Black Ops 6<\/strong> \u2013 ~165 FPS (1080p, Ultra) \/ ~120 FPS (1440p, High)<br data-start=\"2170\" data-end=\"2173\"><strong data-start=\"2173\" data-end=\"2192\">Forza Horizon 5<\/strong> \u2013 ~145 FPS (1080p, Ultra) \/ ~100 FPS (1440p, High)<br data-start=\"2243\" data-end=\"2246\"><strong data-start=\"2246\" data-end=\"2273\">Assassin&#8217;s Creed Mirage<\/strong> \u2013 ~125 FPS (1080p, High) \/ ~88 FPS (1440p, High)<br data-start=\"2322\" data-end=\"2325\"><strong data-start=\"2325\" data-end=\"2340\">Alan Wake 2<\/strong> \u2013 ~85 FPS (1080p, Medium RT + DLSS) \/ ~60 FPS (1440p, Medium + DLSS Balanced)<\/p>\n<p><em>\u0160ie skait\u013ci realit\u0101t\u0113 var at\u0161\u0137irties atkar\u012bb\u0101 no konkr\u0113tiem sp\u0113les iestat\u012bjumiem, optimiz\u0101cijas un citiem sist\u0113mas komponentiem.<\/em><\/p>\n","protected":false},"excerpt":{"rendered":"<p>\u201eIntel Core i5-14400F\u201c un \u201eNVIDIA GeForce RTX 5050 8GB\u201c \u2014 lieliska kombin\u0101cija 1080p un 1440p sp\u0113l\u0113m \u0160\u012b kombin\u0101cija ir paredz\u0113ta<\/p>\n","protected":false},"featured_media":23482,"comment_status":"open","ping_status":"closed","template":"","meta":[],"product_brand":[1749],"product_cat":[495],"product_tag":[508],"class_list":{"0":"post-54951","1":"product","2":"type-product","3":"status-publish","4":"has-post-thumbnail","6":"product_brand-amberglow","7":"product_cat-stacionarie-datori","8":"product_tag-ddr4-nuo-16gb-512gb","9":"pa_garantija-24-men-lv","10":"pa_prekes-zenklas-amberglow-lv","11":"pa_procesoriaus-branduoliai-10-cores-lv","12":"pa_vaizdo-plokstes-atmintis-8gb-lv","13":"pa_vaizdo-plokstes-modelis-rtx-5050-lv","15":"first","16":"instock","17":"taxable","18":"shipping-taxable","19":"purchasable","20":"product-type-simple"},"_links":{"self":[{"href":"https:\/\/amberglow.lt\/lv\/wp-json\/wp\/v2\/product\/54951","targetHints":{"allow":["GET"]}}],"collection":[{"href":"https:\/\/amberglow.lt\/lv\/wp-json\/wp\/v2\/product"}],"about":[{"href":"https:\/\/amberglow.lt\/lv\/wp-json\/wp\/v2\/types\/product"}],"replies":[{"embeddable":true,"href":"https:\/\/amberglow.lt\/lv\/wp-json\/wp\/v2\/comments?post=54951"}],"version-history":[{"count":0,"href":"https:\/\/amberglow.lt\/lv\/wp-json\/wp\/v2\/product\/54951\/revisions"}],"wp:featuredmedia":[{"embeddable":true,"href":"https:\/\/amberglow.lt\/lv\/wp-json\/wp\/v2\/media\/23482"}],"wp:attachment":[{"href":"https:\/\/amberglow.lt\/lv\/wp-json\/wp\/v2\/media?parent=54951"}],"wp:term":[{"taxonomy":"product_brand","embeddable":true,"href":"https:\/\/amberglow.lt\/lv\/wp-json\/wp\/v2\/product_brand?post=54951"},{"taxonomy":"product_cat","embeddable":true,"href":"https:\/\/amberglow.lt\/lv\/wp-json\/wp\/v2\/product_cat?post=54951"},{"taxonomy":"product_tag","embeddable":true,"href":"https:\/\/amberglow.lt\/lv\/wp-json\/wp\/v2\/product_tag?post=54951"}],"curies":[{"name":"wp","href":"https:\/\/api.w.org\/{rel}","templated":true}]}}