{"id":55008,"date":"2026-05-07T13:04:26","date_gmt":"2026-05-07T10:04:26","guid":{"rendered":"https:\/\/amberglow.lt\/Bez kategorijas\/stacionarais-dators-core-ultra-5-250kf-plus-rtx-5080-16gb\/"},"modified":"2026-05-07T13:04:26","modified_gmt":"2026-05-07T10:04:26","slug":"stacionarais-dators-core-ultra-5-250kf-plus-rtx-5080-16gb","status":"publish","type":"product","link":"https:\/\/amberglow.lt\/lv\/stacionarie-datori\/stacionarais-dators-core-ultra-5-250kf-plus-rtx-5080-16gb\/","title":{"rendered":"Stacion\u0101rais dators Core Ultra 5 250KF PLUS, RTX 5080 16GB"},"content":{"rendered":"<div class=\"text-base my-auto mx-auto pb-10 [--thread-content-margin:--spacing(4)] thread-sm:[--thread-content-margin:--spacing(6)] thread-lg:[--thread-content-margin:--spacing(16)] px-(--thread-content-margin)\">\n<div class=\"[--thread-content-max-width:40rem] thread-lg:[--thread-content-max-width:48rem] mx-auto max-w-(--thread-content-max-width) flex-1 group\/turn-messages focus-visible:outline-hidden relative flex w-full min-w-0 flex-col agent-turn\" tabindex=\"-1\">\n<div class=\"flex max-w-full flex-col grow\">\n<div class=\"min-h-8 text-message relative flex w-full flex-col items-end gap-2 text-start break-words whitespace-normal [.text-message+&amp;]:mt-5\" dir=\"auto\" data-message-author-role=\"assistant\" data-message-id=\"3bb03539-3a89-4642-92ac-3f0ed7be2696\" data-message-model-slug=\"gpt-5\">\n<div class=\"flex w-full flex-col gap-1 empty:hidden first:pt-[3px]\">\n<div class=\"markdown prose dark:prose-invert w-full break-words light markdown-new-styling\">\n<p data-start=\"0\" data-end=\"130\"><strong data-start=\"1\" data-end=\"34\">Intel Core Ultra 5 250KF Plus<\/strong> un <strong data-start=\"40\" data-end=\"78\">NVIDIA GeForce RTX 5080 16GB GDDR7<\/strong> \u2013 <strong data-start=\"82\" data-end=\"130\">augst\u0101k\u0101s klases kombin\u0101cija 1440p un 4K sp\u0113l\u0113m<\/strong><\/p>\n<p data-start=\"132\" data-end=\"621\">\u0160\u012b kombin\u0101cija paredz\u0113ta sp\u0113l\u0113t\u0101jiem, kuri v\u0113las <strong data-start=\"176\" data-end=\"204\">maksim\u0101lu 1440p veiktsp\u0113ju<\/strong> un v\u0113las baud\u012bt <strong data-start=\"222\" data-end=\"256\">raibu 4K sp\u0113\u013cu pieredzi<\/strong> ar ultra grafikas iestat\u012bjumiem. <strong data-start=\"289\" data-end=\"316\">Core Ultra 5 250KF Plus<\/strong> izce\u013cas ar modernu Intel arhitekt\u016bru un augstu boost frekvenci, t\u0101p\u0113c lieliski piem\u0113rots gan sp\u0113l\u0113m, gan produktivit\u0101tei, bet <strong data-start=\"438\" data-end=\"461\">RTX 5080 16GB GDDR7<\/strong> nodro\u0161ina augst\u0101k\u0101s klases NVIDIA grafisko jaudu ar <strong data-start=\"516\" data-end=\"526\">DLSS 4<\/strong>, <strong data-start=\"528\" data-end=\"548\">Frame Generation<\/strong> un progres\u012bvu ray tracing atbalstu.<\/p>\n<p data-start=\"623\" data-end=\"670\">Procesors <strong data-start=\"636\" data-end=\"669\">Intel Core Ultra 5 250KF Plus<\/strong><\/p>\n<p data-start=\"672\" data-end=\"1050\">Arhitekt\u016bra un kodoli jaun\u0101s paaudzes Intel arhitekt\u016bra ar <strong data-start=\"736\" data-end=\"753\">18 kodoliem<\/strong>, optimiz\u0113ta sp\u0113l\u0113m un produktivit\u0101tei.<br data-start=\"794\" data-end=\"797\">Frekvence augsta b\u0101zes frekvence un boost re\u017e\u012bms l\u012bdz <strong data-start=\"848\" data-end=\"859\">5.3 GHz<\/strong> \u013cauj uztur\u0113t <strong data-start=\"878\" data-end=\"924\">augstu FPS pat sare\u017e\u0123\u012bt\u0101s sp\u0113\u013cu ain\u0101s<\/strong>.<br data-start=\"925\" data-end=\"928\">Tehnolo\u0123ijas atbalst\u012bts <strong data-start=\"953\" data-end=\"961\">DDR5<\/strong> atmi\u0146as standarts un modern\u0101s Intel optimiz\u0101cijas nodro\u0161ina \u0101tru sist\u0113mas darb\u012bbu.<\/p>\n<p data-start=\"1052\" data-end=\"1107\">Videokarte \u201c<strong data-start=\"1068\" data-end=\"1106\">NVIDIA GeForce RTX 5080 16GB GDDR7<\/strong>\u201d<\/p>\n<p data-start=\"1109\" data-end=\"1641\">Arhitekt\u016bra jaun\u0101s paaudzes <strong data-start=\"1136\" data-end=\"1156\">NVIDIA Blackwell<\/strong> arhitekt\u016bra ar <strong data-start=\"1173\" data-end=\"1208\">CUDA, RT un Tensor kodoliem<\/strong>, atbalstot <strong data-start=\"1221\" data-end=\"1231\">DLSS 4<\/strong>, <strong data-start=\"1233\" data-end=\"1253\">Frame Generation<\/strong> un ray tracing. <br data-start=\"1307\" data-end=\"1310\">Atmi\u0146a <strong data-start=\"1319\" data-end=\"1334\">16 GB GDDR7<\/strong> nodro\u0161ina lielu rezervi <strong data-start=\"1359\" data-end=\"1388\">1440p un 4K AAA sp\u0113l\u0113m<\/strong>, \u013cauj izmantot augstus tekst\u016bru iestat\u012bjumus un ray tracing efektus. <br data-start=\"1496\" data-end=\"1499\">Tehnolo\u0123ijas <strong data-start=\"1513\" data-end=\"1523\">DLSS 4<\/strong> \u013cauj uztur\u0113t \u012bpa\u0161i augstu FPS pat izmantojot progres\u012bv\u0101kos grafikas efektus.<\/p>\n<\/div>\n<\/div>\n<\/div>\n<\/div>\n<\/div>\n<\/div>\n<p data-start=\"2044\" data-end=\"2094\"><strong>Paredzama FPS veiktsp\u0113ja 1440p un 4K iz\u0161\u0137irtsp\u0113j\u0101:<\/strong><\/p>\n<p data-start=\"2096\" data-end=\"2515\"><strong data-start=\"2096\" data-end=\"2114\">Cyberpunk 2077<\/strong> \u2013 ~170 FPS (1440p, Ultra + DLSS Quality) \/ ~120 FPS (4K, High + DLSS Balanced)<br data-start=\"2193\" data-end=\"2196\"><strong data-start=\"2196\" data-end=\"2225\">Call of Duty: Black Ops 6<\/strong> \u2013 ~220 FPS (1440p, Ultra) \/ ~160 FPS (4K, Ultra)<br data-start=\"2274\" data-end=\"2277\"><strong data-start=\"2277\" data-end=\"2296\">Forza Horizon 5<\/strong> \u2013 ~200 FPS (1440p, Ultra) \/ ~145 FPS (4K, Ultra)<br data-start=\"2345\" data-end=\"2348\"><strong data-start=\"2348\" data-end=\"2375\">Assassin&#8217;s Creed Mirage<\/strong> \u2013 ~175 FPS (1440p, High) \/ ~130 FPS (4K, High)<br data-start=\"2422\" data-end=\"2425\"><strong data-start=\"2425\" data-end=\"2440\">Alan Wake 2<\/strong> \u2013 ~140 FPS (1440p, High RT + DLSS) \/ ~105 FPS (4K, High + DLSS Balanced)<\/p>\n<p><em>\u0160ie skait\u013ci realit\u0101t\u0113 var at\u0161\u0137irties atkar\u012bb\u0101 no konkr\u0113tiem sp\u0113les iestat\u012bjumiem, optimiz\u0101cijas un citiem sist\u0113mas komponentiem.<\/em><\/p>\n","protected":false},"excerpt":{"rendered":"<p>Intel Core Ultra 5 250KF Plus un NVIDIA GeForce RTX 5080 16GB GDDR7 \u2013 augst\u0101k\u0101s klases kombin\u0101cija 1440p un 4K<\/p>\n","protected":false},"featured_media":22040,"comment_status":"open","ping_status":"closed","template":"","meta":[],"product_brand":[1749],"product_cat":[495],"product_tag":[510],"class_list":{"0":"post-55008","1":"product","2":"type-product","3":"status-publish","4":"has-post-thumbnail","6":"product_brand-amberglow","7":"product_cat-stacionarie-datori","8":"product_tag-ddr5-nuo-16gb-512gb","9":"pa_garantija-24-men-lv","10":"pa_prekes-zenklas-amberglow-lv","11":"pa_procesoriaus-branduoliai-1763","12":"pa_vaizdo-plokstes-atmintis-16gb-lv","13":"pa_vaizdo-plokstes-modelis-rtx-5080-lv","15":"first","16":"instock","17":"taxable","18":"shipping-taxable","19":"purchasable","20":"product-type-simple"},"_links":{"self":[{"href":"https:\/\/amberglow.lt\/lv\/wp-json\/wp\/v2\/product\/55008","targetHints":{"allow":["GET"]}}],"collection":[{"href":"https:\/\/amberglow.lt\/lv\/wp-json\/wp\/v2\/product"}],"about":[{"href":"https:\/\/amberglow.lt\/lv\/wp-json\/wp\/v2\/types\/product"}],"replies":[{"embeddable":true,"href":"https:\/\/amberglow.lt\/lv\/wp-json\/wp\/v2\/comments?post=55008"}],"version-history":[{"count":0,"href":"https:\/\/amberglow.lt\/lv\/wp-json\/wp\/v2\/product\/55008\/revisions"}],"wp:featuredmedia":[{"embeddable":true,"href":"https:\/\/amberglow.lt\/lv\/wp-json\/wp\/v2\/media\/22040"}],"wp:attachment":[{"href":"https:\/\/amberglow.lt\/lv\/wp-json\/wp\/v2\/media?parent=55008"}],"wp:term":[{"taxonomy":"product_brand","embeddable":true,"href":"https:\/\/amberglow.lt\/lv\/wp-json\/wp\/v2\/product_brand?post=55008"},{"taxonomy":"product_cat","embeddable":true,"href":"https:\/\/amberglow.lt\/lv\/wp-json\/wp\/v2\/product_cat?post=55008"},{"taxonomy":"product_tag","embeddable":true,"href":"https:\/\/amberglow.lt\/lv\/wp-json\/wp\/v2\/product_tag?post=55008"}],"curies":[{"name":"wp","href":"https:\/\/api.w.org\/{rel}","templated":true}]}}