{"id":55010,"date":"2026-05-07T14:03:11","date_gmt":"2026-05-07T11:03:11","guid":{"rendered":"https:\/\/amberglow.lt\/Bez kategorijas\/stacionarais-dators-ryzen-9-9950x3d2-dual-edition-rtx-5070-12gb\/"},"modified":"2026-05-07T14:03:11","modified_gmt":"2026-05-07T11:03:11","slug":"stacionarais-dators-ryzen-9-9950x3d2-dual-edition-rtx-5070-12gb","status":"publish","type":"product","link":"https:\/\/amberglow.lt\/lv\/stacionarie-datori\/stacionarais-dators-ryzen-9-9950x3d2-dual-edition-rtx-5070-12gb\/","title":{"rendered":"Stacion\u0101rais dators Ryzen 9 9950X3D2 Dual Edition, RTX 5070 12GB"},"content":{"rendered":"<p data-start=\"0\" data-end=\"128\">\u201e<strong data-start=\"1\" data-end=\"38\">AMD Ryzen 9 9950X3D2 Dual Edition<\/strong>\u201c un \u201e<strong data-start=\"44\" data-end=\"82\">NVIDIA GeForce RTX 5070 12GB GDDR7<\/strong>\u201c \u2013 <strong data-start=\"86\" data-end=\"128\">jaud\u012bga kombin\u0101cija 1440p un 4K sp\u0113l\u0113m<\/strong><\/p>\n<p data-start=\"130\" data-end=\"570\">\u0160\u012b kombin\u0101cija ir paredz\u0113ta sp\u0113l\u0113t\u0101jiem un satura veidot\u0101jiem, kuri tiecas p\u0113c <strong data-start=\"194\" data-end=\"208\">augsta FPS<\/strong>, vienm\u0113r\u012bgas darb\u012bbas un maksim\u0101las veiktsp\u0113jas modern\u0101s AAA sp\u0113l\u0113s. \u201e<strong data-start=\"279\" data-end=\"312\">Ryzen 9 9950X3D2 Dual Edition<\/strong>\u201c ar dubulto <strong data-start=\"325\" data-end=\"339\">3D V-Cache<\/strong> nodro\u0161ina vienu no lab\u0101kaj\u0101m procesora veiktsp\u0113j\u0101m tirg\u016b, savuk\u0101rt \u201e<strong data-start=\"398\" data-end=\"421\">RTX 5070 12GB GDDR7<\/strong>\u201c sniedz modernu NVIDIA grafisko jaudu ar <strong data-start=\"465\" data-end=\"475\">DLSS 4<\/strong>, <strong data-start=\"477\" data-end=\"497\">Frame Generation<\/strong> un progres\u012bvu staru izseko\u0161anas atbalstu.<\/p>\n<p data-start=\"572\" data-end=\"623\">Procesors \u201e<strong data-start=\"585\" data-end=\"622\">AMD Ryzen 9 9950X3D2 Dual Edition<\/strong>\u201c<\/p>\n<p data-start=\"625\" data-end=\"1107\">Arhitekt\u016bra un kodoli <strong data-start=\"653\" data-end=\"677\">\u201eZen 5\u201c arhitekt\u016bra<\/strong>, <strong data-start=\"679\" data-end=\"708\">16 kodoli un 32 pavedieni<\/strong>, papildin\u0101ta ar <strong data-start=\"720\" data-end=\"739\">Dual 3D V-Cache<\/strong> tehnolo\u0123iju, optimiz\u0113ta maksim\u0101lai sp\u0113\u013cu un profesion\u0101lo uzdevumu veiktsp\u0113jai.<br data-start=\"820\" data-end=\"823\">Frekvence augsta b\u0101zes frekvence un boost re\u017e\u012bms l\u012bdz <strong data-start=\"874\" data-end=\"885\">5.6 GHz<\/strong> \u013cauj uztur\u0113t \u012bpa\u0161i augstu FPS pat CPU pras\u012bg\u0101s sp\u0113l\u0113s.<br data-start=\"957\" data-end=\"960\">Atmi\u0146a l\u012bdz <strong data-start=\"973\" data-end=\"992\">192 MB L3 ke\u0161atmi\u0146as<\/strong> iev\u0113rojami uzlabo sist\u0113mas reakciju, samazina mikrostostus un palielina veiktsp\u0113ju gan sp\u0113l\u0113s, gan render\u0113\u0161an\u0101.<\/p>\n<p data-start=\"1109\" data-end=\"1164\">Videokarte \u201e<strong data-start=\"1125\" data-end=\"1163\">NVIDIA GeForce RTX 5070 12GB GDDR7<\/strong>\u201c<\/p>\n<p data-start=\"1166\" data-end=\"1703\">Arhitekt\u016bra jaun\u0101s paaudzes <strong data-start=\"1193\" data-end=\"1213\">NVIDIA Blackwell<\/strong> arhitekt\u016bra ar <strong data-start=\"1230\" data-end=\"1265\">CUDA, RT un Tensor kodoliem<\/strong>, kas atbalsta <strong data-start=\"1278\" data-end=\"1288\">DLSS 4<\/strong>, <strong data-start=\"1290\" data-end=\"1310\">Frame Generation<\/strong> un staru izseko\u0161anu. <br data-start=\"1364\" data-end=\"1367\">Atmi\u0146a <strong data-start=\"1376\" data-end=\"1391\">12 GB GDDR7<\/strong> nodro\u0161ina lielisku rezervi <strong data-start=\"1415\" data-end=\"1444\">1440p un 4K AAA sp\u0113l\u0113m<\/strong>, \u013cauj izmantot augstus tekst\u016bru iestat\u012bjumus un staru izseko\u0161anas efektus. <br data-start=\"1552\" data-end=\"1555\">Tehnolo\u0123ijas <strong data-start=\"1569\" data-end=\"1579\">DLSS 4<\/strong> \u013cauj uztur\u0113t augstu FPS pat izmantojot progres\u012bvus grafikas efektus un staru izseko\u0161anu.<\/p>\n<p data-start=\"776\" data-end=\"1115\"><strong>Pilna specifik\u0101cija:<\/strong><\/p>\n<ul>\n<li><strong><span data-sheets-root=\"1\">Ryzen 9 9950X3D2 Dual Edition<\/span>: <\/strong>16 kodoli, 32 pavedieni, 4.3-5.6GHz<\/li>\n<li><strong>MSI PRO X870E GAMING PLUS WIFI<\/strong> vai l\u012bdz\u012bga pamatplate<\/li>\n<li><strong><span data-sheets-root=\"1\">DeepCool AG620 BK ARGB V2<\/span> dzes\u0113t\u0101js<\/strong><\/li>\n<li><span data-sheets-root=\"1\"><strong>32GB (2x16GB) DDR5 6000MHz | Corsair Vengeance<\/strong> vai l\u012bdz\u012bgi<\/span><\/li>\n<li><strong>Kingston NV3 1TB NVMe M.2 SSD <\/strong><\/li>\n<li><span data-sheets-root=\"1\"><strong>Nvidia GeForce RTX 5070 12GB GDDR7 | ASUS Dual OC<\/strong> vai l\u012bdz\u012bga<\/span><\/li>\n<li><span data-sheets-root=\"1\"><strong>Adata XPG 750W 80+ Bronze<\/strong> vai l\u012bdz\u012bgs<\/span><\/li>\n<\/ul>\n<p data-start=\"2136\" data-end=\"2186\"><strong>Paredzama FPS veiktsp\u0113ja 1440p un 4K iz\u0161\u0137irtsp\u0113j\u0101:<\/strong><\/p>\n<p data-start=\"2188\" data-end=\"2607\"><strong data-start=\"2188\" data-end=\"2206\">Cyberpunk 2077<\/strong> \u2013 ~155 FPS (1440p, Ultra + DLSS Quality) \/ ~115 FPS (4K, High + DLSS Balanced)<br data-start=\"2285\" data-end=\"2288\"><strong data-start=\"2288\" data-end=\"2317\">Call of Duty: Black Ops 6<\/strong> \u2013 ~215 FPS (1440p, Ultra) \/ ~155 FPS (4K, Ultra)<br data-start=\"2366\" data-end=\"2369\"><strong data-start=\"2369\" data-end=\"2388\">Forza Horizon 5<\/strong> \u2013 ~190 FPS (1440p, Ultra) \/ ~140 FPS (4K, Ultra)<br data-start=\"2437\" data-end=\"2440\"><strong data-start=\"2440\" data-end=\"2467\">Assassin\u2019s Creed Mirage<\/strong> \u2013 ~165 FPS (1440p, High) \/ ~125 FPS (4K, High)<br data-start=\"2514\" data-end=\"2517\"><strong data-start=\"2517\" data-end=\"2532\">Alan Wake 2<\/strong> \u2013 ~135 FPS (1440p, High RT + DLSS) \/ ~100 FPS (4K, High + DLSS Balanced)<\/p>\n<p><em>\u0160ie skait\u013ci realit\u0101t\u0113 var at\u0161\u0137irties atkar\u012bb\u0101 no konkr\u0113tiem sp\u0113les iestat\u012bjumiem, optimiz\u0101cijas un citiem sist\u0113mas komponentiem.<\/em><\/p>\n","protected":false},"excerpt":{"rendered":"<p>\u201eAMD Ryzen 9 9950X3D2 Dual Edition\u201c un \u201eNVIDIA GeForce RTX 5070 12GB GDDR7\u201c \u2013 jaud\u012bga kombin\u0101cija 1440p un 4K sp\u0113l\u0113m<\/p>\n","protected":false},"featured_media":23604,"comment_status":"open","ping_status":"closed","template":"","meta":[],"product_brand":[1749],"product_cat":[495],"product_tag":[505],"class_list":{"0":"post-55010","1":"product","2":"type-product","3":"status-publish","4":"has-post-thumbnail","6":"product_brand-amberglow","7":"product_cat-stacionarie-datori","8":"product_tag-ddr5-nuo-32gb-1tb","9":"pa_garantija-24-men-lv","10":"pa_prekes-zenklas-amberglow-lv","11":"pa_procesoriaus-branduoliai-16-cores-lv","12":"pa_vaizdo-plokstes-atmintis-12gb-lv","13":"pa_vaizdo-plokstes-modelis-rtx-5070-lv","15":"first","16":"instock","17":"taxable","18":"shipping-taxable","19":"purchasable","20":"product-type-simple"},"_links":{"self":[{"href":"https:\/\/amberglow.lt\/lv\/wp-json\/wp\/v2\/product\/55010","targetHints":{"allow":["GET"]}}],"collection":[{"href":"https:\/\/amberglow.lt\/lv\/wp-json\/wp\/v2\/product"}],"about":[{"href":"https:\/\/amberglow.lt\/lv\/wp-json\/wp\/v2\/types\/product"}],"replies":[{"embeddable":true,"href":"https:\/\/amberglow.lt\/lv\/wp-json\/wp\/v2\/comments?post=55010"}],"version-history":[{"count":0,"href":"https:\/\/amberglow.lt\/lv\/wp-json\/wp\/v2\/product\/55010\/revisions"}],"wp:featuredmedia":[{"embeddable":true,"href":"https:\/\/amberglow.lt\/lv\/wp-json\/wp\/v2\/media\/23604"}],"wp:attachment":[{"href":"https:\/\/amberglow.lt\/lv\/wp-json\/wp\/v2\/media?parent=55010"}],"wp:term":[{"taxonomy":"product_brand","embeddable":true,"href":"https:\/\/amberglow.lt\/lv\/wp-json\/wp\/v2\/product_brand?post=55010"},{"taxonomy":"product_cat","embeddable":true,"href":"https:\/\/amberglow.lt\/lv\/wp-json\/wp\/v2\/product_cat?post=55010"},{"taxonomy":"product_tag","embeddable":true,"href":"https:\/\/amberglow.lt\/lv\/wp-json\/wp\/v2\/product_tag?post=55010"}],"curies":[{"name":"wp","href":"https:\/\/api.w.org\/{rel}","templated":true}]}}