{"id":55012,"date":"2026-05-07T14:51:05","date_gmt":"2026-05-07T11:51:05","guid":{"rendered":"https:\/\/amberglow.lt\/Bez kategorijas\/stacionarais-dators-core-ultra-7-270k-plus-rtx-5060-ti-16gb\/"},"modified":"2026-05-07T14:51:05","modified_gmt":"2026-05-07T11:51:05","slug":"stacionarais-dators-core-ultra-7-270k-plus-rtx-5060-ti-16gb","status":"publish","type":"product","link":"https:\/\/amberglow.lt\/lv\/stacionarie-datori\/stacionarais-dators-core-ultra-7-270k-plus-rtx-5060-ti-16gb\/","title":{"rendered":"Stacion\u0101rais dators Core Ultra 7 270K PLUS, RTX 5060 Ti 16GB"},"content":{"rendered":"<p data-start=\"0\" data-end=\"147\">\u201e<strong data-start=\"1\" data-end=\"33\">Intel Core Ultra 7 270K Plus<\/strong>\u201c un \u201e<strong data-start=\"39\" data-end=\"80\">NVIDIA GeForce RTX 5060 Ti 16GB GDDR7<\/strong>\u201c \u2013 <strong data-start=\"84\" data-end=\"147\">jaud\u012bgs apvienojums 1440p sp\u0113l\u0113m un vienm\u0113r\u012bgai 4K pieredzei<\/strong><\/p>\n<p data-start=\"149\" data-end=\"655\">\u0160is apvienojums ir paredz\u0113ts sp\u0113l\u0113t\u0101jiem un satura veidot\u0101jiem, kuri v\u0113las <strong data-start=\"213\" data-end=\"227\">augstu FPS<\/strong>, vienm\u0113r\u012bgu veiktsp\u0113ju un lielu jaudu gan sp\u0113l\u0113s, gan produktivit\u0101tes uzdevumos. \u201e<strong data-start=\"312\" data-end=\"338\">Core Ultra 7 270K Plus<\/strong>\u201c pied\u0101v\u0101 modernu Intel arhitekt\u016bru, lielu kodolu skaitu un augstu boost frekvenci, padarot to ide\u0101li piem\u0113rotu gan sp\u0113l\u0113m, gan darbam, savuk\u0101rt \u201e<strong data-start=\"480\" data-end=\"506\">RTX 5060 Ti 16GB GDDR7<\/strong>\u201c nodro\u0161ina modernu NVIDIA grafisko jaudu ar <strong data-start=\"550\" data-end=\"560\">DLSS 4<\/strong>, <strong data-start=\"562\" data-end=\"582\">Frame Generation<\/strong> un progres\u012bvu staru izseko\u0161anas atbalstu.<\/p>\n<p data-start=\"657\" data-end=\"703\">Procesors \u201e<strong data-start=\"670\" data-end=\"702\">Intel Core Ultra 7 270K Plus<\/strong>\u201c<\/p>\n<p data-start=\"705\" data-end=\"1097\">Arhitekt\u016bra un kodoli: jaunas paaudzes Intel arhitekt\u016bra ar <strong data-start=\"769\" data-end=\"799\">24 kodoliem (8P + 16E)<\/strong>, optimiz\u0113ta sp\u0113l\u0113m un produktivit\u0101tei.<br data-start=\"840\" data-end=\"843\">Frekvence: augsta b\u0101zes frekvence un boost re\u017e\u012bms l\u012bdz <strong data-start=\"894\" data-end=\"905\">5,5 GHz<\/strong> \u013cauj uztur\u0113t \u012bpa\u0161i augstu FPS pat sare\u017e\u0123\u012bt\u0101s sp\u0113\u013cu ain\u0101s.<br data-start=\"972\" data-end=\"975\">Tehnolo\u0123ijas: atbalst\u012btais <strong data-start=\"1000\" data-end=\"1008\">DDR5<\/strong> atmi\u0146as standarts un modernas Intel optimiz\u0101cijas nodro\u0161ina \u0101tru sist\u0113mas darb\u012bbu.<\/p>\n<p data-start=\"1099\" data-end=\"1157\">Videokarte \u201e<strong data-start=\"1115\" data-end=\"1156\">NVIDIA GeForce RTX 5060 Ti 16GB GDDR7<\/strong>\u201c<\/p>\n<p data-start=\"1159\" data-end=\"1693\">Arhitekt\u016bra: jaunas paaudzes <strong data-start=\"1186\" data-end=\"1206\">NVIDIA Blackwell<\/strong> arhitekt\u016bra ar <strong data-start=\"1223\" data-end=\"1258\">CUDA, RT un Tensor kodoliem<\/strong>, kas atbalsta <strong data-start=\"1271\" data-end=\"1281\">DLSS 4<\/strong>, <strong data-start=\"1283\" data-end=\"1303\">Frame Generation<\/strong> un staru izseko\u0161anu. <br data-start=\"1357\" data-end=\"1360\">Atmi\u0146a: <strong data-start=\"1369\" data-end=\"1384\">16 GB GDDR7<\/strong> nodro\u0161ina lielu rezervi <strong data-start=\"1409\" data-end=\"1434\">1440p un 4K sp\u0113l\u0113m<\/strong>, \u013caujot izmantot augstus tekst\u016bru iestat\u012bjumus un staru izseko\u0161anas efektus. <br data-start=\"1542\" data-end=\"1545\">Tehnolo\u0123ijas: <strong data-start=\"1559\" data-end=\"1569\">DLSS 4<\/strong> \u013cauj uztur\u0113t augstu FPS pat izmantojot progres\u012bvus grafikas efektus un staru izseko\u0161anu.<\/p>\n<p data-start=\"831\" data-end=\"1186\"><strong>Pilna specifik\u0101cija:<\/strong><\/p>\n<ul>\n<li><strong>Intel <span data-sheets-root=\"1\">Core Ultra 7-270K PLUS<\/span>: 2<\/strong>4 kodoli, 24 pavedieni, 3,7-5,54 GHz<\/li>\n<li><span data-sheets-root=\"1\"><strong>ASRock B860 PRO RS<\/strong> vai l\u012bdz\u012bga<\/span><\/li>\n<li><span data-sheets-root=\"1\"><strong>Arctic Freezer 36<\/strong> vai l\u012bdz\u012bgs<\/span><\/li>\n<li><span data-sheets-root=\"1\"><strong>32 GB (2&#215;16 GB) DDR5 6000 MHz | Corsair Vengeance<\/strong> vai l\u012bdz\u012bgi  <\/span><\/li>\n<li><strong>Kingston NV3 1TB NVMe M.2 SSD <\/strong><\/li>\n<li><span data-sheets-root=\"1\"><strong>Nvidia GeForce RTX 5060 Ti 16GB GDDR7 | ASUS Dual OC<\/strong> vai l\u012bdz\u012bga<\/span><\/li>\n<li><span data-sheets-root=\"1\"><strong>Chieftec 650W 80+ Bronze<\/strong> vai l\u012bdz\u012bgs<\/span><\/li>\n<\/ul>\n<p data-start=\"2078\" data-end=\"2128\"><strong>Paredzama FPS veiktsp\u0113ja 1440p un 4K iz\u0161\u0137irtsp\u0113j\u0101:<\/strong><\/p>\n<p data-start=\"2130\" data-end=\"2548\"><strong data-start=\"2130\" data-end=\"2148\">Cyberpunk 2077<\/strong> \u2013 ~145 FPS (1440p, Ultra + DLSS Quality) \/ ~105 FPS (4K, High + DLSS Balanced)<br data-start=\"2227\" data-end=\"2230\"><strong data-start=\"2230\" data-end=\"2259\">Call of Duty: Black Ops 6<\/strong> \u2013 ~205 FPS (1440p, Ultra) \/ ~145 FPS (4K, Ultra)<br data-start=\"2308\" data-end=\"2311\"><strong data-start=\"2311\" data-end=\"2330\">Forza Horizon 5<\/strong> \u2013 ~185 FPS (1440p, Ultra) \/ ~130 FPS (4K, Ultra)<br data-start=\"2379\" data-end=\"2382\"><strong data-start=\"2382\" data-end=\"2409\">Assassin\u2019s Creed Mirage<\/strong> \u2013 ~160 FPS (1440p, High) \/ ~115 FPS (4K, High)<br data-start=\"2456\" data-end=\"2459\"><strong data-start=\"2459\" data-end=\"2474\">Alan Wake 2<\/strong> \u2013 ~125 FPS (1440p, High RT + DLSS) \/ ~90 FPS (4K, High + DLSS Balanced)<\/p>\n<p><em>\u0160ie skait\u013ci realit\u0101t\u0113 var at\u0161\u0137irties atkar\u012bb\u0101 no konkr\u0113tiem sp\u0113les iestat\u012bjumiem, optimiz\u0101cijas un citiem sist\u0113mas komponentiem.<\/em><\/p>\n","protected":false},"excerpt":{"rendered":"<p>\u201eIntel Core Ultra 7 270K Plus\u201c un \u201eNVIDIA GeForce RTX 5060 Ti 16GB GDDR7\u201c \u2013 jaud\u012bgs apvienojums 1440p sp\u0113l\u0113m un<\/p>\n","protected":false},"featured_media":23606,"comment_status":"open","ping_status":"closed","template":"","meta":[],"product_brand":[1749],"product_cat":[495],"product_tag":[505],"class_list":{"0":"post-55012","1":"product","2":"type-product","3":"status-publish","4":"has-post-thumbnail","6":"product_brand-amberglow","7":"product_cat-stacionarie-datori","8":"product_tag-ddr5-nuo-32gb-1tb","9":"pa_garantija-24-men-lv","10":"pa_prekes-zenklas-amberglow-lv","11":"pa_procesoriaus-branduoliai-24-cores-lv","12":"pa_vaizdo-plokstes-atmintis-16gb-lv","13":"pa_vaizdo-plokstes-modelis-rtx-5060-ti-lv","15":"first","16":"instock","17":"taxable","18":"shipping-taxable","19":"purchasable","20":"product-type-simple"},"_links":{"self":[{"href":"https:\/\/amberglow.lt\/lv\/wp-json\/wp\/v2\/product\/55012","targetHints":{"allow":["GET"]}}],"collection":[{"href":"https:\/\/amberglow.lt\/lv\/wp-json\/wp\/v2\/product"}],"about":[{"href":"https:\/\/amberglow.lt\/lv\/wp-json\/wp\/v2\/types\/product"}],"replies":[{"embeddable":true,"href":"https:\/\/amberglow.lt\/lv\/wp-json\/wp\/v2\/comments?post=55012"}],"version-history":[{"count":0,"href":"https:\/\/amberglow.lt\/lv\/wp-json\/wp\/v2\/product\/55012\/revisions"}],"wp:featuredmedia":[{"embeddable":true,"href":"https:\/\/amberglow.lt\/lv\/wp-json\/wp\/v2\/media\/23606"}],"wp:attachment":[{"href":"https:\/\/amberglow.lt\/lv\/wp-json\/wp\/v2\/media?parent=55012"}],"wp:term":[{"taxonomy":"product_brand","embeddable":true,"href":"https:\/\/amberglow.lt\/lv\/wp-json\/wp\/v2\/product_brand?post=55012"},{"taxonomy":"product_cat","embeddable":true,"href":"https:\/\/amberglow.lt\/lv\/wp-json\/wp\/v2\/product_cat?post=55012"},{"taxonomy":"product_tag","embeddable":true,"href":"https:\/\/amberglow.lt\/lv\/wp-json\/wp\/v2\/product_tag?post=55012"}],"curies":[{"name":"wp","href":"https:\/\/api.w.org\/{rel}","templated":true}]}}