{"id":55014,"date":"2026-05-07T15:25:32","date_gmt":"2026-05-07T12:25:32","guid":{"rendered":"https:\/\/amberglow.lt\/Bez kategorijas\/stacionarais-dators-core-ultra-7-265kf-rtx-5050-8gb\/"},"modified":"2026-05-07T15:25:32","modified_gmt":"2026-05-07T12:25:32","slug":"stacionarais-dators-core-ultra-7-265kf-rtx-5050-8gb","status":"publish","type":"product","link":"https:\/\/amberglow.lt\/lv\/stacionarie-datori\/stacionarais-dators-core-ultra-7-265kf-rtx-5050-8gb\/","title":{"rendered":"Stacion\u0101rais dators Core Ultra 7 265KF, RTX 5050 8GB"},"content":{"rendered":"<p data-start=\"0\" data-end=\"120\">\u201c<strong data-start=\"1\" data-end=\"29\">Intel Core Ultra 7 265KF<\/strong>\u201d un \u201c<strong data-start=\"35\" data-end=\"66\">NVIDIA GeForce RTX 5050 8GB<\/strong>\u201d \u2013 <strong data-start=\"70\" data-end=\"120\">l\u012bdzsvarots komplekts 1080p un 1440p sp\u0113l\u0113m<\/strong><\/p>\n<p data-start=\"122\" data-end=\"591\">\u0160is komplekts ir paredz\u0113ts sp\u0113l\u0113t\u0101jiem, kuri v\u0113las <strong data-start=\"166\" data-end=\"195\">augstu FPS 1080p iz\u0161\u0137irtsp\u0113j\u0101<\/strong> un v\u0113las baud\u012bt <strong data-start=\"213\" data-end=\"256\">1440p sp\u0113les ar augstiem iestat\u012bjumiem<\/strong>. \u201c<strong data-start=\"259\" data-end=\"281\">Core Ultra 7 265KF<\/strong>\u201d pied\u0101v\u0101 modernu Intel arhitekt\u016bru, lielu kodolu skaitu un augstu boost frekvenci, padarot to ide\u0101li piem\u0113rotu gan sp\u0113l\u0113m, gan produktivit\u0101tei, savuk\u0101rt \u201c<strong data-start=\"430\" data-end=\"446\">RTX 5050 8GB<\/strong>\u201d nodro\u0161ina n\u0101kam\u0101s paaudzes NVIDIA tehnolo\u0123ijas ar <strong data-start=\"495\" data-end=\"505\">DLSS 4<\/strong>, <strong data-start=\"507\" data-end=\"527\">Frame Generation<\/strong> un staru izseko\u0161anas atbalstu. <\/p>\n<p data-start=\"593\" data-end=\"635\">Procesors \u201c<strong data-start=\"606\" data-end=\"634\">Intel Core Ultra 7 265KF<\/strong>\u201d<\/p>\n<p data-start=\"637\" data-end=\"1017\">Arhitekt\u016bra un kodoli: jaun\u0101s paaudzes Intel arhitekt\u016bra ar <strong data-start=\"702\" data-end=\"719\">20 kodoliem<\/strong>, optimiz\u0113ta sp\u0113l\u0113m un produktivit\u0101tei.<br data-start=\"760\" data-end=\"764\">Frekvence: augsta b\u0101zes frekvence un boost re\u017e\u012bms l\u012bdz <strong data-start=\"816\" data-end=\"827\">5,5 GHz<\/strong> \u013cauj uztur\u0113t augstu FPS pat sare\u017e\u0123\u012bt\u0101s sp\u0113\u013cu ain\u0101s.<br data-start=\"889\" data-end=\"893\">Tehnolo\u0123ijas: atbalst\u012bts <strong data-start=\"919\" data-end=\"927\">DDR5<\/strong> atmi\u0146as standarts un modern\u0101s Intel optimiz\u0101cijas nodro\u0161ina \u0101tru sist\u0113mas darb\u012bbu.<\/p>\n<p data-start=\"1019\" data-end=\"1067\">Videokarte \u201c<strong data-start=\"1035\" data-end=\"1066\">NVIDIA GeForce RTX 5050 8GB<\/strong>\u201d<\/p>\n<p data-start=\"1069\" data-end=\"1521\">Arhitekt\u016bra: jaun\u0101s paaudzes <strong data-start=\"1097\" data-end=\"1117\">NVIDIA Blackwell<\/strong> arhitekt\u016bra ar CUDA, RT un Tensor kodoliem, atbalstot <strong data-start=\"1178\" data-end=\"1188\">DLSS 4<\/strong>, <strong data-start=\"1190\" data-end=\"1210\">Frame Generation<\/strong> un ray tracing. <br data-start=\"1264\" data-end=\"1267\">Atmi\u0146a: <strong data-start=\"1277\" data-end=\"1291\">8 GB GDDR6<\/strong> lieliski der <strong data-start=\"1306\" data-end=\"1321\">1080p Ultra<\/strong> un <strong data-start=\"1325\" data-end=\"1339\">1440p High<\/strong> sp\u0113l\u0113m. <br data-start=\"1388\" data-end=\"1391\">Tehnolo\u0123ijas: DLSS 4 \u013cauj uztur\u0113t augstu FPS pat izmantojot progres\u012bvus grafikas efektus.<\/p>\n<p data-start=\"831\" data-end=\"1186\"><strong>Pilna specifik\u0101cija:<\/strong><\/p>\n<ul>\n<li><strong>Intel <span data-sheets-root=\"1\">Core Ultra 7-265KF<\/span>: <\/strong>20 kodoli, 20 pavedieni, 3,9-5,5 GHz<\/li>\n<li><span data-sheets-root=\"1\"><strong>ASRock B860 PRO RS<\/strong> vai l\u012bdz\u012bga<\/span><\/li>\n<li><span data-sheets-root=\"1\"><strong>Arctic Freezer 36<\/strong> vai l\u012bdz\u012bgs<\/span><\/li>\n<li><span data-sheets-root=\"1\"><strong>32GB (2x16GB) DDR5 6000MHz | Corsair Vengeance<\/strong> vai l\u012bdz\u012bgi<\/span><\/li>\n<li><strong>Kingston NV3 1TB NVMe M.2 SSD <\/strong><\/li>\n<li><span data-sheets-root=\"1\"><strong>Nvidia GeForce RTX 5050 8GB | Asus Dual OC<\/strong> vai l\u012bdz\u012bga<\/span><\/li>\n<li><span data-sheets-root=\"1\"><strong>Chieftec 650W 80+ Bronze<\/strong> vai l\u012bdz\u012bgs<\/span><\/li>\n<\/ul>\n<p data-start=\"1911\" data-end=\"1964\"><strong>Paredzamie FPS rezult\u0101ti 1080p un 1440p iz\u0161\u0137irtsp\u0113j\u0101s<\/strong>:<\/p>\n<p data-start=\"1966\" data-end=\"2396\"><strong data-start=\"1966\" data-end=\"1984\">Cyberpunk 2077<\/strong> \u2013 ~105 FPS (1080p, High + DLSS Quality) \/ ~70 FPS (1440p, High + DLSS Balanced)<br data-start=\"2064\" data-end=\"2067\"><strong data-start=\"2067\" data-end=\"2096\">Call of Duty: Black Ops 6<\/strong> \u2013 ~155 FPS (1080p, Ultra) \/ ~110 FPS (1440p, High)<br data-start=\"2147\" data-end=\"2150\"><strong data-start=\"2150\" data-end=\"2169\">Forza Horizon 5<\/strong> \u2013 ~135 FPS (1080p, Ultra) \/ ~95 FPS (1440p, High)<br data-start=\"2219\" data-end=\"2222\"><strong data-start=\"2222\" data-end=\"2249\">Assassin&#8217;s Creed Mirage<\/strong> \u2013 ~120 FPS (1080p, High) \/ ~85 FPS (1440p, High)<br data-start=\"2298\" data-end=\"2301\"><strong data-start=\"2301\" data-end=\"2316\">Alan Wake 2<\/strong> \u2013 ~85 FPS (1080p, Medium RT + DLSS) \/ ~60 FPS (1440p, Medium + DLSS Balanced)<\/p>\n<p><em>\u0160ie skait\u013ci var at\u0161\u0137irties realit\u0101t\u0113 atkar\u012bb\u0101 no konkr\u0113tiem sp\u0113les iestat\u012bjumiem, optimiz\u0101cijas un citiem sist\u0113mas komponentiem<\/em><\/p>\n","protected":false},"excerpt":{"rendered":"<p>\u201cIntel Core Ultra 7 265KF\u201d un \u201cNVIDIA GeForce RTX 5050 8GB\u201d \u2013 l\u012bdzsvarots komplekts 1080p un 1440p sp\u0113l\u0113m \u0160is komplekts<\/p>\n","protected":false},"featured_media":19456,"comment_status":"open","ping_status":"closed","template":"","meta":[],"product_brand":[1749],"product_cat":[495],"product_tag":[505],"class_list":{"0":"post-55014","1":"product","2":"type-product","3":"status-publish","4":"has-post-thumbnail","6":"product_brand-amberglow","7":"product_cat-stacionarie-datori","8":"product_tag-ddr5-nuo-32gb-1tb","9":"pa_garantija-24-men-lv","10":"pa_prekes-zenklas-amberglow-lv","11":"pa_procesoriaus-branduoliai-20-cores-lv","12":"pa_vaizdo-plokstes-atmintis-8gb-lv","13":"pa_vaizdo-plokstes-modelis-rtx-5050-lv","15":"first","16":"instock","17":"taxable","18":"shipping-taxable","19":"purchasable","20":"product-type-simple"},"_links":{"self":[{"href":"https:\/\/amberglow.lt\/lv\/wp-json\/wp\/v2\/product\/55014","targetHints":{"allow":["GET"]}}],"collection":[{"href":"https:\/\/amberglow.lt\/lv\/wp-json\/wp\/v2\/product"}],"about":[{"href":"https:\/\/amberglow.lt\/lv\/wp-json\/wp\/v2\/types\/product"}],"replies":[{"embeddable":true,"href":"https:\/\/amberglow.lt\/lv\/wp-json\/wp\/v2\/comments?post=55014"}],"version-history":[{"count":0,"href":"https:\/\/amberglow.lt\/lv\/wp-json\/wp\/v2\/product\/55014\/revisions"}],"wp:featuredmedia":[{"embeddable":true,"href":"https:\/\/amberglow.lt\/lv\/wp-json\/wp\/v2\/media\/19456"}],"wp:attachment":[{"href":"https:\/\/amberglow.lt\/lv\/wp-json\/wp\/v2\/media?parent=55014"}],"wp:term":[{"taxonomy":"product_brand","embeddable":true,"href":"https:\/\/amberglow.lt\/lv\/wp-json\/wp\/v2\/product_brand?post=55014"},{"taxonomy":"product_cat","embeddable":true,"href":"https:\/\/amberglow.lt\/lv\/wp-json\/wp\/v2\/product_cat?post=55014"},{"taxonomy":"product_tag","embeddable":true,"href":"https:\/\/amberglow.lt\/lv\/wp-json\/wp\/v2\/product_tag?post=55014"}],"curies":[{"name":"wp","href":"https:\/\/api.w.org\/{rel}","templated":true}]}}