{"id":55016,"date":"2026-05-08T07:48:01","date_gmt":"2026-05-08T04:48:01","guid":{"rendered":"https:\/\/amberglow.lt\/Bez kategorijas\/stacionarais-dators-core-ultra-7-265kf-rtx-5060-ti-8gb\/"},"modified":"2026-05-08T07:48:01","modified_gmt":"2026-05-08T04:48:01","slug":"stacionarais-dators-core-ultra-7-265kf-rtx-5060-ti-8gb","status":"publish","type":"product","link":"https:\/\/amberglow.lt\/lv\/stacionarie-datori\/stacionarais-dators-core-ultra-7-265kf-rtx-5060-ti-8gb\/","title":{"rendered":"Stacion\u0101rais dators Core Ultra 7 265KF, RTX 5060 Ti 8GB"},"content":{"rendered":"<p data-start=\"0\" data-end=\"141\">&#8220;<strong data-start=\"1\" data-end=\"29\">Intel Core Ultra 7 265KF<\/strong>&#8221; un &#8220;<strong data-start=\"35\" data-end=\"75\">NVIDIA GeForce RTX 5060 Ti 8GB GDDR7<\/strong>&#8221; \u2013 <strong data-start=\"79\" data-end=\"141\">jaud\u012bgs un sabalans\u0113ts komplekts 1080p un 1440p sp\u0113l\u0113m<\/strong><\/p>\n<p data-start=\"143\" data-end=\"649\">\u0160is komplekts paredz\u0113ts sp\u0113l\u0113t\u0101jiem, kuri v\u0113las <strong data-start=\"187\" data-end=\"225\">augstu FPS 1080p un 1440p iz\u0161\u0137irtsp\u0113j\u0101s<\/strong> un baud\u012bt modernas AAA sp\u0113les ar augstiem grafikas iestat\u012bjumiem. &#8220;<strong data-start=\"304\" data-end=\"326\">Core Ultra 7 265KF<\/strong>&#8221; pied\u0101v\u0101 modernu Intel arhitekt\u016bru, lielu kodolu skaitu un augstu boost frekvenci, t\u0101p\u0113c tas ir lieliski piem\u0113rots gan sp\u0113l\u0113m, gan produktivit\u0101tei, savuk\u0101rt &#8220;<strong data-start=\"475\" data-end=\"500\">RTX 5060 Ti 8GB GDDR7<\/strong>&#8221; nodro\u0161ina modernu NVIDIA grafisko jaudu ar <strong data-start=\"544\" data-end=\"554\">DLSS 4<\/strong>, <strong data-start=\"556\" data-end=\"576\">Frame Generation<\/strong> un progres\u012bvu staru izseko\u0161anas atbalstu.<\/p>\n<p data-start=\"651\" data-end=\"693\">Procesors &#8220;<strong data-start=\"664\" data-end=\"692\">Intel Core Ultra 7 265KF<\/strong>&#8220;<\/p>\n<p data-start=\"695\" data-end=\"1072\">Arhitekt\u016bra un kodoli: jaun\u0101s paaudzes Intel arhitekt\u016bra ar <strong data-start=\"760\" data-end=\"777\">20 kodoliem<\/strong>, optimiz\u0113ta sp\u0113l\u0113m un produktivit\u0101tei.<br data-start=\"818\" data-end=\"821\">Frekvence: augsta b\u0101zes frekvence un boost re\u017e\u012bms l\u012bdz <strong data-start=\"873\" data-end=\"884\">5,5 GHz<\/strong> \u013cauj uztur\u0113t augstu FPS pat sare\u017e\u0123\u012bt\u0101s sp\u0113\u013cu ain\u0101s.<br data-start=\"946\" data-end=\"949\">Tehnolo\u0123ijas: <strong data-start=\"975\" data-end=\"983\">DDR5<\/strong> atmi\u0146as standarta atbalsts un modernas Intel optimiz\u0101cijas nodro\u0161ina \u0101tru sist\u0113mas darb\u012bbu.<\/p>\n<p data-start=\"1074\" data-end=\"1131\">Videokarte \u201e<strong data-start=\"1090\" data-end=\"1130\">NVIDIA GeForce RTX 5060 Ti 8GB GDDR7<\/strong>\u201c<\/p>\n<p data-start=\"1133\" data-end=\"1600\">Arhitekt\u016bra: jaun\u0101s paaudzes <strong data-start=\"1161\" data-end=\"1181\">NVIDIA Blackwell<\/strong> arhitekt\u016bra ar CUDA, RT un Tensor kodoliem, kas atbalsta <strong data-start=\"1242\" data-end=\"1252\">DLSS 4<\/strong>, <strong data-start=\"1254\" data-end=\"1274\">Frame Generation<\/strong> un staru izseko\u0161anu. <br data-start=\"1328\" data-end=\"1331\">Atmi\u0146a: <strong data-start=\"1341\" data-end=\"1355\">8 GB GDDR7<\/strong> ir lieliski piem\u0113rota <strong data-start=\"1370\" data-end=\"1385\">1080p Ultra<\/strong> un <strong data-start=\"1389\" data-end=\"1403\">1440p High<\/strong> sp\u0113l\u0113m. <br data-start=\"1452\" data-end=\"1455\">Tehnolo\u0123ijas: DLSS 4 \u013cauj uztur\u0113t augstu FPS pat ar progres\u012bviem grafikas efektiem un staru izseko\u0161anu.<\/p>\n<p data-start=\"831\" data-end=\"1186\"><strong>Pilna specifik\u0101cija:<\/strong><\/p>\n<ul>\n<li><strong>Intel <span data-sheets-root=\"1\">Core Ultra 7-265KF<\/span>: <\/strong>20 kodoli, 20 pavedieni, 3,9-5,5 GHz<\/li>\n<li><span data-sheets-root=\"1\"><strong>ASRock B860 PRO RS<\/strong> vai l\u012bdz\u012bga<\/span><\/li>\n<li><span data-sheets-root=\"1\"><strong>Arctic Freezer 36<\/strong> vai l\u012bdz\u012bgs<\/span><\/li>\n<li><span data-sheets-root=\"1\"><strong>32GB (2x16GB) DDR5 6000MHz | Corsair Vengeance<\/strong> vai l\u012bdz\u012bgi<\/span><\/li>\n<li><strong>Kingston NV3 1TB NVMe M.2 SSD <\/strong><\/li>\n<li><span data-sheets-root=\"1\"><strong>Nvidia GeForce RTX 5060 Ti 8GB | Asus Dual OC<\/strong> vai l\u012bdz\u012bga<\/span><\/li>\n<li><span data-sheets-root=\"1\"><strong>Chieftec 650W 80+ Bronze<\/strong> vai l\u012bdz\u012bgs<\/span><\/li>\n<\/ul>\n<p data-start=\"1995\" data-end=\"2048\"><strong>Paredzama FPS veiktsp\u0113ja 1080p un 1440p iz\u0161\u0137irtsp\u0113j\u0101:<\/strong><\/p>\n<p data-start=\"2050\" data-end=\"2483\"><strong data-start=\"2050\" data-end=\"2068\">Cyberpunk 2077<\/strong> \u2013 ~145 FPS (1080p, Ultra + DLSS Quality) \/ ~100 FPS (1440p, High + DLSS Balanced)<br data-start=\"2150\" data-end=\"2153\"><strong data-start=\"2153\" data-end=\"2182\">Call of Duty: Black Ops 6<\/strong> \u2013 ~210 FPS (1080p, Ultra) \/ ~155 FPS (1440p, Ultra)<br data-start=\"2234\" data-end=\"2237\"><strong data-start=\"2237\" data-end=\"2256\">Forza Horizon 5<\/strong> \u2013 ~185 FPS (1080p, Ultra) \/ ~135 FPS (1440p, Ultra)<br data-start=\"2308\" data-end=\"2311\"><strong data-start=\"2311\" data-end=\"2338\">Assassin\u2019s Creed Mirage<\/strong> \u2013 ~160 FPS (1080p, High) \/ ~115 FPS (1440p, High)<br data-start=\"2388\" data-end=\"2391\"><strong data-start=\"2391\" data-end=\"2406\">Alan Wake 2<\/strong> \u2013 ~120 FPS (1080p, High RT + DLSS) \/ ~85 FPS (1440p, High + DLSS Balanced)<\/p>\n<p><em>\u0160ie skait\u013ci var at\u0161\u0137irties realit\u0101t\u0113 atkar\u012bb\u0101 no konkr\u0113tiem sp\u0113les iestat\u012bjumiem, optimiz\u0101cijas un citiem sist\u0113mas komponentiem<\/em><\/p>\n","protected":false},"excerpt":{"rendered":"<p>&#8220;Intel Core Ultra 7 265KF&#8221; un &#8220;NVIDIA GeForce RTX 5060 Ti 8GB GDDR7&#8221; \u2013 jaud\u012bgs un sabalans\u0113ts komplekts 1080p un<\/p>\n","protected":false},"featured_media":19456,"comment_status":"open","ping_status":"closed","template":"","meta":[],"product_brand":[1749],"product_cat":[495],"product_tag":[505],"class_list":{"0":"post-55016","1":"product","2":"type-product","3":"status-publish","4":"has-post-thumbnail","6":"product_brand-amberglow","7":"product_cat-stacionarie-datori","8":"product_tag-ddr5-nuo-32gb-1tb","9":"pa_garantija-24-men-lv","10":"pa_prekes-zenklas-amberglow-lv","11":"pa_procesoriaus-branduoliai-20-cores-lv","12":"pa_vaizdo-plokstes-atmintis-8gb-lv","13":"pa_vaizdo-plokstes-modelis-rtx-5060-ti-lv","15":"first","16":"instock","17":"taxable","18":"shipping-taxable","19":"purchasable","20":"product-type-simple"},"_links":{"self":[{"href":"https:\/\/amberglow.lt\/lv\/wp-json\/wp\/v2\/product\/55016","targetHints":{"allow":["GET"]}}],"collection":[{"href":"https:\/\/amberglow.lt\/lv\/wp-json\/wp\/v2\/product"}],"about":[{"href":"https:\/\/amberglow.lt\/lv\/wp-json\/wp\/v2\/types\/product"}],"replies":[{"embeddable":true,"href":"https:\/\/amberglow.lt\/lv\/wp-json\/wp\/v2\/comments?post=55016"}],"version-history":[{"count":0,"href":"https:\/\/amberglow.lt\/lv\/wp-json\/wp\/v2\/product\/55016\/revisions"}],"wp:featuredmedia":[{"embeddable":true,"href":"https:\/\/amberglow.lt\/lv\/wp-json\/wp\/v2\/media\/19456"}],"wp:attachment":[{"href":"https:\/\/amberglow.lt\/lv\/wp-json\/wp\/v2\/media?parent=55016"}],"wp:term":[{"taxonomy":"product_brand","embeddable":true,"href":"https:\/\/amberglow.lt\/lv\/wp-json\/wp\/v2\/product_brand?post=55016"},{"taxonomy":"product_cat","embeddable":true,"href":"https:\/\/amberglow.lt\/lv\/wp-json\/wp\/v2\/product_cat?post=55016"},{"taxonomy":"product_tag","embeddable":true,"href":"https:\/\/amberglow.lt\/lv\/wp-json\/wp\/v2\/product_tag?post=55016"}],"curies":[{"name":"wp","href":"https:\/\/api.w.org\/{rel}","templated":true}]}}