{"id":55018,"date":"2026-05-08T07:55:32","date_gmt":"2026-05-08T04:55:32","guid":{"rendered":"https:\/\/amberglow.lt\/Bez kategorijas\/stacionarais-dators-i3-13100f-rtx-5050-8gb\/"},"modified":"2026-05-08T07:55:32","modified_gmt":"2026-05-08T04:55:32","slug":"stacionarais-dators-i3-13100f-rtx-5050-8gb","status":"publish","type":"product","link":"https:\/\/amberglow.lt\/lv\/stacionarie-datori\/stacionarais-dators-i3-13100f-rtx-5050-8gb\/","title":{"rendered":"Stacion\u0101rais dators i3-13100F , RTX 5050 8GB"},"content":{"rendered":"<p data-start=\"0\" data-end=\"112\">&#8220;<strong data-start=\"1\" data-end=\"25\">Intel Core i3-13100F<\/strong>&#8221; un &#8220;<strong data-start=\"31\" data-end=\"62\">NVIDIA GeForce RTX 5050 8GB<\/strong>&#8221; \u2013 <strong data-start=\"66\" data-end=\"112\">lieliska bud\u017eeta kombin\u0101cija 1080p sp\u0113l\u0113m<\/strong><\/p>\n<p data-start=\"114\" data-end=\"564\">\u0160\u012b kombin\u0101cija ir dom\u0101ta sp\u0113l\u0113t\u0101jiem, kuri v\u0113las <strong data-start=\"158\" data-end=\"187\">augstu FPS 1080p iz\u0161\u0137irtsp\u0113j\u0101<\/strong> un v\u0113las baud\u012bt m\u016bsdienu AAA un eSport sp\u0113les par labu cenas un veiktsp\u0113jas attiec\u012bbu. &#8220;<strong data-start=\"276\" data-end=\"294\">Core i3-13100F<\/strong>&#8221; izce\u013cas ar lielisku viena kodola veiktsp\u0113ju un efekt\u012bvu Intel arhitekt\u016bru, t\u0101p\u0113c lieliski der sp\u0113l\u0113m, bet &#8220;<strong data-start=\"403\" data-end=\"419\">RTX 5050 8GB<\/strong>&#8221; nodro\u0161ina jaun\u0101s paaudzes NVIDIA tehnolo\u0123ijas ar <strong data-start=\"468\" data-end=\"478\">DLSS 4<\/strong>, <strong data-start=\"480\" data-end=\"500\">Frame Generation<\/strong> un ray tracing atbalstu.<\/p>\n<p data-start=\"566\" data-end=\"604\">Procesors &#8220;<strong data-start=\"579\" data-end=\"603\">Intel Core i3-13100F<\/strong>&#8220;<\/p>\n<p data-start=\"606\" data-end=\"999\">Arhitekt\u016bra un kodoli: <strong data-start=\"635\" data-end=\"669\">13. paaudzes Intel Raptor Lake<\/strong> arhitekt\u016bra ar <strong data-start=\"686\" data-end=\"717\">4 kodoliem un 8 pavedieniem<\/strong>, optimiz\u0113ta sp\u0113l\u0113m un ikdienas lieto\u0161anai.<br data-start=\"766\" data-end=\"769\">Frekvence: boost re\u017e\u012bms l\u012bdz <strong data-start=\"795\" data-end=\"806\">4,5 GHz<\/strong> \u013cauj uztur\u0113t stabilu FPS daudz\u0101s m\u016bsdienu sp\u0113l\u0113s.<br data-start=\"864\" data-end=\"867\">Tehnolo\u0123ijas: atbalst\u012bts <strong data-start=\"893\" data-end=\"909\">DDR4 un DDR5<\/strong> atmi\u0146as standarts un PCIe 5.0 atbalsts nodro\u0161ina labu sist\u0113mas n\u0101kotnes potenci\u0101lu.<\/p>\n<p data-start=\"1001\" data-end=\"1049\">Videokarte \u201e<strong data-start=\"1017\" data-end=\"1048\">NVIDIA GeForce RTX 5050 8GB<\/strong>\u201c<\/p>\n<p data-start=\"1051\" data-end=\"1511\">Arhitekt\u016bra: jaun\u0101s paaudzes <strong data-start=\"1079\" data-end=\"1099\">NVIDIA Blackwell<\/strong> arhitekt\u016bra ar CUDA, RT un Tensor kodoliem, atbalstot <strong data-start=\"1160\" data-end=\"1170\">DLSS 4<\/strong>, <strong data-start=\"1172\" data-end=\"1192\">Frame Generation<\/strong> un ray tracing. <br data-start=\"1246\" data-end=\"1249\">Atmi\u0146a: <strong data-start=\"1259\" data-end=\"1273\">8 GB GDDR6<\/strong> lieliski der <strong data-start=\"1288\" data-end=\"1303\">1080p Ultra<\/strong> un liel\u0101kajai da\u013cai <strong data-start=\"1317\" data-end=\"1331\">1440p High<\/strong> sp\u0113\u013cu. <br data-start=\"1378\" data-end=\"1381\">Tehnolo\u0123ijas: DLSS 4 \u013cauj uztur\u0113t augstu FPS pat izmantojot progres\u012bvus grafikas efektus<\/p>\n<p data-start=\"831\" data-end=\"1186\"><strong>Pilna specifik\u0101cija:<\/strong><\/p>\n<ul>\n<li><strong>Intel Core i3-13100F: <\/strong>4 kodoli, 8 pavedieni, 3,4-4,5GHz<\/li>\n<li><span data-sheets-root=\"1\"><strong>MSI PRO H610M-E<\/strong> vai l\u012bdz\u012bga<\/span><\/li>\n<li><span data-sheets-root=\"1\"><strong>XILENCE XC229 Performance Tower CPU Cooler<\/strong> vai l\u012bdz\u012bgs<\/span><\/li>\n<li><span data-sheets-root=\"1\"><strong>16GB DDR4 3200MHz | G.Skill Aegis<\/strong> vai l\u012bdz\u012bgi<\/span><\/li>\n<li><strong>MSI Spatium M371 500GB NVMe M.2 SSD <\/strong><\/li>\n<li><span data-sheets-root=\"1\"><strong>Nvidia GeForce RTX 5050 8GB | Asus Dual OC<\/strong> vai l\u012bdz\u012bga<\/span><\/li>\n<li><span data-sheets-root=\"1\"><strong>Chieftec 650W 80+ Bronze<\/strong> vai l\u012bdz\u012bgs<\/span><\/li>\n<\/ul>\n<p data-start=\"2029\" data-end=\"2082\"><strong>Paredzama FPS veiktsp\u0113ja 1080p un 1440p iz\u0161\u0137irtsp\u0113j\u0101:<\/strong><\/p>\n<p data-start=\"2084\" data-end=\"2517\"><strong data-start=\"1975\" data-end=\"1993\">Cyberpunk 2077<\/strong> \u2013 ~95 FPS (1080p, High + DLSS Quality) \/ ~65 FPS (1440p, High + DLSS Balanced)<br data-start=\"2072\" data-end=\"2075\"><strong data-start=\"2075\" data-end=\"2104\">Call of Duty: Black Ops 6<\/strong> \u2013 ~150 FPS (1080p, Ultra) \/ ~105 FPS (1440p, High)<br data-start=\"2155\" data-end=\"2158\"><strong data-start=\"2158\" data-end=\"2177\">Forza Horizon 5<\/strong> \u2013 ~130 FPS (1080p, Ultra) \/ ~90 FPS (1440p, High)<br data-start=\"2227\" data-end=\"2230\"><strong data-start=\"2230\" data-end=\"2257\">Assassin&#8217;s Creed Mirage<\/strong> \u2013 ~115 FPS (1080p, High) \/ ~80 FPS (1440p, High)<br data-start=\"2306\" data-end=\"2309\"><strong data-start=\"2309\" data-end=\"2324\">Alan Wake 2<\/strong> \u2013 ~80 FPS (1080p, Medium RT + DLSS) \/ ~55 FPS (1440p, Medium + DLSS Balanced)<\/p>\n<p><em>\u0160ie skait\u013ci realit\u0101t\u0113 var at\u0161\u0137irties atkar\u012bb\u0101 no konkr\u0113tiem sp\u0113les iestat\u012bjumiem, optimiz\u0101cijas un citiem sist\u0113mas komponentiem.<\/em><\/p>\n","protected":false},"excerpt":{"rendered":"<p>&#8220;Intel Core i3-13100F&#8221; un &#8220;NVIDIA GeForce RTX 5050 8GB&#8221; \u2013 lieliska bud\u017eeta kombin\u0101cija 1080p sp\u0113l\u0113m \u0160\u012b kombin\u0101cija ir dom\u0101ta sp\u0113l\u0113t\u0101jiem,<\/p>\n","protected":false},"featured_media":23513,"comment_status":"open","ping_status":"closed","template":"","meta":[],"product_brand":[1749],"product_cat":[495],"product_tag":[508],"class_list":{"0":"post-55018","1":"product","2":"type-product","3":"status-publish","4":"has-post-thumbnail","6":"product_brand-amberglow","7":"product_cat-stacionarie-datori","8":"product_tag-ddr4-nuo-16gb-512gb","9":"pa_garantija-24-men-lv","10":"pa_prekes-zenklas-amberglow-lv","11":"pa_procesoriaus-branduoliai-4-cores-lv","12":"pa_vaizdo-plokstes-atmintis-8gb-lv","13":"pa_vaizdo-plokstes-modelis-rtx-5050-lv","15":"first","16":"instock","17":"taxable","18":"shipping-taxable","19":"purchasable","20":"product-type-simple"},"_links":{"self":[{"href":"https:\/\/amberglow.lt\/lv\/wp-json\/wp\/v2\/product\/55018","targetHints":{"allow":["GET"]}}],"collection":[{"href":"https:\/\/amberglow.lt\/lv\/wp-json\/wp\/v2\/product"}],"about":[{"href":"https:\/\/amberglow.lt\/lv\/wp-json\/wp\/v2\/types\/product"}],"replies":[{"embeddable":true,"href":"https:\/\/amberglow.lt\/lv\/wp-json\/wp\/v2\/comments?post=55018"}],"version-history":[{"count":0,"href":"https:\/\/amberglow.lt\/lv\/wp-json\/wp\/v2\/product\/55018\/revisions"}],"wp:featuredmedia":[{"embeddable":true,"href":"https:\/\/amberglow.lt\/lv\/wp-json\/wp\/v2\/media\/23513"}],"wp:attachment":[{"href":"https:\/\/amberglow.lt\/lv\/wp-json\/wp\/v2\/media?parent=55018"}],"wp:term":[{"taxonomy":"product_brand","embeddable":true,"href":"https:\/\/amberglow.lt\/lv\/wp-json\/wp\/v2\/product_brand?post=55018"},{"taxonomy":"product_cat","embeddable":true,"href":"https:\/\/amberglow.lt\/lv\/wp-json\/wp\/v2\/product_cat?post=55018"},{"taxonomy":"product_tag","embeddable":true,"href":"https:\/\/amberglow.lt\/lv\/wp-json\/wp\/v2\/product_tag?post=55018"}],"curies":[{"name":"wp","href":"https:\/\/api.w.org\/{rel}","templated":true}]}}