{"id":55019,"date":"2026-05-08T10:16:23","date_gmt":"2026-05-08T07:16:23","guid":{"rendered":"https:\/\/amberglow.lt\/Bez kategorijas\/stacionarais-dators-ryzen-5-8400f-rtx-5050-8gb\/"},"modified":"2026-05-08T10:16:23","modified_gmt":"2026-05-08T07:16:23","slug":"stacionarais-dators-ryzen-5-8400f-rtx-5050-8gb","status":"publish","type":"product","link":"https:\/\/amberglow.lt\/lv\/stacionarie-datori\/stacionarais-dators-ryzen-5-8400f-rtx-5050-8gb\/","title":{"rendered":"Stacion\u0101rais dators Ryzen 5 8400F, RTX 5050 8GB"},"content":{"rendered":"<p data-start=\"0\" data-end=\"100\"><strong data-start=\"0\" data-end=\"100\">\u201eAMD Ryzen 5 8400F\u201c un \u201eNVIDIA GeForce RTX 5050 8GB GDDR6\u201c \u2013 lieliska izv\u0113le 1080p sp\u0113l\u0113m<\/strong><\/p>\n<p data-start=\"102\" data-end=\"607\">\u0160\u012b kombin\u0101cija ir paredz\u0113ta sp\u0113l\u0113t\u0101jiem, kuri mekl\u0113 labu cenas un veiktsp\u0113jas attiec\u012bbu 1080p iz\u0161\u0137irtsp\u0113j\u0101 un v\u0113las baud\u012bt modernas AAA sp\u0113les ar augstiem grafikas iestat\u012bjumiem. <strong data-start=\"268\" data-end=\"287\">\u201eRyzen 5 8400F\u201c<\/strong> izce\u013cas ar modernu <strong data-start=\"306\" data-end=\"330\">\u201eZen 4\u201c arhitekt\u016bru<\/strong> un efekt\u012bvu ener\u0123ijas pat\u0113ri\u0146u, t\u0101p\u0113c tas ir lieliski piem\u0113rots gan sp\u0113l\u0113m, gan ikdienas lieto\u0161anai, savuk\u0101rt <strong data-start=\"431\" data-end=\"455\">\u201eRTX 5050 8GB GDDR6\u201c<\/strong> nodro\u0161ina modernu NVIDIA grafisko jaudu ar <strong data-start=\"498\" data-end=\"508\">DLSS 4<\/strong>, <strong data-start=\"510\" data-end=\"530\">Frame Generation<\/strong> un progres\u012bvu <strong data-start=\"543\" data-end=\"558\">ray tracing<\/strong> atbalstu.<\/p>\n<p data-start=\"609\" data-end=\"644\"><strong data-start=\"609\" data-end=\"644\">Procesors \u201eAMD Ryzen 5 8400F\u201c<\/strong><\/p>\n<p data-start=\"646\" data-end=\"1015\"><strong data-start=\"646\" data-end=\"678\">Arhitekt\u016bra un kodoli:<\/strong> \u201eZen 4\u201c arhitekt\u016bra ar <strong data-start=\"703\" data-end=\"732\">6 kodoliem un 12 pavedieniem<\/strong>, optimiz\u0113ta sp\u0113l\u0113m un produktivit\u0101tei.<br data-start=\"773\" data-end=\"776\"><strong data-start=\"776\" data-end=\"787\">Frekvence:<\/strong> b\u0101zes frekvence <strong data-start=\"803\" data-end=\"814\">4,2 GHz<\/strong>, boost re\u017e\u012bm\u0101 l\u012bdz <strong data-start=\"833\" data-end=\"844\">4,7 GHz<\/strong> \u2013 nodro\u0161ina stabilu FPS modern\u0101s sp\u0113l\u0113s.<br data-start=\"892\" data-end=\"895\"><strong data-start=\"895\" data-end=\"908\">Atmi\u0146a:<\/strong> efekt\u012bva ke\u0161atmi\u0146as sist\u0113ma uzlabo sist\u0113mas reakciju un sp\u0113\u013cu veiktsp\u0113ju.<\/p>\n<p data-start=\"1017\" data-end=\"1071\"><strong data-start=\"1017\" data-end=\"1071\">Videokarte \u201eNVIDIA GeForce RTX 5050 8GB GDDR6\u201c<\/strong><\/p>\n<p data-start=\"1073\" data-end=\"1603\"><strong data-start=\"1073\" data-end=\"1090\">Arhitekt\u016bra:<\/strong> jaun\u0101s paaudzes NVIDIA arhitekt\u016bra ar CUDA, RT un Tensor kodoliem, atbalstot <strong data-start=\"1172\" data-end=\"1182\">DLSS 4<\/strong>, <strong data-start=\"1184\" data-end=\"1204\">Frame Generation<\/strong> un <strong data-start=\"1208\" data-end=\"1223\">ray tracing<\/strong>.<br data-start=\"1224\" data-end=\"1227\"><strong data-start=\"1227\" data-end=\"1240\">Atmi\u0146a:<\/strong> <strong data-start=\"1241\" data-end=\"1255\">8 GB GDDR6<\/strong> lieliski der <strong data-start=\"1270\" data-end=\"1285\">1080p Ultra<\/strong> un liel\u0101kajai da\u013cai <strong data-start=\"1299\" data-end=\"1320\">1440p Medium\/High<\/strong> sp\u0113\u013cu, lai gan da\u017e\u0101s jaun\u0101kaj\u0101s AAA sp\u0113l\u0113s <strong data-start=\"1377\" data-end=\"1389\">8GB VRAM<\/strong> var b\u016bt ierobe\u017eojo\u0161s faktors, izmantojot Ultra tekst\u016bras.<br data-start=\"1447\" data-end=\"1450\"><strong data-start=\"1450\" data-end=\"1468\">Tehnolo\u0123ijas:<\/strong> <strong data-start=\"1469\" data-end=\"1479\">DLSS 4<\/strong> \u013cauj uztur\u0113t augstu FPS pat izmantojot progres\u012bvus grafikas efektus un ray tracing.<\/p>\n<p><strong>Pilna specifik\u0101cija:<\/strong><\/p>\n<ul>\n<li><strong>AMD Ryzen 5 8400F: <\/strong>6 kodoli, 12 pavedieni, 4.2-4.7GHz<\/li>\n<li><span data-sheets-root=\"1\"><strong>ASRock B850M PRO-A<\/strong> vai l\u012bdz\u012bga<\/span><\/li>\n<li><span data-sheets-root=\"1\"><strong>XILENCE XC229 Performance Tower CPU Cooler<\/strong> vai l\u012bdz\u012bgs<\/span><\/li>\n<li><span data-sheets-root=\"1\"><strong>16GB DDR5 5600MHz | Kingston Fury Beast<\/strong> vai l\u012bdzv\u0113rt\u012bgs<\/span><\/li>\n<li><strong>MSI Spatium M371 500GB NVMe M.2 SSD <\/strong><\/li>\n<li><span data-sheets-root=\"1\"><strong>Nvidia GeForce RTX 5050 8GB | Asus Dual OC<\/strong> vai l\u012bdz\u012bga<\/span><\/li>\n<li><span data-sheets-root=\"1\"><strong>Chieftec 650W 80+ Bronze<\/strong> vai l\u012bdz\u012bgs<\/span><\/li>\n<\/ul>\n<p data-start=\"1667\" data-end=\"1718\"><strong data-start=\"1459\" data-end=\"1512\">Paredzama FPS veiktsp\u0113ja 1080p un 1440p iz\u0161\u0137irtsp\u0113j\u0101:<\/strong><\/p>\n<p data-start=\"2063\" data-end=\"2162\"><strong data-start=\"2063\" data-end=\"2081\">Cyberpunk 2077<\/strong> \u2013 ~90 FPS (1080p, High + DLSS Quality) \/ ~60 FPS (1440p, Medium + DLSS Balanced)<\/p>\n<p data-start=\"2164\" data-end=\"2244\"><strong data-start=\"2164\" data-end=\"2193\">Call of Duty: Black Ops 6<\/strong> \u2013 ~155 FPS (1080p, Ultra) \/ ~105 FPS (1440p, High)<\/p>\n<p data-start=\"2246\" data-end=\"2315\"><strong data-start=\"2246\" data-end=\"2265\">Forza Horizon 5<\/strong> \u2013 ~140 FPS (1080p, Ultra) \/ ~95 FPS (1440p, High)<\/p>\n<p data-start=\"2317\" data-end=\"2393\"><strong data-start=\"2317\" data-end=\"2344\">Assassin&#8217;s Creed Mirage<\/strong> \u2013 ~115 FPS (1080p, High) \/ ~80 FPS (1440p, High)<\/p>\n<p data-start=\"2395\" data-end=\"2479\"><strong data-start=\"2395\" data-end=\"2410\">Alan Wake 2<\/strong> \u2013 ~70 FPS (1080p, Medium RT + DLSS) \/ ~45 FPS (1440p, Medium + DLSS)<\/p>\n<p><em>\u0160ie skait\u013ci realit\u0101t\u0113 var at\u0161\u0137irties atkar\u012bb\u0101 no konkr\u0113tiem sp\u0113les iestat\u012bjumiem, optimiz\u0101cijas un citiem sist\u0113mas komponentiem.<\/em><\/p>\n","protected":false},"excerpt":{"rendered":"<p>\u201eAMD Ryzen 5 8400F\u201c un \u201eNVIDIA GeForce RTX 5050 8GB GDDR6\u201c \u2013 lieliska izv\u0113le 1080p sp\u0113l\u0113m \u0160\u012b kombin\u0101cija ir paredz\u0113ta<\/p>\n","protected":false},"featured_media":23494,"comment_status":"open","ping_status":"closed","template":"","meta":[],"product_brand":[1749],"product_cat":[495],"product_tag":[510],"class_list":{"0":"post-55019","1":"product","2":"type-product","3":"status-publish","4":"has-post-thumbnail","6":"product_brand-amberglow","7":"product_cat-stacionarie-datori","8":"product_tag-ddr5-nuo-16gb-512gb","9":"pa_garantija-24-men-lv","10":"pa_prekes-zenklas-amberglow-lv","11":"pa_procesoriaus-branduoliai-6-cores-lv","12":"pa_vaizdo-plokstes-atmintis-8gb-lv","13":"pa_vaizdo-plokstes-modelis-rtx-5050-lv","15":"first","16":"instock","17":"taxable","18":"shipping-taxable","19":"purchasable","20":"product-type-simple"},"_links":{"self":[{"href":"https:\/\/amberglow.lt\/lv\/wp-json\/wp\/v2\/product\/55019","targetHints":{"allow":["GET"]}}],"collection":[{"href":"https:\/\/amberglow.lt\/lv\/wp-json\/wp\/v2\/product"}],"about":[{"href":"https:\/\/amberglow.lt\/lv\/wp-json\/wp\/v2\/types\/product"}],"replies":[{"embeddable":true,"href":"https:\/\/amberglow.lt\/lv\/wp-json\/wp\/v2\/comments?post=55019"}],"version-history":[{"count":0,"href":"https:\/\/amberglow.lt\/lv\/wp-json\/wp\/v2\/product\/55019\/revisions"}],"wp:featuredmedia":[{"embeddable":true,"href":"https:\/\/amberglow.lt\/lv\/wp-json\/wp\/v2\/media\/23494"}],"wp:attachment":[{"href":"https:\/\/amberglow.lt\/lv\/wp-json\/wp\/v2\/media?parent=55019"}],"wp:term":[{"taxonomy":"product_brand","embeddable":true,"href":"https:\/\/amberglow.lt\/lv\/wp-json\/wp\/v2\/product_brand?post=55019"},{"taxonomy":"product_cat","embeddable":true,"href":"https:\/\/amberglow.lt\/lv\/wp-json\/wp\/v2\/product_cat?post=55019"},{"taxonomy":"product_tag","embeddable":true,"href":"https:\/\/amberglow.lt\/lv\/wp-json\/wp\/v2\/product_tag?post=55019"}],"curies":[{"name":"wp","href":"https:\/\/api.w.org\/{rel}","templated":true}]}}