{"id":55020,"date":"2026-05-08T10:29:14","date_gmt":"2026-05-08T07:29:14","guid":{"rendered":"https:\/\/amberglow.lt\/Bez kategorijas\/stacionarais-dators-ryzen-5-8400f-rtx-5060-ti-8gb\/"},"modified":"2026-05-08T10:29:14","modified_gmt":"2026-05-08T07:29:14","slug":"stacionarais-dators-ryzen-5-8400f-rtx-5060-ti-8gb","status":"publish","type":"product","link":"https:\/\/amberglow.lt\/lv\/stacionarie-datori\/stacionarais-dators-ryzen-5-8400f-rtx-5060-ti-8gb\/","title":{"rendered":"Stacion\u0101rais dators Ryzen 5 8400F, RTX 5060 Ti 8GB"},"content":{"rendered":"<p data-start=\"0\" data-end=\"109\"><strong data-start=\"0\" data-end=\"109\">\u201eAMD Ryzen 5 8400F\u201c un \u201eNVIDIA GeForce RTX 5060 Ti 8GB GDDR7\u201c \u2013 jaud\u012bgs komplekts 1080p un 1440p sp\u0113l\u0113m<\/strong><\/p>\n<p data-start=\"111\" data-end=\"609\">\u0160is komplekts paredz\u0113ts sp\u0113l\u0113t\u0101jiem, kuri v\u0113las augstu FPS 1080p un 1440p iz\u0161\u0137irtsp\u0113j\u0101s un grib baud\u012bt modernas AAA sp\u0113les ar augstiem grafikas iestat\u012bjumiem. <strong data-start=\"267\" data-end=\"286\">\u201eRyzen 5 8400F\u201c<\/strong> izce\u013cas ar modernu <strong data-start=\"305\" data-end=\"329\">\u201eZen 4\u201c arhitekt\u016bru<\/strong> un efekt\u012bvu ener\u0123ijas pat\u0113ri\u0146u, t\u0101p\u0113c lieliski piem\u0113rots gan sp\u0113l\u0113m, gan ikdienas lieto\u0161anai, savuk\u0101rt <strong data-start=\"430\" data-end=\"457\">\u201eRTX 5060 Ti 8GB GDDR7\u201c<\/strong> nodro\u0161ina modernu NVIDIA grafisko jaudu ar <strong data-start=\"500\" data-end=\"510\">DLSS 4<\/strong>, <strong data-start=\"512\" data-end=\"532\">Frame Generation<\/strong> un progres\u012bvu <strong data-start=\"545\" data-end=\"560\">ray tracing<\/strong> atbalstu.<\/p>\n<p data-start=\"611\" data-end=\"646\"><strong data-start=\"611\" data-end=\"646\">Procesors \u201eAMD Ryzen 5 8400F\u201c<\/strong><\/p>\n<p data-start=\"648\" data-end=\"979\"><strong data-start=\"648\" data-end=\"680\">Arhitekt\u016bra un kodoli:<\/strong> \u201eZen 4\u201c arhitekt\u016bra ar <strong data-start=\"705\" data-end=\"734\">6 kodoliem un 12 pavedieniem<\/strong>, optimiz\u0113ta sp\u0113l\u0113m un produktivit\u0101tei.<br data-start=\"775\" data-end=\"778\"><strong data-start=\"778\" data-end=\"789\">Frekvence:<\/strong> b\u0101zes frekvence <strong data-start=\"805\" data-end=\"816\">4,2 GHz<\/strong>, boost re\u017e\u012bm\u0101 l\u012bdz <strong data-start=\"835\" data-end=\"846\">4,7 GHz<\/strong> \u2013 nodro\u0161ina stabilu FPS modern\u0101s sp\u0113l\u0113s.<br data-start=\"894\" data-end=\"897\"><strong data-start=\"897\" data-end=\"910\">Atmi\u0146a:<\/strong> efekt\u012bva ke\u0161atmi\u0146as sist\u0113ma uzlabo sist\u0113mas reakciju un sp\u0113\u013cu veiktsp\u0113ju.<\/p>\n<p data-start=\"981\" data-end=\"1038\"><strong data-start=\"981\" data-end=\"1038\">Videokartes NVIDIA GeForce RTX 5060 Ti 8GB GDDR7<\/strong><\/p>\n<p data-start=\"1040\" data-end=\"1611\"><strong data-start=\"1040\" data-end=\"1057\">Arhitekt\u016bra:<\/strong> jaun\u0101s paaudzes NVIDIA Blackwell arhitekt\u016bra ar CUDA, RT un Tensor kodoliem, kas atbalsta <strong data-start=\"1149\" data-end=\"1159\">DLSS 4<\/strong>, <strong data-start=\"1161\" data-end=\"1181\">Frame Generation<\/strong> un <strong data-start=\"1185\" data-end=\"1200\">ray tracing<\/strong>. <br data-start=\"1239\" data-end=\"1242\"><strong data-start=\"1242\" data-end=\"1255\">Atmi\u0146a:<\/strong> <strong data-start=\"1256\" data-end=\"1270\">8 GB GDDR7<\/strong> lieliski piem\u0113rota <strong data-start=\"1285\" data-end=\"1300\">1080p Ultra<\/strong> un vairumam <strong data-start=\"1314\" data-end=\"1328\">1440p High<\/strong> sp\u0113\u013cu, lai gan da\u017eos jaun\u0101kajos AAA projektos <strong data-start=\"1385\" data-end=\"1397\">8GB VRAM<\/strong> var b\u016bt ierobe\u017eojo\u0161s faktors, izmantojot Ultra tekst\u016bras. <br data-start=\"1493\" data-end=\"1496\"><strong data-start=\"1496\" data-end=\"1514\">Tehnolo\u0123ijas:<\/strong> <strong data-start=\"1515\" data-end=\"1525\">DLSS 4<\/strong> \u013cauj uztur\u0113t augstu FPS pat, izmantojot progres\u012bvus grafikas efektus un ray tracing.<\/p>\n<p><strong>Pilna specifik\u0101cija:<\/strong><\/p>\n<ul>\n<li><strong>AMD Ryzen 5 8400F: <\/strong>6 kodoli, 12 pavedieni, 4.2-4.7GHz<\/li>\n<li><span data-sheets-root=\"1\"><strong>ASRock B850M PRO-A<\/strong> vai l\u012bdz\u012bga<\/span><\/li>\n<li><span data-sheets-root=\"1\"><strong>XILENCE XC229 Performance Tower CPU Cooler<\/strong> vai l\u012bdz\u012bgs<\/span><\/li>\n<li><span data-sheets-root=\"1\"><strong>16GB DDR5 5600MHz | Kingston Fury Beast<\/strong> vai l\u012bdzv\u0113rt\u012bgs<\/span><\/li>\n<li><strong>MSI Spatium M371 500GB NVMe M.2 SSD <\/strong><\/li>\n<li><span data-sheets-root=\"1\"><strong>Nvidia GeForce RTX 5060 Ti 8GB | Asus Dual OC<\/strong> vai l\u012bdz\u012bga<\/span><\/li>\n<li><span data-sheets-root=\"1\"><strong>Chieftec 650W 80+ Bronze<\/strong> vai l\u012bdz\u012bgs<\/span><\/li>\n<\/ul>\n<p data-start=\"1667\" data-end=\"1718\"><strong data-start=\"1459\" data-end=\"1512\">Paredzama FPS veiktsp\u0113ja 1080p un 1440p iz\u0161\u0137irtsp\u0113j\u0101:<\/strong><\/p>\n<p data-start=\"2068\" data-end=\"2167\"><strong data-start=\"2068\" data-end=\"2086\">Cyberpunk 2077<\/strong> \u2013 ~125 FPS (1080p, Ultra + DLSS Quality) \/ ~90 FPS (1440p, High + DLSS Balanced)<\/p>\n<p data-start=\"2169\" data-end=\"2250\"><strong data-start=\"2169\" data-end=\"2198\">Call of Duty: Black Ops 6<\/strong> \u2013 ~190 FPS (1080p, Ultra) \/ ~140 FPS (1440p, Ultra)<\/p>\n<p data-start=\"2252\" data-end=\"2323\"><strong data-start=\"2252\" data-end=\"2271\">Forza Horizon 5<\/strong> \u2013 ~170 FPS (1080p, Ultra) \/ ~120 FPS (1440p, Ultra)<\/p>\n<p data-start=\"2325\" data-end=\"2402\"><strong data-start=\"2325\" data-end=\"2352\">Assassin\u2019s Creed Mirage<\/strong> \u2013 ~145 FPS (1080p, High) \/ ~100 FPS (1440p, High)<\/p>\n<p data-start=\"2404\" data-end=\"2494\"><strong data-start=\"2404\" data-end=\"2419\">Alan Wake 2<\/strong> \u2013 ~100 FPS (1080p, High RT + DLSS) \/ ~72 FPS (1440p, High + DLSS Balanced)<\/p>\n<p><em>\u0160ie skait\u013ci realit\u0101t\u0113 var at\u0161\u0137irties atkar\u012bb\u0101 no konkr\u0113tiem sp\u0113les iestat\u012bjumiem, optimiz\u0101cijas un citiem sist\u0113mas komponentiem.<\/em><\/p>\n","protected":false},"excerpt":{"rendered":"<p>\u201eAMD Ryzen 5 8400F\u201c un \u201eNVIDIA GeForce RTX 5060 Ti 8GB GDDR7\u201c \u2013 jaud\u012bgs komplekts 1080p un 1440p sp\u0113l\u0113m \u0160is<\/p>\n","protected":false},"featured_media":22010,"comment_status":"open","ping_status":"closed","template":"","meta":[],"product_brand":[1749],"product_cat":[495],"product_tag":[510],"class_list":{"0":"post-55020","1":"product","2":"type-product","3":"status-publish","4":"has-post-thumbnail","6":"product_brand-amberglow","7":"product_cat-stacionarie-datori","8":"product_tag-ddr5-nuo-16gb-512gb","9":"pa_garantija-24-men-lv","10":"pa_prekes-zenklas-amberglow-lv","11":"pa_procesoriaus-branduoliai-6-cores-lv","12":"pa_vaizdo-plokstes-atmintis-8gb-lv","13":"pa_vaizdo-plokstes-modelis-rtx-5060-ti-lv","15":"first","16":"instock","17":"taxable","18":"shipping-taxable","19":"purchasable","20":"product-type-simple"},"_links":{"self":[{"href":"https:\/\/amberglow.lt\/lv\/wp-json\/wp\/v2\/product\/55020","targetHints":{"allow":["GET"]}}],"collection":[{"href":"https:\/\/amberglow.lt\/lv\/wp-json\/wp\/v2\/product"}],"about":[{"href":"https:\/\/amberglow.lt\/lv\/wp-json\/wp\/v2\/types\/product"}],"replies":[{"embeddable":true,"href":"https:\/\/amberglow.lt\/lv\/wp-json\/wp\/v2\/comments?post=55020"}],"version-history":[{"count":0,"href":"https:\/\/amberglow.lt\/lv\/wp-json\/wp\/v2\/product\/55020\/revisions"}],"wp:featuredmedia":[{"embeddable":true,"href":"https:\/\/amberglow.lt\/lv\/wp-json\/wp\/v2\/media\/22010"}],"wp:attachment":[{"href":"https:\/\/amberglow.lt\/lv\/wp-json\/wp\/v2\/media?parent=55020"}],"wp:term":[{"taxonomy":"product_brand","embeddable":true,"href":"https:\/\/amberglow.lt\/lv\/wp-json\/wp\/v2\/product_brand?post=55020"},{"taxonomy":"product_cat","embeddable":true,"href":"https:\/\/amberglow.lt\/lv\/wp-json\/wp\/v2\/product_cat?post=55020"},{"taxonomy":"product_tag","embeddable":true,"href":"https:\/\/amberglow.lt\/lv\/wp-json\/wp\/v2\/product_tag?post=55020"}],"curies":[{"name":"wp","href":"https:\/\/api.w.org\/{rel}","templated":true}]}}