{"id":55021,"date":"2026-05-08T07:59:11","date_gmt":"2026-05-08T04:59:11","guid":{"rendered":"https:\/\/amberglow.lt\/Bez kategorijas\/stacionarais-dators-i3-13100f-rtx-5060-ti-8gb\/"},"modified":"2026-05-08T07:59:11","modified_gmt":"2026-05-08T04:59:11","slug":"stacionarais-dators-i3-13100f-rtx-5060-ti-8gb","status":"publish","type":"product","link":"https:\/\/amberglow.lt\/lv\/stacionarie-datori\/stacionarais-dators-i3-13100f-rtx-5060-ti-8gb\/","title":{"rendered":"Stacion\u0101rais dators i3-13100F, RTX 5060 Ti 8GB"},"content":{"rendered":"<p data-start=\"0\" data-end=\"132\">\u201e<strong data-start=\"1\" data-end=\"25\">Intel Core i3-13100F<\/strong>\u201c un \u201e<strong data-start=\"31\" data-end=\"71\">NVIDIA GeForce RTX 5060 Ti 8GB GDDR7<\/strong>\u201c \u2013 <strong data-start=\"75\" data-end=\"132\">jaud\u012bgs bud\u017eeta komplekts 1080p un 1440p sp\u0113l\u0113m<\/strong><\/p>\n<p data-start=\"134\" data-end=\"572\">\u0160is komplekts paredz\u0113ts sp\u0113l\u0113t\u0101jiem, kuri v\u0113las <strong data-start=\"178\" data-end=\"207\">augstu FPS 1080p iz\u0161\u0137irtsp\u0113j\u0101<\/strong> un v\u0113las baud\u012bt <strong data-start=\"225\" data-end=\"268\">1440p sp\u0113les ar augstiem iestat\u012bjumiem<\/strong>. \u201e<strong data-start=\"271\" data-end=\"289\">Core i3-13100F<\/strong>\u201c nodro\u0161ina izcilu viena kodola veiktsp\u0113ju un efekt\u012bvu Intel arhitekt\u016bru, padarot to ide\u0101li piem\u0113rotu sp\u0113l\u0113m, savuk\u0101rt \u201e<strong data-start=\"398\" data-end=\"423\">RTX 5060 Ti 8GB GDDR7<\/strong>\u201c nodro\u0161ina modernu NVIDIA grafikas jaudu ar <strong data-start=\"467\" data-end=\"477\">DLSS 4<\/strong>, <strong data-start=\"479\" data-end=\"499\">Frame Generation<\/strong> un progres\u012bvu staru izseko\u0161anas atbalstu. <\/p>\n<p data-start=\"574\" data-end=\"612\">Procesors \u201e<strong data-start=\"587\" data-end=\"611\">Intel Core i3-13100F<\/strong>\u201c<\/p>\n<p data-start=\"614\" data-end=\"1007\">Arhitekt\u016bra un kodoli: <strong data-start=\"643\" data-end=\"677\">13. paaudzes Intel Raptor Lake<\/strong> arhitekt\u016bra ar <strong data-start=\"694\" data-end=\"725\">4 kodoliem un 8 pavedieniem<\/strong>, optimiz\u0113ta sp\u0113l\u0113m un ikdienas lieto\u0161anai.<br data-start=\"774\" data-end=\"777\">Frekvence: \u201eboost\u201c re\u017e\u012bms l\u012bdz <strong data-start=\"803\" data-end=\"814\">4.5 GHz<\/strong> \u013cauj uztur\u0113t stabilu FPS daudz\u0101s modern\u0101s sp\u0113l\u0113s.<br data-start=\"872\" data-end=\"875\">Tehnolo\u0123ijas: atbalst\u012btie <strong data-start=\"901\" data-end=\"917\">DDR4 un DDR5<\/strong> atmi\u0146as standarti un PCIe 5.0 atbalsts nodro\u0161ina labu sist\u0113mas n\u0101kotnes potenci\u0101lu.<\/p>\n<p data-start=\"1009\" data-end=\"1066\">Videokarte \u201e<strong data-start=\"1025\" data-end=\"1065\">NVIDIA GeForce RTX 5060 Ti 8GB GDDR7<\/strong>\u201c<\/p>\n<p data-start=\"1068\" data-end=\"1528\">Arhitekt\u016bra: n\u0101kam\u0101s paaudzes <strong data-start=\"1096\" data-end=\"1116\">NVIDIA Blackwell<\/strong> arhitekt\u016bra ar CUDA, RT un Tensor kodoliem, kas atbalsta <strong data-start=\"1177\" data-end=\"1187\">DLSS 4<\/strong>, <strong data-start=\"1189\" data-end=\"1209\">Frame Generation<\/strong> un staru izseko\u0161anu. <br data-start=\"1263\" data-end=\"1266\">Atmi\u0146a: <strong data-start=\"1276\" data-end=\"1290\">8 GB GDDR7<\/strong> ir lieliski piem\u0113rota <strong data-start=\"1305\" data-end=\"1320\">1080p Ultra<\/strong> un daudz\u0101m <strong data-start=\"1334\" data-end=\"1348\">1440p High<\/strong> sp\u0113l\u0113m. <br data-start=\"1395\" data-end=\"1398\">Tehnolo\u0123ijas: DLSS 4 \u013cauj uztur\u0113t augstu FPS pat ar progres\u012bviem grafikas efektiem.<\/p>\n<p data-start=\"831\" data-end=\"1186\"><strong>Pilna specifik\u0101cija:<\/strong><\/p>\n<ul>\n<li><strong>Intel Core i3-13100F: <\/strong>4 kodoli, 8 pavedieni, 3,4-4,5GHz<\/li>\n<li><span data-sheets-root=\"1\"><strong>MSI PRO H610M-E<\/strong> vai l\u012bdz\u012bga<\/span><\/li>\n<li><span data-sheets-root=\"1\"><strong>XILENCE XC229 Performance Tower CPU Cooler<\/strong> vai l\u012bdz\u012bgs<\/span><\/li>\n<li><span data-sheets-root=\"1\"><strong>16GB DDR4 3200MHz | G.Skill Aegis<\/strong> vai l\u012bdz\u012bgi<\/span><\/li>\n<li><strong>MSI Spatium M371 500GB NVMe M.2 SSD <\/strong><\/li>\n<li><span data-sheets-root=\"1\"><strong>Nvidia GeForce RTX 5060 Ti 8GB | Asus Dual OC<\/strong> vai l\u012bdz\u012bga<\/span><\/li>\n<li><span data-sheets-root=\"1\"><strong>Chieftec 650W 80+ Bronze<\/strong> vai l\u012bdz\u012bgs<\/span><\/li>\n<\/ul>\n<p data-start=\"2029\" data-end=\"2082\"><strong>Paredzama FPS veiktsp\u0113ja 1080p un 1440p iz\u0161\u0137irtsp\u0113j\u0101:<\/strong><\/p>\n<p data-start=\"2084\" data-end=\"2517\"><strong data-start=\"2043\" data-end=\"2061\">Cyberpunk 2077<\/strong> \u2013 ~135 FPS (1080p, Ultra + DLSS Quality) \/ ~95 FPS (1440p, High + DLSS Balanced)<br data-start=\"2142\" data-end=\"2145\"><strong data-start=\"2145\" data-end=\"2174\">Call of Duty: Black Ops 6<\/strong> \u2013 ~195 FPS (1080p, Ultra) \/ ~145 FPS (1440p, Ultra)<br data-start=\"2226\" data-end=\"2229\"><strong data-start=\"2229\" data-end=\"2248\">Forza Horizon 5<\/strong> \u2013 ~175 FPS (1080p, Ultra) \/ ~125 FPS (1440p, Ultra)<br data-start=\"2300\" data-end=\"2303\"><strong data-start=\"2303\" data-end=\"2330\">Assassin\u2019s Creed Mirage<\/strong> \u2013 ~150 FPS (1080p, High) \/ ~105 FPS (1440p, High)<br data-start=\"2380\" data-end=\"2383\"><strong data-start=\"2383\" data-end=\"2398\">Alan Wake 2<\/strong> \u2013 ~110 FPS (1080p, High RT + DLSS) \/ ~80 FPS (1440p, High + DLSS Balanced)<\/p>\n<p><em>\u0160ie skait\u013ci realit\u0101t\u0113 var at\u0161\u0137irties atkar\u012bb\u0101 no konkr\u0113tiem sp\u0113les iestat\u012bjumiem, optimiz\u0101cijas un citiem sist\u0113mas komponentiem.<\/em><\/p>\n","protected":false},"excerpt":{"rendered":"<p>\u201eIntel Core i3-13100F\u201c un \u201eNVIDIA GeForce RTX 5060 Ti 8GB GDDR7\u201c \u2013 jaud\u012bgs bud\u017eeta komplekts 1080p un 1440p sp\u0113l\u0113m \u0160is<\/p>\n","protected":false},"featured_media":23513,"comment_status":"open","ping_status":"closed","template":"","meta":[],"product_brand":[1749],"product_cat":[495],"product_tag":[508],"class_list":{"0":"post-55021","1":"product","2":"type-product","3":"status-publish","4":"has-post-thumbnail","6":"product_brand-amberglow","7":"product_cat-stacionarie-datori","8":"product_tag-ddr4-nuo-16gb-512gb","9":"pa_garantija-24-men-lv","10":"pa_prekes-zenklas-amberglow-lv","11":"pa_procesoriaus-branduoliai-4-cores-lv","12":"pa_vaizdo-plokstes-atmintis-8gb-lv","13":"pa_vaizdo-plokstes-modelis-rtx-5060-ti-lv","15":"first","16":"instock","17":"taxable","18":"shipping-taxable","19":"purchasable","20":"product-type-simple"},"_links":{"self":[{"href":"https:\/\/amberglow.lt\/lv\/wp-json\/wp\/v2\/product\/55021","targetHints":{"allow":["GET"]}}],"collection":[{"href":"https:\/\/amberglow.lt\/lv\/wp-json\/wp\/v2\/product"}],"about":[{"href":"https:\/\/amberglow.lt\/lv\/wp-json\/wp\/v2\/types\/product"}],"replies":[{"embeddable":true,"href":"https:\/\/amberglow.lt\/lv\/wp-json\/wp\/v2\/comments?post=55021"}],"version-history":[{"count":0,"href":"https:\/\/amberglow.lt\/lv\/wp-json\/wp\/v2\/product\/55021\/revisions"}],"wp:featuredmedia":[{"embeddable":true,"href":"https:\/\/amberglow.lt\/lv\/wp-json\/wp\/v2\/media\/23513"}],"wp:attachment":[{"href":"https:\/\/amberglow.lt\/lv\/wp-json\/wp\/v2\/media?parent=55021"}],"wp:term":[{"taxonomy":"product_brand","embeddable":true,"href":"https:\/\/amberglow.lt\/lv\/wp-json\/wp\/v2\/product_brand?post=55021"},{"taxonomy":"product_cat","embeddable":true,"href":"https:\/\/amberglow.lt\/lv\/wp-json\/wp\/v2\/product_cat?post=55021"},{"taxonomy":"product_tag","embeddable":true,"href":"https:\/\/amberglow.lt\/lv\/wp-json\/wp\/v2\/product_tag?post=55021"}],"curies":[{"name":"wp","href":"https:\/\/api.w.org\/{rel}","templated":true}]}}