{"id":55024,"date":"2026-05-08T08:47:04","date_gmt":"2026-05-08T05:47:04","guid":{"rendered":"https:\/\/amberglow.lt\/Bez kategorijas\/stacionarais-dators-ryzen-5-5500-rtx-5060-ti-8gb\/"},"modified":"2026-05-08T08:47:04","modified_gmt":"2026-05-08T05:47:04","slug":"stacionarais-dators-ryzen-5-5500-rtx-5060-ti-8gb","status":"publish","type":"product","link":"https:\/\/amberglow.lt\/lv\/stacionarie-datori\/stacionarais-dators-ryzen-5-5500-rtx-5060-ti-8gb\/","title":{"rendered":"Stacion\u0101rais dators Ryzen 5 5500, RTX 5060 Ti 8GB"},"content":{"rendered":"<p data-start=\"0\" data-end=\"128\">\u201e<strong data-start=\"1\" data-end=\"21\">AMD Ryzen 5 5500<\/strong>\u201c un \u201e<strong data-start=\"27\" data-end=\"67\">NVIDIA GeForce RTX 5060 Ti 8GB GDDR7<\/strong>\u201c \u2013 <strong data-start=\"71\" data-end=\"128\">jaud\u012bgs bud\u017eeta komplekts 1080p un 1440p sp\u0113l\u0113m<\/strong><\/p>\n<p data-start=\"130\" data-end=\"619\">\u0160is komplekts ir paredz\u0113ts sp\u0113l\u0113t\u0101jiem, kuri v\u0113las <strong data-start=\"174\" data-end=\"203\">augstu FPS 1080p iz\u0161\u0137irtsp\u0113j\u0101<\/strong> un baud\u012bt modernas AAA sp\u0113les, k\u0101 ar\u012b e-sporta titulus ar augstiem grafikas iestat\u012bjumiem. \u201e<strong data-start=\"301\" data-end=\"317\">Ryzen 5 5500<\/strong>\u201c nodro\u0161ina labu veiktsp\u0113ju sp\u0113l\u0113s un efekt\u012bvu \u201eZen 3\u201c arhitekt\u016bru, padarot to ide\u0101li piem\u0113rotu bud\u017eeta sp\u0113\u013cu datoriem, savuk\u0101rt \u201e<strong data-start=\"445\" data-end=\"470\">RTX 5060 Ti 8GB GDDR7<\/strong>\u201c pied\u0101v\u0101 modernu NVIDIA grafikas jaudu ar <strong data-start=\"514\" data-end=\"524\">DLSS 4<\/strong>, <strong data-start=\"526\" data-end=\"546\">Frame Generation<\/strong> un uzlabotu staru izseko\u0161anas atbalstu.<\/p>\n<p data-start=\"621\" data-end=\"655\">Procesors \u201e<strong data-start=\"634\" data-end=\"654\">AMD Ryzen 5 5500<\/strong>\u201c<\/p>\n<p data-start=\"657\" data-end=\"988\">Arhitekt\u016bra un kodoli: <strong data-start=\"686\" data-end=\"710\">\u201eZen 3\u201c arhitekt\u016bra<\/strong> ar <strong data-start=\"714\" data-end=\"743\">6 kodoliem un 12 pavedieniem<\/strong>, optimiz\u0113ta sp\u0113l\u0113m un ikdienas lieto\u0161anai.<br data-start=\"792\" data-end=\"795\">Frekvence: b\u0101zes frekvence <strong data-start=\"818\" data-end=\"829\">3.6 GHz<\/strong>, boost re\u017e\u012bm\u0101 l\u012bdz <strong data-start=\"848\" data-end=\"859\">4.2 GHz<\/strong> \u2013 nodro\u0161ina stabilu FPS daudz\u0101s modern\u0101s sp\u0113l\u0113s.<br data-start=\"911\" data-end=\"914\">Atmi\u0146a: <strong data-start=\"924\" data-end=\"942\">16 MB L3 ke\u0161atmi\u0146a<\/strong> uzlabo sist\u0113mas reakciju un sp\u0113\u013cu veiktsp\u0113ju.<\/p>\n<p data-start=\"990\" data-end=\"1047\">Videokarte \u201e<strong data-start=\"1006\" data-end=\"1046\">NVIDIA GeForce RTX 5060 Ti 8GB GDDR7<\/strong>\u201c<\/p>\n<p data-start=\"1049\" data-end=\"1471\">Arhitekt\u016bra: jaun\u0101s paaudzes <strong data-start=\"1077\" data-end=\"1097\">NVIDIA Blackwell<\/strong> arhitekt\u016bra ar CUDA, RT un Tensor kodoliem, atbalstot <strong data-start=\"1158\" data-end=\"1168\">DLSS 4<\/strong>, <strong data-start=\"1170\" data-end=\"1190\">Frame Generation<\/strong> un ray tracing. <br data-start=\"1244\" data-end=\"1247\">Atmi\u0146a: <strong data-start=\"1257\" data-end=\"1271\">8 GB GDDR7<\/strong> lieliski der <strong data-start=\"1286\" data-end=\"1301\">1080p Ultra<\/strong> un liel\u0101kajai da\u013cai <strong data-start=\"1315\" data-end=\"1329\">1440p High<\/strong> sp\u0113\u013cu. <br data-start=\"1376\" data-end=\"1379\">Tehnolo\u0123ijas: DLSS 4 \u013cauj uztur\u0113t augstu FPS pat izmantojot progres\u012bvus grafikas efektus.<\/p>\n<p data-start=\"831\" data-end=\"1186\"><strong>Pilna specifik\u0101cija:<\/strong><\/p>\n<ul>\n<li><strong>AMD Ryzen 5 5500: <\/strong>6 kodoli, 12 pavedienu, 3,6-4,2GHz<\/li>\n<li><span data-sheets-root=\"1\"><strong>ASUS PRIME A520M-K<\/strong> vai l\u012bdz\u012bga<\/span><\/li>\n<li><span data-sheets-root=\"1\"><strong>XILENCE XC229 Performance Tower CPU Cooler<\/strong> vai l\u012bdz\u012bgs<\/span><\/li>\n<li><span data-sheets-root=\"1\"><strong>16GB DDR4 3200MHz | G.Skill Aegis<\/strong> vai l\u012bdz\u012bgi<\/span><\/li>\n<li><strong>MSI Spatium M371 500GB NVMe M.2 SSD <\/strong><\/li>\n<li><span data-sheets-root=\"1\"><strong>Nvidia GeForce RTX 5060 Ti 8GB | Asus Dual OC<\/strong> vai l\u012bdz\u012bga<\/span><\/li>\n<li><span data-sheets-root=\"1\"><strong>Chieftec 650W 80+ Bronze<\/strong> vai l\u012bdz\u012bgs<\/span><\/li>\n<\/ul>\n<p data-start=\"1667\" data-end=\"1718\"><strong data-start=\"1413\" data-end=\"1466\">Paredzamie FPS rezult\u0101ti 1080p un 1440p iz\u0161\u0137irtsp\u0113j\u0101s:<\/strong><br data-start=\"1466\" data-end=\"1469\"><strong data-start=\"1936\" data-end=\"1954\">Cyberpunk 2077<\/strong> \u2013 ~130 FPS (1080p, Ultra + DLSS Quality) \/ ~92 FPS (1440p, High + DLSS Balanced)<br data-start=\"2035\" data-end=\"2038\"><strong data-start=\"2038\" data-end=\"2067\">Call of Duty: Black Ops 6<\/strong> \u2013 ~190 FPS (1080p, Ultra) \/ ~140 FPS (1440p, Ultra)<br data-start=\"2119\" data-end=\"2122\"><strong data-start=\"2122\" data-end=\"2141\">Forza Horizon 5<\/strong> \u2013 ~170 FPS (1080p, Ultra) \/ ~120 FPS (1440p, Ultra)<br data-start=\"2193\" data-end=\"2196\"><strong data-start=\"2196\" data-end=\"2223\">Assassin&#8217;s Creed Mirage<\/strong> \u2013 ~145 FPS (1080p, High) \/ ~102 FPS (1440p, High)<br data-start=\"2273\" data-end=\"2276\"><strong data-start=\"2276\" data-end=\"2291\">Alan Wake 2<\/strong> \u2013 ~105 FPS (1080p, High RT + DLSS) \/ ~75 FPS (1440p, High + DLSS Balanced)<\/p>\n<p><em>\u0160ie skait\u013ci realit\u0101t\u0113 var at\u0161\u0137irties atkar\u012bb\u0101 no konkr\u0113tiem sp\u0113les iestat\u012bjumiem, optimiz\u0101cijas un citiem sist\u0113mas komponentiem.<\/em><\/p>\n","protected":false},"excerpt":{"rendered":"<p>\u201eAMD Ryzen 5 5500\u201c un \u201eNVIDIA GeForce RTX 5060 Ti 8GB GDDR7\u201c \u2013 jaud\u012bgs bud\u017eeta komplekts 1080p un 1440p sp\u0113l\u0113m<\/p>\n","protected":false},"featured_media":22016,"comment_status":"open","ping_status":"closed","template":"","meta":[],"product_brand":[1749],"product_cat":[495],"product_tag":[508],"class_list":{"0":"post-55024","1":"product","2":"type-product","3":"status-publish","4":"has-post-thumbnail","6":"product_brand-amberglow","7":"product_cat-stacionarie-datori","8":"product_tag-ddr4-nuo-16gb-512gb","9":"pa_garantija-24-men-lv","10":"pa_prekes-zenklas-amberglow-lv","11":"pa_procesoriaus-branduoliai-6-cores-lv","12":"pa_vaizdo-plokstes-atmintis-8gb-lv","13":"pa_vaizdo-plokstes-modelis-rtx-5060-ti-lv","15":"first","16":"instock","17":"taxable","18":"shipping-taxable","19":"purchasable","20":"product-type-simple"},"_links":{"self":[{"href":"https:\/\/amberglow.lt\/lv\/wp-json\/wp\/v2\/product\/55024","targetHints":{"allow":["GET"]}}],"collection":[{"href":"https:\/\/amberglow.lt\/lv\/wp-json\/wp\/v2\/product"}],"about":[{"href":"https:\/\/amberglow.lt\/lv\/wp-json\/wp\/v2\/types\/product"}],"replies":[{"embeddable":true,"href":"https:\/\/amberglow.lt\/lv\/wp-json\/wp\/v2\/comments?post=55024"}],"version-history":[{"count":0,"href":"https:\/\/amberglow.lt\/lv\/wp-json\/wp\/v2\/product\/55024\/revisions"}],"wp:featuredmedia":[{"embeddable":true,"href":"https:\/\/amberglow.lt\/lv\/wp-json\/wp\/v2\/media\/22016"}],"wp:attachment":[{"href":"https:\/\/amberglow.lt\/lv\/wp-json\/wp\/v2\/media?parent=55024"}],"wp:term":[{"taxonomy":"product_brand","embeddable":true,"href":"https:\/\/amberglow.lt\/lv\/wp-json\/wp\/v2\/product_brand?post=55024"},{"taxonomy":"product_cat","embeddable":true,"href":"https:\/\/amberglow.lt\/lv\/wp-json\/wp\/v2\/product_cat?post=55024"},{"taxonomy":"product_tag","embeddable":true,"href":"https:\/\/amberglow.lt\/lv\/wp-json\/wp\/v2\/product_tag?post=55024"}],"curies":[{"name":"wp","href":"https:\/\/api.w.org\/{rel}","templated":true}]}}