{"id":55042,"date":"2026-05-07T12:55:48","date_gmt":"2026-05-07T09:55:48","guid":{"rendered":"https:\/\/amberglow.lt\/Bez kategorijas\/stacionarais-dators-core-ultra-5-250kf-plus-rtx-5070-ti-16gb\/"},"modified":"2026-05-07T12:55:48","modified_gmt":"2026-05-07T09:55:48","slug":"stacionarais-dators-core-ultra-5-250kf-plus-rtx-5070-ti-16gb","status":"publish","type":"product","link":"https:\/\/amberglow.lt\/lv\/stacionarie-datori\/stacionarais-dators-core-ultra-5-250kf-plus-rtx-5070-ti-16gb\/","title":{"rendered":"Stacion\u0101rais dators Core Ultra 5 250KF PLUS, RTX 5070 Ti 16GB"},"content":{"rendered":"<div class=\"text-base my-auto mx-auto pb-10 [--thread-content-margin:--spacing(4)] thread-sm:[--thread-content-margin:--spacing(6)] thread-lg:[--thread-content-margin:--spacing(16)] px-(--thread-content-margin)\">\n<div class=\"[--thread-content-max-width:40rem] thread-lg:[--thread-content-max-width:48rem] mx-auto max-w-(--thread-content-max-width) flex-1 group\/turn-messages focus-visible:outline-hidden relative flex w-full min-w-0 flex-col agent-turn\" tabindex=\"-1\">\n<div class=\"flex max-w-full flex-col grow\">\n<div class=\"min-h-8 text-message relative flex w-full flex-col items-end gap-2 text-start break-words whitespace-normal [.text-message+&amp;]:mt-5\" dir=\"auto\" data-message-author-role=\"assistant\" data-message-id=\"3bb03539-3a89-4642-92ac-3f0ed7be2696\" data-message-model-slug=\"gpt-5\">\n<div class=\"flex w-full flex-col gap-1 empty:hidden first:pt-[3px]\">\n<div class=\"markdown prose dark:prose-invert w-full break-words light markdown-new-styling\">\n<p data-start=\"0\" data-end=\"132\"><strong data-start=\"1\" data-end=\"34\">Intel Core Ultra 5 250KF Plus<\/strong> un <strong data-start=\"40\" data-end=\"81\">NVIDIA GeForce RTX 5070 Ti 16GB GDDR7<\/strong> \u2013 <strong data-start=\"85\" data-end=\"132\">\u012bpa\u0161i jaud\u012bgs salikums 1440p un 4K sp\u0113l\u0113m<\/strong><\/p>\n<p data-start=\"134\" data-end=\"634\">\u0160is salikums paredz\u0113ts sp\u0113l\u0113t\u0101jiem, kas v\u0113las <strong data-start=\"178\" data-end=\"206\">maksim\u0101lu 1440p veiktsp\u0113ju<\/strong> un grib baud\u012bt <strong data-start=\"224\" data-end=\"258\">raibu 4K sp\u0113\u013cu pieredzi<\/strong> ar augstiem un ultra grafikas iestat\u012bjumiem. <strong data-start=\"304\" data-end=\"331\">Core Ultra 5 250KF Plus<\/strong> izce\u013cas ar modernu Intel arhitekt\u016bru un augstu boost frekvenci, t\u0101p\u0113c lieliski der gan sp\u0113l\u0113m, gan produktivit\u0101tei, bet <strong data-start=\"453\" data-end=\"479\">RTX 5070 Ti 16GB GDDR7<\/strong> nodro\u0161ina augst\u0101k\u0101s klases NVIDIA grafisko jaudu ar <strong data-start=\"529\" data-end=\"539\">DLSS 4<\/strong>, <strong data-start=\"541\" data-end=\"561\">Frame Generation<\/strong> un progres\u012bvu ray tracing atbalstu.<\/p>\n<p data-start=\"636\" data-end=\"683\">Procesors <strong data-start=\"649\" data-end=\"682\">Intel Core Ultra 5 250KF Plus<\/strong><\/p>\n<p data-start=\"685\" data-end=\"1063\">Arhitekt\u016bra un kodoli jaun\u0101s paaudzes Intel arhitekt\u016bra ar <strong data-start=\"749\" data-end=\"766\">18 kodoliem<\/strong>, optimiz\u0113ta sp\u0113l\u0113m un produktivit\u0101tei.<br data-start=\"807\" data-end=\"810\">Frekvence augsta b\u0101zes frekvence un boost re\u017e\u012bms l\u012bdz <strong data-start=\"861\" data-end=\"872\">5,3 GHz<\/strong> \u013cauj uztur\u0113t <strong data-start=\"891\" data-end=\"937\">augstu FPS pat sare\u017e\u0123\u012bt\u0101s sp\u0113\u013cu ain\u0101s<\/strong>.<br data-start=\"938\" data-end=\"941\">Tehnolo\u0123ijas atbalst\u012bts <strong data-start=\"966\" data-end=\"974\">DDR5<\/strong> atmi\u0146as standarts un modern\u0101s Intel optimiz\u0101cijas nodro\u0161ina \u0101tru sist\u0113mas darb\u012bbu.<\/p>\n<p data-start=\"1065\" data-end=\"1123\">Videokarte \u201e<strong data-start=\"1081\" data-end=\"1122\">NVIDIA GeForce RTX 5070 Ti 16GB GDDR7<\/strong>\u201c<\/p>\n<p data-start=\"1125\" data-end=\"1625\">Arhitekt\u016bra jaun\u0101s paaudzes <strong data-start=\"1152\" data-end=\"1172\">NVIDIA Blackwell<\/strong> arhitekt\u016bra ar <strong data-start=\"1189\" data-end=\"1224\">CUDA, RT un Tensor kodoliem<\/strong>, atbalstot <strong data-start=\"1237\" data-end=\"1247\">DLSS 4<\/strong>, <strong data-start=\"1249\" data-end=\"1269\">Frame Generation<\/strong> un ray tracing. <br data-start=\"1323\" data-end=\"1326\">Atmi\u0146a <strong data-start=\"1335\" data-end=\"1350\">16 GB GDDR7<\/strong> nodro\u0161ina lielu rezervi <strong data-start=\"1375\" data-end=\"1404\">1440p un 4K AAA sp\u0113l\u0113m<\/strong>, \u013cauj izmantot augstus tekst\u016bru iestat\u012bjumus un ray tracing efektus. <br data-start=\"1512\" data-end=\"1515\">Tehnolo\u0123ijas <strong data-start=\"1529\" data-end=\"1539\">DLSS 4<\/strong> \u013cauj uztur\u0113t augstu FPS pat izmantojot progres\u012bvus grafikas efektus un ray tracing.<\/p>\n<\/div>\n<\/div>\n<\/div>\n<\/div>\n<\/div>\n<\/div>\n<p data-start=\"2012\" data-end=\"2062\"><strong>Paredzama FPS veiktsp\u0113ja 1440p un 4K iz\u0161\u0137irtsp\u0113j\u0101:<\/strong><\/p>\n<p data-start=\"2064\" data-end=\"2483\"><strong data-start=\"2064\" data-end=\"2082\">Cyberpunk 2077<\/strong> \u2013 ~155 FPS (1440p, Ultra + DLSS Quality) \/ ~115 FPS (4K, High + DLSS Balanced)<br data-start=\"2161\" data-end=\"2164\"><strong data-start=\"2164\" data-end=\"2193\">Call of Duty: Black Ops 6<\/strong> \u2013 ~210 FPS (1440p, Ultra) \/ ~155 FPS (4K, Ultra)<br data-start=\"2242\" data-end=\"2245\"><strong data-start=\"2245\" data-end=\"2264\">Forza Horizon 5<\/strong> \u2013 ~190 FPS (1440p, Ultra) \/ ~140 FPS (4K, Ultra)<br data-start=\"2313\" data-end=\"2316\"><strong data-start=\"2316\" data-end=\"2343\">Assassin&#8217;s Creed Mirage<\/strong> \u2013 ~165 FPS (1440p, High) \/ ~125 FPS (4K, High)<br data-start=\"2390\" data-end=\"2393\"><strong data-start=\"2393\" data-end=\"2408\">Alan Wake 2<\/strong> \u2013 ~135 FPS (1440p, High RT + DLSS) \/ ~100 FPS (4K, High + DLSS Balanced)<\/p>\n<p><em>\u0160ie skait\u013ci realit\u0101t\u0113 var at\u0161\u0137irties atkar\u012bb\u0101 no konkr\u0113tiem sp\u0113les iestat\u012bjumiem, optimiz\u0101cijas un citiem sist\u0113mas komponentiem.<\/em><\/p>\n","protected":false},"excerpt":{"rendered":"<p>Intel Core Ultra 5 250KF Plus un NVIDIA GeForce RTX 5070 Ti 16GB GDDR7 \u2013 \u012bpa\u0161i jaud\u012bgs salikums 1440p un<\/p>\n","protected":false},"featured_media":22040,"comment_status":"open","ping_status":"closed","template":"","meta":[],"product_brand":[1749],"product_cat":[495],"product_tag":[510],"class_list":{"0":"post-55042","1":"product","2":"type-product","3":"status-publish","4":"has-post-thumbnail","6":"product_brand-amberglow","7":"product_cat-stacionarie-datori","8":"product_tag-ddr5-nuo-16gb-512gb","9":"pa_garantija-24-men-lv","10":"pa_prekes-zenklas-amberglow-lv","11":"pa_procesoriaus-branduoliai-1763","12":"pa_vaizdo-plokstes-atmintis-16gb-lv","13":"pa_vaizdo-plokstes-modelis-rtx-5070-ti-lv","15":"first","16":"instock","17":"taxable","18":"shipping-taxable","19":"purchasable","20":"product-type-simple"},"_links":{"self":[{"href":"https:\/\/amberglow.lt\/lv\/wp-json\/wp\/v2\/product\/55042","targetHints":{"allow":["GET"]}}],"collection":[{"href":"https:\/\/amberglow.lt\/lv\/wp-json\/wp\/v2\/product"}],"about":[{"href":"https:\/\/amberglow.lt\/lv\/wp-json\/wp\/v2\/types\/product"}],"replies":[{"embeddable":true,"href":"https:\/\/amberglow.lt\/lv\/wp-json\/wp\/v2\/comments?post=55042"}],"version-history":[{"count":0,"href":"https:\/\/amberglow.lt\/lv\/wp-json\/wp\/v2\/product\/55042\/revisions"}],"wp:featuredmedia":[{"embeddable":true,"href":"https:\/\/amberglow.lt\/lv\/wp-json\/wp\/v2\/media\/22040"}],"wp:attachment":[{"href":"https:\/\/amberglow.lt\/lv\/wp-json\/wp\/v2\/media?parent=55042"}],"wp:term":[{"taxonomy":"product_brand","embeddable":true,"href":"https:\/\/amberglow.lt\/lv\/wp-json\/wp\/v2\/product_brand?post=55042"},{"taxonomy":"product_cat","embeddable":true,"href":"https:\/\/amberglow.lt\/lv\/wp-json\/wp\/v2\/product_cat?post=55042"},{"taxonomy":"product_tag","embeddable":true,"href":"https:\/\/amberglow.lt\/lv\/wp-json\/wp\/v2\/product_tag?post=55042"}],"curies":[{"name":"wp","href":"https:\/\/api.w.org\/{rel}","templated":true}]}}