{"id":55043,"date":"2026-05-07T13:23:20","date_gmt":"2026-05-07T10:23:20","guid":{"rendered":"https:\/\/amberglow.lt\/Bez kategorijas\/stacionarais-dators-ryzen-9-9950x3d2-dual-edition-rx-9060-xt-16gb\/"},"modified":"2026-05-07T13:23:20","modified_gmt":"2026-05-07T10:23:20","slug":"stacionarais-dators-ryzen-9-9950x3d2-dual-edition-rx-9060-xt-16gb","status":"publish","type":"product","link":"https:\/\/amberglow.lt\/lv\/stacionarie-datori\/stacionarais-dators-ryzen-9-9950x3d2-dual-edition-rx-9060-xt-16gb\/","title":{"rendered":"Stacion\u0101rais dators Ryzen 9 9950X3D2 Dual Edition, RX 9060 XT 16GB"},"content":{"rendered":"<p data-start=\"0\" data-end=\"120\">\u201e<strong data-start=\"1\" data-end=\"38\">AMD Ryzen 9 9950X3D2 Dual Edition<\/strong>\u201c un \u201e<strong data-start=\"44\" data-end=\"74\">AMD Radeon RX 9060 XT 16GB<\/strong>\u201c \u2013 <strong data-start=\"78\" data-end=\"120\">jaud\u012bgs komplekts 1440p un 4K sp\u0113l\u0113m<\/strong><\/p>\n<p data-start=\"122\" data-end=\"617\">\u0160is komplekts paredz\u0113ts sp\u0113l\u0113t\u0101jiem un satura veidot\u0101jiem, kuri tiecas p\u0113c <strong data-start=\"186\" data-end=\"208\">maksim\u0101las veiktsp\u0113jas<\/strong>, \u013coti augsta FPS un pl\u016bsto\u0161as sp\u0113\u013cu pieredzes modernajos AAA projektos. \u201e<strong data-start=\"289\" data-end=\"322\">Ryzen 9 9950X3D2 Dual Edition<\/strong>\u201c ar dubultu <strong data-start=\"335\" data-end=\"349\">3D V-Cache<\/strong> nodro\u0161ina \u012bpa\u0161i lielu ke\u0161atmi\u0146as rezervi un izcilu veiktsp\u0113ju gan sp\u0113l\u0113s, gan produktivit\u0101tes uzdevumos, savuk\u0101rt \u201e<strong data-start=\"451\" data-end=\"470\">RX 9060 XT 16GB<\/strong>\u201c garant\u0113 sp\u0113c\u012bgu AMD grafikas veiktsp\u0113ju ar <strong data-start=\"512\" data-end=\"519\">FSR<\/strong>, uzlabotu staru izseko\u0161anas atbalstu un lielu video atmi\u0146u.<\/p>\n<p data-start=\"619\" data-end=\"670\">Procesors \u201e<strong data-start=\"632\" data-end=\"669\">AMD Ryzen 9 9950X3D2 Dual Edition<\/strong>\u201c<\/p>\n<p data-start=\"672\" data-end=\"1196\">Arhitekt\u016bra un kodoli <strong data-start=\"700\" data-end=\"724\">\u201eZen 5\u201c arhitekt\u016bra<\/strong>, <strong data-start=\"726\" data-end=\"755\">16 kodoli un 32 pavedieni<\/strong>, papildin\u0101ta ar <strong data-start=\"767\" data-end=\"786\">Dual 3D V-Cache<\/strong> tehnolo\u0123iju, optimiz\u0113ta maksim\u0101lai sp\u0113\u013cu un profesion\u0101lo uzdevumu veiktsp\u0113jai.<br data-start=\"867\" data-end=\"870\">Frekvence augsta b\u0101zes frekvence un boost re\u017e\u012bms l\u012bdz <strong data-start=\"921\" data-end=\"932\">5.6 GHz<\/strong> \u013cauj uztur\u0113t \u012bpa\u0161i augstu FPS pat CPU pras\u012bg\u0101s sp\u0113l\u0113s.<br data-start=\"1004\" data-end=\"1007\">Atmi\u0146a l\u012bdz <strong data-start=\"1020\" data-end=\"1043\">208 MB kop\u0113j\u0101s ke\u0161atmi\u0146as<\/strong> iev\u0113rojami uzlabo sist\u0113mas reakciju, samazina mikroaiz\u0137er\u0161an\u0101s un palielina veiktsp\u0113ju gan sp\u0113l\u0113s, gan render\u0113\u0161an\u0101.<\/p>\n<p data-start=\"1198\" data-end=\"1245\">Videokarte \u201e<strong data-start=\"1214\" data-end=\"1244\">AMD Radeon RX 9060 XT 16GB<\/strong>\u201d<\/p>\n<p data-start=\"1247\" data-end=\"1649\">Arhitekt\u016bra jaun\u0101s paaudzes <strong data-start=\"1274\" data-end=\"1299\">AMD RDNA arhitekt\u016bra<\/strong> ar uzlabotu staru izseko\u0161anas atbalstu un optimiz\u0113tu veiktsp\u0113ju modernaj\u0101m AAA sp\u0113l\u0113m.<br data-start=\"1381\" data-end=\"1384\">Atmi\u0146a <strong data-start=\"1393\" data-end=\"1408\">16 GB GDDR6<\/strong> nodro\u0161ina lielu rezervi <strong data-start=\"1433\" data-end=\"1456\">1440p un 4K iz\u0161\u0137irtsp\u0113jai<\/strong>, \u013cauj izmantot augstus tekst\u016bru iestat\u012bjumus un sare\u017e\u0123\u012btus grafikas efektus.<br data-start=\"1534\" data-end=\"1537\">Tehnolo\u0123ijas <strong data-start=\"1551\" data-end=\"1562\">AMD FSR<\/strong> \u013cauj palielin\u0101t FPS un nodro\u0161in\u0101t pl\u016bsto\u0161u sp\u0113li pat grafiski sare\u017e\u0123\u012bt\u0101s ain\u0101s.<\/p>\n<p data-start=\"776\" data-end=\"1115\"><strong>Pilna specifik\u0101cija:<\/strong><\/p>\n<ul>\n<li><strong><span data-sheets-root=\"1\">Ryzen 9 9950X3D2 Dual Edition<\/span>: <\/strong>16 kodoli, 32 pavedieni, 4.3-5.6GHz<\/li>\n<li><strong>MSI PRO X870E GAMING PLUS WIFI<\/strong> vai l\u012bdz\u012bga pamatplate<\/li>\n<li><strong><span data-sheets-root=\"1\">DeepCool AG620 BK ARGB V2<\/span> dzes\u0113t\u0101js<\/strong><\/li>\n<li><span data-sheets-root=\"1\"><strong>32GB (2x16GB) DDR5 6000MHz | Corsair Vengeance<\/strong> vai l\u012bdz\u012bgi<\/span><\/li>\n<li><strong>Kingston NV3 1TB NVMe M.2 SSD <\/strong><\/li>\n<li><span data-sheets-root=\"1\"><strong>AMD Radeon RX 9060 XT 16GB GDDR6 | ASRock Challenger OC<\/strong> vai l\u012bdz\u012bga<\/span><\/li>\n<li><span data-sheets-root=\"1\"><strong>Chieftec 650W 80+ Bronze<\/strong> vai l\u012bdz\u012bgs<\/span><\/li>\n<\/ul>\n<p data-start=\"2030\" data-end=\"2080\"><strong>Paredzama FPS veiktsp\u0113ja 1440p un 4K iz\u0161\u0137irtsp\u0113j\u0101:<\/strong><\/p>\n<p data-start=\"2082\" data-end=\"2470\"><strong data-start=\"2082\" data-end=\"2100\">Cyberpunk 2077<\/strong> \u2013 ~145 FPS (1440p, Ultra + FSR) \/ ~105 FPS (4K, High + FSR)<br data-start=\"2160\" data-end=\"2163\"><strong data-start=\"2163\" data-end=\"2192\">Call of Duty: Black Ops 6<\/strong> \u2013 ~205 FPS (1440p, Ultra) \/ ~150 FPS (4K, Ultra)<br data-start=\"2241\" data-end=\"2244\"><strong data-start=\"2244\" data-end=\"2263\">Forza Horizon 5<\/strong> \u2013 ~185 FPS (1440p, Ultra) \/ ~135 FPS (4K, Ultra)<br data-start=\"2312\" data-end=\"2315\"><strong data-start=\"2315\" data-end=\"2342\">Assassin\u2019s Creed Mirage<\/strong> \u2013 ~160 FPS (1440p, High) \/ ~120 FPS (4K, High)<br data-start=\"2389\" data-end=\"2392\"><strong data-start=\"2392\" data-end=\"2407\">Alan Wake 2<\/strong> \u2013 ~125 FPS (1440p, High RT + FSR) \/ ~90 FPS (4K, High + FSR)<\/p>\n<p><em>\u0160ie skait\u013ci realit\u0101t\u0113 var at\u0161\u0137irties atkar\u012bb\u0101 no konkr\u0113tiem sp\u0113les iestat\u012bjumiem, optimiz\u0101cijas un citiem sist\u0113mas komponentiem.<\/em><\/p>\n","protected":false},"excerpt":{"rendered":"<p>\u201eAMD Ryzen 9 9950X3D2 Dual Edition\u201c un \u201eAMD Radeon RX 9060 XT 16GB\u201c \u2013 jaud\u012bgs komplekts 1440p un 4K sp\u0113l\u0113m<\/p>\n","protected":false},"featured_media":23627,"comment_status":"open","ping_status":"closed","template":"","meta":[],"product_brand":[1749],"product_cat":[495],"product_tag":[505],"class_list":{"0":"post-55043","1":"product","2":"type-product","3":"status-publish","4":"has-post-thumbnail","6":"product_brand-amberglow","7":"product_cat-stacionarie-datori","8":"product_tag-ddr5-nuo-32gb-1tb","9":"pa_garantija-24-men-lv","10":"pa_prekes-zenklas-amberglow-lv","11":"pa_procesoriaus-branduoliai-16-cores-lv","12":"pa_vaizdo-plokstes-atmintis-16gb-lv","13":"pa_vaizdo-plokstes-modelis-rx-9060-xt-lv","15":"first","16":"instock","17":"taxable","18":"shipping-taxable","19":"purchasable","20":"product-type-simple"},"_links":{"self":[{"href":"https:\/\/amberglow.lt\/lv\/wp-json\/wp\/v2\/product\/55043","targetHints":{"allow":["GET"]}}],"collection":[{"href":"https:\/\/amberglow.lt\/lv\/wp-json\/wp\/v2\/product"}],"about":[{"href":"https:\/\/amberglow.lt\/lv\/wp-json\/wp\/v2\/types\/product"}],"replies":[{"embeddable":true,"href":"https:\/\/amberglow.lt\/lv\/wp-json\/wp\/v2\/comments?post=55043"}],"version-history":[{"count":0,"href":"https:\/\/amberglow.lt\/lv\/wp-json\/wp\/v2\/product\/55043\/revisions"}],"wp:featuredmedia":[{"embeddable":true,"href":"https:\/\/amberglow.lt\/lv\/wp-json\/wp\/v2\/media\/23627"}],"wp:attachment":[{"href":"https:\/\/amberglow.lt\/lv\/wp-json\/wp\/v2\/media?parent=55043"}],"wp:term":[{"taxonomy":"product_brand","embeddable":true,"href":"https:\/\/amberglow.lt\/lv\/wp-json\/wp\/v2\/product_brand?post=55043"},{"taxonomy":"product_cat","embeddable":true,"href":"https:\/\/amberglow.lt\/lv\/wp-json\/wp\/v2\/product_cat?post=55043"},{"taxonomy":"product_tag","embeddable":true,"href":"https:\/\/amberglow.lt\/lv\/wp-json\/wp\/v2\/product_tag?post=55043"}],"curies":[{"name":"wp","href":"https:\/\/api.w.org\/{rel}","templated":true}]}}