{"id":55045,"date":"2026-05-07T14:28:38","date_gmt":"2026-05-07T11:28:38","guid":{"rendered":"https:\/\/amberglow.lt\/Bez kategorijas\/stacionarais-dators-core-ultra-7-270k-plus-rx-9060-xt-16gb\/"},"modified":"2026-05-07T14:28:38","modified_gmt":"2026-05-07T11:28:38","slug":"stacionarais-dators-core-ultra-7-270k-plus-rx-9060-xt-16gb","status":"publish","type":"product","link":"https:\/\/amberglow.lt\/lv\/stacionarie-datori\/stacionarais-dators-core-ultra-7-270k-plus-rx-9060-xt-16gb\/","title":{"rendered":"Stacion\u0101rais dators Core Ultra 7 270K PLUS, RX 9060 XT 16GB"},"content":{"rendered":"<p data-start=\"0\" data-end=\"142\">\u201e<strong data-start=\"1\" data-end=\"33\">Intel Core Ultra 7 270K Plus<\/strong>\u201c un \u201e<strong data-start=\"39\" data-end=\"75\">AMD Radeon RX 9060 XT 16GB GDDR6<\/strong>\u201c \u2013 <strong data-start=\"79\" data-end=\"142\">jaud\u012bga kombin\u0101cija 1440p sp\u0113l\u0113m un pl\u016bdenai 4K pieredzei<\/strong><\/p>\n<p data-start=\"144\" data-end=\"617\">\u0160\u012b kombin\u0101cija ir paredz\u0113ta sp\u0113l\u0113t\u0101jiem un satura veidot\u0101jiem, kuri mekl\u0113 <strong data-start=\"208\" data-end=\"222\">augstu FPS<\/strong>, pl\u016bdenu veiktsp\u0113ju un labu cenas un veiktsp\u0113jas attiec\u012bbu modern\u0101s AAA sp\u0113l\u0113s. \u201e<strong data-start=\"306\" data-end=\"332\">Core Ultra 7 270K Plus<\/strong>\u201c pied\u0101v\u0101 lielu kodolu skaitu un augstu boost frekvenci, padarot to ide\u0101li piem\u0113rotu gan sp\u0113l\u0113m, gan produktivit\u0101tei, savuk\u0101rt \u201e<strong data-start=\"452\" data-end=\"471\">RX 9060 XT 16GB<\/strong>\u201c nodro\u0161ina sp\u0113c\u012bgu AMD grafikas veiktsp\u0113ju ar <strong data-start=\"512\" data-end=\"519\">FSR<\/strong>, uzlabotu staru izseko\u0161anas atbalstu un lielu video atmi\u0146u.<\/p>\n<p data-start=\"619\" data-end=\"665\">Procesors \u201e<strong data-start=\"632\" data-end=\"664\">Intel Core Ultra 7 270K Plus<\/strong>\u201c<\/p>\n<p data-start=\"667\" data-end=\"1062\">Arhitekt\u016bra un kodoli: n\u0101kam\u0101s paaudzes Intel arhitekt\u016bra ar <strong data-start=\"731\" data-end=\"761\">24 kodoliem (8P + 16E)<\/strong>, optimiz\u0113ta sp\u0113l\u0113m un produktivit\u0101tei.<br data-start=\"802\" data-end=\"806\">Frekvence: augsta b\u0101zes frekvence un boost re\u017e\u012bms l\u012bdz <strong data-start=\"857\" data-end=\"868\">5.5 GHz<\/strong> \u013cauj uztur\u0113t \u012bpa\u0161i augstu FPS pat sare\u017e\u0123\u012bt\u0101s sp\u0113\u013cu ain\u0101s.<br data-start=\"935\" data-end=\"939\">Tehnolo\u0123ijas: atbalst\u012btais <strong data-start=\"964\" data-end=\"972\">DDR5<\/strong> atmi\u0146as standarts un modernas Intel optimiz\u0101cijas nodro\u0161ina \u0101tru sist\u0113mas darb\u012bbu.<\/p>\n<p data-start=\"1064\" data-end=\"1117\">Videokarte \u201e<strong data-start=\"1080\" data-end=\"1116\">AMD Radeon RX 9060 XT 16GB GDDR6<\/strong>\u201c<\/p>\n<p data-start=\"1119\" data-end=\"1637\">Arhitekt\u016bra: n\u0101kam\u0101s paaudzes <strong data-start=\"1146\" data-end=\"1160\">AMD RDNA 4<\/strong> arhitekt\u016bra ar uzlabotu staru izseko\u0161anas atbalstu un optimiz\u0113tu veiktsp\u0113ju modern\u0101m AAA sp\u0113l\u0113m. <br data-start=\"1293\" data-end=\"1296\">Atmi\u0146a: <strong data-start=\"1305\" data-end=\"1320\">16 GB GDDR6<\/strong> nodro\u0161ina lielu rezervi <strong data-start=\"1345\" data-end=\"1368\">1440p un 4K iz\u0161\u0137irtsp\u0113jai<\/strong>, \u013cauj izmantot augstus tekst\u016bru iestat\u012bjumus un sare\u017e\u0123\u012btus grafikas efektus. <br data-start=\"1484\" data-end=\"1487\">Tehnolo\u0123ijas: <strong data-start=\"1501\" data-end=\"1512\">AMD FSR<\/strong> \u013cauj palielin\u0101t FPS un nodro\u0161in\u0101t pl\u016bdenu sp\u0113li pat grafiski sare\u017e\u0123\u012bt\u0101s ain\u0101s.<\/p>\n<p data-start=\"831\" data-end=\"1186\"><strong>Pilna specifik\u0101cija:<\/strong><\/p>\n<ul>\n<li><strong>Intel <span data-sheets-root=\"1\">Core Ultra 7-270K PLUS<\/span>: 2<\/strong>4 kodoli, 24 pavedieni, 3.7-5.54GHz<\/li>\n<li><span data-sheets-root=\"1\"><strong>ASRock B860 PRO RS<\/strong> vai l\u012bdz\u012bga<\/span><\/li>\n<li><span data-sheets-root=\"1\"><strong>Arctic Freezer 36<\/strong> vai l\u012bdz\u012bgs<\/span><\/li>\n<li><span data-sheets-root=\"1\"><strong>32GB (2x16GB) DDR5 6000MHz | Corsair Vengeance<\/strong> vai l\u012bdz\u012bgi <\/span><\/li>\n<li><strong>Kingston NV3 1TB NVMe M.2 SSD <\/strong><\/li>\n<li><span data-sheets-root=\"1\"><strong>AMD Radeon RX 9060 XT 16GB GDDR6 | ASRock Challenger OC<\/strong> vai l\u012bdz\u012bga<\/span><\/li>\n<li><span data-sheets-root=\"1\"><strong>Chieftec 650W 80+ Bronze<\/strong> vai l\u012bdz\u012bgs<\/span><\/li>\n<\/ul>\n<p data-start=\"1667\" data-end=\"1718\"><strong data-start=\"1645\" data-end=\"1695\">Paredzamie FPS rezult\u0101ti 1440p un 4K iz\u0161\u0137irtsp\u0113j\u0101s:<\/strong><br data-start=\"1695\" data-end=\"1698\"><strong data-start=\"2078\" data-end=\"2096\">Cyberpunk 2077<\/strong> \u2013 ~145 FPS (1440p, Ultra + FSR) \/ ~105 FPS (4K, High + FSR)<br data-start=\"2156\" data-end=\"2159\"><strong data-start=\"2159\" data-end=\"2188\">Call of Duty: Black Ops 6<\/strong> \u2013 ~205 FPS (1440p, Ultra) \/ ~150 FPS (4K, Ultra)<br data-start=\"2237\" data-end=\"2240\"><strong data-start=\"2240\" data-end=\"2259\">Forza Horizon 5<\/strong> \u2013 ~185 FPS (1440p, Ultra) \/ ~135 FPS (4K, Ultra)<br data-start=\"2308\" data-end=\"2311\"><strong data-start=\"2311\" data-end=\"2338\">Assassin\u2019s Creed Mirage<\/strong> \u2013 ~160 FPS (1440p, High) \/ ~120 FPS (4K, High)<br data-start=\"2385\" data-end=\"2388\"><strong data-start=\"2388\" data-end=\"2403\">Alan Wake 2<\/strong> \u2013 ~125 FPS (1440p, High RT + FSR) \/ ~90 FPS (4K, High + FSR)<\/p>\n<p><em>\u0160ie skait\u013ci realit\u0101t\u0113 var at\u0161\u0137irties atkar\u012bb\u0101 no konkr\u0113tiem sp\u0113les iestat\u012bjumiem, optimiz\u0101cijas un citiem sist\u0113mas komponentiem.<\/em><\/p>\n","protected":false},"excerpt":{"rendered":"<p>\u201eIntel Core Ultra 7 270K Plus\u201c un \u201eAMD Radeon RX 9060 XT 16GB GDDR6\u201c \u2013 jaud\u012bga kombin\u0101cija 1440p sp\u0113l\u0113m un<\/p>\n","protected":false},"featured_media":55219,"comment_status":"open","ping_status":"closed","template":"","meta":[],"product_brand":[],"product_cat":[495],"product_tag":[505],"class_list":{"0":"post-55045","1":"product","2":"type-product","3":"status-publish","4":"has-post-thumbnail","6":"product_cat-stacionarie-datori","7":"product_tag-ddr5-nuo-32gb-1tb","8":"pa_garantija-24-men-lv","9":"pa_prekes-zenklas-amberglow-lv","10":"pa_procesoriaus-branduoliai-24-cores-lv","11":"pa_vaizdo-plokstes-atmintis-16gb-lv","12":"pa_vaizdo-plokstes-modelis-rx-9060-xt-lv","14":"first","15":"instock","16":"taxable","17":"shipping-taxable","18":"purchasable","19":"product-type-simple"},"_links":{"self":[{"href":"https:\/\/amberglow.lt\/lv\/wp-json\/wp\/v2\/product\/55045","targetHints":{"allow":["GET"]}}],"collection":[{"href":"https:\/\/amberglow.lt\/lv\/wp-json\/wp\/v2\/product"}],"about":[{"href":"https:\/\/amberglow.lt\/lv\/wp-json\/wp\/v2\/types\/product"}],"replies":[{"embeddable":true,"href":"https:\/\/amberglow.lt\/lv\/wp-json\/wp\/v2\/comments?post=55045"}],"version-history":[{"count":0,"href":"https:\/\/amberglow.lt\/lv\/wp-json\/wp\/v2\/product\/55045\/revisions"}],"wp:featuredmedia":[{"embeddable":true,"href":"https:\/\/amberglow.lt\/lv\/wp-json\/wp\/v2\/media\/55219"}],"wp:attachment":[{"href":"https:\/\/amberglow.lt\/lv\/wp-json\/wp\/v2\/media?parent=55045"}],"wp:term":[{"taxonomy":"product_brand","embeddable":true,"href":"https:\/\/amberglow.lt\/lv\/wp-json\/wp\/v2\/product_brand?post=55045"},{"taxonomy":"product_cat","embeddable":true,"href":"https:\/\/amberglow.lt\/lv\/wp-json\/wp\/v2\/product_cat?post=55045"},{"taxonomy":"product_tag","embeddable":true,"href":"https:\/\/amberglow.lt\/lv\/wp-json\/wp\/v2\/product_tag?post=55045"}],"curies":[{"name":"wp","href":"https:\/\/api.w.org\/{rel}","templated":true}]}}