{"id":55048,"date":"2026-05-07T09:24:34","date_gmt":"2026-05-07T06:24:34","guid":{"rendered":"https:\/\/amberglow.lt\/Bez kategorijas\/stacionarais-dators-core-ultra-5-250kf-plus-rx-9070-xt-16gb\/"},"modified":"2026-05-07T09:24:34","modified_gmt":"2026-05-07T06:24:34","slug":"stacionarais-dators-core-ultra-5-250kf-plus-rx-9070-xt-16gb","status":"publish","type":"product","link":"https:\/\/amberglow.lt\/lv\/stacionarie-datori\/stacionarais-dators-core-ultra-5-250kf-plus-rx-9070-xt-16gb\/","title":{"rendered":"Stacion\u0101rais dators Core Ultra 5 250KF PLUS, RX 9070 XT 16GB"},"content":{"rendered":"<p data-start=\"0\" data-end=\"127\">\u201e<strong data-start=\"1\" data-end=\"34\">Intel Core Ultra 5 250KF Plus<\/strong>\u201c un \u201e<strong data-start=\"40\" data-end=\"76\">AMD Radeon RX 9070 XT 16GB GDDR6<\/strong>\u201c \u2013 <strong data-start=\"80\" data-end=\"127\">\u012bpa\u0161i jaud\u012bga kombin\u0101cija 1440p un 4K sp\u0113l\u0113m<\/strong><\/p>\n<p data-start=\"129\" data-end=\"611\">\u0160\u012b kombin\u0101cija ir paredz\u0113ta sp\u0113l\u0113t\u0101jiem, kuri v\u0113las <strong data-start=\"173\" data-end=\"202\">augstu FPS 1440p iz\u0161\u0137irtsp\u0113j\u0101<\/strong> un v\u0113las baud\u012bt <strong data-start=\"220\" data-end=\"279\">4K sp\u0113les ar augstiem un ultra grafikas iestat\u012bjumiem<\/strong>. \u201e<strong data-start=\"282\" data-end=\"309\">Core Ultra 5 250KF Plus<\/strong>\u201c izce\u013cas ar augstu boost frekvenci un modernu Intel arhitekt\u016bru, t\u0101p\u0113c tas ir lieliski piem\u0113rots gan sp\u0113l\u0113m, gan produktivit\u0101tei, savuk\u0101rt \u201e<strong data-start=\"431\" data-end=\"450\">RX 9070 XT 16GB<\/strong>\u201c nodro\u0161ina \u013coti sp\u0113c\u012bgu AMD grafikas veiktsp\u0113ju ar <strong data-start=\"497\" data-end=\"504\">FSR<\/strong>, uzlabotu staru izseko\u0161anas atbalstu un lielu video atmi\u0146as rezervi. <\/p>\n<p data-start=\"613\" data-end=\"660\">Procesors \u201e<strong data-start=\"626\" data-end=\"659\">Intel Core Ultra 5 250KF Plus<\/strong>\u201c<\/p>\n<p data-start=\"662\" data-end=\"1040\">Arhitekt\u016bra un kodoli: jaun\u0101s paaudzes Intel arhitekt\u016bra ar <strong data-start=\"726\" data-end=\"743\">18 kodoliem<\/strong>, optimiz\u0113ta sp\u0113l\u0113m un produktivit\u0101tei.<br data-start=\"784\" data-end=\"787\">Frekvence: augsta b\u0101zes frekvence un boost re\u017e\u012bms l\u012bdz <strong data-start=\"838\" data-end=\"849\">5.3 GHz<\/strong> \u013cauj uztur\u0113t <strong data-start=\"868\" data-end=\"914\">augstu FPS pat sare\u017e\u0123\u012bt\u0101s sp\u0113\u013cu ain\u0101s<\/strong>.<br data-start=\"915\" data-end=\"918\">Tehnolo\u0123ijas: atbalst\u012btais <strong data-start=\"943\" data-end=\"951\">DDR5<\/strong> atmi\u0146as standarts un modernas Intel optimiz\u0101cijas nodro\u0161ina \u0101tru sist\u0113mas darb\u012bbu.<\/p>\n<p data-start=\"1042\" data-end=\"1095\">Videokarte \u201e<strong data-start=\"1058\" data-end=\"1094\">AMD Radeon RX 9070 XT 16GB GDDR6<\/strong>\u201c<\/p>\n<p data-start=\"1097\" data-end=\"1569\">Arhitekt\u016bra: jaun\u0101s paaudzes <strong data-start=\"1124\" data-end=\"1138\">AMD RDNA 4<\/strong> arhitekt\u016bra ar uzlabotu staru izseko\u0161anas atbalstu un optimiz\u0113tu veiktsp\u0113ju modern\u0101m AAA sp\u0113l\u0113m. <br data-start=\"1271\" data-end=\"1274\">Atmi\u0146a: <strong data-start=\"1283\" data-end=\"1298\">16 GB GDDR6<\/strong> nodro\u0161ina lielu rezervi <strong data-start=\"1323\" data-end=\"1346\">1440p un 4K iz\u0161\u0137irtsp\u0113jai<\/strong>, \u013cauj izmantot augstus tekst\u016bru iestat\u012bjumus un staru izseko\u0161anas efektus. <br data-start=\"1454\" data-end=\"1457\">Tehnolo\u0123ijas: <strong data-start=\"1471\" data-end=\"1482\">AMD FSR<\/strong> \u013cauj palielin\u0101t FPS un nodro\u0161in\u0101t vienm\u0113r\u012bgu sp\u0113li pat grafiski sare\u017e\u0123\u012bt\u0101s ain\u0101s.<\/p>\n<p data-start=\"1920\" data-end=\"1970\"><strong>Paredzama FPS veiktsp\u0113ja 1440p un 4K iz\u0161\u0137irtsp\u0113j\u0101:<\/strong><\/p>\n<p data-start=\"1972\" data-end=\"2360\"><strong data-start=\"1972\" data-end=\"1990\">Cyberpunk 2077<\/strong> \u2013 ~155 FPS (1440p, Ultra + FSR) \/ ~115 FPS (4K, High + FSR)<br data-start=\"2050\" data-end=\"2053\"><strong data-start=\"2053\" data-end=\"2082\">Call of Duty: Black Ops 6<\/strong> \u2013 ~215 FPS (1440p, Ultra) \/ ~155 FPS (4K, Ultra)<br data-start=\"2131\" data-end=\"2134\"><strong data-start=\"2134\" data-end=\"2153\">Forza Horizon 5<\/strong> \u2013 ~195 FPS (1440p, Ultra) \/ ~145 FPS (4K, Ultra)<br data-start=\"2202\" data-end=\"2205\"><strong data-start=\"2205\" data-end=\"2232\">Assassin\u2019s Creed Mirage<\/strong> \u2013 ~170 FPS (1440p, High) \/ ~125 FPS (4K, High)<br data-start=\"2279\" data-end=\"2282\"><strong data-start=\"2282\" data-end=\"2297\">Alan Wake 2<\/strong> \u2013 ~130 FPS (1440p, High RT + FSR) \/ ~95 FPS (4K, High + FSR)<\/p>\n<p><em>\u0160ie skait\u013ci var at\u0161\u0137irties realit\u0101t\u0113 atkar\u012bb\u0101 no konkr\u0113tiem sp\u0113les iestat\u012bjumiem, optimiz\u0101cijas un citiem sist\u0113mas komponentiem<\/em><\/p>\n","protected":false},"excerpt":{"rendered":"<p>\u201eIntel Core Ultra 5 250KF Plus\u201c un \u201eAMD Radeon RX 9070 XT 16GB GDDR6\u201c \u2013 \u012bpa\u0161i jaud\u012bga kombin\u0101cija 1440p un<\/p>\n","protected":false},"featured_media":22038,"comment_status":"open","ping_status":"closed","template":"","meta":[],"product_brand":[1749],"product_cat":[495],"product_tag":[510],"class_list":{"0":"post-55048","1":"product","2":"type-product","3":"status-publish","4":"has-post-thumbnail","6":"product_brand-amberglow","7":"product_cat-stacionarie-datori","8":"product_tag-ddr5-nuo-16gb-512gb","9":"pa_garantija-24-men-lv","10":"pa_prekes-zenklas-amberglow-lv","11":"pa_procesoriaus-branduoliai-1763","12":"pa_vaizdo-plokstes-atmintis-16gb-lv","13":"pa_vaizdo-plokstes-modelis-rx-9070-xt-lv","15":"first","16":"instock","17":"taxable","18":"shipping-taxable","19":"purchasable","20":"product-type-simple"},"_links":{"self":[{"href":"https:\/\/amberglow.lt\/lv\/wp-json\/wp\/v2\/product\/55048","targetHints":{"allow":["GET"]}}],"collection":[{"href":"https:\/\/amberglow.lt\/lv\/wp-json\/wp\/v2\/product"}],"about":[{"href":"https:\/\/amberglow.lt\/lv\/wp-json\/wp\/v2\/types\/product"}],"replies":[{"embeddable":true,"href":"https:\/\/amberglow.lt\/lv\/wp-json\/wp\/v2\/comments?post=55048"}],"version-history":[{"count":0,"href":"https:\/\/amberglow.lt\/lv\/wp-json\/wp\/v2\/product\/55048\/revisions"}],"wp:featuredmedia":[{"embeddable":true,"href":"https:\/\/amberglow.lt\/lv\/wp-json\/wp\/v2\/media\/22038"}],"wp:attachment":[{"href":"https:\/\/amberglow.lt\/lv\/wp-json\/wp\/v2\/media?parent=55048"}],"wp:term":[{"taxonomy":"product_brand","embeddable":true,"href":"https:\/\/amberglow.lt\/lv\/wp-json\/wp\/v2\/product_brand?post=55048"},{"taxonomy":"product_cat","embeddable":true,"href":"https:\/\/amberglow.lt\/lv\/wp-json\/wp\/v2\/product_cat?post=55048"},{"taxonomy":"product_tag","embeddable":true,"href":"https:\/\/amberglow.lt\/lv\/wp-json\/wp\/v2\/product_tag?post=55048"}],"curies":[{"name":"wp","href":"https:\/\/api.w.org\/{rel}","templated":true}]}}