{"id":55049,"date":"2026-05-07T09:06:44","date_gmt":"2026-05-07T06:06:44","guid":{"rendered":"https:\/\/amberglow.lt\/Bez kategorijas\/stacionarais-dators-core-ultra-5-250kf-plus-rx-9060-xt-16gb\/"},"modified":"2026-05-07T09:06:44","modified_gmt":"2026-05-07T06:06:44","slug":"stacionarais-dators-core-ultra-5-250kf-plus-rx-9060-xt-16gb","status":"publish","type":"product","link":"https:\/\/amberglow.lt\/lv\/stacionarie-datori\/stacionarais-dators-core-ultra-5-250kf-plus-rx-9060-xt-16gb\/","title":{"rendered":"Stacion\u0101rais dators Core Ultra 5 250KF PLUS, RX 9060 XT 16GB"},"content":{"rendered":"<p data-start=\"0\" data-end=\"136\"><strong data-start=\"1\" data-end=\"34\">Intel Core Ultra 5 250KF Plus<\/strong> un <strong data-start=\"40\" data-end=\"70\">AMD Radeon RX 9060 XT 16GB<\/strong> \u2013 <strong data-start=\"74\" data-end=\"136\">jaud\u012bgs un l\u012bdzsvarots salikums 1080p un 1440p sp\u0113l\u0113m<\/strong><\/p>\n<p data-start=\"138\" data-end=\"611\">\u0160is salikums ir paredz\u0113ts sp\u0113l\u0113t\u0101jiem, kas v\u0113las <strong data-start=\"182\" data-end=\"220\">augstu FPS 1080p un 1440p iz\u0161\u0137irtsp\u0113j\u0101s<\/strong> un v\u0113las baud\u012bt m\u016bsdienu AAA sp\u0113les ar augstiem grafikas iestat\u012bjumiem. <strong data-start=\"299\" data-end=\"326\">Core Ultra 5 250KF Plus<\/strong> izce\u013cas ar lielu kodolu skaitu un augstu boost frekvenci, t\u0101p\u0113c lieliski der gan sp\u0113l\u0113m, gan produktivit\u0101tei, bet <strong data-start=\"446\" data-end=\"465\">RX 9060 XT 16GB<\/strong> nodro\u0161ina sp\u0113c\u012bgu AMD grafikas veiktsp\u0113ju ar <strong data-start=\"506\" data-end=\"513\">FSR<\/strong>, ray tracing atbalstu un lielu video atmi\u0146as rezervi.<\/p>\n<p data-start=\"613\" data-end=\"660\">Procesors <strong data-start=\"626\" data-end=\"659\">Intel Core Ultra 5 250KF Plus<\/strong><\/p>\n<p data-start=\"662\" data-end=\"1078\">Arhitekt\u016bra un kodoli jaun\u0101s paaudzes Intel arhitekt\u016bra ar <strong data-start=\"726\" data-end=\"743\">18 kodoliem<\/strong>, optimiz\u0113ta sp\u0113l\u0113m un produktivit\u0101tei.<br data-start=\"784\" data-end=\"787\">Frekvence augsta b\u0101zes frekvence un boost re\u017e\u012bms l\u012bdz <strong data-start=\"838\" data-end=\"849\">5.3 GHz<\/strong> \u013cauj uztur\u0113t <strong data-start=\"868\" data-end=\"914\">augstu FPS pat sare\u017e\u0123\u012bt\u0101s sp\u0113\u013cu ain\u0101s<\/strong>.<br data-start=\"915\" data-end=\"918\">Tehnolo\u0123ijas atbalst\u012bts <strong data-start=\"943\" data-end=\"951\">DDR5<\/strong> atmi\u0146as standarts un m\u016bsdien\u012bgas Intel optimiz\u0101cijas nodro\u0161ina \u0101tru sist\u0113mas darb\u012bbu.<\/p>\n<p data-start=\"1080\" data-end=\"1127\">Videokarte \u201e<strong data-start=\"1096\" data-end=\"1126\">AMD Radeon RX 9060 XT 16GB<\/strong>\u201d<\/p>\n<p data-start=\"1129\" data-end=\"1540\">Arhitekt\u016bra jaun\u0101s paaudzes AMD RDNA arhitekt\u016bra ar progres\u012bvu ray tracing atbalstu un optimiz\u0113tu veiktsp\u0113ju m\u016bsdienu sp\u0113l\u0113m.<br data-start=\"1255\" data-end=\"1258\">Atmi\u0146a <strong data-start=\"1267\" data-end=\"1282\">16 GB GDDR6<\/strong> nodro\u0161ina lielu rezervi <strong data-start=\"1307\" data-end=\"1324\">1440p iz\u0161\u0137irtsp\u0113jai<\/strong> un \u013cauj izmantot augstus tekst\u016bru iestat\u012bjumus AAA sp\u0113l\u0113s.<br data-start=\"1387\" data-end=\"1390\">Tehnolo\u0123ijas <strong data-start=\"1404\" data-end=\"1415\">AMD FSR<\/strong> \u013cauj palielin\u0101t FPS un nodro\u0161in\u0101t raibu sp\u0113li pat grafiski sare\u017e\u0123\u012bt\u0101s ain\u0101s.<\/p>\n<p data-start=\"1885\" data-end=\"1938\"><strong>Paredzama FPS veiktsp\u0113ja 1080p un 1440p iz\u0161\u0137irtsp\u0113j\u0101:<\/strong><\/p>\n<p data-start=\"1940\" data-end=\"2342\"><strong data-start=\"1940\" data-end=\"1958\">Cyberpunk 2077<\/strong> \u2013 ~135 FPS (1080p, Ultra + FSR) \/ ~95 FPS (1440p, High + FSR)<br data-start=\"2020\" data-end=\"2023\"><strong data-start=\"2023\" data-end=\"2052\">Call of Duty: Black Ops 6<\/strong> \u2013 ~205 FPS (1080p, Ultra) \/ ~150 FPS (1440p, Ultra)<br data-start=\"2104\" data-end=\"2107\"><strong data-start=\"2107\" data-end=\"2126\">Forza Horizon 5<\/strong> \u2013 ~185 FPS (1080p, Ultra) \/ ~135 FPS (1440p, Ultra)<br data-start=\"2178\" data-end=\"2181\"><strong data-start=\"2181\" data-end=\"2208\">Assassin&#8217;s Creed Mirage<\/strong> \u2013 ~160 FPS (1080p, High) \/ ~115 FPS (1440p, High)<br data-start=\"2258\" data-end=\"2261\"><strong data-start=\"2261\" data-end=\"2276\">Alan Wake 2<\/strong> \u2013 ~115 FPS (1080p, High RT + FSR) \/ ~80 FPS (1440p, High + FSR)<\/p>\n<p><em>\u0160ie skait\u013ci var at\u0161\u0137irties realit\u0101t\u0113 atkar\u012bb\u0101 no konkr\u0113tiem sp\u0113les iestat\u012bjumiem, optimiz\u0101cijas un citiem sist\u0113mas komponentiem<\/em><\/p>\n","protected":false},"excerpt":{"rendered":"<p>Intel Core Ultra 5 250KF Plus un AMD Radeon RX 9060 XT 16GB \u2013 jaud\u012bgs un l\u012bdzsvarots salikums 1080p un<\/p>\n","protected":false},"featured_media":22038,"comment_status":"open","ping_status":"closed","template":"","meta":[],"product_brand":[1749],"product_cat":[495],"product_tag":[510],"class_list":{"0":"post-55049","1":"product","2":"type-product","3":"status-publish","4":"has-post-thumbnail","6":"product_brand-amberglow","7":"product_cat-stacionarie-datori","8":"product_tag-ddr5-nuo-16gb-512gb","9":"pa_garantija-24-men-lv","10":"pa_prekes-zenklas-amberglow-lv","11":"pa_procesoriaus-branduoliai-1763","12":"pa_vaizdo-plokstes-atmintis-16gb-lv","13":"pa_vaizdo-plokstes-modelis-rx-9060-xt-lv","15":"first","16":"instock","17":"taxable","18":"shipping-taxable","19":"purchasable","20":"product-type-simple"},"_links":{"self":[{"href":"https:\/\/amberglow.lt\/lv\/wp-json\/wp\/v2\/product\/55049","targetHints":{"allow":["GET"]}}],"collection":[{"href":"https:\/\/amberglow.lt\/lv\/wp-json\/wp\/v2\/product"}],"about":[{"href":"https:\/\/amberglow.lt\/lv\/wp-json\/wp\/v2\/types\/product"}],"replies":[{"embeddable":true,"href":"https:\/\/amberglow.lt\/lv\/wp-json\/wp\/v2\/comments?post=55049"}],"version-history":[{"count":0,"href":"https:\/\/amberglow.lt\/lv\/wp-json\/wp\/v2\/product\/55049\/revisions"}],"wp:featuredmedia":[{"embeddable":true,"href":"https:\/\/amberglow.lt\/lv\/wp-json\/wp\/v2\/media\/22038"}],"wp:attachment":[{"href":"https:\/\/amberglow.lt\/lv\/wp-json\/wp\/v2\/media?parent=55049"}],"wp:term":[{"taxonomy":"product_brand","embeddable":true,"href":"https:\/\/amberglow.lt\/lv\/wp-json\/wp\/v2\/product_brand?post=55049"},{"taxonomy":"product_cat","embeddable":true,"href":"https:\/\/amberglow.lt\/lv\/wp-json\/wp\/v2\/product_cat?post=55049"},{"taxonomy":"product_tag","embeddable":true,"href":"https:\/\/amberglow.lt\/lv\/wp-json\/wp\/v2\/product_tag?post=55049"}],"curies":[{"name":"wp","href":"https:\/\/api.w.org\/{rel}","templated":true}]}}