{"id":55050,"date":"2026-05-07T12:42:03","date_gmt":"2026-05-07T09:42:03","guid":{"rendered":"https:\/\/amberglow.lt\/Bez kategorijas\/stacionarais-dators-core-ultra-5-250kf-plus-rtx-5070-12-gb\/"},"modified":"2026-05-07T12:42:03","modified_gmt":"2026-05-07T09:42:03","slug":"stacionarais-dators-core-ultra-5-250kf-plus-rtx-5070-12-gb","status":"publish","type":"product","link":"https:\/\/amberglow.lt\/lv\/stacionarie-datori\/stacionarais-dators-core-ultra-5-250kf-plus-rtx-5070-12-gb\/","title":{"rendered":"Stacion\u0101rais dators Core Ultra 5 250KF PLUS, RTX 5070 12 GB"},"content":{"rendered":"<div class=\"text-base my-auto mx-auto pb-10 [--thread-content-margin:--spacing(4)] thread-sm:[--thread-content-margin:--spacing(6)] thread-lg:[--thread-content-margin:--spacing(16)] px-(--thread-content-margin)\">\n<div class=\"[--thread-content-max-width:40rem] thread-lg:[--thread-content-max-width:48rem] mx-auto max-w-(--thread-content-max-width) flex-1 group\/turn-messages focus-visible:outline-hidden relative flex w-full min-w-0 flex-col agent-turn\" tabindex=\"-1\">\n<div class=\"flex max-w-full flex-col grow\">\n<div class=\"min-h-8 text-message relative flex w-full flex-col items-end gap-2 text-start break-words whitespace-normal [.text-message+&amp;]:mt-5\" dir=\"auto\" data-message-author-role=\"assistant\" data-message-id=\"3bb03539-3a89-4642-92ac-3f0ed7be2696\" data-message-model-slug=\"gpt-5\">\n<div class=\"flex w-full flex-col gap-1 empty:hidden first:pt-[3px]\">\n<div class=\"markdown prose dark:prose-invert w-full break-words light markdown-new-styling\">\n<p data-start=\"0\" data-end=\"124\">\u201e<strong data-start=\"1\" data-end=\"34\">Intel Core Ultra 5 250KF Plus<\/strong>\u201c un \u201e<strong data-start=\"40\" data-end=\"78\">NVIDIA GeForce RTX 5070 12 GB GDDR7<\/strong>\u201c \u2013 <strong data-start=\"82\" data-end=\"124\">jaud\u012bga kombin\u0101cija 1440p un 4K sp\u0113l\u0113m<\/strong><\/p>\n<p data-start=\"126\" data-end=\"607\">\u0160\u012b kombin\u0101cija ir paredz\u0113ta sp\u0113l\u0113t\u0101jiem, kuri tiecas p\u0113c <strong data-start=\"170\" data-end=\"198\">izcilas 1440p veiktsp\u0113jas<\/strong> un v\u0113las baud\u012bt <strong data-start=\"216\" data-end=\"250\">pl\u016bsto\u0161u 4K sp\u0113\u013cu pieredzi<\/strong> ar augstiem grafikas iestat\u012bjumiem. \u201e<strong data-start=\"286\" data-end=\"313\">Core Ultra 5 250KF Plus<\/strong>\u201c izce\u013cas ar modernu Intel arhitekt\u016bru un augstu boost frekvenci, t\u0101p\u0113c tas ir lieliski piem\u0113rots gan sp\u0113l\u0113m, gan produktivit\u0101tei, savuk\u0101rt \u201e<strong data-start=\"435\" data-end=\"458\">RTX 5070 12 GB GDDR7<\/strong>\u201c nodro\u0161ina modernu NVIDIA grafisko jaudu ar <strong data-start=\"502\" data-end=\"512\">DLSS 4<\/strong>, <strong data-start=\"514\" data-end=\"534\">Frame Generation<\/strong> un progres\u012bvu staru izseko\u0161anas atbalstu.<\/p>\n<p data-start=\"609\" data-end=\"656\">Procesors \u201e<strong data-start=\"622\" data-end=\"655\">Intel Core Ultra 5 250KF Plus<\/strong>\u201c<\/p>\n<p data-start=\"658\" data-end=\"1036\">Arhitekt\u016bra un kodoli jaun\u0101s paaudzes Intel arhitekt\u016bra ar <strong data-start=\"722\" data-end=\"739\">18 kodoliem<\/strong>, optimiz\u0113ta sp\u0113l\u0113m un produktivit\u0101tei.<br data-start=\"780\" data-end=\"783\">Frekvence augsta b\u0101zes frekvence un boost re\u017e\u012bms l\u012bdz <strong data-start=\"834\" data-end=\"845\">5,3 GHz<\/strong> \u013cauj uztur\u0113t <strong data-start=\"864\" data-end=\"910\">augstu FPS pat sare\u017e\u0123\u012bt\u0101s sp\u0113\u013cu ain\u0101s<\/strong>.<br data-start=\"911\" data-end=\"914\">Tehnolo\u0123ijas atbalst\u012btais <strong data-start=\"939\" data-end=\"947\">DDR5<\/strong> atmi\u0146as standarts un modernas Intel optimiz\u0101cijas nodro\u0161ina \u0101tru sist\u0113mas darb\u012bbu.<\/p>\n<p data-start=\"1038\" data-end=\"1093\">Videokarte \u201e<strong data-start=\"1054\" data-end=\"1092\">NVIDIA GeForce RTX 5070 12GB GDDR7<\/strong>\u201c<\/p>\n<p data-start=\"1095\" data-end=\"1594\">Arhitekt\u016bra jaun\u0101s paaudzes <strong data-start=\"1122\" data-end=\"1142\">NVIDIA Blackwell<\/strong> arhitekt\u016bra ar <strong data-start=\"1159\" data-end=\"1194\">CUDA, RT un Tensor kodoliem<\/strong>, kas atbalsta <strong data-start=\"1207\" data-end=\"1217\">DLSS 4<\/strong>, <strong data-start=\"1219\" data-end=\"1239\">Frame Generation<\/strong> un staru izseko\u0161anu. <br data-start=\"1293\" data-end=\"1296\">Atmi\u0146a <strong data-start=\"1305\" data-end=\"1320\">12 GB GDDR7<\/strong> nodro\u0161ina lielisku rezervi <strong data-start=\"1344\" data-end=\"1373\">1440p un 4K AAA sp\u0113l\u0113m<\/strong>, \u013cauj izmantot augstus tekst\u016bru iestat\u012bjumus un staru izseko\u0161anas efektus. <br data-start=\"1481\" data-end=\"1484\">Tehnolo\u0123ijas <strong data-start=\"1498\" data-end=\"1508\">DLSS 4<\/strong> \u013cauj uztur\u0113t augstu FPS pat izmantojot progres\u012bvus grafikas efektus un staru izseko\u0161anu.<\/p>\n<\/div>\n<\/div>\n<\/div>\n<\/div>\n<\/div>\n<\/div>\n<p data-start=\"1984\" data-end=\"2034\"><strong>Paredzama FPS veiktsp\u0113ja 1440p un 4K iz\u0161\u0137irtsp\u0113j\u0101:<\/strong><\/p>\n<p data-start=\"2036\" data-end=\"2454\"><strong data-start=\"2036\" data-end=\"2054\">Cyberpunk 2077<\/strong> \u2013 ~150 FPS (1440p, Ultra + DLSS Quality) \/ ~110 FPS (4K, High + DLSS Balanced)<br data-start=\"2133\" data-end=\"2136\"><strong data-start=\"2136\" data-end=\"2165\">Call of Duty: Black Ops 6<\/strong> \u2013 ~205 FPS (1440p, Ultra) \/ ~150 FPS (4K, Ultra)<br data-start=\"2214\" data-end=\"2217\"><strong data-start=\"2217\" data-end=\"2236\">Forza Horizon 5<\/strong> \u2013 ~185 FPS (1440p, Ultra) \/ ~135 FPS (4K, Ultra)<br data-start=\"2285\" data-end=\"2288\"><strong data-start=\"2288\" data-end=\"2315\">Assassin\u2019s Creed Mirage<\/strong> \u2013 ~160 FPS (1440p, High) \/ ~120 FPS (4K, High)<br data-start=\"2362\" data-end=\"2365\"><strong data-start=\"2365\" data-end=\"2380\">Alan Wake 2<\/strong> \u2013 ~130 FPS (1440p, High RT + DLSS) \/ ~95 FPS (4K, High + DLSS Balanced)<\/p>\n<p><em>\u0160ie skait\u013ci realit\u0101t\u0113 var at\u0161\u0137irties atkar\u012bb\u0101 no konkr\u0113tiem sp\u0113les iestat\u012bjumiem, optimiz\u0101cijas un citiem sist\u0113mas komponentiem.<\/em><\/p>\n","protected":false},"excerpt":{"rendered":"<p>\u201eIntel Core Ultra 5 250KF Plus\u201c un \u201eNVIDIA GeForce RTX 5070 12 GB GDDR7\u201c \u2013 jaud\u012bga kombin\u0101cija 1440p un 4K<\/p>\n","protected":false},"featured_media":22040,"comment_status":"open","ping_status":"closed","template":"","meta":[],"product_brand":[1749],"product_cat":[495],"product_tag":[510],"class_list":{"0":"post-55050","1":"product","2":"type-product","3":"status-publish","4":"has-post-thumbnail","6":"product_brand-amberglow","7":"product_cat-stacionarie-datori","8":"product_tag-ddr5-nuo-16gb-512gb","9":"pa_garantija-24-men-lv","10":"pa_prekes-zenklas-amberglow-lv","11":"pa_procesoriaus-branduoliai-1763","12":"pa_vaizdo-plokstes-atmintis-12gb-lv","13":"pa_vaizdo-plokstes-modelis-rtx-5070-lv","15":"first","16":"instock","17":"taxable","18":"shipping-taxable","19":"purchasable","20":"product-type-simple"},"_links":{"self":[{"href":"https:\/\/amberglow.lt\/lv\/wp-json\/wp\/v2\/product\/55050","targetHints":{"allow":["GET"]}}],"collection":[{"href":"https:\/\/amberglow.lt\/lv\/wp-json\/wp\/v2\/product"}],"about":[{"href":"https:\/\/amberglow.lt\/lv\/wp-json\/wp\/v2\/types\/product"}],"replies":[{"embeddable":true,"href":"https:\/\/amberglow.lt\/lv\/wp-json\/wp\/v2\/comments?post=55050"}],"version-history":[{"count":0,"href":"https:\/\/amberglow.lt\/lv\/wp-json\/wp\/v2\/product\/55050\/revisions"}],"wp:featuredmedia":[{"embeddable":true,"href":"https:\/\/amberglow.lt\/lv\/wp-json\/wp\/v2\/media\/22040"}],"wp:attachment":[{"href":"https:\/\/amberglow.lt\/lv\/wp-json\/wp\/v2\/media?parent=55050"}],"wp:term":[{"taxonomy":"product_brand","embeddable":true,"href":"https:\/\/amberglow.lt\/lv\/wp-json\/wp\/v2\/product_brand?post=55050"},{"taxonomy":"product_cat","embeddable":true,"href":"https:\/\/amberglow.lt\/lv\/wp-json\/wp\/v2\/product_cat?post=55050"},{"taxonomy":"product_tag","embeddable":true,"href":"https:\/\/amberglow.lt\/lv\/wp-json\/wp\/v2\/product_tag?post=55050"}],"curies":[{"name":"wp","href":"https:\/\/api.w.org\/{rel}","templated":true}]}}