{"id":55051,"date":"2026-05-08T11:32:29","date_gmt":"2026-05-08T08:32:29","guid":{"rendered":"https:\/\/amberglow.lt\/Bez%20kategorijas\/stacionarais-dators-ryzen-7-7700-rtx-5060-ti-8gb\/"},"modified":"2026-05-10T13:02:00","modified_gmt":"2026-05-10T10:02:00","slug":"stacionarais-dators-ryzen-7-7700-rtx-5060-ti-8gb","status":"publish","type":"product","link":"https:\/\/amberglow.lt\/lv\/stacionarie-datori\/stacionarais-dators-ryzen-7-7700-rtx-5060-ti-8gb\/","title":{"rendered":"Stacion\u0101rais dators Ryzen 7 7700, RTX 5060 Ti 8GB"},"content":{"rendered":"<p data-start=\"0\" data-end=\"108\"><strong data-start=\"0\" data-end=\"108\">AMD Ryzen 7 7700 un NVIDIA GeForce RTX 5060 Ti 8GB GDDR7 \u2013 sp\u0113c\u012bgs duets 1080p un 1440p sp\u0113l\u0113m<\/strong><\/p>\n<p data-start=\"110\" data-end=\"589\">\u0160is duets ir paredz\u0113ts sp\u0113l\u0113t\u0101jiem, kas v\u0113las augstu FPS 1080p un 1440p iz\u0161\u0137irtsp\u0113j\u0101s un v\u0113las baud\u012bt m\u016bsdien\u012bgas AAA sp\u0113les ar augstiem grafikas iestat\u012bjumiem. <strong data-start=\"266\" data-end=\"284\">Ryzen 7 7700<\/strong> izce\u013cas ar modernu <strong data-start=\"303\" data-end=\"327\">Zen 4 arhitekt\u016bru<\/strong> un 8 kodolu veiktsp\u0113ju, t\u0101p\u0113c lieliski der gan sp\u0113l\u0113m, gan produktivit\u0101tei, savuk\u0101rt <strong data-start=\"410\" data-end=\"437\">RTX 5060 Ti 8GB GDDR7<\/strong> nodro\u0161ina modernu NVIDIA grafisko jaudu ar <strong data-start=\"480\" data-end=\"490\">DLSS 4<\/strong>, <strong data-start=\"492\" data-end=\"512\">Frame Generation<\/strong> un progres\u012bvu <strong data-start=\"525\" data-end=\"540\">ray tracing<\/strong> atbalstu.<\/p>\n<p data-start=\"591\" data-end=\"625\"><strong data-start=\"591\" data-end=\"625\">Procesors AMD Ryzen 7 7700<\/strong><\/p>\n<p data-start=\"627\" data-end=\"756\"><strong data-start=\"627\" data-end=\"659\">Arhitekt\u016bra un kodoli:<\/strong> Zen 4 arhitekt\u016bra ar <strong data-start=\"684\" data-end=\"713\">8 kodoliem un 16 pavedieniem<\/strong>, optimiz\u0113ta sp\u0113l\u0113m un produktivit\u0101tei.<\/p>\n<p data-start=\"758\" data-end=\"875\"><strong data-start=\"758\" data-end=\"769\">Frekvence:<\/strong> b\u0101zes frekvence <strong data-start=\"785\" data-end=\"796\">3.8 GHz<\/strong>, boost re\u017e\u012bm\u0101 l\u012bdz <strong data-start=\"815\" data-end=\"826\">5.3 GHz<\/strong> \u2013 nodro\u0161ina augstu FPS m\u016bsdien\u012bg\u0101s sp\u0113l\u0113s.<\/p>\n<p data-start=\"877\" data-end=\"955\"><strong data-start=\"877\" data-end=\"890\">Atmi\u0146a:<\/strong> <strong data-start=\"891\" data-end=\"909\">32 MB L3 cache<\/strong> uzlabo sist\u0113mas atsauc\u012bbu un sp\u0113\u013cu veiktsp\u0113ju.<\/p>\n<p data-start=\"957\" data-end=\"1014\"><strong data-start=\"957\" data-end=\"1014\">Videokarte NVIDIA GeForce RTX 5060 Ti 8GB GDDR7<\/strong><\/p>\n<p data-start=\"1016\" data-end=\"1217\"><strong data-start=\"1016\" data-end=\"1033\">Arhitekt\u016bra:<\/strong> jaun\u0101s paaudzes NVIDIA Blackwell arhitekt\u016bra ar CUDA, RT un Tensor kodoliem, atbalstot <strong data-start=\"1125\" data-end=\"1135\">DLSS 4<\/strong>, <strong data-start=\"1137\" data-end=\"1157\">Frame Generation<\/strong> un <strong data-start=\"1161\" data-end=\"1176\">ray tracing<\/strong>.<\/p>\n<p data-start=\"1219\" data-end=\"1472\"><strong data-start=\"1219\" data-end=\"1232\">Atmi\u0146a:<\/strong> <strong data-start=\"1233\" data-end=\"1247\">8 GB GDDR7<\/strong> lieliski der <strong data-start=\"1262\" data-end=\"1277\">1080p Ultra<\/strong> un liel\u0101kajai da\u013cai <strong data-start=\"1291\" data-end=\"1305\">1440p High<\/strong> sp\u0113\u013cu, lai gan da\u017e\u0101s jaun\u0101kaj\u0101s AAA sp\u0113l\u0113s <strong data-start=\"1362\" data-end=\"1374\">8GB VRAM<\/strong> var b\u016bt ierobe\u017eojo\u0161s faktors, izmantojot Ultra tekst\u016bras.<\/p>\n<p data-start=\"1474\" data-end=\"1589\"><strong data-start=\"1474\" data-end=\"1492\">Tehnolo\u0123ijas:<\/strong> <strong data-start=\"1493\" data-end=\"1503\">DLSS 4<\/strong> \u013cauj uztur\u0113t augstu FPS pat izmantojot progres\u012bvus grafikas efektus un ray tracing.<\/p>\n<p><strong>Pilna specifik\u0101cija:<\/strong><\/p>\n<ul>\n<li><strong>AMD Ryzen 7 7700: <\/strong>8 kodoli, 16 pavedieni, 3.8-5.3GHz<\/li>\n<li><span data-sheets-root=\"1\"><strong>ASRock B850M PRO-A<\/strong> vai l\u012bdz\u012bga<\/span><\/li>\n<li><span data-sheets-root=\"1\"><strong>Arctic Freezer 36<\/strong> vai l\u012bdz\u012bgs<\/span><\/li>\n<li><span data-sheets-root=\"1\"><strong>32GB (2x16GB) DDR5 6000MHz | Corsair Vengeance<\/strong> vai l\u012bdz\u012bgi<\/span><\/li>\n<li><strong>Kingston NV3 1TB NVMe M.2 SSD <\/strong><\/li>\n<li><span data-sheets-root=\"1\"><strong>Nvidia GeForce RTX 5060 Ti 8GB | Asus Dual OC<\/strong> vai l\u012bdz\u012bga<\/span><\/li>\n<li><span data-sheets-root=\"1\"><strong>Chieftec 650W 80+ Bronze<\/strong> vai l\u012bdz\u012bgs<\/span><\/li>\n<\/ul>\n<p data-start=\"1709\" data-end=\"1764\"><strong data-start=\"1709\" data-end=\"1762\">Paredzamie FPS rezult\u0101ti 1080p un 1440p iz\u0161\u0137irtsp\u0113j\u0101s:<\/strong><\/p>\n<p data-start=\"2042\" data-end=\"2142\"><strong data-start=\"2042\" data-end=\"2060\">Cyberpunk 2077<\/strong> \u2013 ~145 FPS (1080p, Ultra + DLSS Quality) \/ ~102 FPS (1440p, High + DLSS Balanced)<\/p>\n<p data-start=\"2144\" data-end=\"2225\"><strong data-start=\"2144\" data-end=\"2173\">Call of Duty: Black Ops 6<\/strong> \u2013 ~210 FPS (1080p, Ultra) \/ ~155 FPS (1440p, Ultra)<\/p>\n<p data-start=\"2227\" data-end=\"2298\"><strong data-start=\"2227\" data-end=\"2246\">Forza Horizon 5<\/strong> \u2013 ~185 FPS (1080p, Ultra) \/ ~135 FPS (1440p, Ultra)<\/p>\n<p data-start=\"2300\" data-end=\"2377\"><strong data-start=\"2300\" data-end=\"2327\">Assassin&#8217;s Creed Mirage<\/strong> \u2013 ~160 FPS (1080p, High) \/ ~115 FPS (1440p, High)<\/p>\n<p data-start=\"2379\" data-end=\"2469\"><strong data-start=\"2379\" data-end=\"2394\">Alan Wake 2<\/strong> \u2013 ~120 FPS (1080p, High RT + DLSS) \/ ~85 FPS (1440p, High + DLSS Balanced)<\/p>\n<p><em>\u0160ie skait\u013ci var at\u0161\u0137irties realit\u0101t\u0113 atkar\u012bb\u0101 no konkr\u0113tiem sp\u0113les iestat\u012bjumiem, optimiz\u0101cijas un citiem sist\u0113mas komponentiem.<\/em><\/p>\n","protected":false},"excerpt":{"rendered":"<p>AMD Ryzen 7 7700 un NVIDIA GeForce RTX 5060 Ti 8GB GDDR7 \u2013 sp\u0113c\u012bgs duets 1080p un 1440p sp\u0113l\u0113m \u0160is<\/p>\n","protected":false},"featured_media":45623,"comment_status":"open","ping_status":"closed","template":"","meta":[],"product_brand":[],"product_cat":[495],"product_tag":[505],"class_list":{"0":"post-55051","1":"product","2":"type-product","3":"status-publish","4":"has-post-thumbnail","6":"product_cat-stacionarie-datori","7":"product_tag-ddr5-nuo-32gb-1tb","8":"pa_garantija-24-men-lv","9":"pa_prekes-zenklas-amberglow-lv","10":"pa_procesoriaus-branduoliai-8-cores-lv","11":"pa_vaizdo-plokstes-atmintis-8gb-lv","12":"pa_vaizdo-plokstes-modelis-rtx-5060-ti-lv","14":"first","15":"instock","16":"taxable","17":"shipping-taxable","18":"purchasable","19":"product-type-simple"},"_links":{"self":[{"href":"https:\/\/amberglow.lt\/lv\/wp-json\/wp\/v2\/product\/55051","targetHints":{"allow":["GET"]}}],"collection":[{"href":"https:\/\/amberglow.lt\/lv\/wp-json\/wp\/v2\/product"}],"about":[{"href":"https:\/\/amberglow.lt\/lv\/wp-json\/wp\/v2\/types\/product"}],"replies":[{"embeddable":true,"href":"https:\/\/amberglow.lt\/lv\/wp-json\/wp\/v2\/comments?post=55051"}],"version-history":[{"count":0,"href":"https:\/\/amberglow.lt\/lv\/wp-json\/wp\/v2\/product\/55051\/revisions"}],"wp:featuredmedia":[{"embeddable":true,"href":"https:\/\/amberglow.lt\/lv\/wp-json\/wp\/v2\/media\/45623"}],"wp:attachment":[{"href":"https:\/\/amberglow.lt\/lv\/wp-json\/wp\/v2\/media?parent=55051"}],"wp:term":[{"taxonomy":"product_brand","embeddable":true,"href":"https:\/\/amberglow.lt\/lv\/wp-json\/wp\/v2\/product_brand?post=55051"},{"taxonomy":"product_cat","embeddable":true,"href":"https:\/\/amberglow.lt\/lv\/wp-json\/wp\/v2\/product_cat?post=55051"},{"taxonomy":"product_tag","embeddable":true,"href":"https:\/\/amberglow.lt\/lv\/wp-json\/wp\/v2\/product_tag?post=55051"}],"curies":[{"name":"wp","href":"https:\/\/api.w.org\/{rel}","templated":true}]}}