{"id":55055,"date":"2026-05-08T11:06:18","date_gmt":"2026-05-08T08:06:18","guid":{"rendered":"https:\/\/amberglow.lt\/Bez kategorijas\/stacionarais-dators-ryzen-7-5700x-rtx-5060-ti-8gb\/"},"modified":"2026-05-08T11:06:18","modified_gmt":"2026-05-08T08:06:18","slug":"stacionarais-dators-ryzen-7-5700x-rtx-5060-ti-8gb","status":"publish","type":"product","link":"https:\/\/amberglow.lt\/lv\/stacionarie-datori\/stacionarais-dators-ryzen-7-5700x-rtx-5060-ti-8gb\/","title":{"rendered":"Stacion\u0101rais dators Ryzen 7 5700X, RTX 5060 Ti 8GB"},"content":{"rendered":"<p data-start=\"0\" data-end=\"109\"><strong data-start=\"0\" data-end=\"109\">AMD Ryzen 7 5700X un NVIDIA GeForce RTX 5060 Ti 8GB GDDR7 \u2013 sp\u0113c\u012bgs salikums 1080p un 1440p sp\u0113l\u0113m<\/strong><\/p>\n<p data-start=\"111\" data-end=\"592\">\u0160\u012b kombin\u0101cija paredz\u0113ta sp\u0113l\u0113t\u0101jiem, kuri v\u0113las augstu FPS 1080p un 1440p iz\u0161\u0137irtsp\u0113j\u0101s un v\u0113las baud\u012bt modernas AAA sp\u0113les ar augstiem grafikas iestat\u012bjumiem. <strong data-start=\"267\" data-end=\"286\">\u201eRyzen 7 5700X\u201c<\/strong> pied\u0101v\u0101 efekt\u012bvu <strong data-start=\"306\" data-end=\"330\">\u201eZen 3\u201c arhitekt\u016bru<\/strong> un 8 kodolu veiktsp\u0113ju, padarot to lieliski piem\u0113rotu gan sp\u0113l\u0113m, gan produktivit\u0101tei, savuk\u0101rt <strong data-start=\"413\" data-end=\"440\">\u201eRTX 5060 Ti 8GB GDDR7\u201c<\/strong> nodro\u0161ina modernu NVIDIA grafisko jaudu ar <strong data-start=\"483\" data-end=\"493\">DLSS 4<\/strong>, <strong data-start=\"495\" data-end=\"515\">Frame Generation<\/strong> un progres\u012bvu <strong data-start=\"528\" data-end=\"543\">ray tracing<\/strong> atbalstu.<\/p>\n<p data-start=\"594\" data-end=\"629\"><strong data-start=\"594\" data-end=\"629\">Procesors \u201eAMD Ryzen 7 5700X\u201c<\/strong><\/p>\n<p data-start=\"631\" data-end=\"995\"><strong data-start=\"631\" data-end=\"663\">Arhitekt\u016bra un kodoli:<\/strong> \u201eZen 3\u201c arhitekt\u016bra ar <strong data-start=\"688\" data-end=\"717\">8 kodoliem un 16 pavedieniem<\/strong>, optimiz\u0113ta sp\u0113l\u0113m un produktivit\u0101tei.<br data-start=\"758\" data-end=\"761\"><strong data-start=\"761\" data-end=\"772\">Frekvence:<\/strong> b\u0101zes frekvence <strong data-start=\"788\" data-end=\"799\">3.4 GHz<\/strong>, boost re\u017e\u012bm\u0101 l\u012bdz <strong data-start=\"818\" data-end=\"829\">4.6 GHz<\/strong> \u2013 nodro\u0161ina augstu FPS modern\u0101s sp\u0113l\u0113s.<br data-start=\"876\" data-end=\"879\"><strong data-start=\"879\" data-end=\"892\">Atmi\u0146a:<\/strong> <strong data-start=\"893\" data-end=\"911\">32 MB L3 ke\u0161atmi\u0146a<\/strong> uzlabo sist\u0113mas reakciju un sp\u0113\u013cu veiktsp\u0113ju.<\/p>\n<p data-start=\"997\" data-end=\"1054\"><strong data-start=\"997\" data-end=\"1054\">Videokartes NVIDIA GeForce RTX 5060 Ti 8GB GDDR7<\/strong><\/p>\n<p data-start=\"1056\" data-end=\"1589\"><strong data-start=\"1056\" data-end=\"1073\">Arhitekt\u016bra:<\/strong> jaun\u0101s paaudzes NVIDIA Blackwell arhitekt\u016bra ar CUDA, RT un Tensor kodoliem, kas atbalsta <strong data-start=\"1165\" data-end=\"1175\">DLSS 4<\/strong>, <strong data-start=\"1177\" data-end=\"1197\">Frame Generation<\/strong> un <strong data-start=\"1201\" data-end=\"1216\">ray tracing<\/strong>.<br data-start=\"1217\" data-end=\"1220\"><strong data-start=\"1220\" data-end=\"1233\">Atmi\u0146a:<\/strong> <strong data-start=\"1234\" data-end=\"1248\">8 GB GDDR7<\/strong> ir lieliski piem\u0113rota <strong data-start=\"1263\" data-end=\"1278\">1080p Ultra<\/strong> un liel\u0101kajai da\u013cai <strong data-start=\"1292\" data-end=\"1306\">1440p High<\/strong> sp\u0113\u013cu, lai gan da\u017eos jaun\u0101kajos AAA projektos <strong data-start=\"1363\" data-end=\"1375\">8GB VRAM<\/strong> var b\u016bt ierobe\u017eojo\u0161s faktors, izmantojot Ultra tekst\u016bras. <br data-start=\"1471\" data-end=\"1474\"><strong data-start=\"1474\" data-end=\"1492\">Tehnolo\u0123ijas:<\/strong> <strong data-start=\"1493\" data-end=\"1503\">DLSS 4<\/strong> \u013cauj uztur\u0113t augstu FPS pat, izmantojot progres\u012bvus grafikas efektus un ray tracing.<\/p>\n<p data-start=\"831\" data-end=\"1186\"><strong>Pilna specifik\u0101cija:<\/strong><\/p>\n<ul>\n<li><strong>AMD Ryzen 7 5700X: <\/strong>8 kodolu, 16 pavedienu, 3.4-4.6GHz<\/li>\n<li><span data-sheets-root=\"1\"><strong>ASUS PRIME A520M-K<\/strong> vai l\u012bdz\u012bga<\/span><\/li>\n<li><span data-sheets-root=\"1\"><strong>XILENCE XC229 Performance Tower CPU Cooler<\/strong> vai l\u012bdz\u012bgs<\/span><\/li>\n<li><span data-sheets-root=\"1\"><strong>32GB (2x16GB) DDR4 3200MHz | G.Skill Aegis<\/strong> vai l\u012bdz\u012bgi<\/span><\/li>\n<li><strong>Kingston NV3 1TB NVMe M.2 SSD <\/strong><\/li>\n<li><span data-sheets-root=\"1\"><strong>Nvidia GeForce RTX 5060 Ti 8GB | Asus Dual OC<\/strong> vai l\u012bdz\u012bga<\/span><\/li>\n<li><span data-sheets-root=\"1\"><strong>Chieftec 650W 80+ Bronze<\/strong> vai l\u012bdz\u012bgs<\/span><\/li>\n<\/ul>\n<p data-start=\"1667\" data-end=\"1718\"><strong data-start=\"1447\" data-end=\"1500\">Paredzama FPS veiktsp\u0113ja 1080p un 1440p iz\u0161\u0137irtsp\u0113j\u0101:<\/strong><\/p>\n<p data-start=\"2038\" data-end=\"2137\"><strong data-start=\"2038\" data-end=\"2056\">Cyberpunk 2077<\/strong> \u2013 ~135 FPS (1080p, Ultra + DLSS Quality) \/ ~95 FPS (1440p, High + DLSS Balanced)<\/p>\n<p data-start=\"2139\" data-end=\"2220\"><strong data-start=\"2139\" data-end=\"2168\">Call of Duty: Black Ops 6<\/strong> \u2013 ~200 FPS (1080p, Ultra) \/ ~145 FPS (1440p, Ultra)<\/p>\n<p data-start=\"2222\" data-end=\"2293\"><strong data-start=\"2222\" data-end=\"2241\">Forza Horizon 5<\/strong> \u2013 ~175 FPS (1080p, Ultra) \/ ~125 FPS (1440p, Ultra)<\/p>\n<p data-start=\"2295\" data-end=\"2372\"><strong data-start=\"2295\" data-end=\"2322\">Assassin\u2019s Creed Mirage<\/strong> \u2013 ~150 FPS (1080p, High) \/ ~105 FPS (1440p, High)<\/p>\n<p data-start=\"2374\" data-end=\"2464\"><strong data-start=\"2374\" data-end=\"2389\">Alan Wake 2<\/strong> \u2013 ~110 FPS (1080p, High RT + DLSS) \/ ~78 FPS (1440p, High + DLSS Balanced)<\/p>\n<p><em>\u0160ie skait\u013ci realit\u0101t\u0113 var at\u0161\u0137irties atkar\u012bb\u0101 no konkr\u0113tiem sp\u0113les iestat\u012bjumiem, optimiz\u0101cijas un citiem sist\u0113mas komponentiem.<\/em><\/p>\n","protected":false},"excerpt":{"rendered":"<p>AMD Ryzen 7 5700X un NVIDIA GeForce RTX 5060 Ti 8GB GDDR7 \u2013 sp\u0113c\u012bgs salikums 1080p un 1440p sp\u0113l\u0113m \u0160\u012b<\/p>\n","protected":false},"featured_media":23497,"comment_status":"open","ping_status":"closed","template":"","meta":[],"product_brand":[1749],"product_cat":[495],"product_tag":[509],"class_list":{"0":"post-55055","1":"product","2":"type-product","3":"status-publish","4":"has-post-thumbnail","6":"product_brand-amberglow","7":"product_cat-stacionarie-datori","8":"product_tag-ddr4-nuo-32gb-1tb","9":"pa_garantija-24-men-lv","10":"pa_prekes-zenklas-amberglow-lv","11":"pa_procesoriaus-branduoliai-8-cores-lv","12":"pa_vaizdo-plokstes-atmintis-8gb-lv","13":"pa_vaizdo-plokstes-modelis-rtx-5060-ti-lv","15":"first","16":"instock","17":"taxable","18":"shipping-taxable","19":"purchasable","20":"product-type-simple"},"_links":{"self":[{"href":"https:\/\/amberglow.lt\/lv\/wp-json\/wp\/v2\/product\/55055","targetHints":{"allow":["GET"]}}],"collection":[{"href":"https:\/\/amberglow.lt\/lv\/wp-json\/wp\/v2\/product"}],"about":[{"href":"https:\/\/amberglow.lt\/lv\/wp-json\/wp\/v2\/types\/product"}],"replies":[{"embeddable":true,"href":"https:\/\/amberglow.lt\/lv\/wp-json\/wp\/v2\/comments?post=55055"}],"version-history":[{"count":0,"href":"https:\/\/amberglow.lt\/lv\/wp-json\/wp\/v2\/product\/55055\/revisions"}],"wp:featuredmedia":[{"embeddable":true,"href":"https:\/\/amberglow.lt\/lv\/wp-json\/wp\/v2\/media\/23497"}],"wp:attachment":[{"href":"https:\/\/amberglow.lt\/lv\/wp-json\/wp\/v2\/media?parent=55055"}],"wp:term":[{"taxonomy":"product_brand","embeddable":true,"href":"https:\/\/amberglow.lt\/lv\/wp-json\/wp\/v2\/product_brand?post=55055"},{"taxonomy":"product_cat","embeddable":true,"href":"https:\/\/amberglow.lt\/lv\/wp-json\/wp\/v2\/product_cat?post=55055"},{"taxonomy":"product_tag","embeddable":true,"href":"https:\/\/amberglow.lt\/lv\/wp-json\/wp\/v2\/product_tag?post=55055"}],"curies":[{"name":"wp","href":"https:\/\/api.w.org\/{rel}","templated":true}]}}