{"id":55057,"date":"2026-05-07T14:43:58","date_gmt":"2026-05-07T11:43:58","guid":{"rendered":"https:\/\/amberglow.lt\/Bez kategorijas\/stacionarais-dators-core-ultra-7-270k-plus-rtx-5060-8gb\/"},"modified":"2026-05-07T14:43:58","modified_gmt":"2026-05-07T11:43:58","slug":"stacionarais-dators-core-ultra-7-270k-plus-rtx-5060-8gb","status":"publish","type":"product","link":"https:\/\/amberglow.lt\/lv\/stacionarie-datori\/stacionarais-dators-core-ultra-7-270k-plus-rtx-5060-8gb\/","title":{"rendered":"Stacion\u0101rais dators Core Ultra 7 270K PLUS, RTX 5060 8GB"},"content":{"rendered":"<p data-start=\"0\" data-end=\"130\">&#8220;<strong data-start=\"1\" data-end=\"33\">Intel Core Ultra 7 270K Plus<\/strong>&#8221; un &#8220;<strong data-start=\"39\" data-end=\"76\">NVIDIA GeForce RTX 5060 8GB GDDR7<\/strong>&#8221; \u2013 <strong data-start=\"80\" data-end=\"130\">l\u012bdzsvarots komplekts 1080p un 1440p sp\u0113l\u0113m<\/strong><\/p>\n<p data-start=\"132\" data-end=\"629\">\u0160is komplekts ir paredz\u0113ts sp\u0113l\u0113t\u0101jiem, kas v\u0113las <strong data-start=\"176\" data-end=\"205\">augstu FPS 1080p iz\u0161\u0137irtsp\u0113j\u0101<\/strong> un v\u0113las baud\u012bt <strong data-start=\"223\" data-end=\"275\">1440p sp\u0113les ar augstiem grafikas iestat\u012bjumiem<\/strong>. &#8220;<strong data-start=\"278\" data-end=\"304\">Core Ultra 7 270K Plus<\/strong>&#8221; izce\u013cas ar modernu Intel arhitekt\u016bru, lielu kodolu skaitu un augstu boost frekvenci, t\u0101p\u0113c lieliski der gan sp\u0113l\u0113m, gan produktivit\u0101tei, bet &#8220;<strong data-start=\"453\" data-end=\"475\">RTX 5060 8GB GDDR7<\/strong>&#8221; nodro\u0161ina jaun\u0101s paaudzes NVIDIA tehnolo\u0123ijas ar <strong data-start=\"524\" data-end=\"534\">DLSS 4<\/strong>, <strong data-start=\"536\" data-end=\"556\">Frame Generation<\/strong> un progres\u012bvu ray tracing atbalstu. <\/p>\n<p data-start=\"631\" data-end=\"677\">Procesors &#8220;<strong data-start=\"644\" data-end=\"676\">Intel Core Ultra 7 270K Plus<\/strong>&#8220;<\/p>\n<p data-start=\"679\" data-end=\"1071\">Arhitekt\u016bra un kodoli jaun\u0101s paaudzes Intel arhitekt\u016bra ar <strong data-start=\"743\" data-end=\"773\">24 kodoliem (8P + 16E)<\/strong>, optimiz\u0113ta sp\u0113l\u0113m un produktivit\u0101tei.<br data-start=\"814\" data-end=\"817\">Frekvence augsta b\u0101zes frekvence un boost re\u017e\u012bms l\u012bdz <strong data-start=\"868\" data-end=\"879\">5,5 GHz<\/strong> \u013cauj uztur\u0113t \u012bpa\u0161i augstu FPS pat sare\u017e\u0123\u012bt\u0101s sp\u0113\u013cu ain\u0101s.<br data-start=\"946\" data-end=\"949\">Tehnolo\u0123ijas atbalst\u012bts <strong data-start=\"974\" data-end=\"982\">DDR5<\/strong> atmi\u0146as standarts un modern\u0101s Intel optimiz\u0101cijas nodro\u0161ina \u0101tru sist\u0113mas darb\u012bbu.<\/p>\n<p data-start=\"1073\" data-end=\"1127\">Videokarte \u201e<strong data-start=\"1089\" data-end=\"1126\">NVIDIA GeForce RTX 5060 8GB GDDR7<\/strong>\u201c<\/p>\n<p data-start=\"1129\" data-end=\"1601\">Arhitekt\u016bra jaun\u0101s paaudzes <strong data-start=\"1156\" data-end=\"1176\">NVIDIA Blackwell<\/strong> arhitekt\u016bra ar <strong data-start=\"1193\" data-end=\"1228\">CUDA, RT un Tensor kodoliem<\/strong>, atbalstot <strong data-start=\"1241\" data-end=\"1251\">DLSS 4<\/strong>, <strong data-start=\"1253\" data-end=\"1273\">Frame Generation<\/strong> un ray tracing. <br data-start=\"1327\" data-end=\"1330\">Atmi\u0146a <strong data-start=\"1339\" data-end=\"1353\">8 GB GDDR7<\/strong> lieliski der <strong data-start=\"1368\" data-end=\"1383\">1080p Ultra<\/strong> un <strong data-start=\"1387\" data-end=\"1401\">1440p High<\/strong> sp\u0113l\u0113m. <br data-start=\"1450\" data-end=\"1453\">Tehnolo\u0123ijas <strong data-start=\"1467\" data-end=\"1477\">DLSS 4<\/strong> \u013cauj uztur\u0113t augstu FPS pat izmantojot progres\u012bvus grafikas efektus un ray tracing.<\/p>\n<p data-start=\"831\" data-end=\"1186\"><strong>Pilna specifik\u0101cija:<\/strong><\/p>\n<ul>\n<li><strong>Intel <span data-sheets-root=\"1\">Core Ultra 7-270K PLUS<\/span>: 2<\/strong>4 kodoli, 24 pavedieni, 3,7-5,54GHz<\/li>\n<li><span data-sheets-root=\"1\"><strong>ASRock B860 PRO RS<\/strong> vai l\u012bdz\u012bga<\/span><\/li>\n<li><span data-sheets-root=\"1\"><strong>Arctic Freezer 36<\/strong> vai l\u012bdz\u012bgs<\/span><\/li>\n<li><span data-sheets-root=\"1\"><strong>32GB (2x16GB) DDR5 6000MHz | Corsair Vengeance<\/strong> vai l\u012bdz\u012bga <\/span><\/li>\n<li><strong>Kingston NV3 1TB NVMe M.2 SSD <\/strong><\/li>\n<li><span data-sheets-root=\"1\"><strong>Nvidia GeForce RTX 5060 8GB GDDR7 | ASUS Dual OC<\/strong> vai l\u012bdzv\u0113rt\u012bga<\/span><\/li>\n<li><span data-sheets-root=\"1\"><strong>Chieftec 650W 80+ Bronze<\/strong> vai l\u012bdz\u012bgs<\/span><\/li>\n<\/ul>\n<p data-start=\"1978\" data-end=\"2031\"><strong>Paredzama FPS veiktsp\u0113ja 1080p un 1440p iz\u0161\u0137irtsp\u0113j\u0101:<\/strong><\/p>\n<p data-start=\"2033\" data-end=\"2465\"><strong data-start=\"2033\" data-end=\"2051\">Cyberpunk 2077<\/strong> \u2013 ~125 FPS (1080p, Ultra + DLSS Quality) \/ ~85 FPS (1440p, High + DLSS Balanced)<br data-start=\"2132\" data-end=\"2135\"><strong data-start=\"2135\" data-end=\"2164\">Call of Duty: Black Ops 6<\/strong> \u2013 ~185 FPS (1080p, Ultra) \/ ~130 FPS (1440p, Ultra)<br data-start=\"2216\" data-end=\"2219\"><strong data-start=\"2219\" data-end=\"2238\">Forza Horizon 5<\/strong> \u2013 ~165 FPS (1080p, Ultra) \/ ~115 FPS (1440p, Ultra)<br data-start=\"2290\" data-end=\"2293\"><strong data-start=\"2293\" data-end=\"2320\">Assassin&#8217;s Creed Mirage<\/strong> \u2013 ~145 FPS (1080p, High) \/ ~100 FPS (1440p, High)<br data-start=\"2370\" data-end=\"2373\"><strong data-start=\"2373\" data-end=\"2388\">Alan Wake 2<\/strong> \u2013 ~100 FPS (1080p, High RT + DLSS) \/ ~70 FPS (1440p, High + DLSS Balanced)<\/p>\n<p><em>\u0160ie skait\u013ci realit\u0101t\u0113 var at\u0161\u0137irties atkar\u012bb\u0101 no konkr\u0113tiem sp\u0113les iestat\u012bjumiem, optimiz\u0101cijas un citiem sist\u0113mas komponentiem.<\/em><\/p>\n","protected":false},"excerpt":{"rendered":"<p>&#8220;Intel Core Ultra 7 270K Plus&#8221; un &#8220;NVIDIA GeForce RTX 5060 8GB GDDR7&#8221; \u2013 l\u012bdzsvarots komplekts 1080p un 1440p sp\u0113l\u0113m<\/p>\n","protected":false},"featured_media":23606,"comment_status":"open","ping_status":"closed","template":"","meta":[],"product_brand":[1749],"product_cat":[495],"product_tag":[505],"class_list":{"0":"post-55057","1":"product","2":"type-product","3":"status-publish","4":"has-post-thumbnail","6":"product_brand-amberglow","7":"product_cat-stacionarie-datori","8":"product_tag-ddr5-nuo-32gb-1tb","9":"pa_garantija-24-men-lv","10":"pa_prekes-zenklas-amberglow-lv","11":"pa_procesoriaus-branduoliai-24-cores-lv","12":"pa_vaizdo-plokstes-atmintis-8gb-lv","13":"pa_vaizdo-plokstes-modelis-rtx-5060-lv","15":"first","16":"instock","17":"taxable","18":"shipping-taxable","19":"purchasable","20":"product-type-simple"},"_links":{"self":[{"href":"https:\/\/amberglow.lt\/lv\/wp-json\/wp\/v2\/product\/55057","targetHints":{"allow":["GET"]}}],"collection":[{"href":"https:\/\/amberglow.lt\/lv\/wp-json\/wp\/v2\/product"}],"about":[{"href":"https:\/\/amberglow.lt\/lv\/wp-json\/wp\/v2\/types\/product"}],"replies":[{"embeddable":true,"href":"https:\/\/amberglow.lt\/lv\/wp-json\/wp\/v2\/comments?post=55057"}],"version-history":[{"count":0,"href":"https:\/\/amberglow.lt\/lv\/wp-json\/wp\/v2\/product\/55057\/revisions"}],"wp:featuredmedia":[{"embeddable":true,"href":"https:\/\/amberglow.lt\/lv\/wp-json\/wp\/v2\/media\/23606"}],"wp:attachment":[{"href":"https:\/\/amberglow.lt\/lv\/wp-json\/wp\/v2\/media?parent=55057"}],"wp:term":[{"taxonomy":"product_brand","embeddable":true,"href":"https:\/\/amberglow.lt\/lv\/wp-json\/wp\/v2\/product_brand?post=55057"},{"taxonomy":"product_cat","embeddable":true,"href":"https:\/\/amberglow.lt\/lv\/wp-json\/wp\/v2\/product_cat?post=55057"},{"taxonomy":"product_tag","embeddable":true,"href":"https:\/\/amberglow.lt\/lv\/wp-json\/wp\/v2\/product_tag?post=55057"}],"curies":[{"name":"wp","href":"https:\/\/api.w.org\/{rel}","templated":true}]}}