{"id":55065,"date":"2026-05-06T09:10:02","date_gmt":"2026-05-06T06:10:02","guid":{"rendered":"https:\/\/amberglow.lt\/Bez kategorijas\/stacionarais-dators-core-ultra-7-265kf-rtx-5060-ti-8gb-2\/"},"modified":"2026-05-06T09:10:02","modified_gmt":"2026-05-06T06:10:02","slug":"stacionarais-dators-core-ultra-7-265kf-rtx-5060-ti-8gb-2","status":"publish","type":"product","link":"https:\/\/amberglow.lt\/lv\/stacionarie-datori\/stacionarais-dators-core-ultra-7-265kf-rtx-5060-ti-8gb-2\/","title":{"rendered":"Stacion\u0101rais dators Core Ultra 7 265KF, RTX 5060 Ti 8GB"},"content":{"rendered":"<p data-start=\"0\" data-end=\"141\">\u201e<strong data-start=\"1\" data-end=\"29\">Intel Core Ultra 7 265KF<\/strong>\u201c un \u201e<strong data-start=\"35\" data-end=\"75\">NVIDIA GeForce RTX 5060 Ti 8GB GDDR7<\/strong>\u201c \u2013 <strong data-start=\"79\" data-end=\"141\">jaud\u012bga un sabalans\u0113ta kombin\u0101cija 1080p un 1440p sp\u0113l\u0113m<\/strong><\/p>\n<p data-start=\"143\" data-end=\"611\">\u0160\u012b kombin\u0101cija ir paredz\u0113ta sp\u0113l\u0113t\u0101jiem, kuri v\u0113las <strong data-start=\"187\" data-end=\"225\">augstu FPS 1080p un 1440p iz\u0161\u0137irtsp\u0113j\u0101<\/strong> un v\u0113las baud\u012bt modernas AAA sp\u0113les ar augstiem grafikas iestat\u012bjumiem. \u201e<strong data-start=\"304\" data-end=\"326\">Core Ultra 7 265KF<\/strong>\u201c izce\u013cas ar lielu kodolu skaitu un augstu boost frekvenci, t\u0101p\u0113c tas ir lieliski piem\u0113rots gan sp\u0113l\u0113m, gan produktivit\u0101tei, savuk\u0101rt \u201e<strong data-start=\"446\" data-end=\"471\">RTX 5060 Ti 8GB GDDR7<\/strong>\u201c nodro\u0161ina modernu NVIDIA grafisko jaudu ar <strong data-start=\"515\" data-end=\"525\">DLSS 4<\/strong>, <strong data-start=\"527\" data-end=\"547\">Frame Generation<\/strong> un ray tracing atbalstu.<\/p>\n<p data-start=\"613\" data-end=\"655\">Procesors \u201e<strong data-start=\"626\" data-end=\"654\">Intel Core Ultra 7 265KF<\/strong>\u201c<\/p>\n<p data-start=\"657\" data-end=\"1074\">Arhitekt\u016bra un kodoli jaunas paaudzes Intel arhitekt\u016bra ar <strong data-start=\"721\" data-end=\"738\">20 kodoliem<\/strong>, optimiz\u0113ta gan sp\u0113l\u0113m, gan produktivit\u0101tei.<br data-start=\"787\" data-end=\"790\">Frekvence augsta b\u0101zes frekvence un boost re\u017e\u012bms l\u012bdz <strong data-start=\"841\" data-end=\"853\">~5,5 GHz<\/strong> \u013cauj uztur\u0113t <strong data-start=\"872\" data-end=\"910\">augstu FPS pat sare\u017e\u0123\u012bt\u0101s ain\u0101s<\/strong>.<br data-start=\"911\" data-end=\"914\">Tehnolo\u0123ijas atbalst\u012bts <strong data-start=\"939\" data-end=\"947\">DDR5<\/strong> atmi\u0146as standarts un m\u016bsdien\u012bgas Intel optimiz\u0101cijas nodro\u0161ina \u0101tru sist\u0113mas darb\u012bbu.<\/p>\n<p data-start=\"1076\" data-end=\"1133\">Videokarte \u201e<strong data-start=\"1092\" data-end=\"1132\">NVIDIA GeForce RTX 5060 Ti 8GB GDDR7<\/strong>\u201c<\/p>\n<p data-start=\"1135\" data-end=\"1519\">Arhitekt\u016bra jaunas paaudzes NVIDIA arhitekt\u016bra ar <strong data-start=\"1185\" data-end=\"1220\">CUDA, RT un Tensor kodoliem<\/strong>, atbalstot <strong data-start=\"1233\" data-end=\"1243\">DLSS 4<\/strong>, <strong data-start=\"1245\" data-end=\"1265\">Frame Generation<\/strong> un ray tracing.<br data-start=\"1281\" data-end=\"1284\">Atmi\u0146a <strong data-start=\"1293\" data-end=\"1307\">8 GB GDDR7<\/strong> lieliski der <strong data-start=\"1322\" data-end=\"1350\">1080p un 1440p sp\u0113l\u0113m<\/strong> ar augstiem iestat\u012bjumiem.<br data-start=\"1375\" data-end=\"1378\">Tehnolo\u0123ijas DLSS 4 \u013cauj uztur\u0113t <strong data-start=\"1417\" data-end=\"1439\">augstu kadru \u0101trumu<\/strong> pat izmantojot progres\u012bvus grafiskos efektus.<\/p>\n<p data-start=\"831\" data-end=\"1186\"><strong>Pilna specifik\u0101cija:<\/strong><\/p>\n<ul>\n<li><strong>Intel <span data-sheets-root=\"1\">Core Ultra 7-265KF<\/span>: <\/strong>20 kodoli, 20 pavedieni, 3,9-5,5GHz<\/li>\n<li><span data-sheets-root=\"1\"><strong>ASRock B860 PRO RS<\/strong> vai l\u012bdz\u012bga<\/span><\/li>\n<li><span data-sheets-root=\"1\"><strong>Arctic Freezer 36<\/strong> vai l\u012bdz\u012bgs<\/span><\/li>\n<li><span data-sheets-root=\"1\"><strong>32GB (2x16GB) DDR5 6000MHz | Corsair Vengeance<\/strong> vai l\u012bdz\u012bgi<\/span><\/li>\n<li><strong>Kingston NV3 1TB NVMe M.2 SSD <\/strong><\/li>\n<li><span data-sheets-root=\"1\"><strong>Nvidia GeForce RTX 5070 12GB GDDR7 | ASUS Dual OC<\/strong> vai l\u012bdz\u012bga<\/span><\/li>\n<li><span data-sheets-root=\"1\"><strong>Chieftec 700W 80+ Bronze<\/strong> vai l\u012bdz\u012bgs<\/span><\/li>\n<\/ul>\n<p data-start=\"1667\" data-end=\"1718\"><strong data-start=\"2016\" data-end=\"2066\">Paredzamie FPS rezult\u0101ti 1440p un 4K iz\u0161\u0137irtsp\u0113j\u0101s:<\/strong><br data-start=\"2066\" data-end=\"2069\"><strong data-start=\"1923\" data-end=\"1941\">Cyberpunk 2077<\/strong> \u2013 ~145 FPS (1080p Ultra + DLSS Quality) \/ ~100 FPS (1440p High + DLSS Balanced)<br data-start=\"2021\" data-end=\"2024\"><strong data-start=\"2024\" data-end=\"2053\">Call of Duty: Black Ops 6<\/strong> \u2013 ~210 FPS (1080p Ultra) \/ ~155 FPS (1440p Ultra)<br data-start=\"2103\" data-end=\"2106\"><strong data-start=\"2106\" data-end=\"2125\">Forza Horizon 5<\/strong> \u2013 ~185 FPS (1080p Ultra) \/ ~135 FPS (1440p Ultra)<br data-start=\"2175\" data-end=\"2178\"><strong data-start=\"2178\" data-end=\"2205\">Assassin&#8217;s Creed Mirage<\/strong> \u2013 ~160 FPS (1080p High) \/ ~115 FPS (1440p High)<br data-start=\"2253\" data-end=\"2256\"><strong data-start=\"2256\" data-end=\"2271\">Alan Wake 2<\/strong> \u2013 ~120 FPS (1080p High RT + DLSS) \/ ~85 FPS (1440p High + DLSS Balanced)<\/p>\n<p><em>\u0160ie skait\u013ci var at\u0161\u0137irties realit\u0101t\u0113 atkar\u012bb\u0101 no konkr\u0113tiem sp\u0113les iestat\u012bjumiem, optimiz\u0101cijas un citiem sist\u0113mas komponentiem<\/em><\/p>\n","protected":false},"excerpt":{"rendered":"<p>\u201eIntel Core Ultra 7 265KF\u201c un \u201eNVIDIA GeForce RTX 5060 Ti 8GB GDDR7\u201c \u2013 jaud\u012bga un sabalans\u0113ta kombin\u0101cija 1080p un<\/p>\n","protected":false},"featured_media":22046,"comment_status":"open","ping_status":"closed","template":"","meta":[],"product_brand":[1749],"product_cat":[495,1762],"product_tag":[506],"class_list":{"0":"post-55065","1":"product","2":"type-product","3":"status-publish","4":"has-post-thumbnail","6":"product_brand-amberglow","7":"product_cat-stacionarie-datori","8":"product_cat-nedelas-piedavajumi","9":"product_tag-ddr5-no-32-gb-1-tb","10":"pa_garantija-24-men-lv","11":"pa_prekes-zenklas-amberglow-lv","12":"pa_procesoriaus-branduoliai-20-cores-lv","13":"pa_vaizdo-plokstes-atmintis-8gb-lv","14":"pa_vaizdo-plokstes-modelis-rtx-5060-ti-lv","16":"first","17":"instock","18":"sale","19":"taxable","20":"shipping-taxable","21":"purchasable","22":"product-type-simple"},"_links":{"self":[{"href":"https:\/\/amberglow.lt\/lv\/wp-json\/wp\/v2\/product\/55065","targetHints":{"allow":["GET"]}}],"collection":[{"href":"https:\/\/amberglow.lt\/lv\/wp-json\/wp\/v2\/product"}],"about":[{"href":"https:\/\/amberglow.lt\/lv\/wp-json\/wp\/v2\/types\/product"}],"replies":[{"embeddable":true,"href":"https:\/\/amberglow.lt\/lv\/wp-json\/wp\/v2\/comments?post=55065"}],"version-history":[{"count":0,"href":"https:\/\/amberglow.lt\/lv\/wp-json\/wp\/v2\/product\/55065\/revisions"}],"wp:featuredmedia":[{"embeddable":true,"href":"https:\/\/amberglow.lt\/lv\/wp-json\/wp\/v2\/media\/22046"}],"wp:attachment":[{"href":"https:\/\/amberglow.lt\/lv\/wp-json\/wp\/v2\/media?parent=55065"}],"wp:term":[{"taxonomy":"product_brand","embeddable":true,"href":"https:\/\/amberglow.lt\/lv\/wp-json\/wp\/v2\/product_brand?post=55065"},{"taxonomy":"product_cat","embeddable":true,"href":"https:\/\/amberglow.lt\/lv\/wp-json\/wp\/v2\/product_cat?post=55065"},{"taxonomy":"product_tag","embeddable":true,"href":"https:\/\/amberglow.lt\/lv\/wp-json\/wp\/v2\/product_tag?post=55065"}],"curies":[{"name":"wp","href":"https:\/\/api.w.org\/{rel}","templated":true}]}}