{"id":55068,"date":"2026-03-10T07:11:44","date_gmt":"2026-03-10T04:11:44","guid":{"rendered":"https:\/\/amberglow.lt\/Bez kategorijas\/monitors-aoc-25g4kur-25-fast-ips-fhd-420-hz-1-ms\/"},"modified":"2026-03-10T07:11:44","modified_gmt":"2026-03-10T04:11:44","slug":"monitors-aoc-25g4kur-25-fast-ips-fhd-420-hz-1-ms","status":"publish","type":"product","link":"https:\/\/amberglow.lt\/lv\/monitori\/monitors-aoc-25g4kur-25-fast-ips-fhd-420-hz-1-ms\/","title":{"rendered":"Monitors AOC 25G4KUR 25&#8243; Fast IPS, FHD, 420 Hz, 1 ms"},"content":{"rendered":"<p data-start=\"0\" data-end=\"202\"><strong data-start=\"0\" data-end=\"15\">AOC 25G4KUR<\/strong> \u2013 tas ir <strong data-start=\"22\" data-end=\"76\">24,5 collu profesion\u0101la l\u012bme\u0146a sp\u0113\u013cu monitors<\/strong>, rad\u012bts eSports un sacens\u012bbu sp\u0113l\u0113m, kur vissvar\u012bg\u0101kais ir maksim\u0101lais \u0101trums, \u012bpa\u0161i pl\u016bdena att\u0113ls un \u0101tra reakcija.<\/p>\n<p data-start=\"204\" data-end=\"577\"><strong data-start=\"204\" data-end=\"232\">Ekr\u0101ns un att\u0113la kvalit\u0101te<\/strong><br data-start=\"232\" data-end=\"235\">Monitoram ir <strong data-start=\"251\" data-end=\"275\">Fast IPS tipa panelis<\/strong> ar <strong data-start=\"279\" data-end=\"304\">1920 \u00d7 1080 (Full HD)<\/strong> iz\u0161\u0137irtsp\u0113ju un <strong data-start=\"315\" data-end=\"323\">16:9<\/strong> malu attiec\u012bbu. Fast IPS tehnolo\u0123ija nodro\u0161ina \u013coti \u0101tru att\u0113la atsauci, vienlaikus saglab\u0101jot prec\u012bzas kr\u0101sas un pla\u0161us skat\u012b\u0161an\u0101s le\u0146\u0137us, t\u0101p\u0113c att\u0113ls izskat\u0101s skaidrs un dabisks pat \u0101tros darb\u012bbas br\u012b\u017eos.<\/p>\n<p data-start=\"579\" data-end=\"902\"><strong data-start=\"579\" data-end=\"616\">\u012apa\u0161i augsta atjauno\u0161anas frekvence<\/strong><br data-start=\"616\" data-end=\"619\">Liel\u0101k\u0101 \u0161\u012b mode\u013ca priek\u0161roc\u012bba \u2013 pat <strong data-start=\"660\" data-end=\"691\">420 Hz atjauno\u0161anas frekvence<\/strong>, kas nodro\u0161ina ekstr\u0113mi pl\u016bdenu kust\u012bbu sp\u0113l\u0113s. Tas ir \u012bpa\u0161i svar\u012bgi profesion\u0101l\u0101m vai sacens\u012bbu FPS un eSports sp\u0113l\u0113m, kur katra milisekunde ir svar\u012bga. <\/p>\n<p data-start=\"904\" data-end=\"1230\"><strong data-start=\"904\" data-end=\"938\">Reakcijas laiks un pl\u016bdenums<\/strong><br data-start=\"938\" data-end=\"941\"><strong data-start=\"941\" data-end=\"966\">1 ms reakcijas laiks<\/strong> pal\u012bdz samazin\u0101t kust\u012bbas izpl\u016b\u0161anu un uzlabo skaidr\u012bbu \u0101tri kust\u012bg\u0101s ain\u0101s. Monitors atbalsta ar\u012b Adaptive Sync un ir sader\u012bgs ar G-Sync tehnolo\u0123iju, t\u0101p\u0113c tiek samazin\u0101ts att\u0113la raust\u012b\u0161an\u0101s un tearing efekts. <\/p>\n<p data-start=\"1232\" data-end=\"1461\"><strong data-start=\"1232\" data-end=\"1251\">Spilgtums un HDR<\/strong><br data-start=\"1251\" data-end=\"1254\">Monitors izce\u013cas ar <strong data-start=\"1274\" data-end=\"1295\">350 cd\/m\u00b2 spilgtumu<\/strong> un atbalsta <strong data-start=\"1308\" data-end=\"1326\">DisplayHDR 400<\/strong>, t\u0101p\u0113c att\u0113ls izskat\u0101s spilgt\u0101ks un kontrastain\u0101ks gan sp\u0113l\u0113s, gan multimediju satur\u0101.<\/p>\n<p data-start=\"1463\" data-end=\"1761\"><strong data-start=\"1463\" data-end=\"1488\">Savienot\u0101ji un ergonomika<\/strong><br data-start=\"1488\" data-end=\"1491\">Monitoram ir <strong data-start=\"1507\" data-end=\"1525\">2 HDMI savienot\u0101ji<\/strong>, DisplayPort un USB sadal\u012bt\u0101js, t\u0101p\u0113c viegli piesl\u0113gsi vair\u0101kas ier\u012bces. Ergonomiskais stat\u012bvs \u013cauj regul\u0113t monitora augstumu, t\u0101p\u0113c to var \u0113rti piel\u0101got ilg\u0101k\u0101m sp\u0113\u013cu sesij\u0101m. <\/p>\n<p data-start=\"1763\" data-end=\"1888\"><strong data-start=\"1763\" data-end=\"1775\">Dizains<\/strong><br data-start=\"1775\" data-end=\"1778\">Melns korpuss ar m\u016bsdien\u012bgiem sp\u0113\u013cu dizaina elementiem lieliski iederas eSports vai gaming vid\u0113.<\/p>\n<p data-start=\"1890\" data-end=\"2180\"><strong data-start=\"1890\" data-end=\"1903\">Kopsavilkums<\/strong><br data-start=\"1903\" data-end=\"1906\"><strong data-start=\"1906\" data-end=\"1921\">AOC 25G4KUR<\/strong> \u2013 tas ir \u012bpa\u0161i \u0101trs sp\u0113\u013cu monitors, paredz\u0113ts tiem, kas v\u0113las maksim\u0101lu pl\u016bdenumu, \u0101tru reakciju un profesion\u0101la l\u012bme\u0146a veiktsp\u0113ju. Pateicoties 420 Hz frekvencei, Fast IPS panelim un HDR atbalstam, tas lieliski der sacens\u012bbu sp\u0113l\u0113m un pras\u012bgiem sp\u0113l\u0113t\u0101jiem. <\/p>\n","protected":false},"excerpt":{"rendered":"<p>AOC 25G4KUR \u2013 tas ir 24,5 collu profesion\u0101la l\u012bme\u0146a sp\u0113\u013cu monitors, rad\u012bts eSports un sacens\u012bbu sp\u0113l\u0113m, kur vissvar\u012bg\u0101kais ir maksim\u0101lais<\/p>\n","protected":false},"featured_media":46383,"comment_status":"open","ping_status":"closed","template":"","meta":[],"product_brand":[],"product_cat":[493],"product_tag":[],"class_list":{"0":"post-55068","1":"product","2":"type-product","3":"status-publish","4":"has-post-thumbnail","6":"product_cat-monitori","7":"pa_garantija-1241","8":"pa_hdmi-prievadu-kiekis-1581","9":"pa_integruota-baterija-ne","10":"pa_prekes-zenklas-aoc","12":"first","13":"instock","14":"taxable","15":"shipping-taxable","16":"purchasable","17":"product-type-simple"},"_links":{"self":[{"href":"https:\/\/amberglow.lt\/lv\/wp-json\/wp\/v2\/product\/55068","targetHints":{"allow":["GET"]}}],"collection":[{"href":"https:\/\/amberglow.lt\/lv\/wp-json\/wp\/v2\/product"}],"about":[{"href":"https:\/\/amberglow.lt\/lv\/wp-json\/wp\/v2\/types\/product"}],"replies":[{"embeddable":true,"href":"https:\/\/amberglow.lt\/lv\/wp-json\/wp\/v2\/comments?post=55068"}],"version-history":[{"count":0,"href":"https:\/\/amberglow.lt\/lv\/wp-json\/wp\/v2\/product\/55068\/revisions"}],"wp:featuredmedia":[{"embeddable":true,"href":"https:\/\/amberglow.lt\/lv\/wp-json\/wp\/v2\/media\/46383"}],"wp:attachment":[{"href":"https:\/\/amberglow.lt\/lv\/wp-json\/wp\/v2\/media?parent=55068"}],"wp:term":[{"taxonomy":"product_brand","embeddable":true,"href":"https:\/\/amberglow.lt\/lv\/wp-json\/wp\/v2\/product_brand?post=55068"},{"taxonomy":"product_cat","embeddable":true,"href":"https:\/\/amberglow.lt\/lv\/wp-json\/wp\/v2\/product_cat?post=55068"},{"taxonomy":"product_tag","embeddable":true,"href":"https:\/\/amberglow.lt\/lv\/wp-json\/wp\/v2\/product_tag?post=55068"}],"curies":[{"name":"wp","href":"https:\/\/api.w.org\/{rel}","templated":true}]}}