{"id":55086,"date":"2026-05-07T09:39:15","date_gmt":"2026-05-07T06:39:15","guid":{"rendered":"https:\/\/amberglow.lt\/Bez kategorijas\/stacionarais-dators-core-ultra-5-250kf-plus-rtx-5050-8gb\/"},"modified":"2026-05-07T09:39:15","modified_gmt":"2026-05-07T06:39:15","slug":"stacionarais-dators-core-ultra-5-250kf-plus-rtx-5050-8gb","status":"publish","type":"product","link":"https:\/\/amberglow.lt\/lv\/stacionarie-datori\/stacionarais-dators-core-ultra-5-250kf-plus-rtx-5050-8gb\/","title":{"rendered":"Stacion\u0101rais dators Core Ultra 5 250KF PLUS, RTX 5050 8GB"},"content":{"rendered":"<p data-start=\"0\" data-end=\"125\">\u201e<strong data-start=\"1\" data-end=\"34\">Intel Core Ultra 5 250KF Plus<\/strong>\u201c un \u201e<strong data-start=\"40\" data-end=\"71\">NVIDIA GeForce RTX 5050 8GB<\/strong>\u201c \u2013 <strong data-start=\"75\" data-end=\"125\">l\u012bdzsvarota kombin\u0101cija 1080p un 1440p sp\u0113l\u0113m<\/strong><\/p>\n<p data-start=\"127\" data-end=\"574\">\u0160\u012b kombin\u0101cija ir paredz\u0113ta sp\u0113l\u0113t\u0101jiem, kuri v\u0113las <strong data-start=\"171\" data-end=\"200\">augstu FPS 1080p iz\u0161\u0137irtsp\u0113j\u0101<\/strong> un v\u0113las baud\u012bt <strong data-start=\"218\" data-end=\"261\">1440p sp\u0113les ar augstiem iestat\u012bjumiem<\/strong>. \u201e<strong data-start=\"264\" data-end=\"291\">Core Ultra 5 250KF Plus<\/strong>\u201c izce\u013cas ar modernu Intel arhitekt\u016bru un augstu boost frekvenci, t\u0101p\u0113c ir lieliski piem\u0113rots gan sp\u0113l\u0113m, gan produktivit\u0101tei, savuk\u0101rt \u201e<strong data-start=\"413\" data-end=\"429\">RTX 5050 8GB<\/strong>\u201c nodro\u0161ina n\u0101kam\u0101s paaudzes NVIDIA tehnolo\u0123ijas ar <strong data-start=\"478\" data-end=\"488\">DLSS 4<\/strong>, <strong data-start=\"490\" data-end=\"510\">Frame Generation<\/strong> un ray tracing atbalstu. <\/p>\n<p data-start=\"576\" data-end=\"623\">Procesors \u201e<strong data-start=\"589\" data-end=\"622\">Intel Core Ultra 5 250KF Plus<\/strong>\u201c<\/p>\n<p data-start=\"625\" data-end=\"1003\">Arhitekt\u016bra un kodoli n\u0101kam\u0101s paaudzes Intel arhitekt\u016bra ar <strong data-start=\"689\" data-end=\"706\">18 kodoliem<\/strong>, optimiz\u0113ta sp\u0113l\u0113m un produktivit\u0101tei.<br data-start=\"747\" data-end=\"750\">Frekvence augsta b\u0101zes frekvence un boost re\u017e\u012bms l\u012bdz <strong data-start=\"801\" data-end=\"812\">5.3 GHz<\/strong> \u013cauj uztur\u0113t <strong data-start=\"831\" data-end=\"877\">augstu FPS pat sare\u017e\u0123\u012bt\u0101s sp\u0113\u013cu ain\u0101s<\/strong>.<br data-start=\"878\" data-end=\"881\">Tehnolo\u0123ijas atbalst\u012btais <strong data-start=\"906\" data-end=\"914\">DDR5<\/strong> atmi\u0146as standarts un modern\u0101s Intel optimiz\u0101cijas nodro\u0161ina \u0101tru sist\u0113mas darb\u012bbu.<\/p>\n<p data-start=\"1005\" data-end=\"1053\">Videokarte \u201e<strong data-start=\"1021\" data-end=\"1052\">NVIDIA GeForce RTX 5050 8GB<\/strong>\u201c<\/p>\n<p data-start=\"1055\" data-end=\"1544\">Arhitekt\u016bra n\u0101kam\u0101s paaudzes <strong data-start=\"1082\" data-end=\"1102\">NVIDIA Blackwell<\/strong> arhitekt\u016bra ar <strong data-start=\"1119\" data-end=\"1154\">CUDA, RT un Tensor kodoliem<\/strong>, kas atbalsta <strong data-start=\"1167\" data-end=\"1177\">DLSS 4<\/strong> un progres\u012bvu ray tracing. <br data-start=\"1239\" data-end=\"1242\">Atmi\u0146a <strong data-start=\"1251\" data-end=\"1287\">8 GB GDDR6\/GDDR7 klases atmi\u0146a<\/strong> ir lieliski piem\u0113rota <strong data-start=\"1302\" data-end=\"1317\">1080p Ultra<\/strong> un <strong data-start=\"1321\" data-end=\"1335\">1440p High<\/strong> sp\u0113l\u0113m. <br data-start=\"1384\" data-end=\"1387\">Tehnolo\u0123ijas <strong data-start=\"1401\" data-end=\"1411\">DLSS 4<\/strong> un <strong data-start=\"1415\" data-end=\"1435\">Frame Generation<\/strong> \u013cauj uztur\u0113t augstu FPS pat izmantojot progres\u012bvus grafikas efektus<\/p>\n<p data-start=\"1890\" data-end=\"1943\"><strong>Paredzama FPS veiktsp\u0113ja 1080p un 1440p iz\u0161\u0137irtsp\u0113j\u0101:<\/strong><\/p>\n<p data-start=\"1945\" data-end=\"2375\"><strong data-start=\"1945\" data-end=\"1963\">Cyberpunk 2077<\/strong> \u2013 ~105 FPS (1080p, High + DLSS Quality) \/ ~70 FPS (1440p, High + DLSS Balanced)<br data-start=\"2043\" data-end=\"2046\"><strong data-start=\"2046\" data-end=\"2075\">Call of Duty: Black Ops 6<\/strong> \u2013 ~155 FPS (1080p, Ultra) \/ ~110 FPS (1440p, High)<br data-start=\"2126\" data-end=\"2129\"><strong data-start=\"2129\" data-end=\"2148\">Forza Horizon 5<\/strong> \u2013 ~135 FPS (1080p, Ultra) \/ ~95 FPS (1440p, High)<br data-start=\"2198\" data-end=\"2201\"><strong data-start=\"2201\" data-end=\"2228\">Assassin\u2019s Creed Mirage<\/strong> \u2013 ~120 FPS (1080p, High) \/ ~85 FPS (1440p, High)<br data-start=\"2277\" data-end=\"2280\"><strong data-start=\"2280\" data-end=\"2295\">Alan Wake 2<\/strong> \u2013 ~85 FPS (1080p, Medium RT + DLSS) \/ ~60 FPS (1440p, Medium + DLSS Balanced)<\/p>\n<p><em>\u0160ie skait\u013ci var at\u0161\u0137irties realit\u0101t\u0113 atkar\u012bb\u0101 no konkr\u0113tiem sp\u0113les iestat\u012bjumiem, optimiz\u0101cijas un citiem sist\u0113mas komponentiem<\/em><\/p>\n","protected":false},"excerpt":{"rendered":"<p>\u201eIntel Core Ultra 5 250KF Plus\u201c un \u201eNVIDIA GeForce RTX 5050 8GB\u201c \u2013 l\u012bdzsvarota kombin\u0101cija 1080p un 1440p sp\u0113l\u0113m \u0160\u012b<\/p>\n","protected":false},"featured_media":22040,"comment_status":"open","ping_status":"closed","template":"","meta":[],"product_brand":[1749],"product_cat":[495],"product_tag":[510],"class_list":{"0":"post-55086","1":"product","2":"type-product","3":"status-publish","4":"has-post-thumbnail","6":"product_brand-amberglow","7":"product_cat-stacionarie-datori","8":"product_tag-ddr5-nuo-16gb-512gb","9":"pa_garantija-24-men-lv","10":"pa_prekes-zenklas-amberglow-lv","11":"pa_procesoriaus-branduoliai-1763","12":"pa_vaizdo-plokstes-atmintis-8gb-lv","13":"pa_vaizdo-plokstes-modelis-rtx-5050-lv","15":"first","16":"instock","17":"taxable","18":"shipping-taxable","19":"purchasable","20":"product-type-simple"},"_links":{"self":[{"href":"https:\/\/amberglow.lt\/lv\/wp-json\/wp\/v2\/product\/55086","targetHints":{"allow":["GET"]}}],"collection":[{"href":"https:\/\/amberglow.lt\/lv\/wp-json\/wp\/v2\/product"}],"about":[{"href":"https:\/\/amberglow.lt\/lv\/wp-json\/wp\/v2\/types\/product"}],"replies":[{"embeddable":true,"href":"https:\/\/amberglow.lt\/lv\/wp-json\/wp\/v2\/comments?post=55086"}],"version-history":[{"count":0,"href":"https:\/\/amberglow.lt\/lv\/wp-json\/wp\/v2\/product\/55086\/revisions"}],"wp:featuredmedia":[{"embeddable":true,"href":"https:\/\/amberglow.lt\/lv\/wp-json\/wp\/v2\/media\/22040"}],"wp:attachment":[{"href":"https:\/\/amberglow.lt\/lv\/wp-json\/wp\/v2\/media?parent=55086"}],"wp:term":[{"taxonomy":"product_brand","embeddable":true,"href":"https:\/\/amberglow.lt\/lv\/wp-json\/wp\/v2\/product_brand?post=55086"},{"taxonomy":"product_cat","embeddable":true,"href":"https:\/\/amberglow.lt\/lv\/wp-json\/wp\/v2\/product_cat?post=55086"},{"taxonomy":"product_tag","embeddable":true,"href":"https:\/\/amberglow.lt\/lv\/wp-json\/wp\/v2\/product_tag?post=55086"}],"curies":[{"name":"wp","href":"https:\/\/api.w.org\/{rel}","templated":true}]}}