{"id":55087,"date":"2026-05-07T09:49:24","date_gmt":"2026-05-07T06:49:24","guid":{"rendered":"https:\/\/amberglow.lt\/Bez kategorijas\/stacionarais-dators-core-ultra-5-250kf-plus-rtx-5060-8gb\/"},"modified":"2026-05-07T09:49:24","modified_gmt":"2026-05-07T06:49:24","slug":"stacionarais-dators-core-ultra-5-250kf-plus-rtx-5060-8gb","status":"publish","type":"product","link":"https:\/\/amberglow.lt\/lv\/stacionarie-datori\/stacionarais-dators-core-ultra-5-250kf-plus-rtx-5060-8gb\/","title":{"rendered":"Stacion\u0101rais dators Core Ultra 5 250KF PLUS, RTX 5060 8GB"},"content":{"rendered":"<p data-start=\"0\" data-end=\"131\">\u201e<strong data-start=\"1\" data-end=\"34\">Intel Core Ultra 5 250KF Plus<\/strong>\u201c un \u201e<strong data-start=\"40\" data-end=\"77\">NVIDIA GeForce RTX 5060 8GB GDDR7<\/strong>\u201c \u2013 <strong data-start=\"81\" data-end=\"131\">l\u012bdzsvarota kombin\u0101cija 1080p un 1440p sp\u0113l\u0113m<\/strong><\/p>\n<p data-start=\"133\" data-end=\"604\">\u0160\u012b kombin\u0101cija ir paredz\u0113ta sp\u0113l\u0113t\u0101jiem, kuri v\u0113las <strong data-start=\"177\" data-end=\"206\">augstu FPS 1080p iz\u0161\u0137irtsp\u0113j\u0101<\/strong> un v\u0113las baud\u012bt <strong data-start=\"224\" data-end=\"276\">1440p sp\u0113les ar augstiem grafikas iestat\u012bjumiem<\/strong>. \u201e<strong data-start=\"279\" data-end=\"306\">Core Ultra 5 250KF Plus<\/strong>\u201c izce\u013cas ar modernu Intel arhitekt\u016bru un augstu boost frekvenci, t\u0101p\u0113c tas ir lieliski piem\u0113rots gan sp\u0113l\u0113m, gan produktivit\u0101tei, savuk\u0101rt \u201e<strong data-start=\"428\" data-end=\"450\">RTX 5060 8GB GDDR7<\/strong>\u201c nodro\u0161ina jaun\u0101k\u0101s paaudzes NVIDIA tehnolo\u0123ijas ar <strong data-start=\"499\" data-end=\"509\">DLSS 4<\/strong>, <strong data-start=\"511\" data-end=\"531\">Frame Generation<\/strong> un progres\u012bvu staru izseko\u0161anas atbalstu. <\/p>\n<p data-start=\"606\" data-end=\"653\">Procesors \u201e<strong data-start=\"619\" data-end=\"652\">Intel Core Ultra 5 250KF Plus<\/strong>\u201c<\/p>\n<p data-start=\"655\" data-end=\"1033\">Arhitekt\u016bra un kodoli: jaun\u0101k\u0101s paaudzes Intel arhitekt\u016bra ar <strong data-start=\"719\" data-end=\"736\">18 kodoliem<\/strong>, optimiz\u0113ta sp\u0113l\u0113m un produktivit\u0101tei.<br data-start=\"777\" data-end=\"780\">Frekvence: augsta b\u0101zes frekvence un boost re\u017e\u012bms l\u012bdz <strong data-start=\"831\" data-end=\"842\">5.3 GHz<\/strong> \u013cauj uztur\u0113t <strong data-start=\"861\" data-end=\"907\">augstu FPS pat sare\u017e\u0123\u012bt\u0101s sp\u0113\u013cu ain\u0101s<\/strong>.<br data-start=\"908\" data-end=\"911\">Tehnolo\u0123ijas: atbalst\u012btais <strong data-start=\"936\" data-end=\"944\">DDR5<\/strong> atmi\u0146as standarts un modernas Intel optimiz\u0101cijas nodro\u0161ina \u0101tru sist\u0113mas darb\u012bbu.<\/p>\n<p data-start=\"1035\" data-end=\"1089\">Videokarte \u201e<strong data-start=\"1051\" data-end=\"1088\">NVIDIA GeForce RTX 5060 8GB GDDR7<\/strong>\u201c<\/p>\n<p data-start=\"1091\" data-end=\"1563\">Arhitekt\u016bra: jaun\u0101k\u0101s paaudzes <strong data-start=\"1118\" data-end=\"1138\">NVIDIA Blackwell<\/strong> arhitekt\u016bra ar <strong data-start=\"1155\" data-end=\"1190\">CUDA, RT un Tensor kodoliem<\/strong>, kas atbalsta <strong data-start=\"1203\" data-end=\"1213\">DLSS 4<\/strong>, <strong data-start=\"1215\" data-end=\"1235\">Frame Generation<\/strong> un staru izseko\u0161anu. <br data-start=\"1289\" data-end=\"1292\">Atmi\u0146a: <strong data-start=\"1301\" data-end=\"1315\">8 GB GDDR7<\/strong> ir lieliski piem\u0113rota <strong data-start=\"1330\" data-end=\"1345\">1080p Ultra<\/strong> un <strong data-start=\"1349\" data-end=\"1363\">1440p High<\/strong> sp\u0113l\u0113m. <br data-start=\"1412\" data-end=\"1415\">Tehnolo\u0123ijas: <strong data-start=\"1429\" data-end=\"1439\">DLSS 4<\/strong> \u013cauj uztur\u0113t augstu FPS pat izmantojot progres\u012bvus grafikas efektus un staru izseko\u0161anu.<\/p>\n<p data-start=\"1890\" data-end=\"1943\"><strong>Paredzama FPS veiktsp\u0113ja 1080p un 1440p iz\u0161\u0137irtsp\u0113j\u0101:<\/strong><\/p>\n<p data-start=\"1945\" data-end=\"2375\"><strong data-start=\"1974\" data-end=\"1992\">Cyberpunk 2077<\/strong> \u2013 ~120 FPS (1080p, Ultra + DLSS Quality) \/ ~85 FPS (1440p, High + DLSS Balanced)<br data-start=\"2073\" data-end=\"2076\"><strong data-start=\"2076\" data-end=\"2105\">Call of Duty: Black Ops 6<\/strong> \u2013 ~180 FPS (1080p, Ultra) \/ ~130 FPS (1440p, High)<br data-start=\"2156\" data-end=\"2159\"><strong data-start=\"2159\" data-end=\"2178\">Forza Horizon 5<\/strong> \u2013 ~160 FPS (1080p, Ultra) \/ ~115 FPS (1440p, Ultra)<br data-start=\"2230\" data-end=\"2233\"><strong data-start=\"2233\" data-end=\"2260\">Assassin\u2019s Creed Mirage<\/strong> \u2013 ~140 FPS (1080p, High) \/ ~100 FPS (1440p, High)<br data-start=\"2310\" data-end=\"2313\"><strong data-start=\"2313\" data-end=\"2328\">Alan Wake 2<\/strong> \u2013 ~100 FPS (1080p, High RT + DLSS) \/ ~70 FPS (1440p, High + DLSS Balanced)<\/p>\n<p><em>\u0160ie skait\u013ci var at\u0161\u0137irties realit\u0101t\u0113 atkar\u012bb\u0101 no konkr\u0113tiem sp\u0113les iestat\u012bjumiem, optimiz\u0101cijas un citiem sist\u0113mas komponentiem<\/em><\/p>\n","protected":false},"excerpt":{"rendered":"<p>\u201eIntel Core Ultra 5 250KF Plus\u201c un \u201eNVIDIA GeForce RTX 5060 8GB GDDR7\u201c \u2013 l\u012bdzsvarota kombin\u0101cija 1080p un 1440p sp\u0113l\u0113m<\/p>\n","protected":false},"featured_media":22040,"comment_status":"open","ping_status":"closed","template":"","meta":[],"product_brand":[1749],"product_cat":[495],"product_tag":[510],"class_list":{"0":"post-55087","1":"product","2":"type-product","3":"status-publish","4":"has-post-thumbnail","6":"product_brand-amberglow","7":"product_cat-stacionarie-datori","8":"product_tag-ddr5-nuo-16gb-512gb","9":"pa_garantija-24-men-lv","10":"pa_prekes-zenklas-amberglow-lv","11":"pa_procesoriaus-branduoliai-1763","12":"pa_vaizdo-plokstes-atmintis-8gb-lv","13":"pa_vaizdo-plokstes-modelis-rtx-5060-lv","15":"first","16":"instock","17":"taxable","18":"shipping-taxable","19":"purchasable","20":"product-type-simple"},"_links":{"self":[{"href":"https:\/\/amberglow.lt\/lv\/wp-json\/wp\/v2\/product\/55087","targetHints":{"allow":["GET"]}}],"collection":[{"href":"https:\/\/amberglow.lt\/lv\/wp-json\/wp\/v2\/product"}],"about":[{"href":"https:\/\/amberglow.lt\/lv\/wp-json\/wp\/v2\/types\/product"}],"replies":[{"embeddable":true,"href":"https:\/\/amberglow.lt\/lv\/wp-json\/wp\/v2\/comments?post=55087"}],"version-history":[{"count":0,"href":"https:\/\/amberglow.lt\/lv\/wp-json\/wp\/v2\/product\/55087\/revisions"}],"wp:featuredmedia":[{"embeddable":true,"href":"https:\/\/amberglow.lt\/lv\/wp-json\/wp\/v2\/media\/22040"}],"wp:attachment":[{"href":"https:\/\/amberglow.lt\/lv\/wp-json\/wp\/v2\/media?parent=55087"}],"wp:term":[{"taxonomy":"product_brand","embeddable":true,"href":"https:\/\/amberglow.lt\/lv\/wp-json\/wp\/v2\/product_brand?post=55087"},{"taxonomy":"product_cat","embeddable":true,"href":"https:\/\/amberglow.lt\/lv\/wp-json\/wp\/v2\/product_cat?post=55087"},{"taxonomy":"product_tag","embeddable":true,"href":"https:\/\/amberglow.lt\/lv\/wp-json\/wp\/v2\/product_tag?post=55087"}],"curies":[{"name":"wp","href":"https:\/\/api.w.org\/{rel}","templated":true}]}}