{"id":55088,"date":"2026-05-07T10:12:37","date_gmt":"2026-05-07T07:12:37","guid":{"rendered":"https:\/\/amberglow.lt\/Bez kategorijas\/stacionarais-dators-core-ultra-5-250kf-plus-rtx-5060-ti-16gb\/"},"modified":"2026-05-07T10:12:37","modified_gmt":"2026-05-07T07:12:37","slug":"stacionarais-dators-core-ultra-5-250kf-plus-rtx-5060-ti-16gb","status":"publish","type":"product","link":"https:\/\/amberglow.lt\/lv\/stacionarie-datori\/stacionarais-dators-core-ultra-5-250kf-plus-rtx-5060-ti-16gb\/","title":{"rendered":"Stacion\u0101rais dators Core Ultra 5 250KF PLUS, RTX 5060 Ti 16GB"},"content":{"rendered":"<p data-start=\"0\" data-end=\"166\">\u201e<strong data-start=\"1\" data-end=\"34\">Intel Core Ultra 5 250KF Plus<\/strong>\u201c un \u201e<strong data-start=\"40\" data-end=\"81\">NVIDIA GeForce RTX 5060 Ti 16GB GDDR7<\/strong>\u201c \u2013 <strong data-start=\"85\" data-end=\"166\">jaud\u012bga un sabalans\u0113ta kombin\u0101cija 1440p sp\u0113l\u0113m un pl\u016bsto\u0161ai 4K pieredzei<\/strong><\/p>\n<p data-start=\"168\" data-end=\"626\">\u0160\u012b kombin\u0101cija ir paredz\u0113ta sp\u0113l\u0113t\u0101jiem, kuri v\u0113las <strong data-start=\"212\" data-end=\"241\">augstu FPS 1440p iz\u0161\u0137irtsp\u0113j\u0101<\/strong> un v\u0113las baud\u012bt <strong data-start=\"259\" data-end=\"299\">4K sp\u0113les ar augstiem iestat\u012bjumiem<\/strong>. \u201e<strong data-start=\"302\" data-end=\"329\">Core Ultra 5 250KF Plus<\/strong>\u201c izce\u013cas ar modernu Intel arhitekt\u016bru un augstu boost frekvenci, t\u0101p\u0113c tas ir lieliski piem\u0113rots gan sp\u0113l\u0113m, gan produktivit\u0101tei, savuk\u0101rt \u201e<strong data-start=\"451\" data-end=\"477\">RTX 5060 Ti 16GB GDDR7<\/strong>\u201c nodro\u0161ina modernu NVIDIA grafisko jaudu ar <strong data-start=\"521\" data-end=\"531\">DLSS 4<\/strong>, <strong data-start=\"533\" data-end=\"553\">Frame Generation<\/strong> un progres\u012bvu staru izseko\u0161anas atbalstu. <\/p>\n<p data-start=\"628\" data-end=\"675\">Procesors \u201e<strong data-start=\"641\" data-end=\"674\">Intel Core Ultra 5 250KF Plus<\/strong>\u201c<\/p>\n<p data-start=\"677\" data-end=\"1055\">Arhitekt\u016bra un kodoli: jaun\u0101s paaudzes Intel arhitekt\u016bra ar <strong data-start=\"741\" data-end=\"758\">18 kodoliem<\/strong>, optimiz\u0113ta sp\u0113l\u0113m un produktivit\u0101tei.<br data-start=\"799\" data-end=\"802\">Frekvence: augsta b\u0101zes frekvence un boost re\u017e\u012bms l\u012bdz <strong data-start=\"853\" data-end=\"864\">5.3 GHz<\/strong> \u013cauj uztur\u0113t <strong data-start=\"883\" data-end=\"929\">augstu FPS pat sare\u017e\u0123\u012bt\u0101s sp\u0113\u013cu ain\u0101s<\/strong>.<br data-start=\"930\" data-end=\"933\">Tehnolo\u0123ijas: atbalst\u012btais <strong data-start=\"958\" data-end=\"966\">DDR5<\/strong> atmi\u0146as standarts un modernas Intel optimiz\u0101cijas nodro\u0161ina \u0101tru sist\u0113mas darb\u012bbu.<\/p>\n<p data-start=\"1057\" data-end=\"1115\">Videokarte \u201e<strong data-start=\"1073\" data-end=\"1114\">NVIDIA GeForce RTX 5060 Ti 16GB GDDR7<\/strong>\u201c<\/p>\n<p data-start=\"1117\" data-end=\"1632\">Arhitekt\u016bra: jaun\u0101s paaudzes <strong data-start=\"1144\" data-end=\"1164\">NVIDIA Blackwell<\/strong> arhitekt\u016bra ar <strong data-start=\"1181\" data-end=\"1216\">CUDA, RT un Tensor kodoliem<\/strong>, kas atbalsta <strong data-start=\"1229\" data-end=\"1239\">DLSS 4<\/strong>, <strong data-start=\"1241\" data-end=\"1261\">Frame Generation<\/strong> un staru izseko\u0161anu. <br data-start=\"1315\" data-end=\"1318\">Atmi\u0146a: <strong data-start=\"1327\" data-end=\"1342\">16 GB GDDR7<\/strong> \u2013 lieliska izv\u0113le <strong data-start=\"1365\" data-end=\"1388\">1440p un 4K iz\u0161\u0137irtsp\u0113jai<\/strong>, nodro\u0161inot lielu rezervi modern\u0101m AAA sp\u0113l\u0113m. <br data-start=\"1481\" data-end=\"1484\">Tehnolo\u0123ijas: <strong data-start=\"1498\" data-end=\"1508\">DLSS 4<\/strong> \u013cauj uztur\u0113t augstu FPS pat izmantojot progres\u012bvus grafikas efektus un staru izseko\u0161anu<\/p>\n<p data-start=\"1988\" data-end=\"2038\"><strong>Paredzama FPS veiktsp\u0113ja 1440p un 4K iz\u0161\u0137irtsp\u0113j\u0101:<\/strong><\/p>\n<p data-start=\"2040\" data-end=\"2458\"><strong data-start=\"2040\" data-end=\"2058\">Cyberpunk 2077<\/strong> \u2013 ~145 FPS (1440p, Ultra + DLSS Quality) \/ ~105 FPS (4K, High + DLSS Balanced)<br data-start=\"2137\" data-end=\"2140\"><strong data-start=\"2140\" data-end=\"2169\">Call of Duty: Black Ops 6<\/strong> \u2013 ~200 FPS (1440p, Ultra) \/ ~145 FPS (4K, Ultra)<br data-start=\"2218\" data-end=\"2221\"><strong data-start=\"2221\" data-end=\"2240\">Forza Horizon 5<\/strong> \u2013 ~180 FPS (1440p, Ultra) \/ ~130 FPS (4K, Ultra)<br data-start=\"2289\" data-end=\"2292\"><strong data-start=\"2292\" data-end=\"2319\">Assassin\u2019s Creed Mirage<\/strong> \u2013 ~155 FPS (1440p, High) \/ ~115 FPS (4K, High)<br data-start=\"2366\" data-end=\"2369\"><strong data-start=\"2369\" data-end=\"2384\">Alan Wake 2<\/strong> \u2013 ~125 FPS (1440p, High RT + DLSS) \/ ~90 FPS (4K, High + DLSS Balanced)<\/p>\n<p><em>\u0160ie skait\u013ci var at\u0161\u0137irties realit\u0101t\u0113 atkar\u012bb\u0101 no konkr\u0113tiem sp\u0113les iestat\u012bjumiem, optimiz\u0101cijas un citiem sist\u0113mas komponentiem<\/em><\/p>\n","protected":false},"excerpt":{"rendered":"<p>\u201eIntel Core Ultra 5 250KF Plus\u201c un \u201eNVIDIA GeForce RTX 5060 Ti 16GB GDDR7\u201c \u2013 jaud\u012bga un sabalans\u0113ta kombin\u0101cija 1440p<\/p>\n","protected":false},"featured_media":22040,"comment_status":"open","ping_status":"closed","template":"","meta":[],"product_brand":[1749],"product_cat":[495],"product_tag":[510],"class_list":{"0":"post-55088","1":"product","2":"type-product","3":"status-publish","4":"has-post-thumbnail","6":"product_brand-amberglow","7":"product_cat-stacionarie-datori","8":"product_tag-ddr5-nuo-16gb-512gb","9":"pa_garantija-24-men-lv","10":"pa_prekes-zenklas-amberglow-lv","11":"pa_procesoriaus-branduoliai-1763","12":"pa_vaizdo-plokstes-atmintis-16gb-lv","13":"pa_vaizdo-plokstes-modelis-rtx-5060-ti-lv","15":"first","16":"instock","17":"taxable","18":"shipping-taxable","19":"purchasable","20":"product-type-simple"},"_links":{"self":[{"href":"https:\/\/amberglow.lt\/lv\/wp-json\/wp\/v2\/product\/55088","targetHints":{"allow":["GET"]}}],"collection":[{"href":"https:\/\/amberglow.lt\/lv\/wp-json\/wp\/v2\/product"}],"about":[{"href":"https:\/\/amberglow.lt\/lv\/wp-json\/wp\/v2\/types\/product"}],"replies":[{"embeddable":true,"href":"https:\/\/amberglow.lt\/lv\/wp-json\/wp\/v2\/comments?post=55088"}],"version-history":[{"count":0,"href":"https:\/\/amberglow.lt\/lv\/wp-json\/wp\/v2\/product\/55088\/revisions"}],"wp:featuredmedia":[{"embeddable":true,"href":"https:\/\/amberglow.lt\/lv\/wp-json\/wp\/v2\/media\/22040"}],"wp:attachment":[{"href":"https:\/\/amberglow.lt\/lv\/wp-json\/wp\/v2\/media?parent=55088"}],"wp:term":[{"taxonomy":"product_brand","embeddable":true,"href":"https:\/\/amberglow.lt\/lv\/wp-json\/wp\/v2\/product_brand?post=55088"},{"taxonomy":"product_cat","embeddable":true,"href":"https:\/\/amberglow.lt\/lv\/wp-json\/wp\/v2\/product_cat?post=55088"},{"taxonomy":"product_tag","embeddable":true,"href":"https:\/\/amberglow.lt\/lv\/wp-json\/wp\/v2\/product_tag?post=55088"}],"curies":[{"name":"wp","href":"https:\/\/api.w.org\/{rel}","templated":true}]}}