{"id":55090,"date":"2026-05-07T12:33:03","date_gmt":"2026-05-07T09:33:03","guid":{"rendered":"https:\/\/amberglow.lt\/Bez kategorijas\/stacionarais-dators-core-ultra-5-250kf-plus-rtx-5060-ti-8gb\/"},"modified":"2026-05-07T12:33:03","modified_gmt":"2026-05-07T09:33:03","slug":"stacionarais-dators-core-ultra-5-250kf-plus-rtx-5060-ti-8gb","status":"publish","type":"product","link":"https:\/\/amberglow.lt\/lv\/stacionarie-datori\/stacionarais-dators-core-ultra-5-250kf-plus-rtx-5060-ti-8gb\/","title":{"rendered":"Stacion\u0101rais dators Core Ultra 5 250KF PLUS, RTX 5060 Ti 8GB"},"content":{"rendered":"<p data-start=\"0\" data-end=\"173\"><strong data-start=\"1\" data-end=\"34\">Intel Core Ultra 5 250KF Plus<\/strong> un <strong data-start=\"40\" data-end=\"107\">NVIDIA GeForce RTX 5060 Ti 8GB GDDR7<\/strong> \u2013 <strong data-start=\"111\" data-end=\"173\">jaud\u012bgs un l\u012bdzsvarots komplekts 1080p un 1440p sp\u0113l\u0113m<\/strong><\/p>\n<p data-start=\"175\" data-end=\"659\">\u0160is komplekts ir paredz\u0113ts sp\u0113l\u0113t\u0101jiem, kas v\u0113las <strong data-start=\"219\" data-end=\"257\">augstu FPS 1080p un 1440p iz\u0161\u0137irtsp\u0113j\u0101<\/strong> un v\u0113las baud\u012bt m\u016bsdien\u012bgas AAA sp\u0113les ar augstiem grafikas iestat\u012bjumiem. <strong data-start=\"336\" data-end=\"363\">Core Ultra 5 250KF Plus<\/strong> izce\u013cas ar modernu Intel arhitekt\u016bru un augstu boost frekvenci, t\u0101p\u0113c lieliski der gan sp\u0113l\u0113m, gan produktivit\u0101tei, bet <strong data-start=\"485\" data-end=\"510\">RTX 5060 Ti 8GB GDDR7<\/strong> nodro\u0161ina modernu NVIDIA grafisko jaudu ar <strong data-start=\"554\" data-end=\"564\">DLSS 4<\/strong>, <strong data-start=\"566\" data-end=\"586\">Frame Generation<\/strong> un progres\u012bvu ray tracing atbalstu.<\/p>\n<p data-start=\"661\" data-end=\"708\">Procesors <strong data-start=\"674\" data-end=\"707\">Intel Core Ultra 5 250KF Plus<\/strong><\/p>\n<p data-start=\"710\" data-end=\"1088\">Arhitekt\u016bra un kodoli jaun\u0101s paaudzes Intel arhitekt\u016bra ar <strong data-start=\"774\" data-end=\"791\">18 kodoliem<\/strong>, optimiz\u0113ta sp\u0113l\u0113m un produktivit\u0101tei.<br data-start=\"832\" data-end=\"835\">Frekvence augsta b\u0101zes frekvence un boost re\u017e\u012bms l\u012bdz <strong data-start=\"886\" data-end=\"897\">5.3 GHz<\/strong> \u013cauj uztur\u0113t <strong data-start=\"916\" data-end=\"962\">augstu FPS pat sare\u017e\u0123\u012bt\u0101s sp\u0113\u013cu ain\u0101s<\/strong>.<br data-start=\"963\" data-end=\"966\">Tehnolo\u0123ijas atbalst\u012bts <strong data-start=\"991\" data-end=\"999\">DDR5<\/strong> atmi\u0146as standarts un modern\u0101s Intel optimiz\u0101cijas nodro\u0161ina \u0101tru sist\u0113mas darb\u012bbu.<\/p>\n<p data-start=\"1090\" data-end=\"1174\">Videokarte <strong data-start=\"1106\" data-end=\"1173\">NVIDIA GeForce RTX 5060 Ti 8GB GDDR7<\/strong><\/p>\n<p data-start=\"1176\" data-end=\"1648\">Arhitekt\u016bra jaun\u0101s paaudzes <strong data-start=\"1203\" data-end=\"1223\">NVIDIA Blackwell<\/strong> arhitekt\u016bra ar <strong data-start=\"1240\" data-end=\"1275\">CUDA, RT un Tensor kodoliem<\/strong>, atbalstot <strong data-start=\"1288\" data-end=\"1298\">DLSS 4<\/strong>, <strong data-start=\"1300\" data-end=\"1320\">Frame Generation<\/strong> un ray tracing. <br data-start=\"1374\" data-end=\"1377\">Atmi\u0146a <strong data-start=\"1386\" data-end=\"1400\">8 GB GDDR7<\/strong> lieliski der <strong data-start=\"1415\" data-end=\"1430\">1080p Ultra<\/strong> un <strong data-start=\"1434\" data-end=\"1448\">1440p High<\/strong> sp\u0113l\u0113m. <br data-start=\"1497\" data-end=\"1500\">Tehnolo\u0123ijas <strong data-start=\"1514\" data-end=\"1524\">DLSS 4<\/strong> \u013cauj uztur\u0113t augstu FPS pat izmantojot progres\u012bvus grafikas efektus un ray tracing.<\/p>\n<p data-start=\"2068\" data-end=\"2121\"><strong>Paredzama FPS veiktsp\u0113ja 1080p un 1440p iz\u0161\u0137irtsp\u0113j\u0101:<\/strong><\/p>\n<p data-start=\"2123\" data-end=\"2556\"><strong data-start=\"2123\" data-end=\"2141\">Cyberpunk 2077<\/strong> \u2013 ~145 FPS (1080p, Ultra + DLSS Quality) \/ ~100 FPS (1440p, High + DLSS Balanced)<br data-start=\"2223\" data-end=\"2226\"><strong data-start=\"2226\" data-end=\"2255\">Call of Duty: Black Ops 6<\/strong> \u2013 ~210 FPS (1080p, Ultra) \/ ~155 FPS (1440p, Ultra)<br data-start=\"2307\" data-end=\"2310\"><strong data-start=\"2310\" data-end=\"2329\">Forza Horizon 5<\/strong> \u2013 ~185 FPS (1080p, Ultra) \/ ~135 FPS (1440p, Ultra)<br data-start=\"2381\" data-end=\"2384\"><strong data-start=\"2384\" data-end=\"2411\">Assassin&#8217;s Creed Mirage<\/strong> \u2013 ~160 FPS (1080p, High) \/ ~115 FPS (1440p, High)<br data-start=\"2461\" data-end=\"2464\"><strong data-start=\"2464\" data-end=\"2479\">Alan Wake 2<\/strong> \u2013 ~120 FPS (1080p, High RT + DLSS) \/ ~85 FPS (1440p, High + DLSS Balanced)<\/p>\n<p><em>\u0160ie skait\u013ci var at\u0161\u0137irties realit\u0101t\u0113 atkar\u012bb\u0101 no konkr\u0113tiem sp\u0113les iestat\u012bjumiem, optimiz\u0101cijas un citiem sist\u0113mas komponentiem<\/em><\/p>\n","protected":false},"excerpt":{"rendered":"<p>Intel Core Ultra 5 250KF Plus un NVIDIA GeForce RTX 5060 Ti 8GB GDDR7 \u2013 jaud\u012bgs un l\u012bdzsvarots komplekts 1080p<\/p>\n","protected":false},"featured_media":22040,"comment_status":"open","ping_status":"closed","template":"","meta":[],"product_brand":[1749],"product_cat":[495],"product_tag":[510],"class_list":{"0":"post-55090","1":"product","2":"type-product","3":"status-publish","4":"has-post-thumbnail","6":"product_brand-amberglow","7":"product_cat-stacionarie-datori","8":"product_tag-ddr5-nuo-16gb-512gb","9":"pa_garantija-24-men-lv","10":"pa_prekes-zenklas-amberglow-lv","11":"pa_procesoriaus-branduoliai-1763","12":"pa_vaizdo-plokstes-atmintis-8gb-lv","13":"pa_vaizdo-plokstes-modelis-rtx-5060-ti-lv","15":"first","16":"instock","17":"taxable","18":"shipping-taxable","19":"purchasable","20":"product-type-simple"},"_links":{"self":[{"href":"https:\/\/amberglow.lt\/lv\/wp-json\/wp\/v2\/product\/55090","targetHints":{"allow":["GET"]}}],"collection":[{"href":"https:\/\/amberglow.lt\/lv\/wp-json\/wp\/v2\/product"}],"about":[{"href":"https:\/\/amberglow.lt\/lv\/wp-json\/wp\/v2\/types\/product"}],"replies":[{"embeddable":true,"href":"https:\/\/amberglow.lt\/lv\/wp-json\/wp\/v2\/comments?post=55090"}],"version-history":[{"count":0,"href":"https:\/\/amberglow.lt\/lv\/wp-json\/wp\/v2\/product\/55090\/revisions"}],"wp:featuredmedia":[{"embeddable":true,"href":"https:\/\/amberglow.lt\/lv\/wp-json\/wp\/v2\/media\/22040"}],"wp:attachment":[{"href":"https:\/\/amberglow.lt\/lv\/wp-json\/wp\/v2\/media?parent=55090"}],"wp:term":[{"taxonomy":"product_brand","embeddable":true,"href":"https:\/\/amberglow.lt\/lv\/wp-json\/wp\/v2\/product_brand?post=55090"},{"taxonomy":"product_cat","embeddable":true,"href":"https:\/\/amberglow.lt\/lv\/wp-json\/wp\/v2\/product_cat?post=55090"},{"taxonomy":"product_tag","embeddable":true,"href":"https:\/\/amberglow.lt\/lv\/wp-json\/wp\/v2\/product_tag?post=55090"}],"curies":[{"name":"wp","href":"https:\/\/api.w.org\/{rel}","templated":true}]}}